{"id":5936,"date":"2020-02-21T10:39:24","date_gmt":"2020-02-21T09:39:24","guid":{"rendered":"https:\/\/test.rebel-cell.com\/bezahlung\/"},"modified":"2020-06-29T14:30:12","modified_gmt":"2020-06-29T12:30:12","slug":"bezahlung","status":"publish","type":"page","link":"https:\/\/test.rebel-cell.com\/de\/bezahlung\/","title":{"rendered":"Zahlung"},"content":{"rendered":"<h3>WIE KANN ICH MEINE BESTELLUNG BEZAHLEN?<br \/>\n        <\/h3>\n<p>Wir akzeptieren alle g\u00e4ngigen Zahlungsmethoden, und mit Ausnahme von Billink (Niederlande) berechnen wir keine zus\u00e4tzlichen Geb\u00fchren.<br \/>\n         Die m\u00f6glichen Zahlungsmethoden sind von Land zu Land unterschiedlich und werden beim Bestellvorgang automatisch angezeigt.<br \/>\n         Dann k\u00f6nnen Sie die gew\u00fcnschte Zahlungsmethode ausw\u00e4hlen.<\/p>\n<h3>WIE SICHER IST MEINE ZAHLUNG?<br \/>\n        <\/h3>\n<p>Alle Zahlungen werden von unserem Zahlungsanbieter <strong>Pay.nl<\/strong> verarbeitet. Dieses Unternehmen wickelt die Zahlvorg\u00e4nge f\u00fcr viele gro\u00dfe Webshops ab und scannt alle Vorg\u00e4nge jeden Tag eingehend auf Viren und andere Gefahren.<br \/>\n         Alle Online-Zahlungen erfolgen \u00fcber eine sichere Verbindung.<br \/>\n         Woran k\u00f6nnen Sie das erkennen?<br \/>\n         Bitte achten Sie auf das Vorh\u00e4ngeschloss-Symbol in der Adressleiste Ihres Browsers oder auf \u201ehttps:\/\/\u201c in der Adresszeile:<br \/>\n         Wenn nur eines dieser beiden Sicherheitsmerkmale erscheint, ist Ihre Zahlung sicher.<br \/>\n         Wenn Sie Zweifel haben, z\u00f6gern Sie nicht, uns telefonisch unter +31 71 7107424 zu kontaktieren.<\/p>\n","protected":false},"excerpt":{"rendered":"<p>WIE KANN ICH MEINE BESTELLUNG BEZAHLEN? Wir akzeptieren alle g\u00e4ngigen Zahlungsmethoden, und mit Ausnahme von Billink (Niederlande) berechnen wir keine zus\u00e4tzlichen Geb\u00fchren. Die m\u00f6glichen Zahlungsmethoden sind von Land zu Land unterschiedlich und werden beim Bestellvorgang automatisch angezeigt. Dann k\u00f6nnen Sie die gew\u00fcnschte Zahlungsmethode ausw\u00e4hlen. WIE SICHER IST MEINE ZAHLUNG? Alle Zahlungen werden von unserem Zahlungsanbieter [&hellip;]<\/p>\n","protected":false},"author":1,"featured_media":0,"parent":0,"menu_order":84,"comment_status":"closed","ping_status":"closed","template":"page-template\/common_page.php","meta":{"_acf_changed":false,"footnotes":""},"class_list":["post-5936","page","type-page","status-publish","hentry"],"acf":[],"yoast_head":"<!-- This site is optimized with the Yoast SEO plugin v27.1.1 - https:\/\/yoast.com\/product\/yoast-seo-wordpress\/ -->\n<title>Zahlung und Sicherheit | Rebelcell | Tragbare Energie f\u00fcr Outdoor-Aktivit\u00e4ten<\/title>\n<meta name=\"description\" content=\"Alle Zahlungen werden von Pay.nl verarbeitet. Wir akzeptieren viele verschiedene Zahlungsoptionen ohne zus\u00e4tzliche Geb\u00fchren. Rebelcell. Tragbare Energie zum Angeln, f\u00fcr Outdoor und auf dem Wasser.\" \/>\n<meta name=\"robots\" content=\"noindex, follow, max-snippet:-1, max-image-preview:large, max-video-preview:-1\" \/>\n<meta property=\"og:locale\" content=\"de_DE\" \/>\n<meta property=\"og:type\" content=\"article\" \/>\n<meta property=\"og:title\" content=\"Zahlung und Sicherheit | Rebelcell | Tragbare Energie f\u00fcr Outdoor-Aktivit\u00e4ten\" \/>\n<meta property=\"og:description\" content=\"Alle Zahlungen werden von Pay.nl verarbeitet. Wir akzeptieren viele verschiedene Zahlungsoptionen ohne zus\u00e4tzliche Geb\u00fchren. Rebelcell. Tragbare Energie zum Angeln, f\u00fcr Outdoor und auf dem Wasser.\" \/>\n<meta property=\"og:url\" content=\"https:\/\/test.rebel-cell.com\/de\/bezahlung\/\" \/>\n<meta property=\"og:site_name\" content=\"Rebelcell\" \/>\n<meta property=\"article:publisher\" content=\"https:\/\/www.facebook.com\/rebelcelleu\" \/>\n<meta property=\"article:modified_time\" content=\"2020-06-29T12:30:12+00:00\" \/>\n<meta name=\"twitter:card\" content=\"summary_large_image\" \/>\n<meta name=\"twitter:site\" content=\"@rebelcellnl\" \/>\n<meta name=\"twitter:label1\" content=\"Gesch\u00e4tzte Lesezeit\" \/>\n\t<meta name=\"twitter:data1\" content=\"1\u00a0Minute\" \/>\n<script type=\"application\/ld+json\" class=\"yoast-schema-graph\">{\"@context\":\"https:\/\/schema.org\",\"@graph\":[{\"@type\":\"WebPage\",\"@id\":\"https:\/\/test.rebel-cell.com\/de\/bezahlung\/\",\"url\":\"https:\/\/test.rebel-cell.com\/de\/bezahlung\/\",\"name\":\"Zahlung und Sicherheit | Rebelcell | Tragbare Energie f\u00fcr Outdoor-Aktivit\u00e4ten\",\"isPartOf\":{\"@id\":\"https:\/\/test.rebel-cell.com\/de\/#website\"},\"datePublished\":\"2020-02-21T09:39:24+00:00\",\"dateModified\":\"2020-06-29T12:30:12+00:00\",\"description\":\"Alle Zahlungen werden von Pay.nl verarbeitet. Wir akzeptieren viele verschiedene Zahlungsoptionen ohne zus\u00e4tzliche Geb\u00fchren. Rebelcell. Tragbare Energie zum Angeln, f\u00fcr Outdoor und auf dem Wasser.\",\"breadcrumb\":{\"@id\":\"https:\/\/test.rebel-cell.com\/de\/bezahlung\/#breadcrumb\"},\"inLanguage\":\"de\",\"potentialAction\":[{\"@type\":\"ReadAction\",\"target\":[\"https:\/\/test.rebel-cell.com\/de\/bezahlung\/\"]}]},{\"@type\":\"BreadcrumbList\",\"@id\":\"https:\/\/test.rebel-cell.com\/de\/bezahlung\/#breadcrumb\",\"itemListElement\":[{\"@type\":\"ListItem\",\"position\":1,\"name\":\"Home\",\"item\":\"https:\/\/test.rebel-cell.com\/de\/\"},{\"@type\":\"ListItem\",\"position\":2,\"name\":\"Zahlung\"}]},{\"@type\":\"WebSite\",\"@id\":\"https:\/\/test.rebel-cell.com\/de\/#website\",\"url\":\"https:\/\/test.rebel-cell.com\/de\/\",\"name\":\"Rebelcell\",\"description\":\"Rebelcell\",\"publisher\":{\"@id\":\"https:\/\/test.rebel-cell.com\/de\/#organization\"},\"potentialAction\":[{\"@type\":\"SearchAction\",\"target\":{\"@type\":\"EntryPoint\",\"urlTemplate\":\"https:\/\/test.rebel-cell.com\/de\/?s={search_term_string}\"},\"query-input\":{\"@type\":\"PropertyValueSpecification\",\"valueRequired\":true,\"valueName\":\"search_term_string\"}}],\"inLanguage\":\"de\"},{\"@type\":\"Organization\",\"@id\":\"https:\/\/test.rebel-cell.com\/de\/#organization\",\"name\":\"Rebelcell\",\"url\":\"https:\/\/test.rebel-cell.com\/de\/\",\"logo\":{\"@type\":\"ImageObject\",\"inLanguage\":\"de\",\"@id\":\"https:\/\/test.rebel-cell.com\/de\/#\/schema\/logo\/image\/\",\"url\":\"https:\/\/test.rebel-cell.com\/wp-content\/uploads\/rebelcell-logo-300.png\",\"contentUrl\":\"https:\/\/test.rebel-cell.com\/wp-content\/uploads\/rebelcell-logo-300.png\",\"width\":300,\"height\":55,\"caption\":\"Rebelcell\"},\"image\":{\"@id\":\"https:\/\/test.rebel-cell.com\/de\/#\/schema\/logo\/image\/\"},\"sameAs\":[\"https:\/\/www.facebook.com\/rebelcelleu\",\"https:\/\/x.com\/rebelcellnl\",\"https:\/\/www.instagram.com\/rebelcelleurope\/?hl=nl\",\"https:\/\/www.youtube.com\/channel\/UCpySQUq4xwwtqveV1f8oiFw\"]}]}<\/script>\n<!-- \/ Yoast SEO plugin. -->","yoast_head_json":{"title":"Zahlung und Sicherheit | Rebelcell | Tragbare Energie f\u00fcr Outdoor-Aktivit\u00e4ten","description":"Alle Zahlungen werden von Pay.nl verarbeitet. Wir akzeptieren viele verschiedene Zahlungsoptionen ohne zus\u00e4tzliche Geb\u00fchren. Rebelcell. Tragbare Energie zum Angeln, f\u00fcr Outdoor und auf dem Wasser.","robots":{"index":"noindex","follow":"follow","max-snippet":"max-snippet:-1","max-image-preview":"max-image-preview:large","max-video-preview":"max-video-preview:-1"},"og_locale":"de_DE","og_type":"article","og_title":"Zahlung und Sicherheit | Rebelcell | Tragbare Energie f\u00fcr Outdoor-Aktivit\u00e4ten","og_description":"Alle Zahlungen werden von Pay.nl verarbeitet. Wir akzeptieren viele verschiedene Zahlungsoptionen ohne zus\u00e4tzliche Geb\u00fchren. Rebelcell. Tragbare Energie zum Angeln, f\u00fcr Outdoor und auf dem Wasser.","og_url":"https:\/\/test.rebel-cell.com\/de\/bezahlung\/","og_site_name":"Rebelcell","article_publisher":"https:\/\/www.facebook.com\/rebelcelleu","article_modified_time":"2020-06-29T12:30:12+00:00","twitter_card":"summary_large_image","twitter_site":"@rebelcellnl","twitter_misc":{"Gesch\u00e4tzte Lesezeit":"1\u00a0Minute"},"schema":{"@context":"https:\/\/schema.org","@graph":[{"@type":"WebPage","@id":"https:\/\/test.rebel-cell.com\/de\/bezahlung\/","url":"https:\/\/test.rebel-cell.com\/de\/bezahlung\/","name":"Zahlung und Sicherheit | Rebelcell | Tragbare Energie f\u00fcr Outdoor-Aktivit\u00e4ten","isPartOf":{"@id":"https:\/\/test.rebel-cell.com\/de\/#website"},"datePublished":"2020-02-21T09:39:24+00:00","dateModified":"2020-06-29T12:30:12+00:00","description":"Alle Zahlungen werden von Pay.nl verarbeitet. Wir akzeptieren viele verschiedene Zahlungsoptionen ohne zus\u00e4tzliche Geb\u00fchren. Rebelcell. Tragbare Energie zum Angeln, f\u00fcr Outdoor und auf dem Wasser.","breadcrumb":{"@id":"https:\/\/test.rebel-cell.com\/de\/bezahlung\/#breadcrumb"},"inLanguage":"de","potentialAction":[{"@type":"ReadAction","target":["https:\/\/test.rebel-cell.com\/de\/bezahlung\/"]}]},{"@type":"BreadcrumbList","@id":"https:\/\/test.rebel-cell.com\/de\/bezahlung\/#breadcrumb","itemListElement":[{"@type":"ListItem","position":1,"name":"Home","item":"https:\/\/test.rebel-cell.com\/de\/"},{"@type":"ListItem","position":2,"name":"Zahlung"}]},{"@type":"WebSite","@id":"https:\/\/test.rebel-cell.com\/de\/#website","url":"https:\/\/test.rebel-cell.com\/de\/","name":"Rebelcell","description":"Rebelcell","publisher":{"@id":"https:\/\/test.rebel-cell.com\/de\/#organization"},"potentialAction":[{"@type":"SearchAction","target":{"@type":"EntryPoint","urlTemplate":"https:\/\/test.rebel-cell.com\/de\/?s={search_term_string}"},"query-input":{"@type":"PropertyValueSpecification","valueRequired":true,"valueName":"search_term_string"}}],"inLanguage":"de"},{"@type":"Organization","@id":"https:\/\/test.rebel-cell.com\/de\/#organization","name":"Rebelcell","url":"https:\/\/test.rebel-cell.com\/de\/","logo":{"@type":"ImageObject","inLanguage":"de","@id":"https:\/\/test.rebel-cell.com\/de\/#\/schema\/logo\/image\/","url":"https:\/\/test.rebel-cell.com\/wp-content\/uploads\/rebelcell-logo-300.png","contentUrl":"https:\/\/test.rebel-cell.com\/wp-content\/uploads\/rebelcell-logo-300.png","width":300,"height":55,"caption":"Rebelcell"},"image":{"@id":"https:\/\/test.rebel-cell.com\/de\/#\/schema\/logo\/image\/"},"sameAs":["https:\/\/www.facebook.com\/rebelcelleu","https:\/\/x.com\/rebelcellnl","https:\/\/www.instagram.com\/rebelcelleurope\/?hl=nl","https:\/\/www.youtube.com\/channel\/UCpySQUq4xwwtqveV1f8oiFw"]}]}},"_links":{"self":[{"href":"https:\/\/test.rebel-cell.com\/de\/wp-json\/wp\/v2\/pages\/5936","targetHints":{"allow":["GET"]}}],"collection":[{"href":"https:\/\/test.rebel-cell.com\/de\/wp-json\/wp\/v2\/pages"}],"about":[{"href":"https:\/\/test.rebel-cell.com\/de\/wp-json\/wp\/v2\/types\/page"}],"author":[{"embeddable":true,"href":"https:\/\/test.rebel-cell.com\/de\/wp-json\/wp\/v2\/users\/1"}],"replies":[{"embeddable":true,"href":"https:\/\/test.rebel-cell.com\/de\/wp-json\/wp\/v2\/comments?post=5936"}],"version-history":[{"count":0,"href":"https:\/\/test.rebel-cell.com\/de\/wp-json\/wp\/v2\/pages\/5936\/revisions"}],"wp:attachment":[{"href":"https:\/\/test.rebel-cell.com\/de\/wp-json\/wp\/v2\/media?parent=5936"}],"curies":[{"name":"wp","href":"https:\/\/api.w.org\/{rel}","templated":true}]}}