{"id":10443,"date":"2021-02-11T10:36:38","date_gmt":"2021-02-11T09:36:38","guid":{"rendered":"https:\/\/test.rebel-cell.com\/?post_type=product&#038;p=10443"},"modified":"2026-02-03T17:30:59","modified_gmt":"2026-02-03T16:30:59","slug":"42v20a-ladegerat-wasserdicht","status":"publish","type":"product","link":"https:\/\/test.rebel-cell.com\/de\/produkt\/42v20a-ladegerat-wasserdicht\/","title":{"rendered":"42V20A Lithium-Ladeger\u00e4t Wasserdicht (IP65)"},"content":{"rendered":"<h2>PRODUKTBESCHREIBUNG REBELCELL 42V20A LITHIUM-LADEGER\u00c4T (IP65) WASSERDICHT<\/h2>\n<p>Das <strong>42V20A Lithium-Ladeger\u00e4t Wasserdicht (IP65)<\/strong>\u00a0wurde speziell f\u00fcr das Laden der Rebelcell Lithium-Akku der Gr\u00f6\u00dfe 36V70 entwickelt. Das <strong>speziell entwickelte<\/strong> Ladeprogramm sorgt daf\u00fcr, dass Ihr Akku <strong>sicher und automatisch<\/strong> mit dem richtigen Ladeprofil (Spannung \/ Ladestrom) geladen wird. Das Ladeger\u00e4t <strong>schaltet sich automatisch ab<\/strong>, wenn der Ladevorgang abgeschlossen ist.<\/p>\n<p>\u00dcber die LED-Anzeige am Ladeger\u00e4t k\u00f6nnen Sie den <strong>Status des Ladevorgangs ganz einfach und problemlos \u00fcberwachen<\/strong>. Das Ladeger\u00e4t ist mit einer <strong>Reihe von Schutzfunktionen<\/strong> wie Kurzschluss-, Verpolungs- und \u00dcberspannungsschutz ausgestattet, die sicherstellen, dass Sie Ihr Ladeger\u00e4t in jeder Situation sicher verwenden k\u00f6nnen. Dieses Ladeger\u00e4t ist mit <strong>Epoxidharz<\/strong> versiegelt und eignet sich daher ideal f\u00fcr die dauerhafte Installation, bzw. den <strong>Festeinbau in Ihrem Boot.<\/strong><\/p>\n<p>Dieses Ladeger\u00e4t ist <strong>einzig f\u00fcr das Laden einer Rebelcell 36V-Akku ausgelegt.<\/strong> Falls Sie andere Akkus als die angegebenen laden, kann dies zu (irreparablen) Sch\u00e4den f\u00fchren. Weitere Informationen finden Sie in unserer <a href=\"https:\/\/test.rebel-cell.com\/de\/grundlagenwissen\/akku-verwenden\/\" target=\"_blank\" rel=\"noopener\">Grundlagenwissen-Datenbank<\/a><\/p>\n<p><strong>Ladezeiten<br \/>\n<\/strong><strong>36V70:\u00a0 <\/strong>5-6 Std.<\/p>\n<p>Produktcode: WC42V20REUA<\/p>\n<p>Barcode: 7106623686188<\/p>\n<p>EAN: 8720964630205<\/p>\n","protected":false},"excerpt":{"rendered":"<p>Das <strong>42V20A Lithium-Ladeger\u00e4t (IP65) wasserdicht<\/strong> wurde speziell zum Laden von Rebelcell Lithium-Akkus der Gr\u00f6\u00dfe 36V70 entwickelt. Das <strong>speziell entwickelte<\/strong> Ladeprogramm sorgt daf\u00fcr, dass Ihr Akku <strong>sicher und automatisch<\/strong> mit dem richtigen Ladeprofil (Spannung\/Ladestrom) geladen wird. Ein 36V70 Lithium-Akku kann beispielsweise innerhalb von <strong>6<\/strong><strong>\u00a0Stunden<\/strong> aufgeladen werden. Dieses Ladeger\u00e4t ist mit <strong>Epoxidharz<\/strong> versiegelt und eignet sich daher ideal f\u00fcr die dauerhafte Installation, bzw. den <strong>Festeinbau in Ihrem Boot.<\/strong><br \/>\n<a href=\"https:\/\/test.rebel-cell.com\/de\/produkt\/12-6v20a-nmc-charger-2\/#proddesc\">Mehr lesen&gt;<\/a><\/p>\n","protected":false},"featured_media":24096,"comment_status":"open","ping_status":"closed","template":"","meta":{"_acf_changed":false},"product_brand":[],"product_cat":[1904,4444],"product_tag":[],"class_list":{"0":"post-10443","1":"product","2":"type-product","3":"status-publish","4":"has-post-thumbnail","6":"product_cat-ladegerate","7":"product_cat-batterieladegerate-ac","8":"product_shipping_class-normal-shipment","10":"first","11":"instock","12":"taxable","13":"shipping-taxable","14":"purchasable","15":"product-type-simple"},"bundled_by":["30701"],"bundle_stock_status":"instock","bundle_stock_quantity":33,"bundle_virtual":false,"bundle_layout":"","bundle_add_to_cart_form_location":"","bundle_editable_in_cart":false,"bundle_sold_individually_context":"","bundle_item_grouping":"","bundle_min_size":"","bundle_max_size":"","bundle_price":[],"bundled_items":[],"bundle_sell_ids":[],"acf":[],"yoast_head":"<!-- This site is optimized with the Yoast SEO plugin v27.1.1 - https:\/\/yoast.com\/product\/yoast-seo-wordpress\/ -->\n<title>Wasserdichtes Ladeger\u00e4t 42V20A | Rebelcell | Tragbare Energie f\u00fcr Outdoor-Aktivit\u00e4ten<\/title>\n<meta name=\"description\" content=\"Wasserdichtes 42V20A-Ladeger\u00e4t. Laden Sie schnell und sicher den 36V70 Li-Ionen-Akku. Rebelcell. Tragbare Energie zum Angeln, f\u00fcr Outdoor und auf dem Wasser.\" \/>\n<meta name=\"robots\" content=\"noindex, follow, max-snippet:-1, max-image-preview:large, max-video-preview:-1\" \/>\n<meta property=\"og:locale\" content=\"de_DE\" \/>\n<meta property=\"og:type\" content=\"article\" \/>\n<meta property=\"og:title\" content=\"Wasserdichtes Ladeger\u00e4t 42V20A | Rebelcell | Tragbare Energie f\u00fcr Outdoor-Aktivit\u00e4ten\" \/>\n<meta property=\"og:description\" content=\"Wasserdichtes 42V20A-Ladeger\u00e4t. Laden Sie schnell und sicher den 36V70 Li-Ionen-Akku. Rebelcell. Tragbare Energie zum Angeln, f\u00fcr Outdoor und auf dem Wasser.\" \/>\n<meta property=\"og:url\" content=\"https:\/\/test.rebel-cell.com\/de\/produkt\/42v20a-ladegerat-wasserdicht\/\" \/>\n<meta property=\"og:site_name\" content=\"Rebelcell\" \/>\n<meta property=\"article:publisher\" content=\"https:\/\/www.facebook.com\/rebelcelleu\" \/>\n<meta property=\"article:modified_time\" content=\"2026-02-03T16:30:59+00:00\" \/>\n<meta property=\"og:image\" content=\"https:\/\/test.rebel-cell.com\/wp-content\/uploads\/WP_Charger_42V20A_top_side.jpg\" \/>\n\t<meta property=\"og:image:width\" content=\"1500\" \/>\n\t<meta property=\"og:image:height\" content=\"1500\" \/>\n\t<meta property=\"og:image:type\" content=\"image\/jpeg\" \/>\n<meta name=\"twitter:card\" content=\"summary_large_image\" \/>\n<meta name=\"twitter:site\" content=\"@rebelcellnl\" \/>\n<meta name=\"twitter:label1\" content=\"Preis\" \/>\n\t<meta name=\"twitter:data1\" content=\"&euro;399,00\" \/>\n\t<meta name=\"twitter:label2\" content=\"Verf\u00fcgbarkeit\" \/>\n\t<meta name=\"twitter:data2\" content=\"Auf Lager\" \/>\n<script type=\"application\/ld+json\" class=\"yoast-schema-graph\">{\"@context\":\"https:\/\/schema.org\",\"@graph\":[{\"@type\":[\"WebPage\",\"ItemPage\"],\"@id\":\"https:\/\/test.rebel-cell.com\/de\/produkt\/42v20a-ladegerat-wasserdicht\/\",\"url\":\"https:\/\/test.rebel-cell.com\/de\/produkt\/42v20a-ladegerat-wasserdicht\/\",\"name\":\"Wasserdichtes Ladeger\u00e4t 42V20A | Rebelcell | Tragbare Energie f\u00fcr Outdoor-Aktivit\u00e4ten\",\"isPartOf\":{\"@id\":\"https:\/\/test.rebel-cell.com\/de\/#website\"},\"primaryImageOfPage\":{\"@id\":\"https:\/\/test.rebel-cell.com\/de\/produkt\/42v20a-ladegerat-wasserdicht\/#primaryimage\"},\"image\":{\"@id\":\"https:\/\/test.rebel-cell.com\/de\/produkt\/42v20a-ladegerat-wasserdicht\/#primaryimage\"},\"thumbnailUrl\":\"https:\/\/test.rebel-cell.com\/wp-content\/uploads\/2024-10-11-Lader-42V20A-3D.webp\",\"datePublished\":\"2021-02-11T09:36:38+00:00\",\"dateModified\":\"2026-02-03T16:30:59+00:00\",\"description\":\"Wasserdichtes 42V20A-Ladeger\u00e4t. Laden Sie schnell und sicher den 36V70 Li-Ionen-Akku. Rebelcell. Tragbare Energie zum Angeln, f\u00fcr Outdoor und auf dem Wasser.\",\"breadcrumb\":{\"@id\":\"https:\/\/test.rebel-cell.com\/de\/produkt\/42v20a-ladegerat-wasserdicht\/#breadcrumb\"},\"inLanguage\":\"de\",\"potentialAction\":[{\"@type\":\"ReadAction\",\"target\":[\"https:\/\/test.rebel-cell.com\/de\/produkt\/42v20a-ladegerat-wasserdicht\/\"]}]},{\"@type\":\"ImageObject\",\"inLanguage\":\"de\",\"@id\":\"https:\/\/test.rebel-cell.com\/de\/produkt\/42v20a-ladegerat-wasserdicht\/#primaryimage\",\"url\":\"https:\/\/test.rebel-cell.com\/wp-content\/uploads\/2024-10-11-Lader-42V20A-3D.webp\",\"contentUrl\":\"https:\/\/test.rebel-cell.com\/wp-content\/uploads\/2024-10-11-Lader-42V20A-3D.webp\",\"width\":1920,\"height\":1920},{\"@type\":\"BreadcrumbList\",\"@id\":\"https:\/\/test.rebel-cell.com\/de\/produkt\/42v20a-ladegerat-wasserdicht\/#breadcrumb\",\"itemListElement\":[{\"@type\":\"ListItem\",\"position\":1,\"name\":\"Home\",\"item\":\"https:\/\/test.rebel-cell.com\/de\/\"},{\"@type\":\"ListItem\",\"position\":2,\"name\":\"Shop\",\"item\":\"https:\/\/test.rebel-cell.com\/de\/shop\/\"},{\"@type\":\"ListItem\",\"position\":3,\"name\":\"42V20A Lithium-Ladeger\u00e4t Wasserdicht (IP65)\"}]},{\"@type\":\"WebSite\",\"@id\":\"https:\/\/test.rebel-cell.com\/de\/#website\",\"url\":\"https:\/\/test.rebel-cell.com\/de\/\",\"name\":\"Rebelcell\",\"description\":\"Rebelcell\",\"publisher\":{\"@id\":\"https:\/\/test.rebel-cell.com\/de\/#organization\"},\"potentialAction\":[{\"@type\":\"SearchAction\",\"target\":{\"@type\":\"EntryPoint\",\"urlTemplate\":\"https:\/\/test.rebel-cell.com\/de\/?s={search_term_string}\"},\"query-input\":{\"@type\":\"PropertyValueSpecification\",\"valueRequired\":true,\"valueName\":\"search_term_string\"}}],\"inLanguage\":\"de\"},{\"@type\":\"Organization\",\"@id\":\"https:\/\/test.rebel-cell.com\/de\/#organization\",\"name\":\"Rebelcell\",\"url\":\"https:\/\/test.rebel-cell.com\/de\/\",\"logo\":{\"@type\":\"ImageObject\",\"inLanguage\":\"de\",\"@id\":\"https:\/\/test.rebel-cell.com\/de\/#\/schema\/logo\/image\/\",\"url\":\"https:\/\/test.rebel-cell.com\/wp-content\/uploads\/rebelcell-logo-300.png\",\"contentUrl\":\"https:\/\/test.rebel-cell.com\/wp-content\/uploads\/rebelcell-logo-300.png\",\"width\":300,\"height\":55,\"caption\":\"Rebelcell\"},\"image\":{\"@id\":\"https:\/\/test.rebel-cell.com\/de\/#\/schema\/logo\/image\/\"},\"sameAs\":[\"https:\/\/www.facebook.com\/rebelcelleu\",\"https:\/\/x.com\/rebelcellnl\",\"https:\/\/www.instagram.com\/rebelcelleurope\/?hl=nl\",\"https:\/\/www.youtube.com\/channel\/UCpySQUq4xwwtqveV1f8oiFw\"]}]}<\/script>\n<meta property=\"product:price:amount\" content=\"399.00\" \/>\n<meta property=\"product:price:currency\" content=\"EUR\" \/>\n<meta property=\"og:availability\" content=\"instock\" \/>\n<meta property=\"product:availability\" content=\"instock\" \/>\n<meta property=\"product:retailer_item_id\" content=\"8720964630205\" \/>\n<meta property=\"product:condition\" content=\"new\" \/>\n<!-- \/ Yoast SEO plugin. -->","yoast_head_json":{"title":"Wasserdichtes Ladeger\u00e4t 42V20A | Rebelcell | Tragbare Energie f\u00fcr Outdoor-Aktivit\u00e4ten","description":"Wasserdichtes 42V20A-Ladeger\u00e4t. Laden Sie schnell und sicher den 36V70 Li-Ionen-Akku. Rebelcell. Tragbare Energie zum Angeln, f\u00fcr Outdoor und auf dem Wasser.","robots":{"index":"noindex","follow":"follow","max-snippet":"max-snippet:-1","max-image-preview":"max-image-preview:large","max-video-preview":"max-video-preview:-1"},"og_locale":"de_DE","og_type":"article","og_title":"Wasserdichtes Ladeger\u00e4t 42V20A | Rebelcell | Tragbare Energie f\u00fcr Outdoor-Aktivit\u00e4ten","og_description":"Wasserdichtes 42V20A-Ladeger\u00e4t. Laden Sie schnell und sicher den 36V70 Li-Ionen-Akku. Rebelcell. Tragbare Energie zum Angeln, f\u00fcr Outdoor und auf dem Wasser.","og_url":"https:\/\/test.rebel-cell.com\/de\/produkt\/42v20a-ladegerat-wasserdicht\/","og_site_name":"Rebelcell","article_publisher":"https:\/\/www.facebook.com\/rebelcelleu","article_modified_time":"2026-02-03T16:30:59+00:00","og_image":[{"width":1500,"height":1500,"url":"https:\/\/test.rebel-cell.com\/wp-content\/uploads\/WP_Charger_42V20A_top_side.jpg","type":"image\/jpeg"}],"twitter_card":"summary_large_image","twitter_site":"@rebelcellnl","twitter_misc":{"Preis":"&euro;399,00","Verf\u00fcgbarkeit":"Auf Lager"},"schema":{"@context":"https:\/\/schema.org","@graph":[{"@type":["WebPage","ItemPage"],"@id":"https:\/\/test.rebel-cell.com\/de\/produkt\/42v20a-ladegerat-wasserdicht\/","url":"https:\/\/test.rebel-cell.com\/de\/produkt\/42v20a-ladegerat-wasserdicht\/","name":"Wasserdichtes Ladeger\u00e4t 42V20A | Rebelcell | Tragbare Energie f\u00fcr Outdoor-Aktivit\u00e4ten","isPartOf":{"@id":"https:\/\/test.rebel-cell.com\/de\/#website"},"primaryImageOfPage":{"@id":"https:\/\/test.rebel-cell.com\/de\/produkt\/42v20a-ladegerat-wasserdicht\/#primaryimage"},"image":{"@id":"https:\/\/test.rebel-cell.com\/de\/produkt\/42v20a-ladegerat-wasserdicht\/#primaryimage"},"thumbnailUrl":"https:\/\/test.rebel-cell.com\/wp-content\/uploads\/2024-10-11-Lader-42V20A-3D.webp","datePublished":"2021-02-11T09:36:38+00:00","dateModified":"2026-02-03T16:30:59+00:00","description":"Wasserdichtes 42V20A-Ladeger\u00e4t. Laden Sie schnell und sicher den 36V70 Li-Ionen-Akku. Rebelcell. Tragbare Energie zum Angeln, f\u00fcr Outdoor und auf dem Wasser.","breadcrumb":{"@id":"https:\/\/test.rebel-cell.com\/de\/produkt\/42v20a-ladegerat-wasserdicht\/#breadcrumb"},"inLanguage":"de","potentialAction":[{"@type":"ReadAction","target":["https:\/\/test.rebel-cell.com\/de\/produkt\/42v20a-ladegerat-wasserdicht\/"]}]},{"@type":"ImageObject","inLanguage":"de","@id":"https:\/\/test.rebel-cell.com\/de\/produkt\/42v20a-ladegerat-wasserdicht\/#primaryimage","url":"https:\/\/test.rebel-cell.com\/wp-content\/uploads\/2024-10-11-Lader-42V20A-3D.webp","contentUrl":"https:\/\/test.rebel-cell.com\/wp-content\/uploads\/2024-10-11-Lader-42V20A-3D.webp","width":1920,"height":1920},{"@type":"BreadcrumbList","@id":"https:\/\/test.rebel-cell.com\/de\/produkt\/42v20a-ladegerat-wasserdicht\/#breadcrumb","itemListElement":[{"@type":"ListItem","position":1,"name":"Home","item":"https:\/\/test.rebel-cell.com\/de\/"},{"@type":"ListItem","position":2,"name":"Shop","item":"https:\/\/test.rebel-cell.com\/de\/shop\/"},{"@type":"ListItem","position":3,"name":"42V20A Lithium-Ladeger\u00e4t Wasserdicht (IP65)"}]},{"@type":"WebSite","@id":"https:\/\/test.rebel-cell.com\/de\/#website","url":"https:\/\/test.rebel-cell.com\/de\/","name":"Rebelcell","description":"Rebelcell","publisher":{"@id":"https:\/\/test.rebel-cell.com\/de\/#organization"},"potentialAction":[{"@type":"SearchAction","target":{"@type":"EntryPoint","urlTemplate":"https:\/\/test.rebel-cell.com\/de\/?s={search_term_string}"},"query-input":{"@type":"PropertyValueSpecification","valueRequired":true,"valueName":"search_term_string"}}],"inLanguage":"de"},{"@type":"Organization","@id":"https:\/\/test.rebel-cell.com\/de\/#organization","name":"Rebelcell","url":"https:\/\/test.rebel-cell.com\/de\/","logo":{"@type":"ImageObject","inLanguage":"de","@id":"https:\/\/test.rebel-cell.com\/de\/#\/schema\/logo\/image\/","url":"https:\/\/test.rebel-cell.com\/wp-content\/uploads\/rebelcell-logo-300.png","contentUrl":"https:\/\/test.rebel-cell.com\/wp-content\/uploads\/rebelcell-logo-300.png","width":300,"height":55,"caption":"Rebelcell"},"image":{"@id":"https:\/\/test.rebel-cell.com\/de\/#\/schema\/logo\/image\/"},"sameAs":["https:\/\/www.facebook.com\/rebelcelleu","https:\/\/x.com\/rebelcellnl","https:\/\/www.instagram.com\/rebelcelleurope\/?hl=nl","https:\/\/www.youtube.com\/channel\/UCpySQUq4xwwtqveV1f8oiFw"]}]},"product_price_amount":"399.00","product_price_currency":"EUR","og_availability":"instock","product_availability":"instock","product_retailer_item_id":"8720964630205","product_condition":"new"},"_links":{"self":[{"href":"https:\/\/test.rebel-cell.com\/de\/wp-json\/wp\/v2\/product\/10443","targetHints":{"allow":["GET"]}}],"collection":[{"href":"https:\/\/test.rebel-cell.com\/de\/wp-json\/wp\/v2\/product"}],"about":[{"href":"https:\/\/test.rebel-cell.com\/de\/wp-json\/wp\/v2\/types\/product"}],"replies":[{"embeddable":true,"href":"https:\/\/test.rebel-cell.com\/de\/wp-json\/wp\/v2\/comments?post=10443"}],"wp:featuredmedia":[{"embeddable":true,"href":"https:\/\/test.rebel-cell.com\/de\/wp-json\/wp\/v2\/media\/24096"}],"wp:attachment":[{"href":"https:\/\/test.rebel-cell.com\/de\/wp-json\/wp\/v2\/media?parent=10443"}],"wp:term":[{"taxonomy":"product_brand","embeddable":true,"href":"https:\/\/test.rebel-cell.com\/de\/wp-json\/wp\/v2\/product_brand?post=10443"},{"taxonomy":"product_cat","embeddable":true,"href":"https:\/\/test.rebel-cell.com\/de\/wp-json\/wp\/v2\/product_cat?post=10443"},{"taxonomy":"product_tag","embeddable":true,"href":"https:\/\/test.rebel-cell.com\/de\/wp-json\/wp\/v2\/product_tag?post=10443"}],"curies":[{"name":"wp","href":"https:\/\/api.w.org\/{rel}","templated":true}]}}