{"id":10694,"date":"2021-05-05T11:11:10","date_gmt":"2021-05-05T09:11:10","guid":{"rendered":"https:\/\/test.rebel-cell.com\/?post_type=product&#038;p=10694"},"modified":"2024-04-27T22:00:12","modified_gmt":"2024-04-27T20:00:12","slug":"beanie-mutze","status":"publish","type":"product","link":"https:\/\/test.rebel-cell.com\/de\/produkt\/beanie-mutze\/","title":{"rendered":"Rebelcell Beanie-M\u00fctze"},"content":{"rendered":"<p>Produktcode Rebelcell Beanie-M\u00fctze Burgund: BEBURGUREACC<\/p>\n<p>Produktcode Rebelcell Beanie-M\u00fctze Grau: BEGREYXREACC<\/p>\n<p>Produktcode Rebelcell Beanie-M\u00fctze Khaki: BEKHAKIREACC<\/p>\n<p>Barcode Rebelcell Beanie-M\u00fctze Burgund: 7106623687024<\/p>\n<p>Barcode Rebelcell Beanie-M\u00fctze Grau: 7106623686997<\/p>\n<p>Barcode Rebelcell Beanie-M\u00fctze Khaki: 7106623688212<\/p>\n<p>EAN Rebelcell Beanie-M\u00fctze Burgund: 8720964630120<\/p>\n<p>EAN Rebelcell Beanie-M\u00fctze Grau: 8720964630823<\/p>\n<p>EAN Rebelcell Beanie-M\u00fctze Khaki: 8720964630830<\/p>\n","protected":false},"excerpt":{"rendered":"<p><strong>Original Rebelcell Beanie-M\u00fctze<\/strong>, fein gestrickt aus <strong>100% Acryl<\/strong>. Diese Rebelcell Beanie-M\u00fctze ist aus <strong>sch\u00f6nem und weichem Material<\/strong> gefertigt und mit dem <strong>Rebelcell-Logo<\/strong> am umgeschlagenen Rand bestickt. Mit ihrer<strong> feinen Passform (Einheitsgr\u00f6\u00dfe)<\/strong> und dem <strong>bequemen Stretch<\/strong> h\u00e4lt sie Ihren Kopf in k\u00fchlen, feuchten und kalten N\u00e4chten auf der Bank oder beim Wandern und Camping warm.<strong> Erh\u00e4ltlich in 3 Farben:<\/strong> Burgund, Grau und Khaki.<\/p>\n","protected":false},"featured_media":10774,"comment_status":"open","ping_status":"closed","template":"","meta":{"_acf_changed":false},"product_brand":[],"product_cat":[4458,1906],"product_tag":[4132],"class_list":{"0":"post-10694","1":"product","2":"type-product","3":"status-publish","4":"has-post-thumbnail","6":"product_cat-werbeartikel","7":"product_cat-zubehor","8":"product_tag-7106623688342-de","9":"product_shipping_class-normal-shipment","10":"pa_fishing-elektrisch-fahren","11":"pa_fishing-karpfen","12":"pa_fishing-raubfisch","14":"first","15":"instock","16":"taxable","17":"shipping-taxable","18":"purchasable","19":"product-type-variable"},"bundled_by":["11429","11482"],"bundle_stock_status":"instock","bundle_stock_quantity":459,"bundle_virtual":false,"bundle_layout":"","bundle_add_to_cart_form_location":"","bundle_editable_in_cart":false,"bundle_sold_individually_context":"","bundle_item_grouping":"","bundle_min_size":"","bundle_max_size":"","bundle_price":[],"bundled_items":[],"bundle_sell_ids":[],"acf":[],"yoast_head":"<!-- This site is optimized with the Yoast SEO plugin v27.1.1 - https:\/\/yoast.com\/product\/yoast-seo-wordpress\/ -->\n<title>Original Beanie-M\u00fctze | Rebelcell | Tragbare Energie f\u00fcr Outdoor-Aktivit\u00e4ten<\/title>\n<meta name=\"description\" content=\"Original Rebelcell Beanie-M\u00fctze, fein gestrickt aus 100% Acryl. Erh\u00e4ltlich in Burgund, grau und khaki\" \/>\n<meta name=\"robots\" content=\"noindex, follow, max-snippet:-1, max-image-preview:large, max-video-preview:-1\" \/>\n<meta property=\"og:locale\" content=\"de_DE\" \/>\n<meta property=\"og:type\" content=\"article\" \/>\n<meta property=\"og:title\" content=\"Original Beanie-M\u00fctze | Rebelcell | Tragbare Energie f\u00fcr Outdoor-Aktivit\u00e4ten\" \/>\n<meta property=\"og:description\" content=\"Original Rebelcell Beanie-M\u00fctze, fein gestrickt aus 100% Acryl. Erh\u00e4ltlich in Burgund, grau und khaki\" \/>\n<meta property=\"og:url\" content=\"https:\/\/test.rebel-cell.com\/de\/produkt\/beanie-mutze\/\" \/>\n<meta property=\"og:site_name\" content=\"Rebelcell\" \/>\n<meta property=\"article:publisher\" content=\"https:\/\/www.facebook.com\/rebelcelleu\" \/>\n<meta property=\"article:modified_time\" content=\"2024-04-27T20:00:12+00:00\" \/>\n<meta property=\"og:image\" content=\"https:\/\/test.rebel-cell.com\/wp-content\/uploads\/Beanie_burgundy.jpg\" \/>\n\t<meta property=\"og:image:width\" content=\"1000\" \/>\n\t<meta property=\"og:image:height\" content=\"1000\" \/>\n\t<meta property=\"og:image:type\" content=\"image\/jpeg\" \/>\n<meta name=\"twitter:card\" content=\"summary_large_image\" \/>\n<meta name=\"twitter:site\" content=\"@rebelcellnl\" \/>\n<meta name=\"twitter:label1\" content=\"Verf\u00fcgbarkeit\" \/>\n\t<meta name=\"twitter:data1\" content=\"Auf Lager\" \/>\n<script type=\"application\/ld+json\" class=\"yoast-schema-graph\">{\"@context\":\"https:\/\/schema.org\",\"@graph\":[{\"@type\":[\"WebPage\",\"ItemPage\"],\"@id\":\"https:\/\/test.rebel-cell.com\/de\/produkt\/beanie-mutze\/\",\"url\":\"https:\/\/test.rebel-cell.com\/de\/produkt\/beanie-mutze\/\",\"name\":\"Original Beanie-M\u00fctze | Rebelcell | Tragbare Energie f\u00fcr Outdoor-Aktivit\u00e4ten\",\"isPartOf\":{\"@id\":\"https:\/\/test.rebel-cell.com\/de\/#website\"},\"primaryImageOfPage\":{\"@id\":\"https:\/\/test.rebel-cell.com\/de\/produkt\/beanie-mutze\/#primaryimage\"},\"image\":{\"@id\":\"https:\/\/test.rebel-cell.com\/de\/produkt\/beanie-mutze\/#primaryimage\"},\"thumbnailUrl\":\"https:\/\/test.rebel-cell.com\/wp-content\/uploads\/Beanie_burgundy.jpg\",\"datePublished\":\"2021-05-05T09:11:10+00:00\",\"dateModified\":\"2024-04-27T20:00:12+00:00\",\"description\":\"Original Rebelcell Beanie-M\u00fctze, fein gestrickt aus 100% Acryl. Erh\u00e4ltlich in Burgund, grau und khaki\",\"breadcrumb\":{\"@id\":\"https:\/\/test.rebel-cell.com\/de\/produkt\/beanie-mutze\/#breadcrumb\"},\"inLanguage\":\"de\",\"potentialAction\":[{\"@type\":\"ReadAction\",\"target\":[\"https:\/\/test.rebel-cell.com\/de\/produkt\/beanie-mutze\/\"]}]},{\"@type\":\"ImageObject\",\"inLanguage\":\"de\",\"@id\":\"https:\/\/test.rebel-cell.com\/de\/produkt\/beanie-mutze\/#primaryimage\",\"url\":\"https:\/\/test.rebel-cell.com\/wp-content\/uploads\/Beanie_burgundy.jpg\",\"contentUrl\":\"https:\/\/test.rebel-cell.com\/wp-content\/uploads\/Beanie_burgundy.jpg\",\"width\":1000,\"height\":1000},{\"@type\":\"BreadcrumbList\",\"@id\":\"https:\/\/test.rebel-cell.com\/de\/produkt\/beanie-mutze\/#breadcrumb\",\"itemListElement\":[{\"@type\":\"ListItem\",\"position\":1,\"name\":\"Home\",\"item\":\"https:\/\/test.rebel-cell.com\/de\/\"},{\"@type\":\"ListItem\",\"position\":2,\"name\":\"Shop\",\"item\":\"https:\/\/test.rebel-cell.com\/de\/shop\/\"},{\"@type\":\"ListItem\",\"position\":3,\"name\":\"Rebelcell Beanie-M\u00fctze\"}]},{\"@type\":\"WebSite\",\"@id\":\"https:\/\/test.rebel-cell.com\/de\/#website\",\"url\":\"https:\/\/test.rebel-cell.com\/de\/\",\"name\":\"Rebelcell\",\"description\":\"Rebelcell\",\"publisher\":{\"@id\":\"https:\/\/test.rebel-cell.com\/de\/#organization\"},\"potentialAction\":[{\"@type\":\"SearchAction\",\"target\":{\"@type\":\"EntryPoint\",\"urlTemplate\":\"https:\/\/test.rebel-cell.com\/de\/?s={search_term_string}\"},\"query-input\":{\"@type\":\"PropertyValueSpecification\",\"valueRequired\":true,\"valueName\":\"search_term_string\"}}],\"inLanguage\":\"de\"},{\"@type\":\"Organization\",\"@id\":\"https:\/\/test.rebel-cell.com\/de\/#organization\",\"name\":\"Rebelcell\",\"url\":\"https:\/\/test.rebel-cell.com\/de\/\",\"logo\":{\"@type\":\"ImageObject\",\"inLanguage\":\"de\",\"@id\":\"https:\/\/test.rebel-cell.com\/de\/#\/schema\/logo\/image\/\",\"url\":\"https:\/\/test.rebel-cell.com\/wp-content\/uploads\/rebelcell-logo-300.png\",\"contentUrl\":\"https:\/\/test.rebel-cell.com\/wp-content\/uploads\/rebelcell-logo-300.png\",\"width\":300,\"height\":55,\"caption\":\"Rebelcell\"},\"image\":{\"@id\":\"https:\/\/test.rebel-cell.com\/de\/#\/schema\/logo\/image\/\"},\"sameAs\":[\"https:\/\/www.facebook.com\/rebelcelleu\",\"https:\/\/x.com\/rebelcellnl\",\"https:\/\/www.instagram.com\/rebelcelleurope\/?hl=nl\",\"https:\/\/www.youtube.com\/channel\/UCpySQUq4xwwtqveV1f8oiFw\"]}]}<\/script>\n<meta property=\"og:availability\" content=\"instock\" \/>\n<meta property=\"product:availability\" content=\"instock\" \/>\n<meta property=\"product:condition\" content=\"new\" \/>\n<!-- \/ Yoast SEO plugin. -->","yoast_head_json":{"title":"Original Beanie-M\u00fctze | Rebelcell | Tragbare Energie f\u00fcr Outdoor-Aktivit\u00e4ten","description":"Original Rebelcell Beanie-M\u00fctze, fein gestrickt aus 100% Acryl. Erh\u00e4ltlich in Burgund, grau und khaki","robots":{"index":"noindex","follow":"follow","max-snippet":"max-snippet:-1","max-image-preview":"max-image-preview:large","max-video-preview":"max-video-preview:-1"},"og_locale":"de_DE","og_type":"article","og_title":"Original Beanie-M\u00fctze | Rebelcell | Tragbare Energie f\u00fcr Outdoor-Aktivit\u00e4ten","og_description":"Original Rebelcell Beanie-M\u00fctze, fein gestrickt aus 100% Acryl. Erh\u00e4ltlich in Burgund, grau und khaki","og_url":"https:\/\/test.rebel-cell.com\/de\/produkt\/beanie-mutze\/","og_site_name":"Rebelcell","article_publisher":"https:\/\/www.facebook.com\/rebelcelleu","article_modified_time":"2024-04-27T20:00:12+00:00","og_image":[{"width":1000,"height":1000,"url":"https:\/\/test.rebel-cell.com\/wp-content\/uploads\/Beanie_burgundy.jpg","type":"image\/jpeg"}],"twitter_card":"summary_large_image","twitter_site":"@rebelcellnl","twitter_misc":{"Verf\u00fcgbarkeit":"Auf Lager"},"schema":{"@context":"https:\/\/schema.org","@graph":[{"@type":["WebPage","ItemPage"],"@id":"https:\/\/test.rebel-cell.com\/de\/produkt\/beanie-mutze\/","url":"https:\/\/test.rebel-cell.com\/de\/produkt\/beanie-mutze\/","name":"Original Beanie-M\u00fctze | Rebelcell | Tragbare Energie f\u00fcr Outdoor-Aktivit\u00e4ten","isPartOf":{"@id":"https:\/\/test.rebel-cell.com\/de\/#website"},"primaryImageOfPage":{"@id":"https:\/\/test.rebel-cell.com\/de\/produkt\/beanie-mutze\/#primaryimage"},"image":{"@id":"https:\/\/test.rebel-cell.com\/de\/produkt\/beanie-mutze\/#primaryimage"},"thumbnailUrl":"https:\/\/test.rebel-cell.com\/wp-content\/uploads\/Beanie_burgundy.jpg","datePublished":"2021-05-05T09:11:10+00:00","dateModified":"2024-04-27T20:00:12+00:00","description":"Original Rebelcell Beanie-M\u00fctze, fein gestrickt aus 100% Acryl. Erh\u00e4ltlich in Burgund, grau und khaki","breadcrumb":{"@id":"https:\/\/test.rebel-cell.com\/de\/produkt\/beanie-mutze\/#breadcrumb"},"inLanguage":"de","potentialAction":[{"@type":"ReadAction","target":["https:\/\/test.rebel-cell.com\/de\/produkt\/beanie-mutze\/"]}]},{"@type":"ImageObject","inLanguage":"de","@id":"https:\/\/test.rebel-cell.com\/de\/produkt\/beanie-mutze\/#primaryimage","url":"https:\/\/test.rebel-cell.com\/wp-content\/uploads\/Beanie_burgundy.jpg","contentUrl":"https:\/\/test.rebel-cell.com\/wp-content\/uploads\/Beanie_burgundy.jpg","width":1000,"height":1000},{"@type":"BreadcrumbList","@id":"https:\/\/test.rebel-cell.com\/de\/produkt\/beanie-mutze\/#breadcrumb","itemListElement":[{"@type":"ListItem","position":1,"name":"Home","item":"https:\/\/test.rebel-cell.com\/de\/"},{"@type":"ListItem","position":2,"name":"Shop","item":"https:\/\/test.rebel-cell.com\/de\/shop\/"},{"@type":"ListItem","position":3,"name":"Rebelcell Beanie-M\u00fctze"}]},{"@type":"WebSite","@id":"https:\/\/test.rebel-cell.com\/de\/#website","url":"https:\/\/test.rebel-cell.com\/de\/","name":"Rebelcell","description":"Rebelcell","publisher":{"@id":"https:\/\/test.rebel-cell.com\/de\/#organization"},"potentialAction":[{"@type":"SearchAction","target":{"@type":"EntryPoint","urlTemplate":"https:\/\/test.rebel-cell.com\/de\/?s={search_term_string}"},"query-input":{"@type":"PropertyValueSpecification","valueRequired":true,"valueName":"search_term_string"}}],"inLanguage":"de"},{"@type":"Organization","@id":"https:\/\/test.rebel-cell.com\/de\/#organization","name":"Rebelcell","url":"https:\/\/test.rebel-cell.com\/de\/","logo":{"@type":"ImageObject","inLanguage":"de","@id":"https:\/\/test.rebel-cell.com\/de\/#\/schema\/logo\/image\/","url":"https:\/\/test.rebel-cell.com\/wp-content\/uploads\/rebelcell-logo-300.png","contentUrl":"https:\/\/test.rebel-cell.com\/wp-content\/uploads\/rebelcell-logo-300.png","width":300,"height":55,"caption":"Rebelcell"},"image":{"@id":"https:\/\/test.rebel-cell.com\/de\/#\/schema\/logo\/image\/"},"sameAs":["https:\/\/www.facebook.com\/rebelcelleu","https:\/\/x.com\/rebelcellnl","https:\/\/www.instagram.com\/rebelcelleurope\/?hl=nl","https:\/\/www.youtube.com\/channel\/UCpySQUq4xwwtqveV1f8oiFw"]}]},"og_availability":"instock","product_availability":"instock","product_condition":"new"},"_links":{"self":[{"href":"https:\/\/test.rebel-cell.com\/de\/wp-json\/wp\/v2\/product\/10694","targetHints":{"allow":["GET"]}}],"collection":[{"href":"https:\/\/test.rebel-cell.com\/de\/wp-json\/wp\/v2\/product"}],"about":[{"href":"https:\/\/test.rebel-cell.com\/de\/wp-json\/wp\/v2\/types\/product"}],"replies":[{"embeddable":true,"href":"https:\/\/test.rebel-cell.com\/de\/wp-json\/wp\/v2\/comments?post=10694"}],"wp:featuredmedia":[{"embeddable":true,"href":"https:\/\/test.rebel-cell.com\/de\/wp-json\/wp\/v2\/media\/10774"}],"wp:attachment":[{"href":"https:\/\/test.rebel-cell.com\/de\/wp-json\/wp\/v2\/media?parent=10694"}],"wp:term":[{"taxonomy":"product_brand","embeddable":true,"href":"https:\/\/test.rebel-cell.com\/de\/wp-json\/wp\/v2\/product_brand?post=10694"},{"taxonomy":"product_cat","embeddable":true,"href":"https:\/\/test.rebel-cell.com\/de\/wp-json\/wp\/v2\/product_cat?post=10694"},{"taxonomy":"product_tag","embeddable":true,"href":"https:\/\/test.rebel-cell.com\/de\/wp-json\/wp\/v2\/product_tag?post=10694"}],"curies":[{"name":"wp","href":"https:\/\/api.w.org\/{rel}","templated":true}]}}