{"id":10952,"date":"2021-07-01T12:35:20","date_gmt":"2021-07-01T10:35:20","guid":{"rendered":"https:\/\/test.rebel-cell.com\/?post_type=product&#038;p=10952"},"modified":"2026-03-10T22:11:05","modified_gmt":"2026-03-10T21:11:05","slug":"12-6v35a-charger-waterproof","status":"publish","type":"product","link":"https:\/\/test.rebel-cell.com\/de\/produkt\/12-6v35a-charger-waterproof\/","title":{"rendered":"12.6V35A Lithium-Ladeger\u00e4t Wasserdicht (IP65)"},"content":{"rendered":"<h2>PRODUKTBESCHREIBUNG REBELCELL 12.6V35A Lithium-LADEGER\u00c4T (IP65) WASSERDICHT<\/h2>\n<p>Das <strong>12.6V35A Lithium-Ladeger\u00e4t Wasserdicht (IP65)<\/strong>\u00a0wurde speziell f\u00fcr das Laden der Rebelcell Lithium-Akkus der Gr\u00f6\u00dfe 12V100 AV und gr\u00f6\u00dfer entwickelt. Das <strong>speziell entwickelte<\/strong>\u00a0Ladeprogramm sorgt daf\u00fcr, dass Ihr Akku\u00a0<strong>sicher und automatisch<\/strong>\u00a0mit dem richtigen Ladeprofil (Spannung \/ Ladestrom) geladen wird. Das Ladeger\u00e4t\u00a0<strong>schaltet sich automatisch ab<\/strong>, wenn der Ladevorgang abgeschlossen ist.<\/p>\n<p>\u00dcber die LED-Anzeige am Ladeger\u00e4t k\u00f6nnen Sie den\u00a0<strong>Status des Ladevorgangs ganz einfach und problemlos \u00fcberwachen<\/strong>. Das Ladeger\u00e4t ist mit einer\u00a0<strong>Reihe von Schutzfunktionen<\/strong>\u00a0wie Kurzschluss-, Verpolungs- und \u00dcberspannungsschutz ausgestattet, die sicherstellen, dass Sie Ihr Ladeger\u00e4t in jeder Situation sicher verwenden k\u00f6nnen. Dieses Ladeger\u00e4t ist mit\u00a0<strong>Epoxidharz<\/strong>\u00a0versiegelt und eignet sich daher ideal f\u00fcr die dauerhafte Installation, bzw. den\u00a0<strong>Festeinbau in Ihrem Boot.<\/strong><\/p>\n<p>Dieses Ladeger\u00e4t ist\u00a0<strong>einzig f\u00fcr das Laden einer Rebelcell 12V-Akku ausgelegt.<\/strong> Falls Sie andere Akkus als die angegebenen laden, kann dies zu (irreparablen) Sch\u00e4den f\u00fchren. Weitere Informationen finden Sie in unserer <a href=\"https:\/\/test.rebel-cell.com\/de\/grundlagenwissen\/akku-verwenden\/\" target=\"_blank\" rel=\"noopener\">Grundlagenwissen-Datenbank<\/a><\/p>\n<p><strong>Ladezeiten<br \/>\n<\/strong><strong>12V100 AV: <\/strong>3-4 Std.<br \/>\n<strong>12V140 AV: <\/strong>5-6 Std.<br \/>\n<strong>12V190 AV: <\/strong>7-8 Std.<\/p>\n<p>Produktcode: WC12V35REAV<\/p>\n<p>Barcode: 7106623685990<\/p>\n<p>EAN: 8720964630182<\/p>\n","protected":false},"excerpt":{"rendered":"<p>Das <strong>12.6V35A Lithium-Ladeger\u00e4t (IP65) Wasserdicht<\/strong> wurde speziell zum Laden von Rebelcell Lithium-Akkus der Gr\u00f6\u00dfe 12V100 AV und gr\u00f6\u00dfer entwickelt. Das <strong>speziell entwickelte<\/strong>\u00a0Ladeprogramm sorgt daf\u00fcr, dass Ihr Akku\u00a0<strong>sicher und automatisch<\/strong> mit dem richtigen Ladeprofil (Spannung\/Ladestrom) geladen wird. Ein 12V190 Lithium-Akku kann beispielsweise innerhalb von <strong>8<\/strong><strong>\u00a0Stunden<\/strong>\u00a0aufgeladen werden. Dieses Ladeger\u00e4t ist mit\u00a0<strong>Epoxidharz<\/strong>\u00a0versiegelt und eignet sich daher ideal f\u00fcr die dauerhafte Installation, bzw. den\u00a0<strong>Festeinbau in Ihrem Boot.<\/strong><br \/>\n<a href=\"https:\/\/test.rebel-cell.com\/de\/produkt\/12-6v4a-nmc-charger-2\/#proddesc\">Mehr lesen&gt;<\/a><\/p>\n","protected":false},"featured_media":10981,"comment_status":"open","ping_status":"closed","template":"","meta":{"_acf_changed":false},"product_brand":[],"product_cat":[4127,4444,1904],"product_tag":[1021,3380,4131],"class_list":{"0":"post-10952","1":"product","2":"type-product","3":"status-publish","4":"has-post-thumbnail","6":"product_cat-angebote","7":"product_cat-batterieladegerate-ac","8":"product_cat-ladegerate","9":"product_tag-7106623690710-de","10":"product_tag-7106623694312-de","11":"product_tag-7106623695753-de","12":"product_shipping_class-normal-shipment","14":"first","15":"instock","16":"sale","17":"taxable","18":"shipping-taxable","19":"purchasable","20":"product-type-simple"},"bundled_by":[],"bundle_stock_status":"instock","bundle_stock_quantity":78,"bundle_virtual":false,"bundle_layout":"","bundle_add_to_cart_form_location":"","bundle_editable_in_cart":false,"bundle_sold_individually_context":"","bundle_item_grouping":"","bundle_min_size":"","bundle_max_size":"","bundle_price":[],"bundled_items":[],"bundle_sell_ids":[],"acf":[],"yoast_head":"<!-- This site is optimized with the Yoast SEO plugin v27.1.1 - https:\/\/yoast.com\/product\/yoast-seo-wordpress\/ -->\n<title>Wasserdichtes Ladeger\u00e4t 12.6V20A NMC | Rebelcell | Tragbare Energie<\/title>\n<meta name=\"description\" content=\"Leistungsstarkes, wasserdichtes 12.6V20A-Ladeger\u00e4t. Laden Sie Ihren Akku schnell auf. Rebelcell. Tragbare Energie zum Angeln, f\u00fcr Outdoor und auf dem Wasser.\" \/>\n<meta name=\"robots\" content=\"noindex, follow, max-snippet:-1, max-image-preview:large, max-video-preview:-1\" \/>\n<meta property=\"og:locale\" content=\"de_DE\" \/>\n<meta property=\"og:type\" content=\"article\" \/>\n<meta property=\"og:title\" content=\"Wasserdichtes Ladeger\u00e4t 12.6V20A NMC | Rebelcell | Tragbare Energie\" \/>\n<meta property=\"og:description\" content=\"Leistungsstarkes, wasserdichtes 12.6V20A-Ladeger\u00e4t. Laden Sie Ihren Akku schnell auf. Rebelcell. Tragbare Energie zum Angeln, f\u00fcr Outdoor und auf dem Wasser.\" \/>\n<meta property=\"og:url\" content=\"https:\/\/test.rebel-cell.com\/de\/produkt\/12-6v35a-charger-waterproof\/\" \/>\n<meta property=\"og:site_name\" content=\"Rebelcell\" \/>\n<meta property=\"article:publisher\" content=\"https:\/\/www.facebook.com\/rebelcelleu\" \/>\n<meta property=\"article:modified_time\" content=\"2026-03-10T21:11:05+00:00\" \/>\n<meta property=\"og:image\" content=\"https:\/\/test.rebel-cell.com\/wp-content\/uploads\/WP_charger_12V35A_overview.jpg\" \/>\n\t<meta property=\"og:image:width\" content=\"1200\" \/>\n\t<meta property=\"og:image:height\" content=\"1200\" \/>\n\t<meta property=\"og:image:type\" content=\"image\/jpeg\" \/>\n<meta name=\"twitter:card\" content=\"summary_large_image\" \/>\n<meta name=\"twitter:site\" content=\"@rebelcellnl\" \/>\n<meta name=\"twitter:label1\" content=\"Preis\" \/>\n\t<meta name=\"twitter:data1\" content=\"&euro;299,50\" \/>\n\t<meta name=\"twitter:label2\" content=\"Verf\u00fcgbarkeit\" \/>\n\t<meta name=\"twitter:data2\" content=\"Auf Lager\" \/>\n<script type=\"application\/ld+json\" class=\"yoast-schema-graph\">{\"@context\":\"https:\/\/schema.org\",\"@graph\":[{\"@type\":[\"WebPage\",\"ItemPage\"],\"@id\":\"https:\/\/test.rebel-cell.com\/de\/produkt\/12-6v35a-charger-waterproof\/\",\"url\":\"https:\/\/test.rebel-cell.com\/de\/produkt\/12-6v35a-charger-waterproof\/\",\"name\":\"Wasserdichtes Ladeger\u00e4t 12.6V20A NMC | Rebelcell | Tragbare Energie\",\"isPartOf\":{\"@id\":\"https:\/\/test.rebel-cell.com\/de\/#website\"},\"primaryImageOfPage\":{\"@id\":\"https:\/\/test.rebel-cell.com\/de\/produkt\/12-6v35a-charger-waterproof\/#primaryimage\"},\"image\":{\"@id\":\"https:\/\/test.rebel-cell.com\/de\/produkt\/12-6v35a-charger-waterproof\/#primaryimage\"},\"thumbnailUrl\":\"https:\/\/test.rebel-cell.com\/wp-content\/uploads\/WP_charger_12V35A_overview.jpg\",\"datePublished\":\"2021-07-01T10:35:20+00:00\",\"dateModified\":\"2026-03-10T21:11:05+00:00\",\"description\":\"Leistungsstarkes, wasserdichtes 12.6V20A-Ladeger\u00e4t. Laden Sie Ihren Akku schnell auf. Rebelcell. Tragbare Energie zum Angeln, f\u00fcr Outdoor und auf dem Wasser.\",\"breadcrumb\":{\"@id\":\"https:\/\/test.rebel-cell.com\/de\/produkt\/12-6v35a-charger-waterproof\/#breadcrumb\"},\"inLanguage\":\"de\",\"potentialAction\":[{\"@type\":\"ReadAction\",\"target\":[\"https:\/\/test.rebel-cell.com\/de\/produkt\/12-6v35a-charger-waterproof\/\"]}]},{\"@type\":\"ImageObject\",\"inLanguage\":\"de\",\"@id\":\"https:\/\/test.rebel-cell.com\/de\/produkt\/12-6v35a-charger-waterproof\/#primaryimage\",\"url\":\"https:\/\/test.rebel-cell.com\/wp-content\/uploads\/WP_charger_12V35A_overview.jpg\",\"contentUrl\":\"https:\/\/test.rebel-cell.com\/wp-content\/uploads\/WP_charger_12V35A_overview.jpg\",\"width\":1200,\"height\":1200},{\"@type\":\"BreadcrumbList\",\"@id\":\"https:\/\/test.rebel-cell.com\/de\/produkt\/12-6v35a-charger-waterproof\/#breadcrumb\",\"itemListElement\":[{\"@type\":\"ListItem\",\"position\":1,\"name\":\"Home\",\"item\":\"https:\/\/test.rebel-cell.com\/de\/\"},{\"@type\":\"ListItem\",\"position\":2,\"name\":\"Shop\",\"item\":\"https:\/\/test.rebel-cell.com\/de\/shop\/\"},{\"@type\":\"ListItem\",\"position\":3,\"name\":\"12.6V35A Lithium-Ladeger\u00e4t Wasserdicht (IP65)\"}]},{\"@type\":\"WebSite\",\"@id\":\"https:\/\/test.rebel-cell.com\/de\/#website\",\"url\":\"https:\/\/test.rebel-cell.com\/de\/\",\"name\":\"Rebelcell\",\"description\":\"Rebelcell\",\"publisher\":{\"@id\":\"https:\/\/test.rebel-cell.com\/de\/#organization\"},\"potentialAction\":[{\"@type\":\"SearchAction\",\"target\":{\"@type\":\"EntryPoint\",\"urlTemplate\":\"https:\/\/test.rebel-cell.com\/de\/?s={search_term_string}\"},\"query-input\":{\"@type\":\"PropertyValueSpecification\",\"valueRequired\":true,\"valueName\":\"search_term_string\"}}],\"inLanguage\":\"de\"},{\"@type\":\"Organization\",\"@id\":\"https:\/\/test.rebel-cell.com\/de\/#organization\",\"name\":\"Rebelcell\",\"url\":\"https:\/\/test.rebel-cell.com\/de\/\",\"logo\":{\"@type\":\"ImageObject\",\"inLanguage\":\"de\",\"@id\":\"https:\/\/test.rebel-cell.com\/de\/#\/schema\/logo\/image\/\",\"url\":\"https:\/\/test.rebel-cell.com\/wp-content\/uploads\/rebelcell-logo-300.png\",\"contentUrl\":\"https:\/\/test.rebel-cell.com\/wp-content\/uploads\/rebelcell-logo-300.png\",\"width\":300,\"height\":55,\"caption\":\"Rebelcell\"},\"image\":{\"@id\":\"https:\/\/test.rebel-cell.com\/de\/#\/schema\/logo\/image\/\"},\"sameAs\":[\"https:\/\/www.facebook.com\/rebelcelleu\",\"https:\/\/x.com\/rebelcellnl\",\"https:\/\/www.instagram.com\/rebelcelleurope\/?hl=nl\",\"https:\/\/www.youtube.com\/channel\/UCpySQUq4xwwtqveV1f8oiFw\"]}]}<\/script>\n<meta property=\"product:price:amount\" content=\"299.50\" \/>\n<meta property=\"product:price:currency\" content=\"EUR\" \/>\n<meta property=\"og:availability\" content=\"instock\" \/>\n<meta property=\"product:availability\" content=\"instock\" \/>\n<meta property=\"product:retailer_item_id\" content=\"7106623685990\" \/>\n<meta property=\"product:condition\" content=\"new\" \/>\n<!-- \/ Yoast SEO plugin. -->","yoast_head_json":{"title":"Wasserdichtes Ladeger\u00e4t 12.6V20A NMC | Rebelcell | Tragbare Energie","description":"Leistungsstarkes, wasserdichtes 12.6V20A-Ladeger\u00e4t. Laden Sie Ihren Akku schnell auf. Rebelcell. Tragbare Energie zum Angeln, f\u00fcr Outdoor und auf dem Wasser.","robots":{"index":"noindex","follow":"follow","max-snippet":"max-snippet:-1","max-image-preview":"max-image-preview:large","max-video-preview":"max-video-preview:-1"},"og_locale":"de_DE","og_type":"article","og_title":"Wasserdichtes Ladeger\u00e4t 12.6V20A NMC | Rebelcell | Tragbare Energie","og_description":"Leistungsstarkes, wasserdichtes 12.6V20A-Ladeger\u00e4t. Laden Sie Ihren Akku schnell auf. Rebelcell. Tragbare Energie zum Angeln, f\u00fcr Outdoor und auf dem Wasser.","og_url":"https:\/\/test.rebel-cell.com\/de\/produkt\/12-6v35a-charger-waterproof\/","og_site_name":"Rebelcell","article_publisher":"https:\/\/www.facebook.com\/rebelcelleu","article_modified_time":"2026-03-10T21:11:05+00:00","og_image":[{"width":1200,"height":1200,"url":"https:\/\/test.rebel-cell.com\/wp-content\/uploads\/WP_charger_12V35A_overview.jpg","type":"image\/jpeg"}],"twitter_card":"summary_large_image","twitter_site":"@rebelcellnl","twitter_misc":{"Preis":"&euro;299,50","Verf\u00fcgbarkeit":"Auf Lager"},"schema":{"@context":"https:\/\/schema.org","@graph":[{"@type":["WebPage","ItemPage"],"@id":"https:\/\/test.rebel-cell.com\/de\/produkt\/12-6v35a-charger-waterproof\/","url":"https:\/\/test.rebel-cell.com\/de\/produkt\/12-6v35a-charger-waterproof\/","name":"Wasserdichtes Ladeger\u00e4t 12.6V20A NMC | Rebelcell | Tragbare Energie","isPartOf":{"@id":"https:\/\/test.rebel-cell.com\/de\/#website"},"primaryImageOfPage":{"@id":"https:\/\/test.rebel-cell.com\/de\/produkt\/12-6v35a-charger-waterproof\/#primaryimage"},"image":{"@id":"https:\/\/test.rebel-cell.com\/de\/produkt\/12-6v35a-charger-waterproof\/#primaryimage"},"thumbnailUrl":"https:\/\/test.rebel-cell.com\/wp-content\/uploads\/WP_charger_12V35A_overview.jpg","datePublished":"2021-07-01T10:35:20+00:00","dateModified":"2026-03-10T21:11:05+00:00","description":"Leistungsstarkes, wasserdichtes 12.6V20A-Ladeger\u00e4t. Laden Sie Ihren Akku schnell auf. Rebelcell. Tragbare Energie zum Angeln, f\u00fcr Outdoor und auf dem Wasser.","breadcrumb":{"@id":"https:\/\/test.rebel-cell.com\/de\/produkt\/12-6v35a-charger-waterproof\/#breadcrumb"},"inLanguage":"de","potentialAction":[{"@type":"ReadAction","target":["https:\/\/test.rebel-cell.com\/de\/produkt\/12-6v35a-charger-waterproof\/"]}]},{"@type":"ImageObject","inLanguage":"de","@id":"https:\/\/test.rebel-cell.com\/de\/produkt\/12-6v35a-charger-waterproof\/#primaryimage","url":"https:\/\/test.rebel-cell.com\/wp-content\/uploads\/WP_charger_12V35A_overview.jpg","contentUrl":"https:\/\/test.rebel-cell.com\/wp-content\/uploads\/WP_charger_12V35A_overview.jpg","width":1200,"height":1200},{"@type":"BreadcrumbList","@id":"https:\/\/test.rebel-cell.com\/de\/produkt\/12-6v35a-charger-waterproof\/#breadcrumb","itemListElement":[{"@type":"ListItem","position":1,"name":"Home","item":"https:\/\/test.rebel-cell.com\/de\/"},{"@type":"ListItem","position":2,"name":"Shop","item":"https:\/\/test.rebel-cell.com\/de\/shop\/"},{"@type":"ListItem","position":3,"name":"12.6V35A Lithium-Ladeger\u00e4t Wasserdicht (IP65)"}]},{"@type":"WebSite","@id":"https:\/\/test.rebel-cell.com\/de\/#website","url":"https:\/\/test.rebel-cell.com\/de\/","name":"Rebelcell","description":"Rebelcell","publisher":{"@id":"https:\/\/test.rebel-cell.com\/de\/#organization"},"potentialAction":[{"@type":"SearchAction","target":{"@type":"EntryPoint","urlTemplate":"https:\/\/test.rebel-cell.com\/de\/?s={search_term_string}"},"query-input":{"@type":"PropertyValueSpecification","valueRequired":true,"valueName":"search_term_string"}}],"inLanguage":"de"},{"@type":"Organization","@id":"https:\/\/test.rebel-cell.com\/de\/#organization","name":"Rebelcell","url":"https:\/\/test.rebel-cell.com\/de\/","logo":{"@type":"ImageObject","inLanguage":"de","@id":"https:\/\/test.rebel-cell.com\/de\/#\/schema\/logo\/image\/","url":"https:\/\/test.rebel-cell.com\/wp-content\/uploads\/rebelcell-logo-300.png","contentUrl":"https:\/\/test.rebel-cell.com\/wp-content\/uploads\/rebelcell-logo-300.png","width":300,"height":55,"caption":"Rebelcell"},"image":{"@id":"https:\/\/test.rebel-cell.com\/de\/#\/schema\/logo\/image\/"},"sameAs":["https:\/\/www.facebook.com\/rebelcelleu","https:\/\/x.com\/rebelcellnl","https:\/\/www.instagram.com\/rebelcelleurope\/?hl=nl","https:\/\/www.youtube.com\/channel\/UCpySQUq4xwwtqveV1f8oiFw"]}]},"product_price_amount":"299.50","product_price_currency":"EUR","og_availability":"instock","product_availability":"instock","product_retailer_item_id":"7106623685990","product_condition":"new"},"_links":{"self":[{"href":"https:\/\/test.rebel-cell.com\/de\/wp-json\/wp\/v2\/product\/10952","targetHints":{"allow":["GET"]}}],"collection":[{"href":"https:\/\/test.rebel-cell.com\/de\/wp-json\/wp\/v2\/product"}],"about":[{"href":"https:\/\/test.rebel-cell.com\/de\/wp-json\/wp\/v2\/types\/product"}],"replies":[{"embeddable":true,"href":"https:\/\/test.rebel-cell.com\/de\/wp-json\/wp\/v2\/comments?post=10952"}],"wp:featuredmedia":[{"embeddable":true,"href":"https:\/\/test.rebel-cell.com\/de\/wp-json\/wp\/v2\/media\/10981"}],"wp:attachment":[{"href":"https:\/\/test.rebel-cell.com\/de\/wp-json\/wp\/v2\/media?parent=10952"}],"wp:term":[{"taxonomy":"product_brand","embeddable":true,"href":"https:\/\/test.rebel-cell.com\/de\/wp-json\/wp\/v2\/product_brand?post=10952"},{"taxonomy":"product_cat","embeddable":true,"href":"https:\/\/test.rebel-cell.com\/de\/wp-json\/wp\/v2\/product_cat?post=10952"},{"taxonomy":"product_tag","embeddable":true,"href":"https:\/\/test.rebel-cell.com\/de\/wp-json\/wp\/v2\/product_tag?post=10952"}],"curies":[{"name":"wp","href":"https:\/\/api.w.org\/{rel}","templated":true}]}}