{"id":11692,"date":"2022-01-05T14:13:02","date_gmt":"2022-01-05T13:13:02","guid":{"rendered":"https:\/\/test.rebel-cell.com\/?post_type=product&#038;p=11692"},"modified":"2025-03-10T21:40:55","modified_gmt":"2025-03-10T20:40:55","slug":"rollup-beutel-40l-blau","status":"publish","type":"product","link":"https:\/\/test.rebel-cell.com\/de\/produkt\/rollup-beutel-40l-blau\/","title":{"rendered":"Trockensack 40L blau"},"content":{"rendered":"<p>Produktcode:\u00a0REBDR40LB<\/p>\n<p>Barcode: 7106623690031<\/p>\n<p>EAN: 8720964630786<\/p>\n<p>&nbsp;<\/p>\n","protected":false},"excerpt":{"rendered":"<p>Der<strong> Rebelcell Dry Bag 40L blau<\/strong>\u00a0ist ein <strong>wasserdichter, aufrollbarer Beutel<\/strong> mit<strong> verstellbarem Schultergurt<\/strong> und <strong>einfachem Roll- und Schnappverschluss<\/strong>. <strong>Sehr praktisch<\/strong>, um die <strong>Ausr\u00fcstung<\/strong> bei Outdoor-Aktivit\u00e4ten wie Bellyboat, Kajak, Karpfenangeln oder Camping <strong>trocken zu halten<\/strong>.<\/p>\n","protected":false},"featured_media":12863,"comment_status":"open","ping_status":"closed","template":"","meta":{"_acf_changed":false},"product_brand":[],"product_cat":[1906],"product_tag":[],"class_list":{"0":"post-11692","1":"product","2":"type-product","3":"status-publish","4":"has-post-thumbnail","6":"product_cat-zubehor","7":"product_shipping_class-normal-shipment","9":"first","10":"instock","11":"taxable","12":"shipping-taxable","13":"purchasable","14":"product-type-simple"},"bundled_by":[],"bundle_stock_status":"instock","bundle_stock_quantity":74,"bundle_virtual":false,"bundle_layout":"","bundle_add_to_cart_form_location":"","bundle_editable_in_cart":false,"bundle_sold_individually_context":"","bundle_item_grouping":"","bundle_min_size":"","bundle_max_size":"","bundle_price":[],"bundled_items":[],"bundle_sell_ids":[],"acf":[],"yoast_head":"<!-- This site is optimized with the Yoast SEO plugin v27.1.1 - https:\/\/yoast.com\/product\/yoast-seo-wordpress\/ -->\n<title>Trockensack 40L | Rebelcell | Tragbare Energie f\u00fcr den Au\u00dfeneinsatz<\/title>\n<meta name=\"description\" content=\"Rebelcell wasserdichte Rolltasche 40L. H\u00e4lt Ihre Sachen bei Outdoor-Freizeitaktivit\u00e4ten und beim Angeln trocken.\" \/>\n<meta name=\"robots\" content=\"noindex, follow, max-snippet:-1, max-image-preview:large, max-video-preview:-1\" \/>\n<meta property=\"og:locale\" content=\"de_DE\" \/>\n<meta property=\"og:type\" content=\"article\" \/>\n<meta property=\"og:title\" content=\"Trockensack 40L | Rebelcell | Tragbare Energie f\u00fcr den Au\u00dfeneinsatz\" \/>\n<meta property=\"og:description\" content=\"Rebelcell wasserdichte Rolltasche 40L. H\u00e4lt Ihre Sachen bei Outdoor-Freizeitaktivit\u00e4ten und beim Angeln trocken.\" \/>\n<meta property=\"og:url\" content=\"https:\/\/test.rebel-cell.com\/de\/produkt\/rollup-beutel-40l-blau\/\" \/>\n<meta property=\"og:site_name\" content=\"Rebelcell\" \/>\n<meta property=\"article:publisher\" content=\"https:\/\/www.facebook.com\/rebelcelleu\" \/>\n<meta property=\"article:modified_time\" content=\"2025-03-10T20:40:55+00:00\" \/>\n<meta property=\"og:image\" content=\"https:\/\/test.rebel-cell.com\/wp-content\/uploads\/Rollbag_large_blue_-06-scaled.jpg\" \/>\n\t<meta property=\"og:image:width\" content=\"2048\" \/>\n\t<meta property=\"og:image:height\" content=\"2048\" \/>\n\t<meta property=\"og:image:type\" content=\"image\/jpeg\" \/>\n<meta name=\"twitter:card\" content=\"summary_large_image\" \/>\n<meta name=\"twitter:site\" content=\"@rebelcellnl\" \/>\n<meta name=\"twitter:label1\" content=\"Preis\" \/>\n\t<meta name=\"twitter:data1\" content=\"&euro;26,99\" \/>\n\t<meta name=\"twitter:label2\" content=\"Verf\u00fcgbarkeit\" \/>\n\t<meta name=\"twitter:data2\" content=\"Auf Lager\" \/>\n<script type=\"application\/ld+json\" class=\"yoast-schema-graph\">{\"@context\":\"https:\/\/schema.org\",\"@graph\":[{\"@type\":[\"WebPage\",\"ItemPage\"],\"@id\":\"https:\/\/test.rebel-cell.com\/de\/produkt\/rollup-beutel-40l-blau\/\",\"url\":\"https:\/\/test.rebel-cell.com\/de\/produkt\/rollup-beutel-40l-blau\/\",\"name\":\"Trockensack 40L | Rebelcell | Tragbare Energie f\u00fcr den Au\u00dfeneinsatz\",\"isPartOf\":{\"@id\":\"https:\/\/test.rebel-cell.com\/de\/#website\"},\"primaryImageOfPage\":{\"@id\":\"https:\/\/test.rebel-cell.com\/de\/produkt\/rollup-beutel-40l-blau\/#primaryimage\"},\"image\":{\"@id\":\"https:\/\/test.rebel-cell.com\/de\/produkt\/rollup-beutel-40l-blau\/#primaryimage\"},\"thumbnailUrl\":\"https:\/\/test.rebel-cell.com\/wp-content\/uploads\/Rollbag_large_blue_-06-scaled.jpg\",\"datePublished\":\"2022-01-05T13:13:02+00:00\",\"dateModified\":\"2025-03-10T20:40:55+00:00\",\"description\":\"Rebelcell wasserdichte Rolltasche 40L. H\u00e4lt Ihre Sachen bei Outdoor-Freizeitaktivit\u00e4ten und beim Angeln trocken.\",\"breadcrumb\":{\"@id\":\"https:\/\/test.rebel-cell.com\/de\/produkt\/rollup-beutel-40l-blau\/#breadcrumb\"},\"inLanguage\":\"de\",\"potentialAction\":[{\"@type\":\"ReadAction\",\"target\":[\"https:\/\/test.rebel-cell.com\/de\/produkt\/rollup-beutel-40l-blau\/\"]}]},{\"@type\":\"ImageObject\",\"inLanguage\":\"de\",\"@id\":\"https:\/\/test.rebel-cell.com\/de\/produkt\/rollup-beutel-40l-blau\/#primaryimage\",\"url\":\"https:\/\/test.rebel-cell.com\/wp-content\/uploads\/Rollbag_large_blue_-06-scaled.jpg\",\"contentUrl\":\"https:\/\/test.rebel-cell.com\/wp-content\/uploads\/Rollbag_large_blue_-06-scaled.jpg\",\"width\":2048,\"height\":2048,\"caption\":\"Waterproof rollbag large blue\"},{\"@type\":\"BreadcrumbList\",\"@id\":\"https:\/\/test.rebel-cell.com\/de\/produkt\/rollup-beutel-40l-blau\/#breadcrumb\",\"itemListElement\":[{\"@type\":\"ListItem\",\"position\":1,\"name\":\"Home\",\"item\":\"https:\/\/test.rebel-cell.com\/de\/\"},{\"@type\":\"ListItem\",\"position\":2,\"name\":\"Shop\",\"item\":\"https:\/\/test.rebel-cell.com\/de\/shop\/\"},{\"@type\":\"ListItem\",\"position\":3,\"name\":\"Trockensack 40L blau\"}]},{\"@type\":\"WebSite\",\"@id\":\"https:\/\/test.rebel-cell.com\/de\/#website\",\"url\":\"https:\/\/test.rebel-cell.com\/de\/\",\"name\":\"Rebelcell\",\"description\":\"Rebelcell\",\"publisher\":{\"@id\":\"https:\/\/test.rebel-cell.com\/de\/#organization\"},\"potentialAction\":[{\"@type\":\"SearchAction\",\"target\":{\"@type\":\"EntryPoint\",\"urlTemplate\":\"https:\/\/test.rebel-cell.com\/de\/?s={search_term_string}\"},\"query-input\":{\"@type\":\"PropertyValueSpecification\",\"valueRequired\":true,\"valueName\":\"search_term_string\"}}],\"inLanguage\":\"de\"},{\"@type\":\"Organization\",\"@id\":\"https:\/\/test.rebel-cell.com\/de\/#organization\",\"name\":\"Rebelcell\",\"url\":\"https:\/\/test.rebel-cell.com\/de\/\",\"logo\":{\"@type\":\"ImageObject\",\"inLanguage\":\"de\",\"@id\":\"https:\/\/test.rebel-cell.com\/de\/#\/schema\/logo\/image\/\",\"url\":\"https:\/\/test.rebel-cell.com\/wp-content\/uploads\/rebelcell-logo-300.png\",\"contentUrl\":\"https:\/\/test.rebel-cell.com\/wp-content\/uploads\/rebelcell-logo-300.png\",\"width\":300,\"height\":55,\"caption\":\"Rebelcell\"},\"image\":{\"@id\":\"https:\/\/test.rebel-cell.com\/de\/#\/schema\/logo\/image\/\"},\"sameAs\":[\"https:\/\/www.facebook.com\/rebelcelleu\",\"https:\/\/x.com\/rebelcellnl\",\"https:\/\/www.instagram.com\/rebelcelleurope\/?hl=nl\",\"https:\/\/www.youtube.com\/channel\/UCpySQUq4xwwtqveV1f8oiFw\"]}]}<\/script>\n<meta property=\"product:price:amount\" content=\"26.99\" \/>\n<meta property=\"product:price:currency\" content=\"EUR\" \/>\n<meta property=\"og:availability\" content=\"instock\" \/>\n<meta property=\"product:availability\" content=\"instock\" \/>\n<meta property=\"product:retailer_item_id\" content=\"7106623690031\" \/>\n<meta property=\"product:condition\" content=\"new\" \/>\n<!-- \/ Yoast SEO plugin. -->","yoast_head_json":{"title":"Trockensack 40L | Rebelcell | Tragbare Energie f\u00fcr den Au\u00dfeneinsatz","description":"Rebelcell wasserdichte Rolltasche 40L. H\u00e4lt Ihre Sachen bei Outdoor-Freizeitaktivit\u00e4ten und beim Angeln trocken.","robots":{"index":"noindex","follow":"follow","max-snippet":"max-snippet:-1","max-image-preview":"max-image-preview:large","max-video-preview":"max-video-preview:-1"},"og_locale":"de_DE","og_type":"article","og_title":"Trockensack 40L | Rebelcell | Tragbare Energie f\u00fcr den Au\u00dfeneinsatz","og_description":"Rebelcell wasserdichte Rolltasche 40L. H\u00e4lt Ihre Sachen bei Outdoor-Freizeitaktivit\u00e4ten und beim Angeln trocken.","og_url":"https:\/\/test.rebel-cell.com\/de\/produkt\/rollup-beutel-40l-blau\/","og_site_name":"Rebelcell","article_publisher":"https:\/\/www.facebook.com\/rebelcelleu","article_modified_time":"2025-03-10T20:40:55+00:00","og_image":[{"width":2048,"height":2048,"url":"https:\/\/test.rebel-cell.com\/wp-content\/uploads\/Rollbag_large_blue_-06-scaled.jpg","type":"image\/jpeg"}],"twitter_card":"summary_large_image","twitter_site":"@rebelcellnl","twitter_misc":{"Preis":"&euro;26,99","Verf\u00fcgbarkeit":"Auf Lager"},"schema":{"@context":"https:\/\/schema.org","@graph":[{"@type":["WebPage","ItemPage"],"@id":"https:\/\/test.rebel-cell.com\/de\/produkt\/rollup-beutel-40l-blau\/","url":"https:\/\/test.rebel-cell.com\/de\/produkt\/rollup-beutel-40l-blau\/","name":"Trockensack 40L | Rebelcell | Tragbare Energie f\u00fcr den Au\u00dfeneinsatz","isPartOf":{"@id":"https:\/\/test.rebel-cell.com\/de\/#website"},"primaryImageOfPage":{"@id":"https:\/\/test.rebel-cell.com\/de\/produkt\/rollup-beutel-40l-blau\/#primaryimage"},"image":{"@id":"https:\/\/test.rebel-cell.com\/de\/produkt\/rollup-beutel-40l-blau\/#primaryimage"},"thumbnailUrl":"https:\/\/test.rebel-cell.com\/wp-content\/uploads\/Rollbag_large_blue_-06-scaled.jpg","datePublished":"2022-01-05T13:13:02+00:00","dateModified":"2025-03-10T20:40:55+00:00","description":"Rebelcell wasserdichte Rolltasche 40L. H\u00e4lt Ihre Sachen bei Outdoor-Freizeitaktivit\u00e4ten und beim Angeln trocken.","breadcrumb":{"@id":"https:\/\/test.rebel-cell.com\/de\/produkt\/rollup-beutel-40l-blau\/#breadcrumb"},"inLanguage":"de","potentialAction":[{"@type":"ReadAction","target":["https:\/\/test.rebel-cell.com\/de\/produkt\/rollup-beutel-40l-blau\/"]}]},{"@type":"ImageObject","inLanguage":"de","@id":"https:\/\/test.rebel-cell.com\/de\/produkt\/rollup-beutel-40l-blau\/#primaryimage","url":"https:\/\/test.rebel-cell.com\/wp-content\/uploads\/Rollbag_large_blue_-06-scaled.jpg","contentUrl":"https:\/\/test.rebel-cell.com\/wp-content\/uploads\/Rollbag_large_blue_-06-scaled.jpg","width":2048,"height":2048,"caption":"Waterproof rollbag large blue"},{"@type":"BreadcrumbList","@id":"https:\/\/test.rebel-cell.com\/de\/produkt\/rollup-beutel-40l-blau\/#breadcrumb","itemListElement":[{"@type":"ListItem","position":1,"name":"Home","item":"https:\/\/test.rebel-cell.com\/de\/"},{"@type":"ListItem","position":2,"name":"Shop","item":"https:\/\/test.rebel-cell.com\/de\/shop\/"},{"@type":"ListItem","position":3,"name":"Trockensack 40L blau"}]},{"@type":"WebSite","@id":"https:\/\/test.rebel-cell.com\/de\/#website","url":"https:\/\/test.rebel-cell.com\/de\/","name":"Rebelcell","description":"Rebelcell","publisher":{"@id":"https:\/\/test.rebel-cell.com\/de\/#organization"},"potentialAction":[{"@type":"SearchAction","target":{"@type":"EntryPoint","urlTemplate":"https:\/\/test.rebel-cell.com\/de\/?s={search_term_string}"},"query-input":{"@type":"PropertyValueSpecification","valueRequired":true,"valueName":"search_term_string"}}],"inLanguage":"de"},{"@type":"Organization","@id":"https:\/\/test.rebel-cell.com\/de\/#organization","name":"Rebelcell","url":"https:\/\/test.rebel-cell.com\/de\/","logo":{"@type":"ImageObject","inLanguage":"de","@id":"https:\/\/test.rebel-cell.com\/de\/#\/schema\/logo\/image\/","url":"https:\/\/test.rebel-cell.com\/wp-content\/uploads\/rebelcell-logo-300.png","contentUrl":"https:\/\/test.rebel-cell.com\/wp-content\/uploads\/rebelcell-logo-300.png","width":300,"height":55,"caption":"Rebelcell"},"image":{"@id":"https:\/\/test.rebel-cell.com\/de\/#\/schema\/logo\/image\/"},"sameAs":["https:\/\/www.facebook.com\/rebelcelleu","https:\/\/x.com\/rebelcellnl","https:\/\/www.instagram.com\/rebelcelleurope\/?hl=nl","https:\/\/www.youtube.com\/channel\/UCpySQUq4xwwtqveV1f8oiFw"]}]},"product_price_amount":"26.99","product_price_currency":"EUR","og_availability":"instock","product_availability":"instock","product_retailer_item_id":"7106623690031","product_condition":"new"},"_links":{"self":[{"href":"https:\/\/test.rebel-cell.com\/de\/wp-json\/wp\/v2\/product\/11692","targetHints":{"allow":["GET"]}}],"collection":[{"href":"https:\/\/test.rebel-cell.com\/de\/wp-json\/wp\/v2\/product"}],"about":[{"href":"https:\/\/test.rebel-cell.com\/de\/wp-json\/wp\/v2\/types\/product"}],"replies":[{"embeddable":true,"href":"https:\/\/test.rebel-cell.com\/de\/wp-json\/wp\/v2\/comments?post=11692"}],"wp:featuredmedia":[{"embeddable":true,"href":"https:\/\/test.rebel-cell.com\/de\/wp-json\/wp\/v2\/media\/12863"}],"wp:attachment":[{"href":"https:\/\/test.rebel-cell.com\/de\/wp-json\/wp\/v2\/media?parent=11692"}],"wp:term":[{"taxonomy":"product_brand","embeddable":true,"href":"https:\/\/test.rebel-cell.com\/de\/wp-json\/wp\/v2\/product_brand?post=11692"},{"taxonomy":"product_cat","embeddable":true,"href":"https:\/\/test.rebel-cell.com\/de\/wp-json\/wp\/v2\/product_cat?post=11692"},{"taxonomy":"product_tag","embeddable":true,"href":"https:\/\/test.rebel-cell.com\/de\/wp-json\/wp\/v2\/product_tag?post=11692"}],"curies":[{"name":"wp","href":"https:\/\/api.w.org\/{rel}","templated":true}]}}