{"id":11817,"date":"2022-01-18T17:30:40","date_gmt":"2022-01-18T16:30:40","guid":{"rendered":"https:\/\/test.rebel-cell.com\/?post_type=product&#038;p=11817"},"modified":"2026-02-28T21:02:01","modified_gmt":"2026-02-28T20:02:01","slug":"12v80-pro-lifepo4-akku","status":"publish","type":"product","link":"https:\/\/test.rebel-cell.com\/de\/produkt\/12v80-pro-lifepo4-akku\/","title":{"rendered":"12V80 PRO-LiFePO4-Akku"},"content":{"rendered":"<h2>PRODUKTBESCHREIBUNG REBELCELL 12V80 PRO LIFEPO4-AKKU<\/h2>\n<p>Der\u00a0<strong>12V80 PRO LiFePO4-Akku<\/strong> ist ein leistungsstarker Akku mit\u00a0<strong>Bluetooth<\/strong>\u00a0der speziell als\u00a0<strong>\u201c<\/strong><strong>All-in-One\u201d-Akku<\/strong>\u00a0entwickelt wurde: sowohl zum\u00a0<strong>Starten eines Au\u00dfenbordmotors<\/strong>\u00a0(BBM) und\/oder als\u00a0<strong>Stromversorgung f\u00fcr (mehrere) Echolote und\/oder einen Elektro-Bootsmotor<\/strong>. Der 12V80 PRO ersetzt 1 zu 1 eine Start-\/Service-Blei-S\u00e4ure-Batterie und kann\u00a0<strong>\u00fcber den Au\u00dfenbordmotor aufgeladen<\/strong>\u00a0werden. Dieses vielseitige Kraftpaket eignet sich gut f\u00fcr den Einsatz bei kaltem Wetter: Die\u00a0<strong>Frost Control-Funktion<\/strong>\u00a0sorgt daf\u00fcr, dass Sie auch bei Minusgraden laden k\u00f6nnen. Und mit der praktischen\u00a0<strong>Rebelcell-App<\/strong>\u00a0k\u00f6nnen Sie u. a. den Ladestatus, die Temperatur und den Zustand des Akkus \u00fcberwachen \u2013 f\u00fcr einen sorgenfreien Tag auf dem Wasser. Diese Batterie l\u00e4uft mit\u00a0<strong>12 V<\/strong>, hat eine Leistung von\u00a0<strong>80 Ah (1,02 kWh),<\/strong>\u00a0wiegt nur\u00a0<strong>10 kg<\/strong>\u00a0und verf\u00fcgt \u00fcber eine\u00a0<strong>digitale\u00a0In-App Akku-Statusanzeige<\/strong><\/p>\n<p>Die \u201cAll-in-One\u201d-Batterie kann verwendet werden f\u00fcr<\/p>\n<ul>\n<li><strong>Starten Ihres Au\u00dfenbordmotors<\/strong><\/li>\n<li><strong>Elektro-Bootfahren: <\/strong>als Stromversorgung und Antrieb f\u00fcr 12V-Elektromotoren<\/li>\n<li><strong>Freizeit: <\/strong>als Service-Akku f\u00fcr Segelyachten, Motorboote ,Wohnwagen und Wohnmobile<\/li>\n<li><strong>Angeln: <\/strong>f\u00fcr den mehrt\u00e4gigen Einsatz von gro\u00dfen Echoloten<\/li>\n<\/ul>\n<p>Diese Akku kann problemlos mit jedem Elektro-Au\u00dfenbordmotor (12 V) verwendet werden. Sind Sie neugierig, welchen Lithium-Akku Sie f\u00fcr Ihr Boot oder Ihr Echolot ben\u00f6tigen? Unser\u00a0<a href=\"https:\/\/test.rebel-cell.com\/de\/grundlagenwissen\/akku-elektromotor-entscheidungshilfe\/\">Grundlagenwissen \u2013 der richtige Akku f\u00fcr meinen Motor<\/a>\u00a0oder unser\u00a0<a href=\"https:\/\/test.rebel-cell.com\/de\/grundlagenwissen\/akku-echolot-uebersicht\/\">Grundlagenwissen \u2013 der richtige Akku f\u00fcr meine Bordelektronik<\/a>\u00a0beantwortet alle Ihre Fragen.<\/p>\n<p>Der Akku ist\u00a0<strong>v\u00f6llig wartungsfrei<\/strong>\u00a0und hat bis zu\u00a0<strong>5000 Ladezyklen<\/strong>. Das bedeutet 5000 Ladungen und Entladungen. Er ist\u00a0<strong>deutlich leichter<\/strong>\u00a0als eine vergleichbare Bleibatterie und hat einen viel geringeren Jahresverlust. Dank des eingebauten\u00a0<strong>Batterie-Management-Systems<\/strong>\u00a0m\u00fcssen Sie sich keine Sorgen machen, dass der Akku zu tief entladen wird und Schaden nimmt.<\/p>\n<p>Produktcode: 12080RELIBTA<\/p>\n<p>Barcode: 7106623692301<\/p>\n<p>EAN: 8720964630519<\/p>\n","protected":false},"excerpt":{"rendered":"<p>Der\u00a0<strong>12V80 PRO LiFePO4-Akku<\/strong> ist ein leistungsstarker Akku, der speziell als <strong>&#8222;All-in-One&#8220;-Akku<\/strong>\u00a0entwickelt wurde: sowohl zum\u00a0<strong>Starten eines Au\u00dfenbordmotors<\/strong>\u00a0(AB) und\/oder als\u00a0<strong>Stromversorgung f\u00fcr (mehrere) Echolote und\/oder Elektro-Bootsmotor<\/strong>. Dar\u00fcber hinaus verf\u00fcgt der 12V80 PRO \u00fcber\u00a0<strong>Bluetooth<\/strong>, \u00fcber das die\u00a0<strong>Rebelcell-App<\/strong>\u00a0verbunden werden kann,\u00a0<strong>Frost Control<\/strong>\u00a0zum Laden bei Minustemperaturen und eine\u00a0<strong>5-Jahres-Garantie<\/strong>.<br \/>\n<a href=\"#proddesc\">Mehr lesen&gt;<\/a><\/p>\n","protected":false},"featured_media":11920,"comment_status":"open","ping_status":"closed","template":"","meta":{"_acf_changed":false},"product_brand":[],"product_cat":[1902,4440],"product_tag":[4179],"class_list":{"0":"post-11817","1":"product","2":"type-product","3":"status-publish","4":"has-post-thumbnail","6":"product_cat-akkus","7":"product_cat-lithium-akkus-12v-24v-36v","8":"product_tag-7106623695746-de","9":"product_shipping_class-normal-shipment","10":"pa_fishing-andere-anwendungen","11":"pa_fishing-elektrisch-fahren","12":"pa_fishing-karpfen","14":"first","15":"instock","16":"taxable","17":"shipping-taxable","18":"purchasable","19":"product-type-simple"},"bundled_by":["30703"],"bundle_stock_status":"instock","bundle_stock_quantity":19,"bundle_virtual":false,"bundle_layout":"","bundle_add_to_cart_form_location":"","bundle_editable_in_cart":false,"bundle_sold_individually_context":"","bundle_item_grouping":"","bundle_min_size":"","bundle_max_size":"","bundle_price":[],"bundled_items":[],"bundle_sell_ids":[],"acf":[],"yoast_head":"<!-- This site is optimized with the Yoast SEO plugin v27.1.1 - https:\/\/yoast.com\/product\/yoast-seo-wordpress\/ -->\n<title>12V80 PRO LiFePO4 Akku | Rebelcell | Tragbare Energie f\u00fcr den Au\u00dfeneinsatz<\/title>\n<meta name=\"description\" content=\"12V80 PRO Lithium-Batterie. Eignet sich als Starterbatterie und zur Stromversorgung f\u00fcr den Elektro-Motor und das Echolot, Servicebatterie in Wohnwagen oder Wohnmobilen\" \/>\n<meta name=\"robots\" content=\"noindex, follow, max-snippet:-1, max-image-preview:large, max-video-preview:-1\" \/>\n<meta property=\"og:locale\" content=\"de_DE\" \/>\n<meta property=\"og:type\" content=\"article\" \/>\n<meta property=\"og:title\" content=\"12V80 PRO LiFePO4 Akku | Rebelcell | Tragbare Energie f\u00fcr den Au\u00dfeneinsatz\" \/>\n<meta property=\"og:description\" content=\"12V80 PRO Lithium-Batterie. Eignet sich als Starterbatterie und zur Stromversorgung f\u00fcr den Elektro-Motor und das Echolot, Servicebatterie in Wohnwagen oder Wohnmobilen\" \/>\n<meta property=\"og:url\" content=\"https:\/\/test.rebel-cell.com\/de\/produkt\/12v80-pro-lifepo4-akku\/\" \/>\n<meta property=\"og:site_name\" content=\"Rebelcell\" \/>\n<meta property=\"article:publisher\" content=\"https:\/\/www.facebook.com\/rebelcelleu\" \/>\n<meta property=\"article:modified_time\" content=\"2026-02-28T20:02:01+00:00\" \/>\n<meta property=\"og:image\" content=\"https:\/\/test.rebel-cell.com\/wp-content\/uploads\/12V80_PRO_top_si.jpg\" \/>\n\t<meta property=\"og:image:width\" content=\"1200\" \/>\n\t<meta property=\"og:image:height\" content=\"1200\" \/>\n\t<meta property=\"og:image:type\" content=\"image\/jpeg\" \/>\n<meta name=\"twitter:card\" content=\"summary_large_image\" \/>\n<meta name=\"twitter:site\" content=\"@rebelcellnl\" \/>\n<meta name=\"twitter:label1\" content=\"Preis\" \/>\n\t<meta name=\"twitter:data1\" content=\"&euro;1.199,00\" \/>\n\t<meta name=\"twitter:label2\" content=\"Verf\u00fcgbarkeit\" \/>\n\t<meta name=\"twitter:data2\" content=\"Auf Lager\" \/>\n<script type=\"application\/ld+json\" class=\"yoast-schema-graph\">{\"@context\":\"https:\/\/schema.org\",\"@graph\":[{\"@type\":[\"WebPage\",\"ItemPage\"],\"@id\":\"https:\/\/test.rebel-cell.com\/de\/produkt\/12v80-pro-lifepo4-akku\/\",\"url\":\"https:\/\/test.rebel-cell.com\/de\/produkt\/12v80-pro-lifepo4-akku\/\",\"name\":\"12V80 PRO LiFePO4 Akku | Rebelcell | Tragbare Energie f\u00fcr den Au\u00dfeneinsatz\",\"isPartOf\":{\"@id\":\"https:\/\/test.rebel-cell.com\/de\/#website\"},\"primaryImageOfPage\":{\"@id\":\"https:\/\/test.rebel-cell.com\/de\/produkt\/12v80-pro-lifepo4-akku\/#primaryimage\"},\"image\":{\"@id\":\"https:\/\/test.rebel-cell.com\/de\/produkt\/12v80-pro-lifepo4-akku\/#primaryimage\"},\"thumbnailUrl\":\"https:\/\/test.rebel-cell.com\/wp-content\/uploads\/12V80_PRO_top_si.jpg\",\"datePublished\":\"2022-01-18T16:30:40+00:00\",\"dateModified\":\"2026-02-28T20:02:01+00:00\",\"description\":\"12V80 PRO Lithium-Batterie. Eignet sich als Starterbatterie und zur Stromversorgung f\u00fcr den Elektro-Motor und das Echolot, Servicebatterie in Wohnwagen oder Wohnmobilen\",\"breadcrumb\":{\"@id\":\"https:\/\/test.rebel-cell.com\/de\/produkt\/12v80-pro-lifepo4-akku\/#breadcrumb\"},\"inLanguage\":\"de\",\"potentialAction\":[{\"@type\":\"ReadAction\",\"target\":[\"https:\/\/test.rebel-cell.com\/de\/produkt\/12v80-pro-lifepo4-akku\/\"]}]},{\"@type\":\"ImageObject\",\"inLanguage\":\"de\",\"@id\":\"https:\/\/test.rebel-cell.com\/de\/produkt\/12v80-pro-lifepo4-akku\/#primaryimage\",\"url\":\"https:\/\/test.rebel-cell.com\/wp-content\/uploads\/12V80_PRO_top_si.jpg\",\"contentUrl\":\"https:\/\/test.rebel-cell.com\/wp-content\/uploads\/12V80_PRO_top_si.jpg\",\"width\":1200,\"height\":1200},{\"@type\":\"BreadcrumbList\",\"@id\":\"https:\/\/test.rebel-cell.com\/de\/produkt\/12v80-pro-lifepo4-akku\/#breadcrumb\",\"itemListElement\":[{\"@type\":\"ListItem\",\"position\":1,\"name\":\"Home\",\"item\":\"https:\/\/test.rebel-cell.com\/de\/\"},{\"@type\":\"ListItem\",\"position\":2,\"name\":\"Shop\",\"item\":\"https:\/\/test.rebel-cell.com\/de\/shop\/\"},{\"@type\":\"ListItem\",\"position\":3,\"name\":\"12V80 PRO-LiFePO4-Akku\"}]},{\"@type\":\"WebSite\",\"@id\":\"https:\/\/test.rebel-cell.com\/de\/#website\",\"url\":\"https:\/\/test.rebel-cell.com\/de\/\",\"name\":\"Rebelcell\",\"description\":\"Rebelcell\",\"publisher\":{\"@id\":\"https:\/\/test.rebel-cell.com\/de\/#organization\"},\"potentialAction\":[{\"@type\":\"SearchAction\",\"target\":{\"@type\":\"EntryPoint\",\"urlTemplate\":\"https:\/\/test.rebel-cell.com\/de\/?s={search_term_string}\"},\"query-input\":{\"@type\":\"PropertyValueSpecification\",\"valueRequired\":true,\"valueName\":\"search_term_string\"}}],\"inLanguage\":\"de\"},{\"@type\":\"Organization\",\"@id\":\"https:\/\/test.rebel-cell.com\/de\/#organization\",\"name\":\"Rebelcell\",\"url\":\"https:\/\/test.rebel-cell.com\/de\/\",\"logo\":{\"@type\":\"ImageObject\",\"inLanguage\":\"de\",\"@id\":\"https:\/\/test.rebel-cell.com\/de\/#\/schema\/logo\/image\/\",\"url\":\"https:\/\/test.rebel-cell.com\/wp-content\/uploads\/rebelcell-logo-300.png\",\"contentUrl\":\"https:\/\/test.rebel-cell.com\/wp-content\/uploads\/rebelcell-logo-300.png\",\"width\":300,\"height\":55,\"caption\":\"Rebelcell\"},\"image\":{\"@id\":\"https:\/\/test.rebel-cell.com\/de\/#\/schema\/logo\/image\/\"},\"sameAs\":[\"https:\/\/www.facebook.com\/rebelcelleu\",\"https:\/\/x.com\/rebelcellnl\",\"https:\/\/www.instagram.com\/rebelcelleurope\/?hl=nl\",\"https:\/\/www.youtube.com\/channel\/UCpySQUq4xwwtqveV1f8oiFw\"]}]}<\/script>\n<meta property=\"product:price:amount\" content=\"1199.00\" \/>\n<meta property=\"product:price:currency\" content=\"EUR\" \/>\n<meta property=\"og:availability\" content=\"instock\" \/>\n<meta property=\"product:availability\" content=\"instock\" \/>\n<meta property=\"product:retailer_item_id\" content=\"7106623692301\" \/>\n<meta property=\"product:condition\" content=\"new\" \/>\n<!-- \/ Yoast SEO plugin. -->","yoast_head_json":{"title":"12V80 PRO LiFePO4 Akku | Rebelcell | Tragbare Energie f\u00fcr den Au\u00dfeneinsatz","description":"12V80 PRO Lithium-Batterie. Eignet sich als Starterbatterie und zur Stromversorgung f\u00fcr den Elektro-Motor und das Echolot, Servicebatterie in Wohnwagen oder Wohnmobilen","robots":{"index":"noindex","follow":"follow","max-snippet":"max-snippet:-1","max-image-preview":"max-image-preview:large","max-video-preview":"max-video-preview:-1"},"og_locale":"de_DE","og_type":"article","og_title":"12V80 PRO LiFePO4 Akku | Rebelcell | Tragbare Energie f\u00fcr den Au\u00dfeneinsatz","og_description":"12V80 PRO Lithium-Batterie. Eignet sich als Starterbatterie und zur Stromversorgung f\u00fcr den Elektro-Motor und das Echolot, Servicebatterie in Wohnwagen oder Wohnmobilen","og_url":"https:\/\/test.rebel-cell.com\/de\/produkt\/12v80-pro-lifepo4-akku\/","og_site_name":"Rebelcell","article_publisher":"https:\/\/www.facebook.com\/rebelcelleu","article_modified_time":"2026-02-28T20:02:01+00:00","og_image":[{"width":1200,"height":1200,"url":"https:\/\/test.rebel-cell.com\/wp-content\/uploads\/12V80_PRO_top_si.jpg","type":"image\/jpeg"}],"twitter_card":"summary_large_image","twitter_site":"@rebelcellnl","twitter_misc":{"Preis":"&euro;1.199,00","Verf\u00fcgbarkeit":"Auf Lager"},"schema":{"@context":"https:\/\/schema.org","@graph":[{"@type":["WebPage","ItemPage"],"@id":"https:\/\/test.rebel-cell.com\/de\/produkt\/12v80-pro-lifepo4-akku\/","url":"https:\/\/test.rebel-cell.com\/de\/produkt\/12v80-pro-lifepo4-akku\/","name":"12V80 PRO LiFePO4 Akku | Rebelcell | Tragbare Energie f\u00fcr den Au\u00dfeneinsatz","isPartOf":{"@id":"https:\/\/test.rebel-cell.com\/de\/#website"},"primaryImageOfPage":{"@id":"https:\/\/test.rebel-cell.com\/de\/produkt\/12v80-pro-lifepo4-akku\/#primaryimage"},"image":{"@id":"https:\/\/test.rebel-cell.com\/de\/produkt\/12v80-pro-lifepo4-akku\/#primaryimage"},"thumbnailUrl":"https:\/\/test.rebel-cell.com\/wp-content\/uploads\/12V80_PRO_top_si.jpg","datePublished":"2022-01-18T16:30:40+00:00","dateModified":"2026-02-28T20:02:01+00:00","description":"12V80 PRO Lithium-Batterie. Eignet sich als Starterbatterie und zur Stromversorgung f\u00fcr den Elektro-Motor und das Echolot, Servicebatterie in Wohnwagen oder Wohnmobilen","breadcrumb":{"@id":"https:\/\/test.rebel-cell.com\/de\/produkt\/12v80-pro-lifepo4-akku\/#breadcrumb"},"inLanguage":"de","potentialAction":[{"@type":"ReadAction","target":["https:\/\/test.rebel-cell.com\/de\/produkt\/12v80-pro-lifepo4-akku\/"]}]},{"@type":"ImageObject","inLanguage":"de","@id":"https:\/\/test.rebel-cell.com\/de\/produkt\/12v80-pro-lifepo4-akku\/#primaryimage","url":"https:\/\/test.rebel-cell.com\/wp-content\/uploads\/12V80_PRO_top_si.jpg","contentUrl":"https:\/\/test.rebel-cell.com\/wp-content\/uploads\/12V80_PRO_top_si.jpg","width":1200,"height":1200},{"@type":"BreadcrumbList","@id":"https:\/\/test.rebel-cell.com\/de\/produkt\/12v80-pro-lifepo4-akku\/#breadcrumb","itemListElement":[{"@type":"ListItem","position":1,"name":"Home","item":"https:\/\/test.rebel-cell.com\/de\/"},{"@type":"ListItem","position":2,"name":"Shop","item":"https:\/\/test.rebel-cell.com\/de\/shop\/"},{"@type":"ListItem","position":3,"name":"12V80 PRO-LiFePO4-Akku"}]},{"@type":"WebSite","@id":"https:\/\/test.rebel-cell.com\/de\/#website","url":"https:\/\/test.rebel-cell.com\/de\/","name":"Rebelcell","description":"Rebelcell","publisher":{"@id":"https:\/\/test.rebel-cell.com\/de\/#organization"},"potentialAction":[{"@type":"SearchAction","target":{"@type":"EntryPoint","urlTemplate":"https:\/\/test.rebel-cell.com\/de\/?s={search_term_string}"},"query-input":{"@type":"PropertyValueSpecification","valueRequired":true,"valueName":"search_term_string"}}],"inLanguage":"de"},{"@type":"Organization","@id":"https:\/\/test.rebel-cell.com\/de\/#organization","name":"Rebelcell","url":"https:\/\/test.rebel-cell.com\/de\/","logo":{"@type":"ImageObject","inLanguage":"de","@id":"https:\/\/test.rebel-cell.com\/de\/#\/schema\/logo\/image\/","url":"https:\/\/test.rebel-cell.com\/wp-content\/uploads\/rebelcell-logo-300.png","contentUrl":"https:\/\/test.rebel-cell.com\/wp-content\/uploads\/rebelcell-logo-300.png","width":300,"height":55,"caption":"Rebelcell"},"image":{"@id":"https:\/\/test.rebel-cell.com\/de\/#\/schema\/logo\/image\/"},"sameAs":["https:\/\/www.facebook.com\/rebelcelleu","https:\/\/x.com\/rebelcellnl","https:\/\/www.instagram.com\/rebelcelleurope\/?hl=nl","https:\/\/www.youtube.com\/channel\/UCpySQUq4xwwtqveV1f8oiFw"]}]},"product_price_amount":"1199.00","product_price_currency":"EUR","og_availability":"instock","product_availability":"instock","product_retailer_item_id":"7106623692301","product_condition":"new"},"_links":{"self":[{"href":"https:\/\/test.rebel-cell.com\/de\/wp-json\/wp\/v2\/product\/11817","targetHints":{"allow":["GET"]}}],"collection":[{"href":"https:\/\/test.rebel-cell.com\/de\/wp-json\/wp\/v2\/product"}],"about":[{"href":"https:\/\/test.rebel-cell.com\/de\/wp-json\/wp\/v2\/types\/product"}],"replies":[{"embeddable":true,"href":"https:\/\/test.rebel-cell.com\/de\/wp-json\/wp\/v2\/comments?post=11817"}],"wp:featuredmedia":[{"embeddable":true,"href":"https:\/\/test.rebel-cell.com\/de\/wp-json\/wp\/v2\/media\/11920"}],"wp:attachment":[{"href":"https:\/\/test.rebel-cell.com\/de\/wp-json\/wp\/v2\/media?parent=11817"}],"wp:term":[{"taxonomy":"product_brand","embeddable":true,"href":"https:\/\/test.rebel-cell.com\/de\/wp-json\/wp\/v2\/product_brand?post=11817"},{"taxonomy":"product_cat","embeddable":true,"href":"https:\/\/test.rebel-cell.com\/de\/wp-json\/wp\/v2\/product_cat?post=11817"},{"taxonomy":"product_tag","embeddable":true,"href":"https:\/\/test.rebel-cell.com\/de\/wp-json\/wp\/v2\/product_tag?post=11817"}],"curies":[{"name":"wp","href":"https:\/\/api.w.org\/{rel}","templated":true}]}}