{"id":17200,"date":"2022-09-19T22:37:11","date_gmt":"2022-09-19T20:37:11","guid":{"rendered":"https:\/\/test.rebel-cell.com\/product\/126v6a-li-ion-ladegerat\/"},"modified":"2026-02-28T20:58:00","modified_gmt":"2026-02-28T19:58:00","slug":"126v6a-li-ion-ladegerat","status":"publish","type":"product","link":"https:\/\/test.rebel-cell.com\/de\/produkt\/126v6a-li-ion-ladegerat\/","title":{"rendered":"12.6V6A Lithium-Ladeger\u00e4t"},"content":{"rendered":"<h2>PRODUKTBESCHREIBUNG REBELCELL 12.6V6A LITHIUM-LADEGER\u00c4T<\/h2>\n<p>Das <strong>12.6V6A Lithium-Ladeger\u00e4t<\/strong> wurde <strong>speziell entwickelt<\/strong>, um damit eine 12V AV Rebelcell Lithium Akku zu laden. Das <strong>eigens entwickelte<\/strong> Ladeprogramm stellt sicher, dass die Akku <strong>schnell, sicher und automatisch<\/strong> mit dem richtigen Ladeprofil (Spannung\/Ladestrom) geladen wird. Zum Beispiel kann eine 12V30 AV Lithium Akku <strong>binnen 6 Stunden<\/strong> geladen werden.<\/p>\n<p>Der Ladeprozess kann ganz einfach mittels der <strong>LED-Anzeige<\/strong> auf dem Display \u00fcberwacht werden. Das Ladeger\u00e4t verf\u00fcgt \u00fcber eine <strong>Reihe von Schutzfunktionen<\/strong>, wie zum Beispiel einen Schutz vor Kurzschluss, Verpolung und \u00dcberspannung.<\/p>\n<p>Das Ladeger\u00e4t ist speziell zum Laden einer <strong>Rebelcell 12V AV Akku.<\/strong> Falls damit andere Akkus geladen werden als vorgesehen, k\u00f6nnen (irreparable) Sch\u00e4den die Folge sein und entstehen. Das Ladeger\u00e4t ist nur f\u00fcr den, Einsatz in geschlossenen R\u00e4umen (Indoor) geeignet und nicht wasserdicht. Sollten Sie ein Ladeger\u00e4t f\u00fcr den dauerhaften Einbau im Boot ben\u00f6tigen, schauen Sie bitte bei unseren wasserdichten Ladeger\u00e4ten <a href=\"https:\/\/test.rebel-cell.com\/de\/produkt\/12-6v20a-nmc-charger-waterproof-2\/\" target=\"_blank\" rel=\"noopener\">hier<\/a>. Mehr Informationen zu unseren Ladeger\u00e4ten auf unserer Seite: &#8222;<a href=\"https:\/\/test.rebel-cell.com\/de\/grundlagenwissen\/akku-verwenden\/\" target=\"_blank\" rel=\"noopener\">Grundlagenwissen<\/a>&#8222;.<\/p>\n<p><strong>Ladezeiten<\/strong><br \/>\n<strong>12V18 AV<\/strong>: 3,5-4,5 Std.<br \/>\n<b>12V30 AV: <\/b>5-6 Std.<\/p>\n<p>Produktcode: LC12V06REAV<\/p>\n<p>Barcode: 7106623695401<\/p>\n<p>EAN: 8720964630649<\/p>\n","protected":false},"excerpt":{"rendered":"<p>Das <strong>12.6V6A Lithium-Ladeger\u00e4t<\/strong> wurde <strong>speziell entwickelt<\/strong>, um damit eine 12V AV Rebelcell Lithium Akku zu laden. Das <strong>eigens entwickelte<\/strong> Ladeprogramm stellt sicher, dass die Akku <strong>schnell, sicher und automatisch<\/strong> mit dem richtigen Ladeprofil (Spannung\/Ladestrom) geladen wird. Zum Beispiel kann eine 12V30 AV Lithium Akku <strong>binnen 6 Stunden<\/strong> geladen werden.<br \/>\n<a href=\"#proddesc\">Mehr lesen&gt;<\/a><\/p>\n","protected":false},"featured_media":17132,"comment_status":"open","ping_status":"closed","template":"","meta":{"_acf_changed":false},"product_brand":[],"product_cat":[4444,1904],"product_tag":[],"class_list":{"0":"post-17200","1":"product","2":"type-product","3":"status-publish","4":"has-post-thumbnail","6":"product_cat-batterieladegerate-ac","7":"product_cat-ladegerate","8":"product_shipping_class-normal-shipment","10":"first","11":"instock","12":"taxable","13":"shipping-taxable","14":"purchasable","15":"product-type-simple"},"bundled_by":["30667"],"bundle_stock_status":"instock","bundle_stock_quantity":74,"bundle_virtual":false,"bundle_layout":"","bundle_add_to_cart_form_location":"","bundle_editable_in_cart":false,"bundle_sold_individually_context":"","bundle_item_grouping":"","bundle_min_size":"","bundle_max_size":"","bundle_price":[],"bundled_items":[],"bundle_sell_ids":[],"acf":[],"yoast_head":"<!-- This site is optimized with the Yoast SEO plugin v27.1.1 - https:\/\/yoast.com\/product\/yoast-seo-wordpress\/ -->\n<title>Ladeger\u00e4t 12.6V6A | Rebelcell | Tragbare Energie f\u00fcr den Au\u00dfenbereich<\/title>\n<meta name=\"description\" content=\"Leistungsstarkes 12,6V10A Ladeger\u00e4t. Zum schnellen Laden von Rebelcell 12V AV Li-Ionen-Akkus. Rebelcell. Tragbare Energie f\u00fcr den Au\u00dfenbereich.\" \/>\n<meta name=\"robots\" content=\"noindex, follow, max-snippet:-1, max-image-preview:large, max-video-preview:-1\" \/>\n<meta property=\"og:locale\" content=\"de_DE\" \/>\n<meta property=\"og:type\" content=\"article\" \/>\n<meta property=\"og:title\" content=\"Ladeger\u00e4t 12.6V6A | Rebelcell | Tragbare Energie f\u00fcr den Au\u00dfenbereich\" \/>\n<meta property=\"og:description\" content=\"Leistungsstarkes 12,6V10A Ladeger\u00e4t. Zum schnellen Laden von Rebelcell 12V AV Li-Ionen-Akkus. Rebelcell. Tragbare Energie f\u00fcr den Au\u00dfenbereich.\" \/>\n<meta property=\"og:url\" content=\"https:\/\/test.rebel-cell.com\/de\/produkt\/126v6a-li-ion-ladegerat\/\" \/>\n<meta property=\"og:site_name\" content=\"Rebelcell\" \/>\n<meta property=\"article:publisher\" content=\"https:\/\/www.facebook.com\/rebelcelleu\" \/>\n<meta property=\"article:modified_time\" content=\"2026-02-28T19:58:00+00:00\" \/>\n<meta property=\"og:image\" content=\"https:\/\/test.rebel-cell.com\/wp-content\/uploads\/Charger_12.6V6A_overview-scaled.jpg\" \/>\n\t<meta property=\"og:image:width\" content=\"2048\" \/>\n\t<meta property=\"og:image:height\" content=\"2048\" \/>\n\t<meta property=\"og:image:type\" content=\"image\/jpeg\" \/>\n<meta name=\"twitter:card\" content=\"summary_large_image\" \/>\n<meta name=\"twitter:site\" content=\"@rebelcellnl\" \/>\n<meta name=\"twitter:label1\" content=\"Preis\" \/>\n\t<meta name=\"twitter:data1\" content=\"&euro;79,50\" \/>\n\t<meta name=\"twitter:label2\" content=\"Verf\u00fcgbarkeit\" \/>\n\t<meta name=\"twitter:data2\" content=\"Auf Lager\" \/>\n<script type=\"application\/ld+json\" class=\"yoast-schema-graph\">{\"@context\":\"https:\/\/schema.org\",\"@graph\":[{\"@type\":[\"WebPage\",\"ItemPage\"],\"@id\":\"https:\/\/test.rebel-cell.com\/de\/produkt\/126v6a-li-ion-ladegerat\/\",\"url\":\"https:\/\/test.rebel-cell.com\/de\/produkt\/126v6a-li-ion-ladegerat\/\",\"name\":\"Ladeger\u00e4t 12.6V6A | Rebelcell | Tragbare Energie f\u00fcr den Au\u00dfenbereich\",\"isPartOf\":{\"@id\":\"https:\/\/test.rebel-cell.com\/de\/#website\"},\"primaryImageOfPage\":{\"@id\":\"https:\/\/test.rebel-cell.com\/de\/produkt\/126v6a-li-ion-ladegerat\/#primaryimage\"},\"image\":{\"@id\":\"https:\/\/test.rebel-cell.com\/de\/produkt\/126v6a-li-ion-ladegerat\/#primaryimage\"},\"thumbnailUrl\":\"https:\/\/test.rebel-cell.com\/wp-content\/uploads\/Charger_12.6V6A_overview-scaled.jpg\",\"datePublished\":\"2022-09-19T20:37:11+00:00\",\"dateModified\":\"2026-02-28T19:58:00+00:00\",\"description\":\"Leistungsstarkes 12,6V10A Ladeger\u00e4t. Zum schnellen Laden von Rebelcell 12V AV Li-Ionen-Akkus. Rebelcell. Tragbare Energie f\u00fcr den Au\u00dfenbereich.\",\"breadcrumb\":{\"@id\":\"https:\/\/test.rebel-cell.com\/de\/produkt\/126v6a-li-ion-ladegerat\/#breadcrumb\"},\"inLanguage\":\"de\",\"potentialAction\":[{\"@type\":\"ReadAction\",\"target\":[\"https:\/\/test.rebel-cell.com\/de\/produkt\/126v6a-li-ion-ladegerat\/\"]}]},{\"@type\":\"ImageObject\",\"inLanguage\":\"de\",\"@id\":\"https:\/\/test.rebel-cell.com\/de\/produkt\/126v6a-li-ion-ladegerat\/#primaryimage\",\"url\":\"https:\/\/test.rebel-cell.com\/wp-content\/uploads\/Charger_12.6V6A_overview-scaled.jpg\",\"contentUrl\":\"https:\/\/test.rebel-cell.com\/wp-content\/uploads\/Charger_12.6V6A_overview-scaled.jpg\",\"width\":2048,\"height\":2048},{\"@type\":\"BreadcrumbList\",\"@id\":\"https:\/\/test.rebel-cell.com\/de\/produkt\/126v6a-li-ion-ladegerat\/#breadcrumb\",\"itemListElement\":[{\"@type\":\"ListItem\",\"position\":1,\"name\":\"Home\",\"item\":\"https:\/\/test.rebel-cell.com\/de\/\"},{\"@type\":\"ListItem\",\"position\":2,\"name\":\"Shop\",\"item\":\"https:\/\/test.rebel-cell.com\/de\/shop\/\"},{\"@type\":\"ListItem\",\"position\":3,\"name\":\"12.6V6A Lithium-Ladeger\u00e4t\"}]},{\"@type\":\"WebSite\",\"@id\":\"https:\/\/test.rebel-cell.com\/de\/#website\",\"url\":\"https:\/\/test.rebel-cell.com\/de\/\",\"name\":\"Rebelcell\",\"description\":\"Rebelcell\",\"publisher\":{\"@id\":\"https:\/\/test.rebel-cell.com\/de\/#organization\"},\"potentialAction\":[{\"@type\":\"SearchAction\",\"target\":{\"@type\":\"EntryPoint\",\"urlTemplate\":\"https:\/\/test.rebel-cell.com\/de\/?s={search_term_string}\"},\"query-input\":{\"@type\":\"PropertyValueSpecification\",\"valueRequired\":true,\"valueName\":\"search_term_string\"}}],\"inLanguage\":\"de\"},{\"@type\":\"Organization\",\"@id\":\"https:\/\/test.rebel-cell.com\/de\/#organization\",\"name\":\"Rebelcell\",\"url\":\"https:\/\/test.rebel-cell.com\/de\/\",\"logo\":{\"@type\":\"ImageObject\",\"inLanguage\":\"de\",\"@id\":\"https:\/\/test.rebel-cell.com\/de\/#\/schema\/logo\/image\/\",\"url\":\"https:\/\/test.rebel-cell.com\/wp-content\/uploads\/rebelcell-logo-300.png\",\"contentUrl\":\"https:\/\/test.rebel-cell.com\/wp-content\/uploads\/rebelcell-logo-300.png\",\"width\":300,\"height\":55,\"caption\":\"Rebelcell\"},\"image\":{\"@id\":\"https:\/\/test.rebel-cell.com\/de\/#\/schema\/logo\/image\/\"},\"sameAs\":[\"https:\/\/www.facebook.com\/rebelcelleu\",\"https:\/\/x.com\/rebelcellnl\",\"https:\/\/www.instagram.com\/rebelcelleurope\/?hl=nl\",\"https:\/\/www.youtube.com\/channel\/UCpySQUq4xwwtqveV1f8oiFw\"]}]}<\/script>\n<meta property=\"product:price:amount\" content=\"79.50\" \/>\n<meta property=\"product:price:currency\" content=\"EUR\" \/>\n<meta property=\"og:availability\" content=\"instock\" \/>\n<meta property=\"product:availability\" content=\"instock\" \/>\n<meta property=\"product:retailer_item_id\" content=\"7106623695401\" \/>\n<meta property=\"product:condition\" content=\"new\" \/>\n<!-- \/ Yoast SEO plugin. -->","yoast_head_json":{"title":"Ladeger\u00e4t 12.6V6A | Rebelcell | Tragbare Energie f\u00fcr den Au\u00dfenbereich","description":"Leistungsstarkes 12,6V10A Ladeger\u00e4t. Zum schnellen Laden von Rebelcell 12V AV Li-Ionen-Akkus. Rebelcell. Tragbare Energie f\u00fcr den Au\u00dfenbereich.","robots":{"index":"noindex","follow":"follow","max-snippet":"max-snippet:-1","max-image-preview":"max-image-preview:large","max-video-preview":"max-video-preview:-1"},"og_locale":"de_DE","og_type":"article","og_title":"Ladeger\u00e4t 12.6V6A | Rebelcell | Tragbare Energie f\u00fcr den Au\u00dfenbereich","og_description":"Leistungsstarkes 12,6V10A Ladeger\u00e4t. Zum schnellen Laden von Rebelcell 12V AV Li-Ionen-Akkus. Rebelcell. Tragbare Energie f\u00fcr den Au\u00dfenbereich.","og_url":"https:\/\/test.rebel-cell.com\/de\/produkt\/126v6a-li-ion-ladegerat\/","og_site_name":"Rebelcell","article_publisher":"https:\/\/www.facebook.com\/rebelcelleu","article_modified_time":"2026-02-28T19:58:00+00:00","og_image":[{"width":2048,"height":2048,"url":"https:\/\/test.rebel-cell.com\/wp-content\/uploads\/Charger_12.6V6A_overview-scaled.jpg","type":"image\/jpeg"}],"twitter_card":"summary_large_image","twitter_site":"@rebelcellnl","twitter_misc":{"Preis":"&euro;79,50","Verf\u00fcgbarkeit":"Auf Lager"},"schema":{"@context":"https:\/\/schema.org","@graph":[{"@type":["WebPage","ItemPage"],"@id":"https:\/\/test.rebel-cell.com\/de\/produkt\/126v6a-li-ion-ladegerat\/","url":"https:\/\/test.rebel-cell.com\/de\/produkt\/126v6a-li-ion-ladegerat\/","name":"Ladeger\u00e4t 12.6V6A | Rebelcell | Tragbare Energie f\u00fcr den Au\u00dfenbereich","isPartOf":{"@id":"https:\/\/test.rebel-cell.com\/de\/#website"},"primaryImageOfPage":{"@id":"https:\/\/test.rebel-cell.com\/de\/produkt\/126v6a-li-ion-ladegerat\/#primaryimage"},"image":{"@id":"https:\/\/test.rebel-cell.com\/de\/produkt\/126v6a-li-ion-ladegerat\/#primaryimage"},"thumbnailUrl":"https:\/\/test.rebel-cell.com\/wp-content\/uploads\/Charger_12.6V6A_overview-scaled.jpg","datePublished":"2022-09-19T20:37:11+00:00","dateModified":"2026-02-28T19:58:00+00:00","description":"Leistungsstarkes 12,6V10A Ladeger\u00e4t. Zum schnellen Laden von Rebelcell 12V AV Li-Ionen-Akkus. Rebelcell. Tragbare Energie f\u00fcr den Au\u00dfenbereich.","breadcrumb":{"@id":"https:\/\/test.rebel-cell.com\/de\/produkt\/126v6a-li-ion-ladegerat\/#breadcrumb"},"inLanguage":"de","potentialAction":[{"@type":"ReadAction","target":["https:\/\/test.rebel-cell.com\/de\/produkt\/126v6a-li-ion-ladegerat\/"]}]},{"@type":"ImageObject","inLanguage":"de","@id":"https:\/\/test.rebel-cell.com\/de\/produkt\/126v6a-li-ion-ladegerat\/#primaryimage","url":"https:\/\/test.rebel-cell.com\/wp-content\/uploads\/Charger_12.6V6A_overview-scaled.jpg","contentUrl":"https:\/\/test.rebel-cell.com\/wp-content\/uploads\/Charger_12.6V6A_overview-scaled.jpg","width":2048,"height":2048},{"@type":"BreadcrumbList","@id":"https:\/\/test.rebel-cell.com\/de\/produkt\/126v6a-li-ion-ladegerat\/#breadcrumb","itemListElement":[{"@type":"ListItem","position":1,"name":"Home","item":"https:\/\/test.rebel-cell.com\/de\/"},{"@type":"ListItem","position":2,"name":"Shop","item":"https:\/\/test.rebel-cell.com\/de\/shop\/"},{"@type":"ListItem","position":3,"name":"12.6V6A Lithium-Ladeger\u00e4t"}]},{"@type":"WebSite","@id":"https:\/\/test.rebel-cell.com\/de\/#website","url":"https:\/\/test.rebel-cell.com\/de\/","name":"Rebelcell","description":"Rebelcell","publisher":{"@id":"https:\/\/test.rebel-cell.com\/de\/#organization"},"potentialAction":[{"@type":"SearchAction","target":{"@type":"EntryPoint","urlTemplate":"https:\/\/test.rebel-cell.com\/de\/?s={search_term_string}"},"query-input":{"@type":"PropertyValueSpecification","valueRequired":true,"valueName":"search_term_string"}}],"inLanguage":"de"},{"@type":"Organization","@id":"https:\/\/test.rebel-cell.com\/de\/#organization","name":"Rebelcell","url":"https:\/\/test.rebel-cell.com\/de\/","logo":{"@type":"ImageObject","inLanguage":"de","@id":"https:\/\/test.rebel-cell.com\/de\/#\/schema\/logo\/image\/","url":"https:\/\/test.rebel-cell.com\/wp-content\/uploads\/rebelcell-logo-300.png","contentUrl":"https:\/\/test.rebel-cell.com\/wp-content\/uploads\/rebelcell-logo-300.png","width":300,"height":55,"caption":"Rebelcell"},"image":{"@id":"https:\/\/test.rebel-cell.com\/de\/#\/schema\/logo\/image\/"},"sameAs":["https:\/\/www.facebook.com\/rebelcelleu","https:\/\/x.com\/rebelcellnl","https:\/\/www.instagram.com\/rebelcelleurope\/?hl=nl","https:\/\/www.youtube.com\/channel\/UCpySQUq4xwwtqveV1f8oiFw"]}]},"product_price_amount":"79.50","product_price_currency":"EUR","og_availability":"instock","product_availability":"instock","product_retailer_item_id":"7106623695401","product_condition":"new"},"_links":{"self":[{"href":"https:\/\/test.rebel-cell.com\/de\/wp-json\/wp\/v2\/product\/17200","targetHints":{"allow":["GET"]}}],"collection":[{"href":"https:\/\/test.rebel-cell.com\/de\/wp-json\/wp\/v2\/product"}],"about":[{"href":"https:\/\/test.rebel-cell.com\/de\/wp-json\/wp\/v2\/types\/product"}],"replies":[{"embeddable":true,"href":"https:\/\/test.rebel-cell.com\/de\/wp-json\/wp\/v2\/comments?post=17200"}],"wp:featuredmedia":[{"embeddable":true,"href":"https:\/\/test.rebel-cell.com\/de\/wp-json\/wp\/v2\/media\/17132"}],"wp:attachment":[{"href":"https:\/\/test.rebel-cell.com\/de\/wp-json\/wp\/v2\/media?parent=17200"}],"wp:term":[{"taxonomy":"product_brand","embeddable":true,"href":"https:\/\/test.rebel-cell.com\/de\/wp-json\/wp\/v2\/product_brand?post=17200"},{"taxonomy":"product_cat","embeddable":true,"href":"https:\/\/test.rebel-cell.com\/de\/wp-json\/wp\/v2\/product_cat?post=17200"},{"taxonomy":"product_tag","embeddable":true,"href":"https:\/\/test.rebel-cell.com\/de\/wp-json\/wp\/v2\/product_tag?post=17200"}],"curies":[{"name":"wp","href":"https:\/\/api.w.org\/{rel}","templated":true}]}}