{"id":19236,"date":"2023-05-22T15:20:50","date_gmt":"2023-05-22T13:20:50","guid":{"rendered":"https:\/\/test.rebel-cell.com\/?post_type=product&#038;p=19236"},"modified":"2025-07-10T20:27:14","modified_gmt":"2025-07-10T18:27:14","slug":"21v10a-ladegerat-fur-thrustme","status":"publish","type":"product","link":"https:\/\/test.rebel-cell.com\/de\/produkt\/21v10a-ladegerat-fur-thrustme\/","title":{"rendered":"21V10A Lithium-Ladeger\u00e4t f\u00fcr Outdoorbox ThrustMe"},"content":{"rendered":"<h2>PRODUKTBESCHREIBUNG REBELCELL 21V10A LITHIUM-LADEGER\u00c4T F\u00dcR OUTDOORBOX THRUSTME<\/h2>\n<p>Das <strong>21<\/strong><strong>V10A Lithium-Ladeger\u00e4t f\u00fcr Outdoorbox ThrustMe <\/strong>wurde <strong>speziell entwickelt<\/strong>, um damit eine 12V AV Rebelcell Outdoorbox zu laden. Das <strong>eigens entwickelte<\/strong> Ladeprogramm stellt sicher, dass die Outdoorbox <strong>schnell, sicher und automatisch<\/strong> mit dem richtigen Ladeprofil (Spannung\/Ladestrom) geladen wird. Zum Beispiel kann eine Outdoorbox ThrustMe <strong>binnen 5 Stunden<\/strong> geladen werden.<\/p>\n<p>Der Ladeprozess kann ganz einfach mittels der <strong>LED-Anzeige<\/strong> auf dem Display \u00fcberwacht werden. Das Ladeger\u00e4t verf\u00fcgt \u00fcber eine <strong>Reihe von Schutzfunktionen<\/strong>, wie zum Beispiel einen Schutz vor Kurzschluss, Verpolung und \u00dcberspannung.<\/p>\n<p>Das Ladeger\u00e4t ist speziell zum Laden einer <strong>Rebelcell 12V AV Outdoorbox.<\/strong> Falls damit andere Outdoorboxen geladen werden als vorgesehen, k\u00f6nnen (irreparable) Sch\u00e4den die Folge sein und entstehen. Das Ladeger\u00e4t ist nur f\u00fcr den, Einsatz in geschlossenen R\u00e4umen (Indoor) geeignet und nicht wasserdicht. Mehr Informationen zu unseren Ladeger\u00e4ten auf unserer Seite: &#8222;<a href=\"https:\/\/test.rebel-cell.com\/de\/grundlagenwissen\/akku-verwenden\/\" target=\"_blank\" rel=\"noopener\">Grundlagenwissen<\/a>&#8222;.<\/p>\n<p><strong>Ladezeiten<\/strong><br \/>\n<strong>Outdoorbox ThrustMe:<\/strong> 4-5 h.<\/p>\n<p>Produkt-Code: LC21V10RETM<\/p>\n<p>Barcode: 7106623697122<\/p>\n<p>EAN: 8720964630861<\/p>\n","protected":false},"excerpt":{"rendered":"<p>Das <strong>21<\/strong><strong>V10A Lithium-Ladeger\u00e4t f\u00fcr Outdoorbox ThrustMe <\/strong>wurde <strong>speziell entwickelt<\/strong>, um damit eine 12V AV Rebelcell Outdoorbox zu laden. Das <strong>eigens entwickelte<\/strong> Ladeprogramm stellt sicher, dass die Outdoorbox <strong>schnell, sicher und automatisch<\/strong> mit dem richtigen Ladeprofil (Spannung\/Ladestrom) geladen wird. Zum Beispiel kann eine Outdoorbox ThrustMe <strong>binnen 5 Stunden<\/strong> geladen werden.<br \/>\n<a href=\"#proddesc\">Mehr lesen&gt;<\/a><\/p>\n","protected":false},"featured_media":19113,"comment_status":"open","ping_status":"closed","template":"","meta":{"_acf_changed":false},"product_brand":[],"product_cat":[1904,4444,4127],"product_tag":[],"class_list":{"0":"post-19236","1":"product","2":"type-product","3":"status-publish","4":"has-post-thumbnail","6":"product_cat-ladegerate","7":"product_cat-batterieladegerate-ac","8":"product_cat-angebote","9":"product_shipping_class-normal-shipment","11":"first","12":"instock","13":"sale","14":"taxable","15":"shipping-taxable","16":"purchasable","17":"product-type-simple"},"bundled_by":[],"bundle_stock_status":"instock","bundle_stock_quantity":48,"bundle_virtual":false,"bundle_layout":"","bundle_add_to_cart_form_location":"","bundle_editable_in_cart":false,"bundle_sold_individually_context":"","bundle_item_grouping":"","bundle_min_size":"","bundle_max_size":"","bundle_price":[],"bundled_items":[],"bundle_sell_ids":[],"acf":[],"yoast_head":"<!-- This site is optimized with the Yoast SEO plugin v27.1.1 - https:\/\/yoast.com\/product\/yoast-seo-wordpress\/ -->\n<title>Ladeger\u00e4t 21V10A li-ion | Rebelcell | Tragbare Energie f\u00fcr den Au\u00dfeneinsatz<\/title>\n<meta name=\"description\" content=\"Leistungsstarkes 21V10A Li-Ionen-Ladeger\u00e4t. Zum sicheren und schnellen Aufladen der Rebelcell Outdoorbox ThrustMe. Rebelcell. Tragbare Energie f\u00fcr Angeln, Outdoor und Marine.\" \/>\n<meta name=\"robots\" content=\"noindex, follow, max-snippet:-1, max-image-preview:large, max-video-preview:-1\" \/>\n<meta property=\"og:locale\" content=\"de_DE\" \/>\n<meta property=\"og:type\" content=\"article\" \/>\n<meta property=\"og:title\" content=\"Ladeger\u00e4t 21V10A li-ion | Rebelcell | Tragbare Energie f\u00fcr den Au\u00dfeneinsatz\" \/>\n<meta property=\"og:description\" content=\"Leistungsstarkes 21V10A Li-Ionen-Ladeger\u00e4t. Zum sicheren und schnellen Aufladen der Rebelcell Outdoorbox ThrustMe. Rebelcell. Tragbare Energie f\u00fcr Angeln, Outdoor und Marine.\" \/>\n<meta property=\"og:url\" content=\"https:\/\/test.rebel-cell.com\/de\/produkt\/21v10a-ladegerat-fur-thrustme\/\" \/>\n<meta property=\"og:site_name\" content=\"Rebelcell\" \/>\n<meta property=\"article:publisher\" content=\"https:\/\/www.facebook.com\/rebelcelleu\" \/>\n<meta property=\"article:modified_time\" content=\"2025-07-10T18:27:14+00:00\" \/>\n<meta property=\"og:image\" content=\"https:\/\/test.rebel-cell.com\/wp-content\/uploads\/Charger_21V10A_overview.jpg\" \/>\n\t<meta property=\"og:image:width\" content=\"1500\" \/>\n\t<meta property=\"og:image:height\" content=\"1500\" \/>\n\t<meta property=\"og:image:type\" content=\"image\/jpeg\" \/>\n<meta name=\"twitter:card\" content=\"summary_large_image\" \/>\n<meta name=\"twitter:site\" content=\"@rebelcellnl\" \/>\n<meta name=\"twitter:label1\" content=\"Preis\" \/>\n\t<meta name=\"twitter:data1\" content=\"&euro;99,00\" \/>\n\t<meta name=\"twitter:label2\" content=\"Verf\u00fcgbarkeit\" \/>\n\t<meta name=\"twitter:data2\" content=\"Auf Lager\" \/>\n<script type=\"application\/ld+json\" class=\"yoast-schema-graph\">{\"@context\":\"https:\/\/schema.org\",\"@graph\":[{\"@type\":[\"WebPage\",\"ItemPage\"],\"@id\":\"https:\/\/test.rebel-cell.com\/de\/produkt\/21v10a-ladegerat-fur-thrustme\/\",\"url\":\"https:\/\/test.rebel-cell.com\/de\/produkt\/21v10a-ladegerat-fur-thrustme\/\",\"name\":\"Ladeger\u00e4t 21V10A li-ion | Rebelcell | Tragbare Energie f\u00fcr den Au\u00dfeneinsatz\",\"isPartOf\":{\"@id\":\"https:\/\/test.rebel-cell.com\/de\/#website\"},\"primaryImageOfPage\":{\"@id\":\"https:\/\/test.rebel-cell.com\/de\/produkt\/21v10a-ladegerat-fur-thrustme\/#primaryimage\"},\"image\":{\"@id\":\"https:\/\/test.rebel-cell.com\/de\/produkt\/21v10a-ladegerat-fur-thrustme\/#primaryimage\"},\"thumbnailUrl\":\"https:\/\/test.rebel-cell.com\/wp-content\/uploads\/Charger_21V10A_overview.jpg\",\"datePublished\":\"2023-05-22T13:20:50+00:00\",\"dateModified\":\"2025-07-10T18:27:14+00:00\",\"description\":\"Leistungsstarkes 21V10A Li-Ionen-Ladeger\u00e4t. Zum sicheren und schnellen Aufladen der Rebelcell Outdoorbox ThrustMe. Rebelcell. Tragbare Energie f\u00fcr Angeln, Outdoor und Marine.\",\"breadcrumb\":{\"@id\":\"https:\/\/test.rebel-cell.com\/de\/produkt\/21v10a-ladegerat-fur-thrustme\/#breadcrumb\"},\"inLanguage\":\"de\",\"potentialAction\":[{\"@type\":\"ReadAction\",\"target\":[\"https:\/\/test.rebel-cell.com\/de\/produkt\/21v10a-ladegerat-fur-thrustme\/\"]}]},{\"@type\":\"ImageObject\",\"inLanguage\":\"de\",\"@id\":\"https:\/\/test.rebel-cell.com\/de\/produkt\/21v10a-ladegerat-fur-thrustme\/#primaryimage\",\"url\":\"https:\/\/test.rebel-cell.com\/wp-content\/uploads\/Charger_21V10A_overview.jpg\",\"contentUrl\":\"https:\/\/test.rebel-cell.com\/wp-content\/uploads\/Charger_21V10A_overview.jpg\",\"width\":1500,\"height\":1500},{\"@type\":\"BreadcrumbList\",\"@id\":\"https:\/\/test.rebel-cell.com\/de\/produkt\/21v10a-ladegerat-fur-thrustme\/#breadcrumb\",\"itemListElement\":[{\"@type\":\"ListItem\",\"position\":1,\"name\":\"Home\",\"item\":\"https:\/\/test.rebel-cell.com\/de\/\"},{\"@type\":\"ListItem\",\"position\":2,\"name\":\"Shop\",\"item\":\"https:\/\/test.rebel-cell.com\/de\/shop\/\"},{\"@type\":\"ListItem\",\"position\":3,\"name\":\"21V10A Lithium-Ladeger\u00e4t f\u00fcr Outdoorbox ThrustMe\"}]},{\"@type\":\"WebSite\",\"@id\":\"https:\/\/test.rebel-cell.com\/de\/#website\",\"url\":\"https:\/\/test.rebel-cell.com\/de\/\",\"name\":\"Rebelcell\",\"description\":\"Rebelcell\",\"publisher\":{\"@id\":\"https:\/\/test.rebel-cell.com\/de\/#organization\"},\"potentialAction\":[{\"@type\":\"SearchAction\",\"target\":{\"@type\":\"EntryPoint\",\"urlTemplate\":\"https:\/\/test.rebel-cell.com\/de\/?s={search_term_string}\"},\"query-input\":{\"@type\":\"PropertyValueSpecification\",\"valueRequired\":true,\"valueName\":\"search_term_string\"}}],\"inLanguage\":\"de\"},{\"@type\":\"Organization\",\"@id\":\"https:\/\/test.rebel-cell.com\/de\/#organization\",\"name\":\"Rebelcell\",\"url\":\"https:\/\/test.rebel-cell.com\/de\/\",\"logo\":{\"@type\":\"ImageObject\",\"inLanguage\":\"de\",\"@id\":\"https:\/\/test.rebel-cell.com\/de\/#\/schema\/logo\/image\/\",\"url\":\"https:\/\/test.rebel-cell.com\/wp-content\/uploads\/rebelcell-logo-300.png\",\"contentUrl\":\"https:\/\/test.rebel-cell.com\/wp-content\/uploads\/rebelcell-logo-300.png\",\"width\":300,\"height\":55,\"caption\":\"Rebelcell\"},\"image\":{\"@id\":\"https:\/\/test.rebel-cell.com\/de\/#\/schema\/logo\/image\/\"},\"sameAs\":[\"https:\/\/www.facebook.com\/rebelcelleu\",\"https:\/\/x.com\/rebelcellnl\",\"https:\/\/www.instagram.com\/rebelcelleurope\/?hl=nl\",\"https:\/\/www.youtube.com\/channel\/UCpySQUq4xwwtqveV1f8oiFw\"]}]}<\/script>\n<meta property=\"product:price:amount\" content=\"99.00\" \/>\n<meta property=\"product:price:currency\" content=\"EUR\" \/>\n<meta property=\"og:availability\" content=\"instock\" \/>\n<meta property=\"product:availability\" content=\"instock\" \/>\n<meta property=\"product:retailer_item_id\" content=\"7106623697122\" \/>\n<meta property=\"product:condition\" content=\"new\" \/>\n<!-- \/ Yoast SEO plugin. -->","yoast_head_json":{"title":"Ladeger\u00e4t 21V10A li-ion | Rebelcell | Tragbare Energie f\u00fcr den Au\u00dfeneinsatz","description":"Leistungsstarkes 21V10A Li-Ionen-Ladeger\u00e4t. Zum sicheren und schnellen Aufladen der Rebelcell Outdoorbox ThrustMe. Rebelcell. Tragbare Energie f\u00fcr Angeln, Outdoor und Marine.","robots":{"index":"noindex","follow":"follow","max-snippet":"max-snippet:-1","max-image-preview":"max-image-preview:large","max-video-preview":"max-video-preview:-1"},"og_locale":"de_DE","og_type":"article","og_title":"Ladeger\u00e4t 21V10A li-ion | Rebelcell | Tragbare Energie f\u00fcr den Au\u00dfeneinsatz","og_description":"Leistungsstarkes 21V10A Li-Ionen-Ladeger\u00e4t. Zum sicheren und schnellen Aufladen der Rebelcell Outdoorbox ThrustMe. Rebelcell. Tragbare Energie f\u00fcr Angeln, Outdoor und Marine.","og_url":"https:\/\/test.rebel-cell.com\/de\/produkt\/21v10a-ladegerat-fur-thrustme\/","og_site_name":"Rebelcell","article_publisher":"https:\/\/www.facebook.com\/rebelcelleu","article_modified_time":"2025-07-10T18:27:14+00:00","og_image":[{"width":1500,"height":1500,"url":"https:\/\/test.rebel-cell.com\/wp-content\/uploads\/Charger_21V10A_overview.jpg","type":"image\/jpeg"}],"twitter_card":"summary_large_image","twitter_site":"@rebelcellnl","twitter_misc":{"Preis":"&euro;99,00","Verf\u00fcgbarkeit":"Auf Lager"},"schema":{"@context":"https:\/\/schema.org","@graph":[{"@type":["WebPage","ItemPage"],"@id":"https:\/\/test.rebel-cell.com\/de\/produkt\/21v10a-ladegerat-fur-thrustme\/","url":"https:\/\/test.rebel-cell.com\/de\/produkt\/21v10a-ladegerat-fur-thrustme\/","name":"Ladeger\u00e4t 21V10A li-ion | Rebelcell | Tragbare Energie f\u00fcr den Au\u00dfeneinsatz","isPartOf":{"@id":"https:\/\/test.rebel-cell.com\/de\/#website"},"primaryImageOfPage":{"@id":"https:\/\/test.rebel-cell.com\/de\/produkt\/21v10a-ladegerat-fur-thrustme\/#primaryimage"},"image":{"@id":"https:\/\/test.rebel-cell.com\/de\/produkt\/21v10a-ladegerat-fur-thrustme\/#primaryimage"},"thumbnailUrl":"https:\/\/test.rebel-cell.com\/wp-content\/uploads\/Charger_21V10A_overview.jpg","datePublished":"2023-05-22T13:20:50+00:00","dateModified":"2025-07-10T18:27:14+00:00","description":"Leistungsstarkes 21V10A Li-Ionen-Ladeger\u00e4t. Zum sicheren und schnellen Aufladen der Rebelcell Outdoorbox ThrustMe. Rebelcell. Tragbare Energie f\u00fcr Angeln, Outdoor und Marine.","breadcrumb":{"@id":"https:\/\/test.rebel-cell.com\/de\/produkt\/21v10a-ladegerat-fur-thrustme\/#breadcrumb"},"inLanguage":"de","potentialAction":[{"@type":"ReadAction","target":["https:\/\/test.rebel-cell.com\/de\/produkt\/21v10a-ladegerat-fur-thrustme\/"]}]},{"@type":"ImageObject","inLanguage":"de","@id":"https:\/\/test.rebel-cell.com\/de\/produkt\/21v10a-ladegerat-fur-thrustme\/#primaryimage","url":"https:\/\/test.rebel-cell.com\/wp-content\/uploads\/Charger_21V10A_overview.jpg","contentUrl":"https:\/\/test.rebel-cell.com\/wp-content\/uploads\/Charger_21V10A_overview.jpg","width":1500,"height":1500},{"@type":"BreadcrumbList","@id":"https:\/\/test.rebel-cell.com\/de\/produkt\/21v10a-ladegerat-fur-thrustme\/#breadcrumb","itemListElement":[{"@type":"ListItem","position":1,"name":"Home","item":"https:\/\/test.rebel-cell.com\/de\/"},{"@type":"ListItem","position":2,"name":"Shop","item":"https:\/\/test.rebel-cell.com\/de\/shop\/"},{"@type":"ListItem","position":3,"name":"21V10A Lithium-Ladeger\u00e4t f\u00fcr Outdoorbox ThrustMe"}]},{"@type":"WebSite","@id":"https:\/\/test.rebel-cell.com\/de\/#website","url":"https:\/\/test.rebel-cell.com\/de\/","name":"Rebelcell","description":"Rebelcell","publisher":{"@id":"https:\/\/test.rebel-cell.com\/de\/#organization"},"potentialAction":[{"@type":"SearchAction","target":{"@type":"EntryPoint","urlTemplate":"https:\/\/test.rebel-cell.com\/de\/?s={search_term_string}"},"query-input":{"@type":"PropertyValueSpecification","valueRequired":true,"valueName":"search_term_string"}}],"inLanguage":"de"},{"@type":"Organization","@id":"https:\/\/test.rebel-cell.com\/de\/#organization","name":"Rebelcell","url":"https:\/\/test.rebel-cell.com\/de\/","logo":{"@type":"ImageObject","inLanguage":"de","@id":"https:\/\/test.rebel-cell.com\/de\/#\/schema\/logo\/image\/","url":"https:\/\/test.rebel-cell.com\/wp-content\/uploads\/rebelcell-logo-300.png","contentUrl":"https:\/\/test.rebel-cell.com\/wp-content\/uploads\/rebelcell-logo-300.png","width":300,"height":55,"caption":"Rebelcell"},"image":{"@id":"https:\/\/test.rebel-cell.com\/de\/#\/schema\/logo\/image\/"},"sameAs":["https:\/\/www.facebook.com\/rebelcelleu","https:\/\/x.com\/rebelcellnl","https:\/\/www.instagram.com\/rebelcelleurope\/?hl=nl","https:\/\/www.youtube.com\/channel\/UCpySQUq4xwwtqveV1f8oiFw"]}]},"product_price_amount":"99.00","product_price_currency":"EUR","og_availability":"instock","product_availability":"instock","product_retailer_item_id":"7106623697122","product_condition":"new"},"_links":{"self":[{"href":"https:\/\/test.rebel-cell.com\/de\/wp-json\/wp\/v2\/product\/19236","targetHints":{"allow":["GET"]}}],"collection":[{"href":"https:\/\/test.rebel-cell.com\/de\/wp-json\/wp\/v2\/product"}],"about":[{"href":"https:\/\/test.rebel-cell.com\/de\/wp-json\/wp\/v2\/types\/product"}],"replies":[{"embeddable":true,"href":"https:\/\/test.rebel-cell.com\/de\/wp-json\/wp\/v2\/comments?post=19236"}],"wp:featuredmedia":[{"embeddable":true,"href":"https:\/\/test.rebel-cell.com\/de\/wp-json\/wp\/v2\/media\/19113"}],"wp:attachment":[{"href":"https:\/\/test.rebel-cell.com\/de\/wp-json\/wp\/v2\/media?parent=19236"}],"wp:term":[{"taxonomy":"product_brand","embeddable":true,"href":"https:\/\/test.rebel-cell.com\/de\/wp-json\/wp\/v2\/product_brand?post=19236"},{"taxonomy":"product_cat","embeddable":true,"href":"https:\/\/test.rebel-cell.com\/de\/wp-json\/wp\/v2\/product_cat?post=19236"},{"taxonomy":"product_tag","embeddable":true,"href":"https:\/\/test.rebel-cell.com\/de\/wp-json\/wp\/v2\/product_tag?post=19236"}],"curies":[{"name":"wp","href":"https:\/\/api.w.org\/{rel}","templated":true}]}}