{"id":21468,"date":"2022-03-16T11:03:16","date_gmt":"2022-03-16T10:03:17","guid":{"rendered":"https:\/\/test.rebel-cell.com\/?post_type=product&#038;p=21468"},"modified":"2025-11-23T22:05:38","modified_gmt":"2025-11-23T21:05:38","slug":"rebeltorch","status":"publish","type":"product","link":"https:\/\/test.rebel-cell.com\/de\/produkt\/rebeltorch\/","title":{"rendered":"Rebeltorch"},"content":{"rendered":"<h2>PRODUKTBESCHREIBUNG REBELTORCH<\/h2>\n<p>Die <strong>Rebeltorch<\/strong> Outdoor-Kopflampe: die kompakte und leuchtstarke Lichtquelle f\u00fcr all Ihre Abenteuer, drau\u00dfen in der Natur. Neben einer Lichtmenge von <strong>1000 Lumen<\/strong>, ist diese <strong>verstellbare<\/strong> Kopflampe auch leicht und widerstandsf\u00e4hig, sowie <strong>wasserdicht<\/strong> nach IP65-Standard und <strong>sto\u00dffest<\/strong>.<\/p>\n<p>Die Rebeltorch wurde entwickelt, um den Elementen zu trotzen und garantiert zuverl\u00e4ssige Leistung, bei einer <strong>Einsatzdauer von bis zu 28 Stunden<\/strong>. Die Vielseitigkeit der Rebeltorch spiegelt sich in den <strong>6 Leuchteinstellungen<\/strong> wider, sowie dem eingebauten Bewegungssensor zur <strong>freih\u00e4ndigen Bedienung<\/strong>. Dazu noch eine <strong>Memoryfunktion<\/strong> f\u00fcr zus\u00e4tzliche Bedienfreundlichkeit und sogar die M\u00f6glichkeit als <strong>Notstromquelle<\/strong> f\u00fcr Ihr Mobiltelefon zu fungieren!<\/p>\n<p>Auf ins Abenteuer! Ob beim Angeln, Wandern, oder jeder anderen Outdoor-Aktivit\u00e4t, die Rebeltorch ist als Kopflampe, <strong>die ideale Begleitung bei all Ihren Outdoor-Abenteuern<\/strong>!<\/p>\n<p>Product-code: RTRCH1000LM<\/p>\n<p>Barcode: 8720964631011<\/p>\n<p>EAN: 8720964631011<\/p>\n","protected":false},"excerpt":{"rendered":"<div>\n<p><strong>NEU!<\/strong> Wir stellen vor: die <strong>Rebeltorch<\/strong>! Diese leichte, starke und verstellbare Kopflampe mit satten <strong>1000lm<\/strong> hat eine <strong>Einsatzdauer von bis zu 28 Stunden<\/strong> und ist <strong>wasserdicht<\/strong>, gem\u00e4\u00df dem IP65 Standard. Auf ins Abenteuer! Ob beim Angeln, Wandern, oder jeder anderen Outdoor-Aktivit\u00e4t, die Rebeltorch ist als Kopflampe, <strong>die ideale Begleitung bei all Ihren Abenteuern<\/strong>.<br \/>\n<a href=\"#proddesc\">Mehr dazu&gt;<\/a><\/p>\n<\/div>\n","protected":false},"featured_media":21504,"comment_status":"open","ping_status":"closed","template":"","meta":{"_acf_changed":false},"product_brand":[],"product_cat":[4459,15,200],"product_tag":[],"class_list":{"0":"post-21468","1":"product","2":"type-product","3":"status-publish","4":"has-post-thumbnail","6":"product_cat-andere-produkte","7":"product_cat-other-products","8":"product_cat-overige-producten","9":"product_shipping_class-normal-shipment","11":"first","12":"instock","13":"taxable","14":"shipping-taxable","15":"purchasable","16":"product-type-simple"},"bundled_by":[],"bundle_stock_status":"instock","bundle_stock_quantity":0,"bundle_virtual":false,"bundle_layout":"","bundle_add_to_cart_form_location":"","bundle_editable_in_cart":false,"bundle_sold_individually_context":"","bundle_item_grouping":"","bundle_min_size":"","bundle_max_size":"","bundle_price":[],"bundled_items":[],"bundle_sell_ids":[],"acf":[],"yoast_head":"<!-- This site is optimized with the Yoast SEO plugin v27.1.1 - https:\/\/yoast.com\/product\/yoast-seo-wordpress\/ -->\n<title>Rebeltorch outdoor Kopflampe | Rebelcell | powering the outdoors<\/title>\n<meta name=\"description\" content=\"Leichte, leistungsstarke, wasserdichte (IP65), einstellbare 1000lm-Kopflampe f\u00fcr Outdoor-Aktivit\u00e4ten. Rebelcell, powering the outdoors.\" \/>\n<meta name=\"robots\" content=\"noindex, follow, max-snippet:-1, max-image-preview:large, max-video-preview:-1\" \/>\n<meta property=\"og:locale\" content=\"de_DE\" \/>\n<meta property=\"og:type\" content=\"article\" \/>\n<meta property=\"og:title\" content=\"Rebeltorch outdoor Kopflampe | Rebelcell | powering the outdoors\" \/>\n<meta property=\"og:description\" content=\"Leichte, leistungsstarke, wasserdichte (IP65), einstellbare 1000lm-Kopflampe f\u00fcr Outdoor-Aktivit\u00e4ten. Rebelcell, powering the outdoors.\" \/>\n<meta property=\"og:url\" content=\"https:\/\/test.rebel-cell.com\/de\/produkt\/rebeltorch\/\" \/>\n<meta property=\"og:site_name\" content=\"Rebelcell\" \/>\n<meta property=\"article:publisher\" content=\"https:\/\/www.facebook.com\/rebelcelleu\" \/>\n<meta property=\"article:modified_time\" content=\"2025-11-23T21:05:38+00:00\" \/>\n<meta property=\"og:image\" content=\"https:\/\/test.rebel-cell.com\/wp-content\/uploads\/Rebeltorch_doublelight-scaled.jpg\" \/>\n\t<meta property=\"og:image:width\" content=\"2048\" \/>\n\t<meta property=\"og:image:height\" content=\"2048\" \/>\n\t<meta property=\"og:image:type\" content=\"image\/jpeg\" \/>\n<meta name=\"twitter:card\" content=\"summary_large_image\" \/>\n<meta name=\"twitter:site\" content=\"@rebelcellnl\" \/>\n<meta name=\"twitter:label1\" content=\"Preis\" \/>\n\t<meta name=\"twitter:data1\" content=\"&euro;79,00\" \/>\n\t<meta name=\"twitter:label2\" content=\"Verf\u00fcgbarkeit\" \/>\n\t<meta name=\"twitter:data2\" content=\"Auf Lager\" \/>\n<script type=\"application\/ld+json\" class=\"yoast-schema-graph\">{\"@context\":\"https:\/\/schema.org\",\"@graph\":[{\"@type\":[\"WebPage\",\"ItemPage\"],\"@id\":\"https:\/\/test.rebel-cell.com\/de\/produkt\/rebeltorch\/\",\"url\":\"https:\/\/test.rebel-cell.com\/de\/produkt\/rebeltorch\/\",\"name\":\"Rebeltorch outdoor Kopflampe | Rebelcell | powering the outdoors\",\"isPartOf\":{\"@id\":\"https:\/\/test.rebel-cell.com\/de\/#website\"},\"primaryImageOfPage\":{\"@id\":\"https:\/\/test.rebel-cell.com\/de\/produkt\/rebeltorch\/#primaryimage\"},\"image\":{\"@id\":\"https:\/\/test.rebel-cell.com\/de\/produkt\/rebeltorch\/#primaryimage\"},\"thumbnailUrl\":\"https:\/\/test.rebel-cell.com\/wp-content\/uploads\/Rebeltorch_doublelight-scaled.jpg\",\"datePublished\":\"2022-03-16T10:03:17+00:00\",\"dateModified\":\"2025-11-23T21:05:38+00:00\",\"description\":\"Leichte, leistungsstarke, wasserdichte (IP65), einstellbare 1000lm-Kopflampe f\u00fcr Outdoor-Aktivit\u00e4ten. Rebelcell, powering the outdoors.\",\"breadcrumb\":{\"@id\":\"https:\/\/test.rebel-cell.com\/de\/produkt\/rebeltorch\/#breadcrumb\"},\"inLanguage\":\"de\",\"potentialAction\":[{\"@type\":\"ReadAction\",\"target\":[\"https:\/\/test.rebel-cell.com\/de\/produkt\/rebeltorch\/\"]}]},{\"@type\":\"ImageObject\",\"inLanguage\":\"de\",\"@id\":\"https:\/\/test.rebel-cell.com\/de\/produkt\/rebeltorch\/#primaryimage\",\"url\":\"https:\/\/test.rebel-cell.com\/wp-content\/uploads\/Rebeltorch_doublelight-scaled.jpg\",\"contentUrl\":\"https:\/\/test.rebel-cell.com\/wp-content\/uploads\/Rebeltorch_doublelight-scaled.jpg\",\"width\":2048,\"height\":2048},{\"@type\":\"BreadcrumbList\",\"@id\":\"https:\/\/test.rebel-cell.com\/de\/produkt\/rebeltorch\/#breadcrumb\",\"itemListElement\":[{\"@type\":\"ListItem\",\"position\":1,\"name\":\"Home\",\"item\":\"https:\/\/test.rebel-cell.com\/de\/\"},{\"@type\":\"ListItem\",\"position\":2,\"name\":\"Shop\",\"item\":\"https:\/\/test.rebel-cell.com\/de\/shop\/\"},{\"@type\":\"ListItem\",\"position\":3,\"name\":\"Rebeltorch\"}]},{\"@type\":\"WebSite\",\"@id\":\"https:\/\/test.rebel-cell.com\/de\/#website\",\"url\":\"https:\/\/test.rebel-cell.com\/de\/\",\"name\":\"Rebelcell\",\"description\":\"Rebelcell\",\"publisher\":{\"@id\":\"https:\/\/test.rebel-cell.com\/de\/#organization\"},\"potentialAction\":[{\"@type\":\"SearchAction\",\"target\":{\"@type\":\"EntryPoint\",\"urlTemplate\":\"https:\/\/test.rebel-cell.com\/de\/?s={search_term_string}\"},\"query-input\":{\"@type\":\"PropertyValueSpecification\",\"valueRequired\":true,\"valueName\":\"search_term_string\"}}],\"inLanguage\":\"de\"},{\"@type\":\"Organization\",\"@id\":\"https:\/\/test.rebel-cell.com\/de\/#organization\",\"name\":\"Rebelcell\",\"url\":\"https:\/\/test.rebel-cell.com\/de\/\",\"logo\":{\"@type\":\"ImageObject\",\"inLanguage\":\"de\",\"@id\":\"https:\/\/test.rebel-cell.com\/de\/#\/schema\/logo\/image\/\",\"url\":\"https:\/\/test.rebel-cell.com\/wp-content\/uploads\/rebelcell-logo-300.png\",\"contentUrl\":\"https:\/\/test.rebel-cell.com\/wp-content\/uploads\/rebelcell-logo-300.png\",\"width\":300,\"height\":55,\"caption\":\"Rebelcell\"},\"image\":{\"@id\":\"https:\/\/test.rebel-cell.com\/de\/#\/schema\/logo\/image\/\"},\"sameAs\":[\"https:\/\/www.facebook.com\/rebelcelleu\",\"https:\/\/x.com\/rebelcellnl\",\"https:\/\/www.instagram.com\/rebelcelleurope\/?hl=nl\",\"https:\/\/www.youtube.com\/channel\/UCpySQUq4xwwtqveV1f8oiFw\"]}]}<\/script>\n<meta property=\"product:price:amount\" content=\"79.00\" \/>\n<meta property=\"product:price:currency\" content=\"EUR\" \/>\n<meta property=\"og:availability\" content=\"instock\" \/>\n<meta property=\"product:availability\" content=\"instock\" \/>\n<meta property=\"product:retailer_item_id\" content=\"8720964631011\" \/>\n<meta property=\"product:condition\" content=\"new\" \/>\n<!-- \/ Yoast SEO plugin. -->","yoast_head_json":{"title":"Rebeltorch outdoor Kopflampe | Rebelcell | powering the outdoors","description":"Leichte, leistungsstarke, wasserdichte (IP65), einstellbare 1000lm-Kopflampe f\u00fcr Outdoor-Aktivit\u00e4ten. Rebelcell, powering the outdoors.","robots":{"index":"noindex","follow":"follow","max-snippet":"max-snippet:-1","max-image-preview":"max-image-preview:large","max-video-preview":"max-video-preview:-1"},"og_locale":"de_DE","og_type":"article","og_title":"Rebeltorch outdoor Kopflampe | Rebelcell | powering the outdoors","og_description":"Leichte, leistungsstarke, wasserdichte (IP65), einstellbare 1000lm-Kopflampe f\u00fcr Outdoor-Aktivit\u00e4ten. Rebelcell, powering the outdoors.","og_url":"https:\/\/test.rebel-cell.com\/de\/produkt\/rebeltorch\/","og_site_name":"Rebelcell","article_publisher":"https:\/\/www.facebook.com\/rebelcelleu","article_modified_time":"2025-11-23T21:05:38+00:00","og_image":[{"width":2048,"height":2048,"url":"https:\/\/test.rebel-cell.com\/wp-content\/uploads\/Rebeltorch_doublelight-scaled.jpg","type":"image\/jpeg"}],"twitter_card":"summary_large_image","twitter_site":"@rebelcellnl","twitter_misc":{"Preis":"&euro;79,00","Verf\u00fcgbarkeit":"Auf Lager"},"schema":{"@context":"https:\/\/schema.org","@graph":[{"@type":["WebPage","ItemPage"],"@id":"https:\/\/test.rebel-cell.com\/de\/produkt\/rebeltorch\/","url":"https:\/\/test.rebel-cell.com\/de\/produkt\/rebeltorch\/","name":"Rebeltorch outdoor Kopflampe | Rebelcell | powering the outdoors","isPartOf":{"@id":"https:\/\/test.rebel-cell.com\/de\/#website"},"primaryImageOfPage":{"@id":"https:\/\/test.rebel-cell.com\/de\/produkt\/rebeltorch\/#primaryimage"},"image":{"@id":"https:\/\/test.rebel-cell.com\/de\/produkt\/rebeltorch\/#primaryimage"},"thumbnailUrl":"https:\/\/test.rebel-cell.com\/wp-content\/uploads\/Rebeltorch_doublelight-scaled.jpg","datePublished":"2022-03-16T10:03:17+00:00","dateModified":"2025-11-23T21:05:38+00:00","description":"Leichte, leistungsstarke, wasserdichte (IP65), einstellbare 1000lm-Kopflampe f\u00fcr Outdoor-Aktivit\u00e4ten. Rebelcell, powering the outdoors.","breadcrumb":{"@id":"https:\/\/test.rebel-cell.com\/de\/produkt\/rebeltorch\/#breadcrumb"},"inLanguage":"de","potentialAction":[{"@type":"ReadAction","target":["https:\/\/test.rebel-cell.com\/de\/produkt\/rebeltorch\/"]}]},{"@type":"ImageObject","inLanguage":"de","@id":"https:\/\/test.rebel-cell.com\/de\/produkt\/rebeltorch\/#primaryimage","url":"https:\/\/test.rebel-cell.com\/wp-content\/uploads\/Rebeltorch_doublelight-scaled.jpg","contentUrl":"https:\/\/test.rebel-cell.com\/wp-content\/uploads\/Rebeltorch_doublelight-scaled.jpg","width":2048,"height":2048},{"@type":"BreadcrumbList","@id":"https:\/\/test.rebel-cell.com\/de\/produkt\/rebeltorch\/#breadcrumb","itemListElement":[{"@type":"ListItem","position":1,"name":"Home","item":"https:\/\/test.rebel-cell.com\/de\/"},{"@type":"ListItem","position":2,"name":"Shop","item":"https:\/\/test.rebel-cell.com\/de\/shop\/"},{"@type":"ListItem","position":3,"name":"Rebeltorch"}]},{"@type":"WebSite","@id":"https:\/\/test.rebel-cell.com\/de\/#website","url":"https:\/\/test.rebel-cell.com\/de\/","name":"Rebelcell","description":"Rebelcell","publisher":{"@id":"https:\/\/test.rebel-cell.com\/de\/#organization"},"potentialAction":[{"@type":"SearchAction","target":{"@type":"EntryPoint","urlTemplate":"https:\/\/test.rebel-cell.com\/de\/?s={search_term_string}"},"query-input":{"@type":"PropertyValueSpecification","valueRequired":true,"valueName":"search_term_string"}}],"inLanguage":"de"},{"@type":"Organization","@id":"https:\/\/test.rebel-cell.com\/de\/#organization","name":"Rebelcell","url":"https:\/\/test.rebel-cell.com\/de\/","logo":{"@type":"ImageObject","inLanguage":"de","@id":"https:\/\/test.rebel-cell.com\/de\/#\/schema\/logo\/image\/","url":"https:\/\/test.rebel-cell.com\/wp-content\/uploads\/rebelcell-logo-300.png","contentUrl":"https:\/\/test.rebel-cell.com\/wp-content\/uploads\/rebelcell-logo-300.png","width":300,"height":55,"caption":"Rebelcell"},"image":{"@id":"https:\/\/test.rebel-cell.com\/de\/#\/schema\/logo\/image\/"},"sameAs":["https:\/\/www.facebook.com\/rebelcelleu","https:\/\/x.com\/rebelcellnl","https:\/\/www.instagram.com\/rebelcelleurope\/?hl=nl","https:\/\/www.youtube.com\/channel\/UCpySQUq4xwwtqveV1f8oiFw"]}]},"product_price_amount":"79.00","product_price_currency":"EUR","og_availability":"instock","product_availability":"instock","product_retailer_item_id":"8720964631011","product_condition":"new"},"_links":{"self":[{"href":"https:\/\/test.rebel-cell.com\/de\/wp-json\/wp\/v2\/product\/21468","targetHints":{"allow":["GET"]}}],"collection":[{"href":"https:\/\/test.rebel-cell.com\/de\/wp-json\/wp\/v2\/product"}],"about":[{"href":"https:\/\/test.rebel-cell.com\/de\/wp-json\/wp\/v2\/types\/product"}],"replies":[{"embeddable":true,"href":"https:\/\/test.rebel-cell.com\/de\/wp-json\/wp\/v2\/comments?post=21468"}],"wp:featuredmedia":[{"embeddable":true,"href":"https:\/\/test.rebel-cell.com\/de\/wp-json\/wp\/v2\/media\/21504"}],"wp:attachment":[{"href":"https:\/\/test.rebel-cell.com\/de\/wp-json\/wp\/v2\/media?parent=21468"}],"wp:term":[{"taxonomy":"product_brand","embeddable":true,"href":"https:\/\/test.rebel-cell.com\/de\/wp-json\/wp\/v2\/product_brand?post=21468"},{"taxonomy":"product_cat","embeddable":true,"href":"https:\/\/test.rebel-cell.com\/de\/wp-json\/wp\/v2\/product_cat?post=21468"},{"taxonomy":"product_tag","embeddable":true,"href":"https:\/\/test.rebel-cell.com\/de\/wp-json\/wp\/v2\/product_tag?post=21468"}],"curies":[{"name":"wp","href":"https:\/\/api.w.org\/{rel}","templated":true}]}}