{"id":22223,"date":"2024-04-08T21:14:36","date_gmt":"2024-04-08T19:14:36","guid":{"rendered":"https:\/\/test.rebel-cell.com\/?post_type=product&#038;p=22223"},"modified":"2025-08-01T21:13:31","modified_gmt":"2025-08-01T19:13:31","slug":"powerhive800","status":"publish","type":"product","link":"https:\/\/test.rebel-cell.com\/de\/produkt\/powerhive800\/","title":{"rendered":"Powerhive 800"},"content":{"rendered":"<h2><span lang=\"EN-US\">Produktbeschreibung Rebelcell Powerhive 800<\/span><\/h2>\n<p>Wir stellen die <strong>Powerhive 800 <\/strong>vor, die ultimative tragbare Stromquelle. Sie ist mit einer <strong>hoch leistungsf\u00e4higen<\/strong> <strong>\u00a0(768Wh) Lithium \/ LiFePO4 Batterie<\/strong> mit <strong>integriertem reinen Sinus- Wechselrichter <\/strong>ausgestattet, der <strong>1000W Dauerleistung \/ 1500W Spitzenleistung <\/strong>liefert. Die Powerhive bietet fortschrittliche, moderne Funktionen, ein schlankes und modernes Design und liefert sauberen, zuverl\u00e4ssigen Strom f\u00fcr alle Ihre Ger\u00e4te. Wo immer sie Ihre Abenteuer auch hinf\u00fchren.<\/p>\n<p>Die <strong>Powerhive 800 <\/strong>bietet:<\/p>\n<ul>\n<li><strong><em>Zuverl\u00e4ssiger Energiespeicher <\/em><\/strong>\u00a0f\u00fcr Ihre Abenteuer und Aktivit\u00e4ten: leistungsstarke 768Wh (25.6V 30Ah) integrierte LiFePO4 Batterie, eingebauter reinen Sinus-Wechselrichter mit 1000W Dauer- und \/ 1500W Spitzenleistung.<\/li>\n<li><strong><em>Solarbereit:<\/em><\/strong> einfach das Solarpanel an den DC- oder Anderson-Anschluss anschlie\u00dfen und die Powerhive in nur wenigen Stunden aufladen.<\/li>\n<li><strong><em>7 verschiedene Stromanschl\u00fcsse:<\/em><\/strong> 2x AC Anschluss, 2 x USB-C, 1 x USB-A, DC Anschluss, 12V Anschluss.<\/li>\n<li><strong><em>Schnelle und vielseitige Ladeoptionen:<\/em><\/strong> schnelles Aufladen \u00fcber den AC Adapter, das Solar Panel, oder den 12V Anschluss (Auto).<\/li>\n<li><strong><em>Kompakt und leicht:<\/em><\/strong> mit Abmessungen von nur 335 x 193 x 190mm und einem Gewicht von nur 11 Kg, ist die Powerhive 800 einfach zu transportieren, wohin einen die Abenteuer auch verschlagen.<\/li>\n<li>Langlebige bauweise: Lebensdauer von mehr als 2000 Ladezyklen und 2 Jahre Garantie.<\/li>\n<li><strong><em>Eleganz &amp; Langlebigkeit:<\/em><\/strong> schlankes, modernes Design mit spacegrauem Aluminiumgeh\u00e4use.<\/li>\n<\/ul>\n<p>Die Powerhive 800 ist die ultimative portable Power-Station und dazu entwickelt, um immer Strom zu liefern. Ob nun beim Camping in der Wildnis, Angeln in der freien Natur, oder einem Outdoor-Abenteuer.<\/p>\n<p><strong>Ihr Paket beinhaltet:<\/strong> Rebelcell Powerhive 800, 200W DC- Adapter + AC- kabel.<\/p>\n<p>Produktcode: PWRHV800WH<br \/>\nBarcode: 8720964631035<br \/>\nEAN-code: 8720964631035<\/p>\n","protected":false},"excerpt":{"rendered":"<p><span lang=\"EN-US\"><strong>NEU!<\/strong> Wir stellen die <strong>Powerhive 800 <\/strong>vor, die ultimative tragbare Stromquelle. Sie ist mit einer <strong>hoch leistungsf\u00e4higen<\/strong> <strong>\u00a0(768Wh) Lithium \/ LiFePO4 Batterie<\/strong> mit <strong>integriertem reinen Sinus Wechselrichter <\/strong>ausgestattet, der <strong>1000W Dauerleistung \/ 1500W Spitzenleistung <\/strong>liefert. Die Powerhive bietet fortschrittliche, moderne Funktionen, ein schlankes und modernes Design und liefert sauberen, zuverl\u00e4ssigen Strom f\u00fcr alle Ihre Ger\u00e4te. Wo immer sie Ihre Abenteuer auch hinf\u00fchren.<br \/>\n<\/span><a href=\"#proddesc\">Mehr lesen&gt;<\/a><\/p>\n","protected":false},"featured_media":22565,"comment_status":"open","ping_status":"closed","template":"","meta":{"_acf_changed":false},"product_brand":[],"product_cat":[1906,1910,4127],"product_tag":[],"class_list":{"0":"post-22223","1":"product","2":"type-product","3":"status-publish","4":"has-post-thumbnail","6":"product_cat-zubehor","7":"product_cat-powerbanks","8":"product_cat-angebote","9":"product_shipping_class-shipping-battery","11":"first","12":"instock","13":"sale","14":"taxable","15":"shipping-taxable","16":"purchasable","17":"product-type-simple"},"bundled_by":[],"bundle_stock_status":"instock","bundle_stock_quantity":108,"bundle_virtual":false,"bundle_layout":"","bundle_add_to_cart_form_location":"","bundle_editable_in_cart":false,"bundle_sold_individually_context":"","bundle_item_grouping":"","bundle_min_size":"","bundle_max_size":"","bundle_price":[],"bundled_items":[],"bundle_sell_ids":[],"acf":[],"yoast_head":"<!-- This site is optimized with the Yoast SEO plugin v27.1.1 - https:\/\/yoast.com\/product\/yoast-seo-wordpress\/ -->\n<title>Powerhive 800 | Rebelcell | Powering the outdoors<\/title>\n<meta name=\"description\" content=\"Die Powerhive 800 ist die ultimative tragbare Stromquelle. Sie bietet fortschrittliche, moderne Funktionen und liefert sauberen, zuverl\u00e4ssigen Strom f\u00fcr alle Ihre Ger\u00e4te. Wo immer sie Ihre Abenteuer auch hinf\u00fchren.\" \/>\n<meta name=\"robots\" content=\"noindex, follow, max-snippet:-1, max-image-preview:large, max-video-preview:-1\" \/>\n<meta property=\"og:locale\" content=\"de_DE\" \/>\n<meta property=\"og:type\" content=\"article\" \/>\n<meta property=\"og:title\" content=\"Powerhive 800 | Rebelcell | Powering the outdoors\" \/>\n<meta property=\"og:description\" content=\"Die Powerhive 800 ist die ultimative tragbare Stromquelle. Sie bietet fortschrittliche, moderne Funktionen und liefert sauberen, zuverl\u00e4ssigen Strom f\u00fcr alle Ihre Ger\u00e4te. Wo immer sie Ihre Abenteuer auch hinf\u00fchren.\" \/>\n<meta property=\"og:url\" content=\"https:\/\/test.rebel-cell.com\/de\/produkt\/powerhive800\/\" \/>\n<meta property=\"og:site_name\" content=\"Rebelcell\" \/>\n<meta property=\"article:publisher\" content=\"https:\/\/www.facebook.com\/rebelcelleu\" \/>\n<meta property=\"article:modified_time\" content=\"2025-08-01T19:13:31+00:00\" \/>\n<meta property=\"og:image\" content=\"https:\/\/test.rebel-cell.com\/wp-content\/uploads\/Powerhive_800_side_logo.jpg\" \/>\n\t<meta property=\"og:image:width\" content=\"1500\" \/>\n\t<meta property=\"og:image:height\" content=\"1500\" \/>\n\t<meta property=\"og:image:type\" content=\"image\/jpeg\" \/>\n<meta name=\"twitter:card\" content=\"summary_large_image\" \/>\n<meta name=\"twitter:site\" content=\"@rebelcellnl\" \/>\n<meta name=\"twitter:label1\" content=\"Preis\" \/>\n\t<meta name=\"twitter:data1\" content=\"&euro;599,00\" \/>\n\t<meta name=\"twitter:label2\" content=\"Verf\u00fcgbarkeit\" \/>\n\t<meta name=\"twitter:data2\" content=\"Auf Lager\" \/>\n<script type=\"application\/ld+json\" class=\"yoast-schema-graph\">{\"@context\":\"https:\/\/schema.org\",\"@graph\":[{\"@type\":[\"WebPage\",\"ItemPage\"],\"@id\":\"https:\/\/test.rebel-cell.com\/de\/produkt\/powerhive800\/\",\"url\":\"https:\/\/test.rebel-cell.com\/de\/produkt\/powerhive800\/\",\"name\":\"Powerhive 800 | Rebelcell | Powering the outdoors\",\"isPartOf\":{\"@id\":\"https:\/\/test.rebel-cell.com\/de\/#website\"},\"primaryImageOfPage\":{\"@id\":\"https:\/\/test.rebel-cell.com\/de\/produkt\/powerhive800\/#primaryimage\"},\"image\":{\"@id\":\"https:\/\/test.rebel-cell.com\/de\/produkt\/powerhive800\/#primaryimage\"},\"thumbnailUrl\":\"https:\/\/test.rebel-cell.com\/wp-content\/uploads\/Powerhive_800_side_logo.jpg\",\"datePublished\":\"2024-04-08T19:14:36+00:00\",\"dateModified\":\"2025-08-01T19:13:31+00:00\",\"description\":\"Die Powerhive 800 ist die ultimative tragbare Stromquelle. Sie bietet fortschrittliche, moderne Funktionen und liefert sauberen, zuverl\u00e4ssigen Strom f\u00fcr alle Ihre Ger\u00e4te. Wo immer sie Ihre Abenteuer auch hinf\u00fchren.\",\"breadcrumb\":{\"@id\":\"https:\/\/test.rebel-cell.com\/de\/produkt\/powerhive800\/#breadcrumb\"},\"inLanguage\":\"de\",\"potentialAction\":[{\"@type\":\"ReadAction\",\"target\":[\"https:\/\/test.rebel-cell.com\/de\/produkt\/powerhive800\/\"]}]},{\"@type\":\"ImageObject\",\"inLanguage\":\"de\",\"@id\":\"https:\/\/test.rebel-cell.com\/de\/produkt\/powerhive800\/#primaryimage\",\"url\":\"https:\/\/test.rebel-cell.com\/wp-content\/uploads\/Powerhive_800_side_logo.jpg\",\"contentUrl\":\"https:\/\/test.rebel-cell.com\/wp-content\/uploads\/Powerhive_800_side_logo.jpg\",\"width\":1500,\"height\":1500},{\"@type\":\"BreadcrumbList\",\"@id\":\"https:\/\/test.rebel-cell.com\/de\/produkt\/powerhive800\/#breadcrumb\",\"itemListElement\":[{\"@type\":\"ListItem\",\"position\":1,\"name\":\"Home\",\"item\":\"https:\/\/test.rebel-cell.com\/de\/\"},{\"@type\":\"ListItem\",\"position\":2,\"name\":\"Shop\",\"item\":\"https:\/\/test.rebel-cell.com\/de\/shop\/\"},{\"@type\":\"ListItem\",\"position\":3,\"name\":\"Powerhive 800\"}]},{\"@type\":\"WebSite\",\"@id\":\"https:\/\/test.rebel-cell.com\/de\/#website\",\"url\":\"https:\/\/test.rebel-cell.com\/de\/\",\"name\":\"Rebelcell\",\"description\":\"Rebelcell\",\"publisher\":{\"@id\":\"https:\/\/test.rebel-cell.com\/de\/#organization\"},\"potentialAction\":[{\"@type\":\"SearchAction\",\"target\":{\"@type\":\"EntryPoint\",\"urlTemplate\":\"https:\/\/test.rebel-cell.com\/de\/?s={search_term_string}\"},\"query-input\":{\"@type\":\"PropertyValueSpecification\",\"valueRequired\":true,\"valueName\":\"search_term_string\"}}],\"inLanguage\":\"de\"},{\"@type\":\"Organization\",\"@id\":\"https:\/\/test.rebel-cell.com\/de\/#organization\",\"name\":\"Rebelcell\",\"url\":\"https:\/\/test.rebel-cell.com\/de\/\",\"logo\":{\"@type\":\"ImageObject\",\"inLanguage\":\"de\",\"@id\":\"https:\/\/test.rebel-cell.com\/de\/#\/schema\/logo\/image\/\",\"url\":\"https:\/\/test.rebel-cell.com\/wp-content\/uploads\/rebelcell-logo-300.png\",\"contentUrl\":\"https:\/\/test.rebel-cell.com\/wp-content\/uploads\/rebelcell-logo-300.png\",\"width\":300,\"height\":55,\"caption\":\"Rebelcell\"},\"image\":{\"@id\":\"https:\/\/test.rebel-cell.com\/de\/#\/schema\/logo\/image\/\"},\"sameAs\":[\"https:\/\/www.facebook.com\/rebelcelleu\",\"https:\/\/x.com\/rebelcellnl\",\"https:\/\/www.instagram.com\/rebelcelleurope\/?hl=nl\",\"https:\/\/www.youtube.com\/channel\/UCpySQUq4xwwtqveV1f8oiFw\"]}]}<\/script>\n<meta property=\"product:price:amount\" content=\"599.00\" \/>\n<meta property=\"product:price:currency\" content=\"EUR\" \/>\n<meta property=\"og:availability\" content=\"instock\" \/>\n<meta property=\"product:availability\" content=\"instock\" \/>\n<meta property=\"product:retailer_item_id\" content=\"8720964631035\" \/>\n<meta property=\"product:condition\" content=\"new\" \/>\n<!-- \/ Yoast SEO plugin. -->","yoast_head_json":{"title":"Powerhive 800 | Rebelcell | Powering the outdoors","description":"Die Powerhive 800 ist die ultimative tragbare Stromquelle. Sie bietet fortschrittliche, moderne Funktionen und liefert sauberen, zuverl\u00e4ssigen Strom f\u00fcr alle Ihre Ger\u00e4te. Wo immer sie Ihre Abenteuer auch hinf\u00fchren.","robots":{"index":"noindex","follow":"follow","max-snippet":"max-snippet:-1","max-image-preview":"max-image-preview:large","max-video-preview":"max-video-preview:-1"},"og_locale":"de_DE","og_type":"article","og_title":"Powerhive 800 | Rebelcell | Powering the outdoors","og_description":"Die Powerhive 800 ist die ultimative tragbare Stromquelle. Sie bietet fortschrittliche, moderne Funktionen und liefert sauberen, zuverl\u00e4ssigen Strom f\u00fcr alle Ihre Ger\u00e4te. Wo immer sie Ihre Abenteuer auch hinf\u00fchren.","og_url":"https:\/\/test.rebel-cell.com\/de\/produkt\/powerhive800\/","og_site_name":"Rebelcell","article_publisher":"https:\/\/www.facebook.com\/rebelcelleu","article_modified_time":"2025-08-01T19:13:31+00:00","og_image":[{"width":1500,"height":1500,"url":"https:\/\/test.rebel-cell.com\/wp-content\/uploads\/Powerhive_800_side_logo.jpg","type":"image\/jpeg"}],"twitter_card":"summary_large_image","twitter_site":"@rebelcellnl","twitter_misc":{"Preis":"&euro;599,00","Verf\u00fcgbarkeit":"Auf Lager"},"schema":{"@context":"https:\/\/schema.org","@graph":[{"@type":["WebPage","ItemPage"],"@id":"https:\/\/test.rebel-cell.com\/de\/produkt\/powerhive800\/","url":"https:\/\/test.rebel-cell.com\/de\/produkt\/powerhive800\/","name":"Powerhive 800 | Rebelcell | Powering the outdoors","isPartOf":{"@id":"https:\/\/test.rebel-cell.com\/de\/#website"},"primaryImageOfPage":{"@id":"https:\/\/test.rebel-cell.com\/de\/produkt\/powerhive800\/#primaryimage"},"image":{"@id":"https:\/\/test.rebel-cell.com\/de\/produkt\/powerhive800\/#primaryimage"},"thumbnailUrl":"https:\/\/test.rebel-cell.com\/wp-content\/uploads\/Powerhive_800_side_logo.jpg","datePublished":"2024-04-08T19:14:36+00:00","dateModified":"2025-08-01T19:13:31+00:00","description":"Die Powerhive 800 ist die ultimative tragbare Stromquelle. Sie bietet fortschrittliche, moderne Funktionen und liefert sauberen, zuverl\u00e4ssigen Strom f\u00fcr alle Ihre Ger\u00e4te. Wo immer sie Ihre Abenteuer auch hinf\u00fchren.","breadcrumb":{"@id":"https:\/\/test.rebel-cell.com\/de\/produkt\/powerhive800\/#breadcrumb"},"inLanguage":"de","potentialAction":[{"@type":"ReadAction","target":["https:\/\/test.rebel-cell.com\/de\/produkt\/powerhive800\/"]}]},{"@type":"ImageObject","inLanguage":"de","@id":"https:\/\/test.rebel-cell.com\/de\/produkt\/powerhive800\/#primaryimage","url":"https:\/\/test.rebel-cell.com\/wp-content\/uploads\/Powerhive_800_side_logo.jpg","contentUrl":"https:\/\/test.rebel-cell.com\/wp-content\/uploads\/Powerhive_800_side_logo.jpg","width":1500,"height":1500},{"@type":"BreadcrumbList","@id":"https:\/\/test.rebel-cell.com\/de\/produkt\/powerhive800\/#breadcrumb","itemListElement":[{"@type":"ListItem","position":1,"name":"Home","item":"https:\/\/test.rebel-cell.com\/de\/"},{"@type":"ListItem","position":2,"name":"Shop","item":"https:\/\/test.rebel-cell.com\/de\/shop\/"},{"@type":"ListItem","position":3,"name":"Powerhive 800"}]},{"@type":"WebSite","@id":"https:\/\/test.rebel-cell.com\/de\/#website","url":"https:\/\/test.rebel-cell.com\/de\/","name":"Rebelcell","description":"Rebelcell","publisher":{"@id":"https:\/\/test.rebel-cell.com\/de\/#organization"},"potentialAction":[{"@type":"SearchAction","target":{"@type":"EntryPoint","urlTemplate":"https:\/\/test.rebel-cell.com\/de\/?s={search_term_string}"},"query-input":{"@type":"PropertyValueSpecification","valueRequired":true,"valueName":"search_term_string"}}],"inLanguage":"de"},{"@type":"Organization","@id":"https:\/\/test.rebel-cell.com\/de\/#organization","name":"Rebelcell","url":"https:\/\/test.rebel-cell.com\/de\/","logo":{"@type":"ImageObject","inLanguage":"de","@id":"https:\/\/test.rebel-cell.com\/de\/#\/schema\/logo\/image\/","url":"https:\/\/test.rebel-cell.com\/wp-content\/uploads\/rebelcell-logo-300.png","contentUrl":"https:\/\/test.rebel-cell.com\/wp-content\/uploads\/rebelcell-logo-300.png","width":300,"height":55,"caption":"Rebelcell"},"image":{"@id":"https:\/\/test.rebel-cell.com\/de\/#\/schema\/logo\/image\/"},"sameAs":["https:\/\/www.facebook.com\/rebelcelleu","https:\/\/x.com\/rebelcellnl","https:\/\/www.instagram.com\/rebelcelleurope\/?hl=nl","https:\/\/www.youtube.com\/channel\/UCpySQUq4xwwtqveV1f8oiFw"]}]},"product_price_amount":"599.00","product_price_currency":"EUR","og_availability":"instock","product_availability":"instock","product_retailer_item_id":"8720964631035","product_condition":"new"},"_links":{"self":[{"href":"https:\/\/test.rebel-cell.com\/de\/wp-json\/wp\/v2\/product\/22223","targetHints":{"allow":["GET"]}}],"collection":[{"href":"https:\/\/test.rebel-cell.com\/de\/wp-json\/wp\/v2\/product"}],"about":[{"href":"https:\/\/test.rebel-cell.com\/de\/wp-json\/wp\/v2\/types\/product"}],"replies":[{"embeddable":true,"href":"https:\/\/test.rebel-cell.com\/de\/wp-json\/wp\/v2\/comments?post=22223"}],"wp:featuredmedia":[{"embeddable":true,"href":"https:\/\/test.rebel-cell.com\/de\/wp-json\/wp\/v2\/media\/22565"}],"wp:attachment":[{"href":"https:\/\/test.rebel-cell.com\/de\/wp-json\/wp\/v2\/media?parent=22223"}],"wp:term":[{"taxonomy":"product_brand","embeddable":true,"href":"https:\/\/test.rebel-cell.com\/de\/wp-json\/wp\/v2\/product_brand?post=22223"},{"taxonomy":"product_cat","embeddable":true,"href":"https:\/\/test.rebel-cell.com\/de\/wp-json\/wp\/v2\/product_cat?post=22223"},{"taxonomy":"product_tag","embeddable":true,"href":"https:\/\/test.rebel-cell.com\/de\/wp-json\/wp\/v2\/product_tag?post=22223"}],"curies":[{"name":"wp","href":"https:\/\/api.w.org\/{rel}","templated":true}]}}