{"id":22246,"date":"2023-09-09T19:18:34","date_gmt":"2023-09-09T17:18:34","guid":{"rendered":"https:\/\/test.rebel-cell.com\/product\/start\/"},"modified":"2026-03-08T11:19:29","modified_gmt":"2026-03-08T10:19:29","slug":"start","status":"publish","type":"product","link":"https:\/\/test.rebel-cell.com\/de\/produkt\/start\/","title":{"rendered":"Lithium-Startbatterie f\u00fcr Au\u00dfenbordmotoren"},"content":{"rendered":"<p>Die neue und verbesserte <strong>Rebelcell Start<\/strong>\u00a0ist jetzt erh\u00e4ltlich. Diese hochmoderne wasserdichte (IP67) ultraleichte\u00a0<strong>Lithium (LiFePO4) Starterbatterie<\/strong> wurde entwickelt, um m\u00fchelos (Verbrenner-) <strong>Au\u00dfenbordmotoren bis zu 250 PS<\/strong>\u00a0mit Lichtmaschine. Sie wurde f\u00fcr optimale Leistung bei allen Wetterbedingungen entwickelt, liefert einen zuverl\u00e4ssigen Startstrom und l\u00e4sst sich bequem \u00fcber die Lichtmaschine des Au\u00dfenborders aufladen.<\/p>\n<div dir=\"auto\">Keine umst\u00e4ndlichen Installationen mehr &#8211; die Rebelcell Start ist ein nahtlos austauschbarer &#8222;Drop-in&#8220;-Ersatz f\u00fcr herk\u00f6mmliche Blei-Starterbatterien. Genie\u00dfen Sie den Vorteil einer Platzersparnis von bis zu 70 % und eine erhebliche Gewichtsreduzierung von 25 kg an Bord.<\/div>\n<p><br clear=\"all\" \/><\/p>\n<div class=\"woocommerce-product-details__short-description\">\n<div class=\"cart-detail-innr\"><\/div>\n<\/div>\n<p>Produkt-code: SB12V0470A<br \/>\nBarcode: 8720964630618<br \/>\nEAN: 8720964630618<\/p>\n","protected":false},"excerpt":{"rendered":"<p><strong>NEU!<\/strong>\u00a0Die neue und verbesserte\u00a0<strong>Rebelcell Start<\/strong>\u00a0ist jetzt erh\u00e4ltlich. Diese hochmoderne wasserdichte (IP67) ultraleichte\u00a0<strong>Lithium (LiFePO4) Starterbatterie<\/strong> wurde entwickelt, um m\u00fchelos (Verbrenner-) <strong>Au\u00dfenbordmotoren bis zu 250 PS<\/strong>\u00a0mit Lichtmaschine. Sie wurde f\u00fcr optimale Leistung bei allen Wetterbedingungen entwickelt, liefert einen zuverl\u00e4ssigen Startstrom und l\u00e4sst sich bequem \u00fcber die Lichtmaschine des Au\u00dfenborders aufladen.<\/p>\n","protected":false},"featured_media":20696,"comment_status":"open","ping_status":"closed","template":"","meta":{"_acf_changed":false},"product_brand":[],"product_cat":[1902,4440],"product_tag":[],"class_list":{"0":"post-22246","1":"product","2":"type-product","3":"status-publish","4":"has-post-thumbnail","6":"product_cat-akkus","7":"product_cat-lithium-akkus-12v-24v-36v","8":"product_shipping_class-shipping-battery","9":"pa_fishing-karpfen","11":"first","12":"instock","13":"taxable","14":"shipping-taxable","15":"purchasable","16":"product-type-simple"},"bundled_by":[],"bundle_stock_status":"instock","bundle_stock_quantity":181,"bundle_virtual":false,"bundle_layout":"","bundle_add_to_cart_form_location":"","bundle_editable_in_cart":false,"bundle_sold_individually_context":"","bundle_item_grouping":"","bundle_min_size":"","bundle_max_size":"","bundle_price":[],"bundled_items":[],"bundle_sell_ids":[],"acf":[],"yoast_head":"<!-- This site is optimized with the Yoast SEO plugin v27.1.1 - https:\/\/yoast.com\/product\/yoast-seo-wordpress\/ -->\n<title>Lithium starter battery | Rebelcell | For outboards to 250 HP<\/title>\n<meta name=\"description\" content=\"Rebelcell lithium LiFePO4 starter battery. High starting power. Suitable for starting (gasoline-powered) outboards to 250 Hp in all weather conditions.\" \/>\n<meta name=\"robots\" content=\"noindex, follow, max-snippet:-1, max-image-preview:large, max-video-preview:-1\" \/>\n<meta property=\"og:locale\" content=\"de_DE\" \/>\n<meta property=\"og:type\" content=\"article\" \/>\n<meta property=\"og:title\" content=\"Lithium starter battery | Rebelcell | For outboards to 250 HP\" \/>\n<meta property=\"og:description\" content=\"Rebelcell lithium LiFePO4 starter battery. High starting power. Suitable for starting (gasoline-powered) outboards to 250 Hp in all weather conditions.\" \/>\n<meta property=\"og:url\" content=\"https:\/\/test.rebel-cell.com\/de\/produkt\/start\/\" \/>\n<meta property=\"og:site_name\" content=\"Rebelcell\" \/>\n<meta property=\"article:publisher\" content=\"https:\/\/www.facebook.com\/rebelcelleu\" \/>\n<meta property=\"article:modified_time\" content=\"2026-03-08T10:19:29+00:00\" \/>\n<meta property=\"og:image\" content=\"https:\/\/test.rebel-cell.com\/wp-content\/uploads\/Start_top_side-1.jpg\" \/>\n\t<meta property=\"og:image:width\" content=\"1500\" \/>\n\t<meta property=\"og:image:height\" content=\"1500\" \/>\n\t<meta property=\"og:image:type\" content=\"image\/jpeg\" \/>\n<meta name=\"twitter:card\" content=\"summary_large_image\" \/>\n<meta name=\"twitter:site\" content=\"@rebelcellnl\" \/>\n<meta name=\"twitter:label1\" content=\"Preis\" \/>\n\t<meta name=\"twitter:data1\" content=\"&euro;329,00\" \/>\n\t<meta name=\"twitter:label2\" content=\"Verf\u00fcgbarkeit\" \/>\n\t<meta name=\"twitter:data2\" content=\"Auf Lager\" \/>\n<script type=\"application\/ld+json\" class=\"yoast-schema-graph\">{\"@context\":\"https:\/\/schema.org\",\"@graph\":[{\"@type\":[\"WebPage\",\"ItemPage\"],\"@id\":\"https:\/\/test.rebel-cell.com\/de\/produkt\/start\/\",\"url\":\"https:\/\/test.rebel-cell.com\/de\/produkt\/start\/\",\"name\":\"Lithium starter battery | Rebelcell | For outboards to 250 HP\",\"isPartOf\":{\"@id\":\"https:\/\/test.rebel-cell.com\/de\/#website\"},\"primaryImageOfPage\":{\"@id\":\"https:\/\/test.rebel-cell.com\/de\/produkt\/start\/#primaryimage\"},\"image\":{\"@id\":\"https:\/\/test.rebel-cell.com\/de\/produkt\/start\/#primaryimage\"},\"thumbnailUrl\":\"https:\/\/test.rebel-cell.com\/wp-content\/uploads\/Start_top_side-1.jpg\",\"datePublished\":\"2023-09-09T17:18:34+00:00\",\"dateModified\":\"2026-03-08T10:19:29+00:00\",\"description\":\"Rebelcell lithium LiFePO4 starter battery. High starting power. Suitable for starting (gasoline-powered) outboards to 250 Hp in all weather conditions.\",\"breadcrumb\":{\"@id\":\"https:\/\/test.rebel-cell.com\/de\/produkt\/start\/#breadcrumb\"},\"inLanguage\":\"de\",\"potentialAction\":[{\"@type\":\"ReadAction\",\"target\":[\"https:\/\/test.rebel-cell.com\/de\/produkt\/start\/\"]}]},{\"@type\":\"ImageObject\",\"inLanguage\":\"de\",\"@id\":\"https:\/\/test.rebel-cell.com\/de\/produkt\/start\/#primaryimage\",\"url\":\"https:\/\/test.rebel-cell.com\/wp-content\/uploads\/Start_top_side-1.jpg\",\"contentUrl\":\"https:\/\/test.rebel-cell.com\/wp-content\/uploads\/Start_top_side-1.jpg\",\"width\":1500,\"height\":1500},{\"@type\":\"BreadcrumbList\",\"@id\":\"https:\/\/test.rebel-cell.com\/de\/produkt\/start\/#breadcrumb\",\"itemListElement\":[{\"@type\":\"ListItem\",\"position\":1,\"name\":\"Home\",\"item\":\"https:\/\/test.rebel-cell.com\/de\/\"},{\"@type\":\"ListItem\",\"position\":2,\"name\":\"Shop\",\"item\":\"https:\/\/test.rebel-cell.com\/de\/shop\/\"},{\"@type\":\"ListItem\",\"position\":3,\"name\":\"Lithium-Startbatterie f\u00fcr Au\u00dfenbordmotoren\"}]},{\"@type\":\"WebSite\",\"@id\":\"https:\/\/test.rebel-cell.com\/de\/#website\",\"url\":\"https:\/\/test.rebel-cell.com\/de\/\",\"name\":\"Rebelcell\",\"description\":\"Rebelcell\",\"publisher\":{\"@id\":\"https:\/\/test.rebel-cell.com\/de\/#organization\"},\"potentialAction\":[{\"@type\":\"SearchAction\",\"target\":{\"@type\":\"EntryPoint\",\"urlTemplate\":\"https:\/\/test.rebel-cell.com\/de\/?s={search_term_string}\"},\"query-input\":{\"@type\":\"PropertyValueSpecification\",\"valueRequired\":true,\"valueName\":\"search_term_string\"}}],\"inLanguage\":\"de\"},{\"@type\":\"Organization\",\"@id\":\"https:\/\/test.rebel-cell.com\/de\/#organization\",\"name\":\"Rebelcell\",\"url\":\"https:\/\/test.rebel-cell.com\/de\/\",\"logo\":{\"@type\":\"ImageObject\",\"inLanguage\":\"de\",\"@id\":\"https:\/\/test.rebel-cell.com\/de\/#\/schema\/logo\/image\/\",\"url\":\"https:\/\/test.rebel-cell.com\/wp-content\/uploads\/rebelcell-logo-300.png\",\"contentUrl\":\"https:\/\/test.rebel-cell.com\/wp-content\/uploads\/rebelcell-logo-300.png\",\"width\":300,\"height\":55,\"caption\":\"Rebelcell\"},\"image\":{\"@id\":\"https:\/\/test.rebel-cell.com\/de\/#\/schema\/logo\/image\/\"},\"sameAs\":[\"https:\/\/www.facebook.com\/rebelcelleu\",\"https:\/\/x.com\/rebelcellnl\",\"https:\/\/www.instagram.com\/rebelcelleurope\/?hl=nl\",\"https:\/\/www.youtube.com\/channel\/UCpySQUq4xwwtqveV1f8oiFw\"]}]}<\/script>\n<meta property=\"product:price:amount\" content=\"329.00\" \/>\n<meta property=\"product:price:currency\" content=\"EUR\" \/>\n<meta property=\"og:availability\" content=\"instock\" \/>\n<meta property=\"product:availability\" content=\"instock\" \/>\n<meta property=\"product:retailer_item_id\" content=\"8720964630618\" \/>\n<meta property=\"product:condition\" content=\"new\" \/>\n<!-- \/ Yoast SEO plugin. -->","yoast_head_json":{"title":"Lithium starter battery | Rebelcell | For outboards to 250 HP","description":"Rebelcell lithium LiFePO4 starter battery. High starting power. Suitable for starting (gasoline-powered) outboards to 250 Hp in all weather conditions.","robots":{"index":"noindex","follow":"follow","max-snippet":"max-snippet:-1","max-image-preview":"max-image-preview:large","max-video-preview":"max-video-preview:-1"},"og_locale":"de_DE","og_type":"article","og_title":"Lithium starter battery | Rebelcell | For outboards to 250 HP","og_description":"Rebelcell lithium LiFePO4 starter battery. High starting power. Suitable for starting (gasoline-powered) outboards to 250 Hp in all weather conditions.","og_url":"https:\/\/test.rebel-cell.com\/de\/produkt\/start\/","og_site_name":"Rebelcell","article_publisher":"https:\/\/www.facebook.com\/rebelcelleu","article_modified_time":"2026-03-08T10:19:29+00:00","og_image":[{"width":1500,"height":1500,"url":"https:\/\/test.rebel-cell.com\/wp-content\/uploads\/Start_top_side-1.jpg","type":"image\/jpeg"}],"twitter_card":"summary_large_image","twitter_site":"@rebelcellnl","twitter_misc":{"Preis":"&euro;329,00","Verf\u00fcgbarkeit":"Auf Lager"},"schema":{"@context":"https:\/\/schema.org","@graph":[{"@type":["WebPage","ItemPage"],"@id":"https:\/\/test.rebel-cell.com\/de\/produkt\/start\/","url":"https:\/\/test.rebel-cell.com\/de\/produkt\/start\/","name":"Lithium starter battery | Rebelcell | For outboards to 250 HP","isPartOf":{"@id":"https:\/\/test.rebel-cell.com\/de\/#website"},"primaryImageOfPage":{"@id":"https:\/\/test.rebel-cell.com\/de\/produkt\/start\/#primaryimage"},"image":{"@id":"https:\/\/test.rebel-cell.com\/de\/produkt\/start\/#primaryimage"},"thumbnailUrl":"https:\/\/test.rebel-cell.com\/wp-content\/uploads\/Start_top_side-1.jpg","datePublished":"2023-09-09T17:18:34+00:00","dateModified":"2026-03-08T10:19:29+00:00","description":"Rebelcell lithium LiFePO4 starter battery. High starting power. Suitable for starting (gasoline-powered) outboards to 250 Hp in all weather conditions.","breadcrumb":{"@id":"https:\/\/test.rebel-cell.com\/de\/produkt\/start\/#breadcrumb"},"inLanguage":"de","potentialAction":[{"@type":"ReadAction","target":["https:\/\/test.rebel-cell.com\/de\/produkt\/start\/"]}]},{"@type":"ImageObject","inLanguage":"de","@id":"https:\/\/test.rebel-cell.com\/de\/produkt\/start\/#primaryimage","url":"https:\/\/test.rebel-cell.com\/wp-content\/uploads\/Start_top_side-1.jpg","contentUrl":"https:\/\/test.rebel-cell.com\/wp-content\/uploads\/Start_top_side-1.jpg","width":1500,"height":1500},{"@type":"BreadcrumbList","@id":"https:\/\/test.rebel-cell.com\/de\/produkt\/start\/#breadcrumb","itemListElement":[{"@type":"ListItem","position":1,"name":"Home","item":"https:\/\/test.rebel-cell.com\/de\/"},{"@type":"ListItem","position":2,"name":"Shop","item":"https:\/\/test.rebel-cell.com\/de\/shop\/"},{"@type":"ListItem","position":3,"name":"Lithium-Startbatterie f\u00fcr Au\u00dfenbordmotoren"}]},{"@type":"WebSite","@id":"https:\/\/test.rebel-cell.com\/de\/#website","url":"https:\/\/test.rebel-cell.com\/de\/","name":"Rebelcell","description":"Rebelcell","publisher":{"@id":"https:\/\/test.rebel-cell.com\/de\/#organization"},"potentialAction":[{"@type":"SearchAction","target":{"@type":"EntryPoint","urlTemplate":"https:\/\/test.rebel-cell.com\/de\/?s={search_term_string}"},"query-input":{"@type":"PropertyValueSpecification","valueRequired":true,"valueName":"search_term_string"}}],"inLanguage":"de"},{"@type":"Organization","@id":"https:\/\/test.rebel-cell.com\/de\/#organization","name":"Rebelcell","url":"https:\/\/test.rebel-cell.com\/de\/","logo":{"@type":"ImageObject","inLanguage":"de","@id":"https:\/\/test.rebel-cell.com\/de\/#\/schema\/logo\/image\/","url":"https:\/\/test.rebel-cell.com\/wp-content\/uploads\/rebelcell-logo-300.png","contentUrl":"https:\/\/test.rebel-cell.com\/wp-content\/uploads\/rebelcell-logo-300.png","width":300,"height":55,"caption":"Rebelcell"},"image":{"@id":"https:\/\/test.rebel-cell.com\/de\/#\/schema\/logo\/image\/"},"sameAs":["https:\/\/www.facebook.com\/rebelcelleu","https:\/\/x.com\/rebelcellnl","https:\/\/www.instagram.com\/rebelcelleurope\/?hl=nl","https:\/\/www.youtube.com\/channel\/UCpySQUq4xwwtqveV1f8oiFw"]}]},"product_price_amount":"329.00","product_price_currency":"EUR","og_availability":"instock","product_availability":"instock","product_retailer_item_id":"8720964630618","product_condition":"new"},"_links":{"self":[{"href":"https:\/\/test.rebel-cell.com\/de\/wp-json\/wp\/v2\/product\/22246","targetHints":{"allow":["GET"]}}],"collection":[{"href":"https:\/\/test.rebel-cell.com\/de\/wp-json\/wp\/v2\/product"}],"about":[{"href":"https:\/\/test.rebel-cell.com\/de\/wp-json\/wp\/v2\/types\/product"}],"replies":[{"embeddable":true,"href":"https:\/\/test.rebel-cell.com\/de\/wp-json\/wp\/v2\/comments?post=22246"}],"wp:featuredmedia":[{"embeddable":true,"href":"https:\/\/test.rebel-cell.com\/de\/wp-json\/wp\/v2\/media\/20696"}],"wp:attachment":[{"href":"https:\/\/test.rebel-cell.com\/de\/wp-json\/wp\/v2\/media?parent=22246"}],"wp:term":[{"taxonomy":"product_brand","embeddable":true,"href":"https:\/\/test.rebel-cell.com\/de\/wp-json\/wp\/v2\/product_brand?post=22246"},{"taxonomy":"product_cat","embeddable":true,"href":"https:\/\/test.rebel-cell.com\/de\/wp-json\/wp\/v2\/product_cat?post=22246"},{"taxonomy":"product_tag","embeddable":true,"href":"https:\/\/test.rebel-cell.com\/de\/wp-json\/wp\/v2\/product_tag?post=22246"}],"curies":[{"name":"wp","href":"https:\/\/api.w.org\/{rel}","templated":true}]}}