{"id":24536,"date":"2024-12-11T14:13:23","date_gmt":"2024-12-11T13:13:23","guid":{"rendered":"https:\/\/test.rebel-cell.com\/?post_type=product&#038;p=24536"},"modified":"2026-03-02T15:49:07","modified_gmt":"2026-03-02T14:49:07","slug":"12v75-edge-lifepo4-akku","status":"publish","type":"product","link":"https:\/\/test.rebel-cell.com\/de\/produkt\/12v75-edge-lifepo4-akku\/","title":{"rendered":"12V75 EDGE LiFePO4-Akku"},"content":{"rendered":"<section id=\"proddesc\" class=\"prod-desc-box\">\n<div class=\"container\">\n<h2>PRODUKTBESCHREIBUNG REBELCELL\u00a0<strong>12V75 EDGE LiFePO4<\/strong>-AKKU<\/h2>\n<p>Die\u00a0<strong>12V75 EDGE LiFePO4-Akku <\/strong>ist eine Lithium-Batterie aus der neuen\u00a0<strong>Rebelcell EDGE Serie.\u00a0<\/strong>Die\u00a0<strong>12V75 EDGE<\/strong> (960 kWh) Akku ist eine kompakte und leichte Hochleistungsbatterie f\u00fcr den <strong>Angeln-Wassersportbereich<\/strong>\u00a0(12-Volt-Trollingmotoren, Echoloten) und\u00a0<strong>Deep-Cycle-Anwendungen<\/strong>\u00a0wie Versorgungsbatterien f\u00fcr Wohnmobile oder Wohnwagen. Sie verf\u00fcgt \u00fcber fortschrittliche Technik, ein robustes Batteriemanagementsystem (BMS) und integrierte Bluetooth-Konnektivit\u00e4t f\u00fcr eine nahtlose \u00dcberwachung \u00fcber die\u00a0<strong>Rebelcell Bluetooth App<\/strong>.<\/p>\n<p>Mit dem\u00a0<strong>Wasserdicht-Schutz nach\u00a0 IP66 Standard\u00a0<\/strong>und einer\u00a0<strong>3-Jahr-Garantie<\/strong>, bietet die 12V75 EDGE Sicherheit und Komfort. Brauchen Sie mehr Leistung? Sie k\u00f6nnen bis zu 4 Batterien parallel anschlie\u00dfen (oder 2 in Reihe).<\/p>\n<p>Die Batterie ist\u00a0<strong>komplett wartungsfrei\u00a0<\/strong>\u00a0und liefert bis zu\u00a0<strong>5000 Ladezyklen<\/strong>. Das bedeutet 5000 mal Laden und Entladen. Sie ist\u00a0<strong>deutlich leichter<\/strong>\u00a0als eine vergleichbare Bleibatterie\u00a0 und hat einen viel geringeren Jahresverlust. Dank des eingebauten Batteriemanagementsystems m\u00fcssen Sie sich keine Sorgen machen, dass die Batterie zu tief entladen wird und Schaden nimmt.<\/p>\n<p>Produktkode: 12075RCEDGE<\/p>\n<p>EAN: \u00a08720964631158<\/p>\n<\/div>\n<\/section>\n","protected":false},"excerpt":{"rendered":"<p><strong>NEU!<\/strong> Die\u00a0<strong>12V75 EDGE<\/strong>\u00a0<strong>LiFePO4<\/strong>\u00a0B<strong>atterie<\/strong>\u00a0ist eine Hochleistungsbatterie f\u00fcr den\u00a0<strong>Angeln-Wassersportbereich<\/strong>\u00a0(12-Volt-Trollingmotoren, Echoloten) und\u00a0<strong>Deep-Cycle-Anwendungen<\/strong>\u00a0wie Versorgungsbatterien f\u00fcr Wohnmobile oder Wohnwagen.<\/p>\n<p>Mit dem Wasserdicht-Schutz nach\u00a0\u00a0<strong>IP66<\/strong>\u00a0Standard, die\u00a0<strong>Rebelcell BT-App\u00a0<\/strong>und einer\u00a0<strong>3-Jahr-Garantie<\/strong> bietet die 12V75 EDGE Sicherheit und Komfort.<br \/>\n<a href=\"https:\/\/test.rebel-cell.com\/de\/produkt\/12v80-pro-lithium-akku\/#proddesc\">Mehr lesen&gt;<\/a><\/p>\n","protected":false},"featured_media":25407,"comment_status":"open","ping_status":"closed","template":"","meta":{"_acf_changed":false},"product_brand":[],"product_cat":[1902,4440],"product_tag":[],"class_list":{"0":"post-24536","1":"product","2":"type-product","3":"status-publish","4":"has-post-thumbnail","6":"product_cat-akkus","7":"product_cat-lithium-akkus-12v-24v-36v","8":"product_shipping_class-shipping-battery","9":"pa_fishing-andere-anwendungen","10":"pa_fishing-elektrisch-fahren","11":"pa_fishing-karpfen","13":"first","14":"instock","15":"taxable","16":"shipping-taxable","17":"purchasable","18":"product-type-simple"},"bundled_by":["30671","30675"],"bundle_stock_status":"instock","bundle_stock_quantity":199,"bundle_virtual":false,"bundle_layout":"","bundle_add_to_cart_form_location":"","bundle_editable_in_cart":false,"bundle_sold_individually_context":"","bundle_item_grouping":"","bundle_min_size":"","bundle_max_size":"","bundle_price":[],"bundled_items":[],"bundle_sell_ids":[],"acf":[],"yoast_head":"<!-- This site is optimized with the Yoast SEO plugin v27.1.1 - https:\/\/yoast.com\/product\/yoast-seo-wordpress\/ -->\n<title>12V75 EDGE LiFePO4 Akku | Rebelcell | Powering the Outdoors<\/title>\n<meta name=\"description\" content=\"High-performance LiFePO4 BT Batterie f\u00fcr den Einsatz im Wassersport und f\u00fcr Deep-Cycle-Anwendungen. Rebelcell, Powering the Outdoors.\" \/>\n<meta name=\"robots\" content=\"noindex, follow, max-snippet:-1, max-image-preview:large, max-video-preview:-1\" \/>\n<meta property=\"og:locale\" content=\"de_DE\" \/>\n<meta property=\"og:type\" content=\"article\" \/>\n<meta property=\"og:title\" content=\"12V75 EDGE LiFePO4 Akku | Rebelcell | Powering the Outdoors\" \/>\n<meta property=\"og:description\" content=\"High-performance LiFePO4 BT Batterie f\u00fcr den Einsatz im Wassersport und f\u00fcr Deep-Cycle-Anwendungen. Rebelcell, Powering the Outdoors.\" \/>\n<meta property=\"og:url\" content=\"https:\/\/test.rebel-cell.com\/de\/produkt\/12v75-edge-lifepo4-akku\/\" \/>\n<meta property=\"og:site_name\" content=\"Rebelcell\" \/>\n<meta property=\"article:publisher\" content=\"https:\/\/www.facebook.com\/rebelcelleu\" \/>\n<meta property=\"article:modified_time\" content=\"2026-03-02T14:49:07+00:00\" \/>\n<meta property=\"og:image\" content=\"https:\/\/test.rebel-cell.com\/wp-content\/uploads\/12V75_Edge_overview.webp\" \/>\n\t<meta property=\"og:image:width\" content=\"1599\" \/>\n\t<meta property=\"og:image:height\" content=\"1599\" \/>\n\t<meta property=\"og:image:type\" content=\"image\/webp\" \/>\n<meta name=\"twitter:card\" content=\"summary_large_image\" \/>\n<meta name=\"twitter:site\" content=\"@rebelcellnl\" \/>\n<meta name=\"twitter:label1\" content=\"Preis\" \/>\n\t<meta name=\"twitter:data1\" content=\"&euro;499,00\" \/>\n\t<meta name=\"twitter:label2\" content=\"Verf\u00fcgbarkeit\" \/>\n\t<meta name=\"twitter:data2\" content=\"Auf Lager\" \/>\n<script type=\"application\/ld+json\" class=\"yoast-schema-graph\">{\"@context\":\"https:\/\/schema.org\",\"@graph\":[{\"@type\":[\"WebPage\",\"ItemPage\"],\"@id\":\"https:\/\/test.rebel-cell.com\/de\/produkt\/12v75-edge-lifepo4-akku\/\",\"url\":\"https:\/\/test.rebel-cell.com\/de\/produkt\/12v75-edge-lifepo4-akku\/\",\"name\":\"12V75 EDGE LiFePO4 Akku | Rebelcell | Powering the Outdoors\",\"isPartOf\":{\"@id\":\"https:\/\/test.rebel-cell.com\/de\/#website\"},\"primaryImageOfPage\":{\"@id\":\"https:\/\/test.rebel-cell.com\/de\/produkt\/12v75-edge-lifepo4-akku\/#primaryimage\"},\"image\":{\"@id\":\"https:\/\/test.rebel-cell.com\/de\/produkt\/12v75-edge-lifepo4-akku\/#primaryimage\"},\"thumbnailUrl\":\"https:\/\/test.rebel-cell.com\/wp-content\/uploads\/12V75_Edge_overview.webp\",\"datePublished\":\"2024-12-11T13:13:23+00:00\",\"dateModified\":\"2026-03-02T14:49:07+00:00\",\"description\":\"High-performance LiFePO4 BT Batterie f\u00fcr den Einsatz im Wassersport und f\u00fcr Deep-Cycle-Anwendungen. Rebelcell, Powering the Outdoors.\",\"breadcrumb\":{\"@id\":\"https:\/\/test.rebel-cell.com\/de\/produkt\/12v75-edge-lifepo4-akku\/#breadcrumb\"},\"inLanguage\":\"de\",\"potentialAction\":[{\"@type\":\"ReadAction\",\"target\":[\"https:\/\/test.rebel-cell.com\/de\/produkt\/12v75-edge-lifepo4-akku\/\"]}]},{\"@type\":\"ImageObject\",\"inLanguage\":\"de\",\"@id\":\"https:\/\/test.rebel-cell.com\/de\/produkt\/12v75-edge-lifepo4-akku\/#primaryimage\",\"url\":\"https:\/\/test.rebel-cell.com\/wp-content\/uploads\/12V75_Edge_overview.webp\",\"contentUrl\":\"https:\/\/test.rebel-cell.com\/wp-content\/uploads\/12V75_Edge_overview.webp\",\"width\":1599,\"height\":1599},{\"@type\":\"BreadcrumbList\",\"@id\":\"https:\/\/test.rebel-cell.com\/de\/produkt\/12v75-edge-lifepo4-akku\/#breadcrumb\",\"itemListElement\":[{\"@type\":\"ListItem\",\"position\":1,\"name\":\"Home\",\"item\":\"https:\/\/test.rebel-cell.com\/de\/\"},{\"@type\":\"ListItem\",\"position\":2,\"name\":\"Shop\",\"item\":\"https:\/\/test.rebel-cell.com\/de\/shop\/\"},{\"@type\":\"ListItem\",\"position\":3,\"name\":\"12V75 EDGE LiFePO4-Akku\"}]},{\"@type\":\"WebSite\",\"@id\":\"https:\/\/test.rebel-cell.com\/de\/#website\",\"url\":\"https:\/\/test.rebel-cell.com\/de\/\",\"name\":\"Rebelcell\",\"description\":\"Rebelcell\",\"publisher\":{\"@id\":\"https:\/\/test.rebel-cell.com\/de\/#organization\"},\"potentialAction\":[{\"@type\":\"SearchAction\",\"target\":{\"@type\":\"EntryPoint\",\"urlTemplate\":\"https:\/\/test.rebel-cell.com\/de\/?s={search_term_string}\"},\"query-input\":{\"@type\":\"PropertyValueSpecification\",\"valueRequired\":true,\"valueName\":\"search_term_string\"}}],\"inLanguage\":\"de\"},{\"@type\":\"Organization\",\"@id\":\"https:\/\/test.rebel-cell.com\/de\/#organization\",\"name\":\"Rebelcell\",\"url\":\"https:\/\/test.rebel-cell.com\/de\/\",\"logo\":{\"@type\":\"ImageObject\",\"inLanguage\":\"de\",\"@id\":\"https:\/\/test.rebel-cell.com\/de\/#\/schema\/logo\/image\/\",\"url\":\"https:\/\/test.rebel-cell.com\/wp-content\/uploads\/rebelcell-logo-300.png\",\"contentUrl\":\"https:\/\/test.rebel-cell.com\/wp-content\/uploads\/rebelcell-logo-300.png\",\"width\":300,\"height\":55,\"caption\":\"Rebelcell\"},\"image\":{\"@id\":\"https:\/\/test.rebel-cell.com\/de\/#\/schema\/logo\/image\/\"},\"sameAs\":[\"https:\/\/www.facebook.com\/rebelcelleu\",\"https:\/\/x.com\/rebelcellnl\",\"https:\/\/www.instagram.com\/rebelcelleurope\/?hl=nl\",\"https:\/\/www.youtube.com\/channel\/UCpySQUq4xwwtqveV1f8oiFw\"]}]}<\/script>\n<meta property=\"product:price:amount\" content=\"499.00\" \/>\n<meta property=\"product:price:currency\" content=\"EUR\" \/>\n<meta property=\"og:availability\" content=\"instock\" \/>\n<meta property=\"product:availability\" content=\"instock\" \/>\n<meta property=\"product:retailer_item_id\" content=\"8720964631158\" \/>\n<meta property=\"product:condition\" content=\"new\" \/>\n<!-- \/ Yoast SEO plugin. -->","yoast_head_json":{"title":"12V75 EDGE LiFePO4 Akku | Rebelcell | Powering the Outdoors","description":"High-performance LiFePO4 BT Batterie f\u00fcr den Einsatz im Wassersport und f\u00fcr Deep-Cycle-Anwendungen. Rebelcell, Powering the Outdoors.","robots":{"index":"noindex","follow":"follow","max-snippet":"max-snippet:-1","max-image-preview":"max-image-preview:large","max-video-preview":"max-video-preview:-1"},"og_locale":"de_DE","og_type":"article","og_title":"12V75 EDGE LiFePO4 Akku | Rebelcell | Powering the Outdoors","og_description":"High-performance LiFePO4 BT Batterie f\u00fcr den Einsatz im Wassersport und f\u00fcr Deep-Cycle-Anwendungen. Rebelcell, Powering the Outdoors.","og_url":"https:\/\/test.rebel-cell.com\/de\/produkt\/12v75-edge-lifepo4-akku\/","og_site_name":"Rebelcell","article_publisher":"https:\/\/www.facebook.com\/rebelcelleu","article_modified_time":"2026-03-02T14:49:07+00:00","og_image":[{"width":1599,"height":1599,"url":"https:\/\/test.rebel-cell.com\/wp-content\/uploads\/12V75_Edge_overview.webp","type":"image\/webp"}],"twitter_card":"summary_large_image","twitter_site":"@rebelcellnl","twitter_misc":{"Preis":"&euro;499,00","Verf\u00fcgbarkeit":"Auf Lager"},"schema":{"@context":"https:\/\/schema.org","@graph":[{"@type":["WebPage","ItemPage"],"@id":"https:\/\/test.rebel-cell.com\/de\/produkt\/12v75-edge-lifepo4-akku\/","url":"https:\/\/test.rebel-cell.com\/de\/produkt\/12v75-edge-lifepo4-akku\/","name":"12V75 EDGE LiFePO4 Akku | Rebelcell | Powering the Outdoors","isPartOf":{"@id":"https:\/\/test.rebel-cell.com\/de\/#website"},"primaryImageOfPage":{"@id":"https:\/\/test.rebel-cell.com\/de\/produkt\/12v75-edge-lifepo4-akku\/#primaryimage"},"image":{"@id":"https:\/\/test.rebel-cell.com\/de\/produkt\/12v75-edge-lifepo4-akku\/#primaryimage"},"thumbnailUrl":"https:\/\/test.rebel-cell.com\/wp-content\/uploads\/12V75_Edge_overview.webp","datePublished":"2024-12-11T13:13:23+00:00","dateModified":"2026-03-02T14:49:07+00:00","description":"High-performance LiFePO4 BT Batterie f\u00fcr den Einsatz im Wassersport und f\u00fcr Deep-Cycle-Anwendungen. Rebelcell, Powering the Outdoors.","breadcrumb":{"@id":"https:\/\/test.rebel-cell.com\/de\/produkt\/12v75-edge-lifepo4-akku\/#breadcrumb"},"inLanguage":"de","potentialAction":[{"@type":"ReadAction","target":["https:\/\/test.rebel-cell.com\/de\/produkt\/12v75-edge-lifepo4-akku\/"]}]},{"@type":"ImageObject","inLanguage":"de","@id":"https:\/\/test.rebel-cell.com\/de\/produkt\/12v75-edge-lifepo4-akku\/#primaryimage","url":"https:\/\/test.rebel-cell.com\/wp-content\/uploads\/12V75_Edge_overview.webp","contentUrl":"https:\/\/test.rebel-cell.com\/wp-content\/uploads\/12V75_Edge_overview.webp","width":1599,"height":1599},{"@type":"BreadcrumbList","@id":"https:\/\/test.rebel-cell.com\/de\/produkt\/12v75-edge-lifepo4-akku\/#breadcrumb","itemListElement":[{"@type":"ListItem","position":1,"name":"Home","item":"https:\/\/test.rebel-cell.com\/de\/"},{"@type":"ListItem","position":2,"name":"Shop","item":"https:\/\/test.rebel-cell.com\/de\/shop\/"},{"@type":"ListItem","position":3,"name":"12V75 EDGE LiFePO4-Akku"}]},{"@type":"WebSite","@id":"https:\/\/test.rebel-cell.com\/de\/#website","url":"https:\/\/test.rebel-cell.com\/de\/","name":"Rebelcell","description":"Rebelcell","publisher":{"@id":"https:\/\/test.rebel-cell.com\/de\/#organization"},"potentialAction":[{"@type":"SearchAction","target":{"@type":"EntryPoint","urlTemplate":"https:\/\/test.rebel-cell.com\/de\/?s={search_term_string}"},"query-input":{"@type":"PropertyValueSpecification","valueRequired":true,"valueName":"search_term_string"}}],"inLanguage":"de"},{"@type":"Organization","@id":"https:\/\/test.rebel-cell.com\/de\/#organization","name":"Rebelcell","url":"https:\/\/test.rebel-cell.com\/de\/","logo":{"@type":"ImageObject","inLanguage":"de","@id":"https:\/\/test.rebel-cell.com\/de\/#\/schema\/logo\/image\/","url":"https:\/\/test.rebel-cell.com\/wp-content\/uploads\/rebelcell-logo-300.png","contentUrl":"https:\/\/test.rebel-cell.com\/wp-content\/uploads\/rebelcell-logo-300.png","width":300,"height":55,"caption":"Rebelcell"},"image":{"@id":"https:\/\/test.rebel-cell.com\/de\/#\/schema\/logo\/image\/"},"sameAs":["https:\/\/www.facebook.com\/rebelcelleu","https:\/\/x.com\/rebelcellnl","https:\/\/www.instagram.com\/rebelcelleurope\/?hl=nl","https:\/\/www.youtube.com\/channel\/UCpySQUq4xwwtqveV1f8oiFw"]}]},"product_price_amount":"499.00","product_price_currency":"EUR","og_availability":"instock","product_availability":"instock","product_retailer_item_id":"8720964631158","product_condition":"new"},"_links":{"self":[{"href":"https:\/\/test.rebel-cell.com\/de\/wp-json\/wp\/v2\/product\/24536","targetHints":{"allow":["GET"]}}],"collection":[{"href":"https:\/\/test.rebel-cell.com\/de\/wp-json\/wp\/v2\/product"}],"about":[{"href":"https:\/\/test.rebel-cell.com\/de\/wp-json\/wp\/v2\/types\/product"}],"replies":[{"embeddable":true,"href":"https:\/\/test.rebel-cell.com\/de\/wp-json\/wp\/v2\/comments?post=24536"}],"wp:featuredmedia":[{"embeddable":true,"href":"https:\/\/test.rebel-cell.com\/de\/wp-json\/wp\/v2\/media\/25407"}],"wp:attachment":[{"href":"https:\/\/test.rebel-cell.com\/de\/wp-json\/wp\/v2\/media?parent=24536"}],"wp:term":[{"taxonomy":"product_brand","embeddable":true,"href":"https:\/\/test.rebel-cell.com\/de\/wp-json\/wp\/v2\/product_brand?post=24536"},{"taxonomy":"product_cat","embeddable":true,"href":"https:\/\/test.rebel-cell.com\/de\/wp-json\/wp\/v2\/product_cat?post=24536"},{"taxonomy":"product_tag","embeddable":true,"href":"https:\/\/test.rebel-cell.com\/de\/wp-json\/wp\/v2\/product_tag?post=24536"}],"curies":[{"name":"wp","href":"https:\/\/api.w.org\/{rel}","templated":true}]}}