{"id":25208,"date":"2025-01-15T17:07:40","date_gmt":"2025-01-15T16:07:40","guid":{"rendered":"https:\/\/test.rebel-cell.com\/?post_type=product&#038;p=25208"},"modified":"2026-01-01T01:21:35","modified_gmt":"2026-01-01T00:21:35","slug":"outdoorbox-12-115-bt","status":"publish","type":"product","link":"https:\/\/test.rebel-cell.com\/de\/produkt\/outdoorbox-12-115-bt\/","title":{"rendered":"Outdoorbox 12.115 BT"},"content":{"rendered":"<h2>Produktbeschreibung Outdoorbox 12.115 BT<\/h2>\n<p>Die kompakte, robuste und leichte <strong>Outdoorbox 12.70 BT<\/strong>\u00a0(12V70 Ah \/ 863 Wh) kombiniert <strong>smarte Technologie<\/strong>, <strong>hohe Leistung<\/strong> und <strong>au\u00dfergew\u00f6hnliche Zuverl\u00e4ssigkeit<\/strong> \u2013 perfekt f\u00fcr ihr n\u00e4chstes Outdoorabenteuer. c Die <strong>Bluetooth<\/strong>-Konnektivit\u00e4t gew\u00e4hrleistet eine nahtlose <strong>Kompatibilit\u00e4t<\/strong> mit fast <strong>allen 12-V-Trolling-Motoren<\/strong> und <strong>Echoloten<\/strong> und macht sie zur ultimativen wetterfesten 12-V-Stromversorgung. Sie bietet:<\/p>\n<ul>\n<li><strong>100A kontinuierliche Entladung:<\/strong> Versorgt fast jeden 12-Volt-Trollingmotor und verdoppelt die Entladekapazit\u00e4t des Vorg\u00e4ngermodells.<\/li>\n<li><strong>Robustes Outdoor-Design:<\/strong> Sto\u00dffestes und wasserdichtes (IP65) Geh\u00e4use f\u00fcr den zuverl\u00e4ssigen Einsatz unter allen Bedingungen.<\/li>\n<li><strong>Erweiterter Schutz:<\/strong> Fortschrittliches BMS mit eingebauten Schutzfunktionen und Bluetooth-Konnektivit\u00e4t. Interne Ein\/Aus-Taste mit automatischer Abschaltung.<\/li>\n<li><strong>Bluetooth- Konnektivit\u00e4t:<\/strong> \u00dcberwachen Sie die Akkuleistung und den Ladestatus \u00fcber die Rebelcell-App, wodurch ein eingebautes Display nicht mehr notwendig ist.<\/li>\n<li><strong>Echolot-Kompatibilit\u00e4t:<\/strong> Eingebauter DC-Stabilisator sorgt f\u00fcr nahtlose Kompatibilit\u00e4t mit allen Echoloten &#8211; keine zus\u00e4tzliche Ausr\u00fcstung erforderlich.<\/li>\n<li><strong>Anschl\u00fcsse \/ Ports:<\/strong> ANEN Blue 100A Stecker, 1x 12V stabilisierter Ausgang, 1x USB-A (QC 3.0) , 2x USB-C\u00a0 (PD-charging) f\u00fcr superschnelles Laden.<\/li>\n<\/ul>\n<h3><strong>Anwendungen<\/strong><\/h3>\n<ul>\n<li><strong>Ideal f\u00fcr:<\/strong> Elektro-Bootfahren, Karpfenfischen, Kajakangeln, Belly-Boote, Marine, Camping.<\/li>\n<li><strong>Vielseitig einsetzbar:<\/strong> Stromversorgung von 12-V-Trollingmotoren, Echolten und Outdoor-Ger\u00e4ten.<\/li>\n<\/ul>\n<p>Sie sind sich nicht sicher, ob sie sich f\u00fcr eine normale Lithiumbatterie oder eine Outdoorbox entscheiden sollen? In unserem <a href=\"https:\/\/test.rebel-cell.com\/knowledge-base\/battery-trolling-motor-choice-tool\/\">Grundlagenwissen<\/a>, listen wir alle Vorz\u00fcge auf, die eine Outdoorbox zu bieten hat!<\/p>\n<p>Produkt-Code: 12V115BTODB<\/p>\n<p>Barcode: 8720964631097<\/p>\n<p>EAN: 8720964631097<\/p>\n","protected":false},"excerpt":{"rendered":"<p><strong>NEU!<\/strong>\u00a0Die <strong>kompakte, robuste<\/strong> und <strong>leichte<\/strong> <strong>Outdoorbox 12.70 BT<\/strong>\u00a0(12V70 Ah \/ 863 Wh) kombiniert <strong>smarte Technologie<\/strong>, <strong>hohe Leistung<\/strong> und <strong>au\u00dfergew\u00f6hnliche Zuverl\u00e4ssigkeit<\/strong> \u2013 perfekt f\u00fcr ihr n\u00e4chstes Outdoorabenteuer. c Die <strong>Bluetooth<\/strong>-Konnektivit\u00e4t gew\u00e4hrleistet eine nahtlose <strong>Kompatibilit\u00e4t<\/strong> mit fast <strong>allen 12-V-Trolling-Motoren<\/strong> und <strong>Echoloten<\/strong> und macht sie zur ultimativen wetterfesten 12-V-Stromversorgung.<br \/>\n<a href=\"#proddesc\">Mehr lesen&gt;<\/a><\/p>\n","protected":false},"featured_media":25217,"comment_status":"open","ping_status":"closed","template":"","meta":{"_acf_changed":false},"product_brand":[],"product_cat":[1902,1908],"product_tag":[],"class_list":{"0":"post-25208","1":"product","2":"type-product","3":"status-publish","4":"has-post-thumbnail","6":"product_cat-akkus","7":"product_cat-outdoorbox-de","8":"product_shipping_class-shipping-battery","9":"pa_fishing-andere-anwendungen","10":"pa_fishing-elektrisch-fahren","11":"pa_fishing-karpfen","12":"pa_fishing-raubfisch","14":"first","15":"instock","16":"taxable","17":"shipping-taxable","18":"purchasable","19":"product-type-simple"},"bundled_by":[],"bundle_stock_status":"instock","bundle_stock_quantity":2,"bundle_virtual":false,"bundle_layout":"","bundle_add_to_cart_form_location":"","bundle_editable_in_cart":false,"bundle_sold_individually_context":"","bundle_item_grouping":"","bundle_min_size":"","bundle_max_size":"","bundle_price":[],"bundled_items":[],"bundle_sell_ids":[],"acf":[],"yoast_head":"<!-- This site is optimized with the Yoast SEO plugin v27.1.1 - https:\/\/yoast.com\/product\/yoast-seo-wordpress\/ -->\n<title>Outdoorbox 12V115 BT | Rebelcell | Powering the outdoors.<\/title>\n<meta name=\"description\" content=\"Robuste leichte Outdoorbox. Tragbare Outdoor-Energiequelle f\u00fcr Camping, Angeln, E-Boot. Rebelcell. Powering the outdoors.\" \/>\n<meta name=\"robots\" content=\"noindex, follow, max-snippet:-1, max-image-preview:large, max-video-preview:-1\" \/>\n<meta property=\"og:locale\" content=\"de_DE\" \/>\n<meta property=\"og:type\" content=\"article\" \/>\n<meta property=\"og:title\" content=\"Outdoorbox 12V115 BT | Rebelcell | Powering the outdoors.\" \/>\n<meta property=\"og:description\" content=\"Robuste leichte Outdoorbox. Tragbare Outdoor-Energiequelle f\u00fcr Camping, Angeln, E-Boot. Rebelcell. Powering the outdoors.\" \/>\n<meta property=\"og:url\" content=\"https:\/\/test.rebel-cell.com\/de\/produkt\/outdoorbox-12-115-bt\/\" \/>\n<meta property=\"og:site_name\" content=\"Rebelcell\" \/>\n<meta property=\"article:publisher\" content=\"https:\/\/www.facebook.com\/rebelcelleu\" \/>\n<meta property=\"article:modified_time\" content=\"2026-01-01T00:21:35+00:00\" \/>\n<meta property=\"og:image\" content=\"https:\/\/test.rebel-cell.com\/wp-content\/uploads\/Outdoorbox_12.115-BT-_overview.webp\" \/>\n\t<meta property=\"og:image:width\" content=\"1000\" \/>\n\t<meta property=\"og:image:height\" content=\"1000\" \/>\n\t<meta property=\"og:image:type\" content=\"image\/webp\" \/>\n<meta name=\"twitter:card\" content=\"summary_large_image\" \/>\n<meta name=\"twitter:site\" content=\"@rebelcellnl\" \/>\n<meta name=\"twitter:label1\" content=\"Preis\" \/>\n\t<meta name=\"twitter:data1\" content=\"&euro;1.299,00\" \/>\n\t<meta name=\"twitter:label2\" content=\"Verf\u00fcgbarkeit\" \/>\n\t<meta name=\"twitter:data2\" content=\"Auf Lager\" \/>\n<script type=\"application\/ld+json\" class=\"yoast-schema-graph\">{\"@context\":\"https:\/\/schema.org\",\"@graph\":[{\"@type\":[\"WebPage\",\"ItemPage\"],\"@id\":\"https:\/\/test.rebel-cell.com\/de\/produkt\/outdoorbox-12-115-bt\/\",\"url\":\"https:\/\/test.rebel-cell.com\/de\/produkt\/outdoorbox-12-115-bt\/\",\"name\":\"Outdoorbox 12V115 BT | Rebelcell | Powering the outdoors.\",\"isPartOf\":{\"@id\":\"https:\/\/test.rebel-cell.com\/de\/#website\"},\"primaryImageOfPage\":{\"@id\":\"https:\/\/test.rebel-cell.com\/de\/produkt\/outdoorbox-12-115-bt\/#primaryimage\"},\"image\":{\"@id\":\"https:\/\/test.rebel-cell.com\/de\/produkt\/outdoorbox-12-115-bt\/#primaryimage\"},\"thumbnailUrl\":\"https:\/\/test.rebel-cell.com\/wp-content\/uploads\/Outdoorbox_12.115-BT-_overview.webp\",\"datePublished\":\"2025-01-15T16:07:40+00:00\",\"dateModified\":\"2026-01-01T00:21:35+00:00\",\"description\":\"Robuste leichte Outdoorbox. Tragbare Outdoor-Energiequelle f\u00fcr Camping, Angeln, E-Boot. Rebelcell. Powering the outdoors.\",\"breadcrumb\":{\"@id\":\"https:\/\/test.rebel-cell.com\/de\/produkt\/outdoorbox-12-115-bt\/#breadcrumb\"},\"inLanguage\":\"de\",\"potentialAction\":[{\"@type\":\"ReadAction\",\"target\":[\"https:\/\/test.rebel-cell.com\/de\/produkt\/outdoorbox-12-115-bt\/\"]}]},{\"@type\":\"ImageObject\",\"inLanguage\":\"de\",\"@id\":\"https:\/\/test.rebel-cell.com\/de\/produkt\/outdoorbox-12-115-bt\/#primaryimage\",\"url\":\"https:\/\/test.rebel-cell.com\/wp-content\/uploads\/Outdoorbox_12.115-BT-_overview.webp\",\"contentUrl\":\"https:\/\/test.rebel-cell.com\/wp-content\/uploads\/Outdoorbox_12.115-BT-_overview.webp\",\"width\":1000,\"height\":1000},{\"@type\":\"BreadcrumbList\",\"@id\":\"https:\/\/test.rebel-cell.com\/de\/produkt\/outdoorbox-12-115-bt\/#breadcrumb\",\"itemListElement\":[{\"@type\":\"ListItem\",\"position\":1,\"name\":\"Home\",\"item\":\"https:\/\/test.rebel-cell.com\/de\/\"},{\"@type\":\"ListItem\",\"position\":2,\"name\":\"Shop\",\"item\":\"https:\/\/test.rebel-cell.com\/de\/shop\/\"},{\"@type\":\"ListItem\",\"position\":3,\"name\":\"Outdoorbox 12.115 BT\"}]},{\"@type\":\"WebSite\",\"@id\":\"https:\/\/test.rebel-cell.com\/de\/#website\",\"url\":\"https:\/\/test.rebel-cell.com\/de\/\",\"name\":\"Rebelcell\",\"description\":\"Rebelcell\",\"publisher\":{\"@id\":\"https:\/\/test.rebel-cell.com\/de\/#organization\"},\"potentialAction\":[{\"@type\":\"SearchAction\",\"target\":{\"@type\":\"EntryPoint\",\"urlTemplate\":\"https:\/\/test.rebel-cell.com\/de\/?s={search_term_string}\"},\"query-input\":{\"@type\":\"PropertyValueSpecification\",\"valueRequired\":true,\"valueName\":\"search_term_string\"}}],\"inLanguage\":\"de\"},{\"@type\":\"Organization\",\"@id\":\"https:\/\/test.rebel-cell.com\/de\/#organization\",\"name\":\"Rebelcell\",\"url\":\"https:\/\/test.rebel-cell.com\/de\/\",\"logo\":{\"@type\":\"ImageObject\",\"inLanguage\":\"de\",\"@id\":\"https:\/\/test.rebel-cell.com\/de\/#\/schema\/logo\/image\/\",\"url\":\"https:\/\/test.rebel-cell.com\/wp-content\/uploads\/rebelcell-logo-300.png\",\"contentUrl\":\"https:\/\/test.rebel-cell.com\/wp-content\/uploads\/rebelcell-logo-300.png\",\"width\":300,\"height\":55,\"caption\":\"Rebelcell\"},\"image\":{\"@id\":\"https:\/\/test.rebel-cell.com\/de\/#\/schema\/logo\/image\/\"},\"sameAs\":[\"https:\/\/www.facebook.com\/rebelcelleu\",\"https:\/\/x.com\/rebelcellnl\",\"https:\/\/www.instagram.com\/rebelcelleurope\/?hl=nl\",\"https:\/\/www.youtube.com\/channel\/UCpySQUq4xwwtqveV1f8oiFw\"]}]}<\/script>\n<meta property=\"product:price:amount\" content=\"1299.00\" \/>\n<meta property=\"product:price:currency\" content=\"EUR\" \/>\n<meta property=\"og:availability\" content=\"instock\" \/>\n<meta property=\"product:availability\" content=\"instock\" \/>\n<meta property=\"product:retailer_item_id\" content=\"8720964631103\" \/>\n<meta property=\"product:condition\" content=\"new\" \/>\n<!-- \/ Yoast SEO plugin. -->","yoast_head_json":{"title":"Outdoorbox 12V115 BT | Rebelcell | Powering the outdoors.","description":"Robuste leichte Outdoorbox. Tragbare Outdoor-Energiequelle f\u00fcr Camping, Angeln, E-Boot. Rebelcell. Powering the outdoors.","robots":{"index":"noindex","follow":"follow","max-snippet":"max-snippet:-1","max-image-preview":"max-image-preview:large","max-video-preview":"max-video-preview:-1"},"og_locale":"de_DE","og_type":"article","og_title":"Outdoorbox 12V115 BT | Rebelcell | Powering the outdoors.","og_description":"Robuste leichte Outdoorbox. Tragbare Outdoor-Energiequelle f\u00fcr Camping, Angeln, E-Boot. Rebelcell. Powering the outdoors.","og_url":"https:\/\/test.rebel-cell.com\/de\/produkt\/outdoorbox-12-115-bt\/","og_site_name":"Rebelcell","article_publisher":"https:\/\/www.facebook.com\/rebelcelleu","article_modified_time":"2026-01-01T00:21:35+00:00","og_image":[{"width":1000,"height":1000,"url":"https:\/\/test.rebel-cell.com\/wp-content\/uploads\/Outdoorbox_12.115-BT-_overview.webp","type":"image\/webp"}],"twitter_card":"summary_large_image","twitter_site":"@rebelcellnl","twitter_misc":{"Preis":"&euro;1.299,00","Verf\u00fcgbarkeit":"Auf Lager"},"schema":{"@context":"https:\/\/schema.org","@graph":[{"@type":["WebPage","ItemPage"],"@id":"https:\/\/test.rebel-cell.com\/de\/produkt\/outdoorbox-12-115-bt\/","url":"https:\/\/test.rebel-cell.com\/de\/produkt\/outdoorbox-12-115-bt\/","name":"Outdoorbox 12V115 BT | Rebelcell | Powering the outdoors.","isPartOf":{"@id":"https:\/\/test.rebel-cell.com\/de\/#website"},"primaryImageOfPage":{"@id":"https:\/\/test.rebel-cell.com\/de\/produkt\/outdoorbox-12-115-bt\/#primaryimage"},"image":{"@id":"https:\/\/test.rebel-cell.com\/de\/produkt\/outdoorbox-12-115-bt\/#primaryimage"},"thumbnailUrl":"https:\/\/test.rebel-cell.com\/wp-content\/uploads\/Outdoorbox_12.115-BT-_overview.webp","datePublished":"2025-01-15T16:07:40+00:00","dateModified":"2026-01-01T00:21:35+00:00","description":"Robuste leichte Outdoorbox. Tragbare Outdoor-Energiequelle f\u00fcr Camping, Angeln, E-Boot. Rebelcell. Powering the outdoors.","breadcrumb":{"@id":"https:\/\/test.rebel-cell.com\/de\/produkt\/outdoorbox-12-115-bt\/#breadcrumb"},"inLanguage":"de","potentialAction":[{"@type":"ReadAction","target":["https:\/\/test.rebel-cell.com\/de\/produkt\/outdoorbox-12-115-bt\/"]}]},{"@type":"ImageObject","inLanguage":"de","@id":"https:\/\/test.rebel-cell.com\/de\/produkt\/outdoorbox-12-115-bt\/#primaryimage","url":"https:\/\/test.rebel-cell.com\/wp-content\/uploads\/Outdoorbox_12.115-BT-_overview.webp","contentUrl":"https:\/\/test.rebel-cell.com\/wp-content\/uploads\/Outdoorbox_12.115-BT-_overview.webp","width":1000,"height":1000},{"@type":"BreadcrumbList","@id":"https:\/\/test.rebel-cell.com\/de\/produkt\/outdoorbox-12-115-bt\/#breadcrumb","itemListElement":[{"@type":"ListItem","position":1,"name":"Home","item":"https:\/\/test.rebel-cell.com\/de\/"},{"@type":"ListItem","position":2,"name":"Shop","item":"https:\/\/test.rebel-cell.com\/de\/shop\/"},{"@type":"ListItem","position":3,"name":"Outdoorbox 12.115 BT"}]},{"@type":"WebSite","@id":"https:\/\/test.rebel-cell.com\/de\/#website","url":"https:\/\/test.rebel-cell.com\/de\/","name":"Rebelcell","description":"Rebelcell","publisher":{"@id":"https:\/\/test.rebel-cell.com\/de\/#organization"},"potentialAction":[{"@type":"SearchAction","target":{"@type":"EntryPoint","urlTemplate":"https:\/\/test.rebel-cell.com\/de\/?s={search_term_string}"},"query-input":{"@type":"PropertyValueSpecification","valueRequired":true,"valueName":"search_term_string"}}],"inLanguage":"de"},{"@type":"Organization","@id":"https:\/\/test.rebel-cell.com\/de\/#organization","name":"Rebelcell","url":"https:\/\/test.rebel-cell.com\/de\/","logo":{"@type":"ImageObject","inLanguage":"de","@id":"https:\/\/test.rebel-cell.com\/de\/#\/schema\/logo\/image\/","url":"https:\/\/test.rebel-cell.com\/wp-content\/uploads\/rebelcell-logo-300.png","contentUrl":"https:\/\/test.rebel-cell.com\/wp-content\/uploads\/rebelcell-logo-300.png","width":300,"height":55,"caption":"Rebelcell"},"image":{"@id":"https:\/\/test.rebel-cell.com\/de\/#\/schema\/logo\/image\/"},"sameAs":["https:\/\/www.facebook.com\/rebelcelleu","https:\/\/x.com\/rebelcellnl","https:\/\/www.instagram.com\/rebelcelleurope\/?hl=nl","https:\/\/www.youtube.com\/channel\/UCpySQUq4xwwtqveV1f8oiFw"]}]},"product_price_amount":"1299.00","product_price_currency":"EUR","og_availability":"instock","product_availability":"instock","product_retailer_item_id":"8720964631103","product_condition":"new"},"_links":{"self":[{"href":"https:\/\/test.rebel-cell.com\/de\/wp-json\/wp\/v2\/product\/25208","targetHints":{"allow":["GET"]}}],"collection":[{"href":"https:\/\/test.rebel-cell.com\/de\/wp-json\/wp\/v2\/product"}],"about":[{"href":"https:\/\/test.rebel-cell.com\/de\/wp-json\/wp\/v2\/types\/product"}],"replies":[{"embeddable":true,"href":"https:\/\/test.rebel-cell.com\/de\/wp-json\/wp\/v2\/comments?post=25208"}],"wp:featuredmedia":[{"embeddable":true,"href":"https:\/\/test.rebel-cell.com\/de\/wp-json\/wp\/v2\/media\/25217"}],"wp:attachment":[{"href":"https:\/\/test.rebel-cell.com\/de\/wp-json\/wp\/v2\/media?parent=25208"}],"wp:term":[{"taxonomy":"product_brand","embeddable":true,"href":"https:\/\/test.rebel-cell.com\/de\/wp-json\/wp\/v2\/product_brand?post=25208"},{"taxonomy":"product_cat","embeddable":true,"href":"https:\/\/test.rebel-cell.com\/de\/wp-json\/wp\/v2\/product_cat?post=25208"},{"taxonomy":"product_tag","embeddable":true,"href":"https:\/\/test.rebel-cell.com\/de\/wp-json\/wp\/v2\/product_tag?post=25208"}],"curies":[{"name":"wp","href":"https:\/\/api.w.org\/{rel}","templated":true}]}}