{"id":25540,"date":"2025-01-28T11:33:43","date_gmt":"2025-01-28T10:33:43","guid":{"rendered":"https:\/\/test.rebel-cell.com\/?post_type=product&#038;p=25540"},"modified":"2025-11-18T19:00:25","modified_gmt":"2025-11-18T18:00:25","slug":"12-6v20a-lithium-ladegerat-fur-outdoorbox-bt","status":"publish","type":"product","link":"https:\/\/test.rebel-cell.com\/de\/produkt\/12-6v20a-lithium-ladegerat-fur-outdoorbox-bt\/","title":{"rendered":"12.6V20A Lithium-Ladeger\u00e4t f\u00fcr Outdoorbox BT"},"content":{"rendered":"<h2>PRODUKTBESCHREIBUNG REBELCELL 12.6V20A LITHIUM-LADEGER\u00c4T F\u00dcR OUTDOORBOX BT<\/h2>\n<p>Das <strong>12,6V20A Li-Ionen-Ladeger\u00e4t f\u00fcr die Outdoorbox BT<\/strong> wurde speziell f\u00fcr das Laden der <strong>Rebelcell 12.70 BT \/ 12.115 BT Outdoorboxen<\/strong> entwickelt. Das speziell entwickelte Ladeprogramm sorgt daf\u00fcr, dass Ihre Outdoorbox schnell, sicher und automatisch mit dem richtigen Ladeprofil (Spannung \/ Ladestrom) geladen wird. So kann z.B. eine 12.70 BT Outdoorbox innerhalb von 5 Stunden aufgeladen werden.<\/p>\n<p>\u00dcber die LED-Anzeige am Ladeger\u00e4t k\u00f6nnen Sie den Status des Ladevorgangs einfach \u00fcberwachen. Das Ladeger\u00e4t ist mit <strong>Schutzfunktionen<\/strong> wie Kurzschluss-, Verpolungs- und \u00dcberspannungsschutz ausgestattet und verf\u00fcgt \u00fcber einen blauen ANEN 100A-Stecker zum einfachen Anschluss an die Outdoorbox 12.70 BT \/ 12.115 BT.<\/p>\n<p>Dieses Ladeger\u00e4t ist <strong>nur zum Laden einer Rebelcell 12.70 BT \/ 12.115 BT Outdoorbox<\/strong> bestimmt. Wenn Sie andere Batterien oder Outdoorboxen als die angegebenen laden, k\u00f6nnen (irreparable) Sch\u00e4den entstehen. Das Ladeger\u00e4t ist nur f\u00fcr die Verwendung in Innenr\u00e4umen vorgesehen und nicht wasserdicht. Weitere Informationen zu unseren Ladeger\u00e4ten finden Sie in unserer Wissensdatenbank.<\/p>\n<p><strong>Ladezeiten<\/strong><br \/>\n<strong>Outdoorbox 12.70 BT<\/strong>: 4-5 Std.<br \/>\n<strong>Outdoorbox 12.115 BT<\/strong>: 7-8 h.<\/p>\n<p>Produkt-Code: LC12V20BTODB<\/p>\n<p>Barcode: 8720964631196<\/p>\n<p>EAN: 8720964631196<\/p>\n","protected":false},"excerpt":{"rendered":"<p>Das <strong>12,6V20A Li-Ionen-Ladeger\u00e4t f\u00fcr die Outdoorbox BT<\/strong> wurde speziell f\u00fcr das Laden der <strong>Rebelcell 12.70 BT \/ 12.115 BT Outdoorboxen<\/strong> entwickelt. Das speziell entwickelte Ladeprogramm sorgt daf\u00fcr, dass Ihre Outdoorbox schnell, sicher und automatisch mit dem richtigen Ladeprofil (Spannung \/ Ladestrom) geladen wird. Das Ladeger\u00e4t ist mit <strong>Schutzfunktionen<\/strong>\u00a0ausgestattet und verf\u00fcgt \u00fcber einen blauen ANEN 100A Stecker zum einfachen Anschluss an die Outdoorbox 12.70 BT \/ 12.115 BT.<br \/>\n<a href=\"#proddesc\">Mehr lesen&gt;<\/a><\/p>\n","protected":false},"featured_media":25545,"comment_status":"open","ping_status":"closed","template":"","meta":{"_acf_changed":false},"product_brand":[],"product_cat":[1904,4444],"product_tag":[],"class_list":{"0":"post-25540","1":"product","2":"type-product","3":"status-publish","4":"has-post-thumbnail","6":"product_cat-ladegerate","7":"product_cat-batterieladegerate-ac","8":"product_shipping_class-normal-shipment","9":"pa_fishing-andere-anwendungen","10":"pa_fishing-elektrisch-fahren","11":"pa_fishing-karpfen","12":"pa_fishing-raubfisch","14":"first","15":"instock","16":"taxable","17":"shipping-taxable","18":"purchasable","19":"product-type-simple"},"bundled_by":[],"bundle_stock_status":"instock","bundle_stock_quantity":27,"bundle_virtual":false,"bundle_layout":"","bundle_add_to_cart_form_location":"","bundle_editable_in_cart":false,"bundle_sold_individually_context":"","bundle_item_grouping":"","bundle_min_size":"","bundle_max_size":"","bundle_price":[],"bundled_items":[],"bundle_sell_ids":[],"acf":[],"yoast_head":"<!-- This site is optimized with the Yoast SEO plugin v27.1.1 - https:\/\/yoast.com\/product\/yoast-seo-wordpress\/ -->\n<title>Ladeger\u00e4t 12.6V20A ODB BT | Rebelcell | Powering the outdoors<\/title>\n<meta name=\"description\" content=\"Sicheres und schnelles Aufladen der Rebelcell Outdoorbox BT. Rebelcell. Powering the outdoors.\" \/>\n<meta name=\"robots\" content=\"noindex, follow, max-snippet:-1, max-image-preview:large, max-video-preview:-1\" \/>\n<meta property=\"og:locale\" content=\"de_DE\" \/>\n<meta property=\"og:type\" content=\"article\" \/>\n<meta property=\"og:title\" content=\"Ladeger\u00e4t 12.6V20A ODB BT | Rebelcell | Powering the outdoors\" \/>\n<meta property=\"og:description\" content=\"Sicheres und schnelles Aufladen der Rebelcell Outdoorbox BT. Rebelcell. Powering the outdoors.\" \/>\n<meta property=\"og:url\" content=\"https:\/\/test.rebel-cell.com\/de\/produkt\/12-6v20a-lithium-ladegerat-fur-outdoorbox-bt\/\" \/>\n<meta property=\"og:site_name\" content=\"Rebelcell\" \/>\n<meta property=\"article:publisher\" content=\"https:\/\/www.facebook.com\/rebelcelleu\" \/>\n<meta property=\"article:modified_time\" content=\"2025-11-18T18:00:25+00:00\" \/>\n<meta property=\"og:image\" content=\"https:\/\/test.rebel-cell.com\/wp-content\/uploads\/Charger_12V20A_ODBBT_Blue_Anen_100A.webp\" \/>\n\t<meta property=\"og:image:width\" content=\"1920\" \/>\n\t<meta property=\"og:image:height\" content=\"1920\" \/>\n\t<meta property=\"og:image:type\" content=\"image\/webp\" \/>\n<meta name=\"twitter:card\" content=\"summary_large_image\" \/>\n<meta name=\"twitter:site\" content=\"@rebelcellnl\" \/>\n<meta name=\"twitter:label1\" content=\"Preis\" \/>\n\t<meta name=\"twitter:data1\" content=\"&euro;179,00\" \/>\n\t<meta name=\"twitter:label2\" content=\"Verf\u00fcgbarkeit\" \/>\n\t<meta name=\"twitter:data2\" content=\"Auf Lager\" \/>\n<script type=\"application\/ld+json\" class=\"yoast-schema-graph\">{\"@context\":\"https:\/\/schema.org\",\"@graph\":[{\"@type\":[\"WebPage\",\"ItemPage\"],\"@id\":\"https:\/\/test.rebel-cell.com\/de\/produkt\/12-6v20a-lithium-ladegerat-fur-outdoorbox-bt\/\",\"url\":\"https:\/\/test.rebel-cell.com\/de\/produkt\/12-6v20a-lithium-ladegerat-fur-outdoorbox-bt\/\",\"name\":\"Ladeger\u00e4t 12.6V20A ODB BT | Rebelcell | Powering the outdoors\",\"isPartOf\":{\"@id\":\"https:\/\/test.rebel-cell.com\/de\/#website\"},\"primaryImageOfPage\":{\"@id\":\"https:\/\/test.rebel-cell.com\/de\/produkt\/12-6v20a-lithium-ladegerat-fur-outdoorbox-bt\/#primaryimage\"},\"image\":{\"@id\":\"https:\/\/test.rebel-cell.com\/de\/produkt\/12-6v20a-lithium-ladegerat-fur-outdoorbox-bt\/#primaryimage\"},\"thumbnailUrl\":\"https:\/\/test.rebel-cell.com\/wp-content\/uploads\/Charger_12V20A_ODBBT_Blue_Anen_100A.webp\",\"datePublished\":\"2025-01-28T10:33:43+00:00\",\"dateModified\":\"2025-11-18T18:00:25+00:00\",\"description\":\"Sicheres und schnelles Aufladen der Rebelcell Outdoorbox BT. Rebelcell. Powering the outdoors.\",\"breadcrumb\":{\"@id\":\"https:\/\/test.rebel-cell.com\/de\/produkt\/12-6v20a-lithium-ladegerat-fur-outdoorbox-bt\/#breadcrumb\"},\"inLanguage\":\"de\",\"potentialAction\":[{\"@type\":\"ReadAction\",\"target\":[\"https:\/\/test.rebel-cell.com\/de\/produkt\/12-6v20a-lithium-ladegerat-fur-outdoorbox-bt\/\"]}]},{\"@type\":\"ImageObject\",\"inLanguage\":\"de\",\"@id\":\"https:\/\/test.rebel-cell.com\/de\/produkt\/12-6v20a-lithium-ladegerat-fur-outdoorbox-bt\/#primaryimage\",\"url\":\"https:\/\/test.rebel-cell.com\/wp-content\/uploads\/Charger_12V20A_ODBBT_Blue_Anen_100A.webp\",\"contentUrl\":\"https:\/\/test.rebel-cell.com\/wp-content\/uploads\/Charger_12V20A_ODBBT_Blue_Anen_100A.webp\",\"width\":1920,\"height\":1920},{\"@type\":\"BreadcrumbList\",\"@id\":\"https:\/\/test.rebel-cell.com\/de\/produkt\/12-6v20a-lithium-ladegerat-fur-outdoorbox-bt\/#breadcrumb\",\"itemListElement\":[{\"@type\":\"ListItem\",\"position\":1,\"name\":\"Home\",\"item\":\"https:\/\/test.rebel-cell.com\/de\/\"},{\"@type\":\"ListItem\",\"position\":2,\"name\":\"Shop\",\"item\":\"https:\/\/test.rebel-cell.com\/de\/shop\/\"},{\"@type\":\"ListItem\",\"position\":3,\"name\":\"12.6V20A Lithium-Ladeger\u00e4t f\u00fcr Outdoorbox BT\"}]},{\"@type\":\"WebSite\",\"@id\":\"https:\/\/test.rebel-cell.com\/de\/#website\",\"url\":\"https:\/\/test.rebel-cell.com\/de\/\",\"name\":\"Rebelcell\",\"description\":\"Rebelcell\",\"publisher\":{\"@id\":\"https:\/\/test.rebel-cell.com\/de\/#organization\"},\"potentialAction\":[{\"@type\":\"SearchAction\",\"target\":{\"@type\":\"EntryPoint\",\"urlTemplate\":\"https:\/\/test.rebel-cell.com\/de\/?s={search_term_string}\"},\"query-input\":{\"@type\":\"PropertyValueSpecification\",\"valueRequired\":true,\"valueName\":\"search_term_string\"}}],\"inLanguage\":\"de\"},{\"@type\":\"Organization\",\"@id\":\"https:\/\/test.rebel-cell.com\/de\/#organization\",\"name\":\"Rebelcell\",\"url\":\"https:\/\/test.rebel-cell.com\/de\/\",\"logo\":{\"@type\":\"ImageObject\",\"inLanguage\":\"de\",\"@id\":\"https:\/\/test.rebel-cell.com\/de\/#\/schema\/logo\/image\/\",\"url\":\"https:\/\/test.rebel-cell.com\/wp-content\/uploads\/rebelcell-logo-300.png\",\"contentUrl\":\"https:\/\/test.rebel-cell.com\/wp-content\/uploads\/rebelcell-logo-300.png\",\"width\":300,\"height\":55,\"caption\":\"Rebelcell\"},\"image\":{\"@id\":\"https:\/\/test.rebel-cell.com\/de\/#\/schema\/logo\/image\/\"},\"sameAs\":[\"https:\/\/www.facebook.com\/rebelcelleu\",\"https:\/\/x.com\/rebelcellnl\",\"https:\/\/www.instagram.com\/rebelcelleurope\/?hl=nl\",\"https:\/\/www.youtube.com\/channel\/UCpySQUq4xwwtqveV1f8oiFw\"]}]}<\/script>\n<meta property=\"product:price:amount\" content=\"179.00\" \/>\n<meta property=\"product:price:currency\" content=\"EUR\" \/>\n<meta property=\"og:availability\" content=\"instock\" \/>\n<meta property=\"product:availability\" content=\"instock\" \/>\n<meta property=\"product:retailer_item_id\" content=\"8720964631196\" \/>\n<meta property=\"product:condition\" content=\"new\" \/>\n<!-- \/ Yoast SEO plugin. -->","yoast_head_json":{"title":"Ladeger\u00e4t 12.6V20A ODB BT | Rebelcell | Powering the outdoors","description":"Sicheres und schnelles Aufladen der Rebelcell Outdoorbox BT. Rebelcell. Powering the outdoors.","robots":{"index":"noindex","follow":"follow","max-snippet":"max-snippet:-1","max-image-preview":"max-image-preview:large","max-video-preview":"max-video-preview:-1"},"og_locale":"de_DE","og_type":"article","og_title":"Ladeger\u00e4t 12.6V20A ODB BT | Rebelcell | Powering the outdoors","og_description":"Sicheres und schnelles Aufladen der Rebelcell Outdoorbox BT. Rebelcell. Powering the outdoors.","og_url":"https:\/\/test.rebel-cell.com\/de\/produkt\/12-6v20a-lithium-ladegerat-fur-outdoorbox-bt\/","og_site_name":"Rebelcell","article_publisher":"https:\/\/www.facebook.com\/rebelcelleu","article_modified_time":"2025-11-18T18:00:25+00:00","og_image":[{"width":1920,"height":1920,"url":"https:\/\/test.rebel-cell.com\/wp-content\/uploads\/Charger_12V20A_ODBBT_Blue_Anen_100A.webp","type":"image\/webp"}],"twitter_card":"summary_large_image","twitter_site":"@rebelcellnl","twitter_misc":{"Preis":"&euro;179,00","Verf\u00fcgbarkeit":"Auf Lager"},"schema":{"@context":"https:\/\/schema.org","@graph":[{"@type":["WebPage","ItemPage"],"@id":"https:\/\/test.rebel-cell.com\/de\/produkt\/12-6v20a-lithium-ladegerat-fur-outdoorbox-bt\/","url":"https:\/\/test.rebel-cell.com\/de\/produkt\/12-6v20a-lithium-ladegerat-fur-outdoorbox-bt\/","name":"Ladeger\u00e4t 12.6V20A ODB BT | Rebelcell | Powering the outdoors","isPartOf":{"@id":"https:\/\/test.rebel-cell.com\/de\/#website"},"primaryImageOfPage":{"@id":"https:\/\/test.rebel-cell.com\/de\/produkt\/12-6v20a-lithium-ladegerat-fur-outdoorbox-bt\/#primaryimage"},"image":{"@id":"https:\/\/test.rebel-cell.com\/de\/produkt\/12-6v20a-lithium-ladegerat-fur-outdoorbox-bt\/#primaryimage"},"thumbnailUrl":"https:\/\/test.rebel-cell.com\/wp-content\/uploads\/Charger_12V20A_ODBBT_Blue_Anen_100A.webp","datePublished":"2025-01-28T10:33:43+00:00","dateModified":"2025-11-18T18:00:25+00:00","description":"Sicheres und schnelles Aufladen der Rebelcell Outdoorbox BT. Rebelcell. Powering the outdoors.","breadcrumb":{"@id":"https:\/\/test.rebel-cell.com\/de\/produkt\/12-6v20a-lithium-ladegerat-fur-outdoorbox-bt\/#breadcrumb"},"inLanguage":"de","potentialAction":[{"@type":"ReadAction","target":["https:\/\/test.rebel-cell.com\/de\/produkt\/12-6v20a-lithium-ladegerat-fur-outdoorbox-bt\/"]}]},{"@type":"ImageObject","inLanguage":"de","@id":"https:\/\/test.rebel-cell.com\/de\/produkt\/12-6v20a-lithium-ladegerat-fur-outdoorbox-bt\/#primaryimage","url":"https:\/\/test.rebel-cell.com\/wp-content\/uploads\/Charger_12V20A_ODBBT_Blue_Anen_100A.webp","contentUrl":"https:\/\/test.rebel-cell.com\/wp-content\/uploads\/Charger_12V20A_ODBBT_Blue_Anen_100A.webp","width":1920,"height":1920},{"@type":"BreadcrumbList","@id":"https:\/\/test.rebel-cell.com\/de\/produkt\/12-6v20a-lithium-ladegerat-fur-outdoorbox-bt\/#breadcrumb","itemListElement":[{"@type":"ListItem","position":1,"name":"Home","item":"https:\/\/test.rebel-cell.com\/de\/"},{"@type":"ListItem","position":2,"name":"Shop","item":"https:\/\/test.rebel-cell.com\/de\/shop\/"},{"@type":"ListItem","position":3,"name":"12.6V20A Lithium-Ladeger\u00e4t f\u00fcr Outdoorbox BT"}]},{"@type":"WebSite","@id":"https:\/\/test.rebel-cell.com\/de\/#website","url":"https:\/\/test.rebel-cell.com\/de\/","name":"Rebelcell","description":"Rebelcell","publisher":{"@id":"https:\/\/test.rebel-cell.com\/de\/#organization"},"potentialAction":[{"@type":"SearchAction","target":{"@type":"EntryPoint","urlTemplate":"https:\/\/test.rebel-cell.com\/de\/?s={search_term_string}"},"query-input":{"@type":"PropertyValueSpecification","valueRequired":true,"valueName":"search_term_string"}}],"inLanguage":"de"},{"@type":"Organization","@id":"https:\/\/test.rebel-cell.com\/de\/#organization","name":"Rebelcell","url":"https:\/\/test.rebel-cell.com\/de\/","logo":{"@type":"ImageObject","inLanguage":"de","@id":"https:\/\/test.rebel-cell.com\/de\/#\/schema\/logo\/image\/","url":"https:\/\/test.rebel-cell.com\/wp-content\/uploads\/rebelcell-logo-300.png","contentUrl":"https:\/\/test.rebel-cell.com\/wp-content\/uploads\/rebelcell-logo-300.png","width":300,"height":55,"caption":"Rebelcell"},"image":{"@id":"https:\/\/test.rebel-cell.com\/de\/#\/schema\/logo\/image\/"},"sameAs":["https:\/\/www.facebook.com\/rebelcelleu","https:\/\/x.com\/rebelcellnl","https:\/\/www.instagram.com\/rebelcelleurope\/?hl=nl","https:\/\/www.youtube.com\/channel\/UCpySQUq4xwwtqveV1f8oiFw"]}]},"product_price_amount":"179.00","product_price_currency":"EUR","og_availability":"instock","product_availability":"instock","product_retailer_item_id":"8720964631196","product_condition":"new"},"_links":{"self":[{"href":"https:\/\/test.rebel-cell.com\/de\/wp-json\/wp\/v2\/product\/25540","targetHints":{"allow":["GET"]}}],"collection":[{"href":"https:\/\/test.rebel-cell.com\/de\/wp-json\/wp\/v2\/product"}],"about":[{"href":"https:\/\/test.rebel-cell.com\/de\/wp-json\/wp\/v2\/types\/product"}],"replies":[{"embeddable":true,"href":"https:\/\/test.rebel-cell.com\/de\/wp-json\/wp\/v2\/comments?post=25540"}],"wp:featuredmedia":[{"embeddable":true,"href":"https:\/\/test.rebel-cell.com\/de\/wp-json\/wp\/v2\/media\/25545"}],"wp:attachment":[{"href":"https:\/\/test.rebel-cell.com\/de\/wp-json\/wp\/v2\/media?parent=25540"}],"wp:term":[{"taxonomy":"product_brand","embeddable":true,"href":"https:\/\/test.rebel-cell.com\/de\/wp-json\/wp\/v2\/product_brand?post=25540"},{"taxonomy":"product_cat","embeddable":true,"href":"https:\/\/test.rebel-cell.com\/de\/wp-json\/wp\/v2\/product_cat?post=25540"},{"taxonomy":"product_tag","embeddable":true,"href":"https:\/\/test.rebel-cell.com\/de\/wp-json\/wp\/v2\/product_tag?post=25540"}],"curies":[{"name":"wp","href":"https:\/\/api.w.org\/{rel}","templated":true}]}}