{"id":28449,"date":"2025-09-07T13:41:30","date_gmt":"2025-09-07T11:41:30","guid":{"rendered":"https:\/\/test.rebel-cell.com\/?post_type=product&#038;p=28449"},"modified":"2026-02-07T10:55:34","modified_gmt":"2026-02-07T09:55:34","slug":"12v150-edge-lifepo4-akku","status":"publish","type":"product","link":"https:\/\/test.rebel-cell.com\/de\/produkt\/12v150-edge-lifepo4-akku\/","title":{"rendered":"12V150 EDGE LiFePO4-Akku"},"content":{"rendered":"<section id=\"proddesc\" class=\"prod-desc-box\">\n<div class=\"container\">\n<h2>PRODUKTBESCHREIBUNG REBELCELL\u00a0<strong>12V150 EDGE LiFePO4<\/strong>-AKKU<\/h2>\n<p data-start=\"221\" data-end=\"583\">Die <strong data-start=\"234\" data-end=\"266\">12V150 EDGE LiFePO\u2084-Batterie<\/strong> liefert <strong data-start=\"275\" data-end=\"298\">12V150Ah <\/strong>(1,92 kWh) Leistung in einem <strong>ultrakompakten<\/strong> Geh\u00e4use, das in nahezu jedes Batteriefach passt. Sie wurde f\u00fcr den <strong>Maritimen<\/strong> und <strong>Freizeitbereich<\/strong> entwickelt und ist <strong data-start=\"448\" data-end=\"479\">ideal als Energieversorgung<\/strong> f\u00fcr <strong data-start=\"484\" data-end=\"552\">Elektromotoren, Marineelektronik und Servicebatterie-Anwendungen<\/strong> in Wohnmobilen und Caravans.<\/p>\n<p data-start=\"585\" data-end=\"1088\">Die Batterie ist mit einem <strong data-start=\"612\" data-end=\"655\">robusten Batteriemanagementsystem (BMS)<\/strong> f\u00fcr einen sicheren Betrieb ausgestattet, bietet <strong data-start=\"704\" data-end=\"731\">Bluetooth-Konnektivit\u00e4t<\/strong> zur Echtzeit\u00fcberwachung \u00fcber die Rebelcell App und verf\u00fcgt \u00fcber die <strong data-start=\"800\" data-end=\"821\">Schutzklasse IP66<\/strong> f\u00fcr den Einsatz in anspruchsvollen Umgebungen. F\u00fcr h\u00f6heren Energiebedarf k\u00f6nnen bis zu <strong data-start=\"909\" data-end=\"933\">4 Batterien parallel<\/strong> oder <strong data-start=\"939\" data-end=\"963\">2 Batterien in Reihe<\/strong> geschaltet werden. Die 12V150 EDGE wird mit einer <strong data-start=\"1014\" data-end=\"1035\">3-Jahres-Garantie<\/strong> geliefert und bietet damit zus\u00e4tzliche Sicherheit.<\/p>\n<p data-start=\"1092\" data-end=\"1123\"><strong data-start=\"1092\" data-end=\"1108\">Produktcode:<\/strong> 12V150RCEDGE<\/p>\n<p data-start=\"1126\" data-end=\"1150\"><strong data-start=\"1126\" data-end=\"1134\">EAN:<\/strong> 8720964631424<\/p>\n<\/div>\n<\/section>\n","protected":false},"excerpt":{"rendered":"<p><strong>NEU! <\/strong>Die <strong>12V150 EDGE LiFePO\u2084<\/strong>-Batterie liefert <strong>12V150Ah<\/strong> (1,92 kWh) Leistung in einem <strong>ultrakompakten<\/strong> Geh\u00e4use, das in nahezu jedes Batteriefach passt. Entwickelt f\u00fcr den <strong>Maritimen<\/strong> und <strong>Freizeitbereich<\/strong> und ideal als Energieversorgung f\u00fcr Elektromotoren, Marineelektronik und Servicebatterie-Anwendungen in Wohnmobilen und Caravans.<br \/>\n<a href=\"https:\/\/test.rebel-cell.com\/de\/produkt\/12v80-pro-lithium-akku\/#proddesc\">Mehr lesen&gt;<\/a><\/p>\n","protected":false},"featured_media":29817,"comment_status":"open","ping_status":"closed","template":"","meta":{"_acf_changed":false},"product_brand":[],"product_cat":[1902,4440],"product_tag":[],"class_list":{"0":"post-28449","1":"product","2":"type-product","3":"status-publish","4":"has-post-thumbnail","6":"product_cat-akkus","7":"product_cat-lithium-akkus-12v-24v-36v","8":"product_shipping_class-shipping-battery","9":"pa_fishing-andere-anwendungen","10":"pa_fishing-elektrisch-fahren","11":"pa_fishing-karpfen","13":"first","14":"instock","15":"taxable","16":"shipping-taxable","17":"purchasable","18":"product-type-simple"},"bundled_by":["30679"],"bundle_stock_status":"instock","bundle_stock_quantity":15,"bundle_virtual":false,"bundle_layout":"","bundle_add_to_cart_form_location":"","bundle_editable_in_cart":false,"bundle_sold_individually_context":"","bundle_item_grouping":"","bundle_min_size":"","bundle_max_size":"","bundle_price":[],"bundled_items":[],"bundle_sell_ids":[],"acf":[],"yoast_head":"<!-- This site is optimized with the Yoast SEO plugin v27.1.1 - https:\/\/yoast.com\/product\/yoast-seo-wordpress\/ -->\n<title>Rebelcell | 12V150 EDGE LiFePO4 Akku | Powering the Outdoors<\/title>\n<meta name=\"description\" content=\"12V150Ah (1,92 kWh) LiFePO\u2084-Batterie im ultrakompakten Geh\u00e4use. Zuverl\u00e4ssige Energieversorgung f\u00fcr Elektromotoren, Marineelektronik, Wohnmobile und Caravans.\" \/>\n<meta name=\"robots\" content=\"noindex, follow, max-snippet:-1, max-image-preview:large, max-video-preview:-1\" \/>\n<meta property=\"og:locale\" content=\"de_DE\" \/>\n<meta property=\"og:type\" content=\"article\" \/>\n<meta property=\"og:title\" content=\"Rebelcell | 12V150 EDGE LiFePO4 Akku | Powering the Outdoors\" \/>\n<meta property=\"og:description\" content=\"12V150Ah (1,92 kWh) LiFePO\u2084-Batterie im ultrakompakten Geh\u00e4use. Zuverl\u00e4ssige Energieversorgung f\u00fcr Elektromotoren, Marineelektronik, Wohnmobile und Caravans.\" \/>\n<meta property=\"og:url\" content=\"https:\/\/test.rebel-cell.com\/de\/produkt\/12v150-edge-lifepo4-akku\/\" \/>\n<meta property=\"og:site_name\" content=\"Rebelcell\" \/>\n<meta property=\"article:publisher\" content=\"https:\/\/www.facebook.com\/rebelcelleu\" \/>\n<meta property=\"article:modified_time\" content=\"2026-02-07T09:55:34+00:00\" \/>\n<meta property=\"og:image\" content=\"https:\/\/test.rebel-cell.com\/wp-content\/uploads\/12V150_Edge_overview.jpg\" \/>\n\t<meta property=\"og:image:width\" content=\"1024\" \/>\n\t<meta property=\"og:image:height\" content=\"1024\" \/>\n\t<meta property=\"og:image:type\" content=\"image\/jpeg\" \/>\n<meta name=\"twitter:card\" content=\"summary_large_image\" \/>\n<meta name=\"twitter:site\" content=\"@rebelcellnl\" \/>\n<meta name=\"twitter:label1\" content=\"Preis\" \/>\n\t<meta name=\"twitter:data1\" content=\"&euro;899,00\" \/>\n\t<meta name=\"twitter:label2\" content=\"Verf\u00fcgbarkeit\" \/>\n\t<meta name=\"twitter:data2\" content=\"Auf Lager\" \/>\n<script type=\"application\/ld+json\" class=\"yoast-schema-graph\">{\"@context\":\"https:\/\/schema.org\",\"@graph\":[{\"@type\":[\"WebPage\",\"ItemPage\"],\"@id\":\"https:\/\/test.rebel-cell.com\/de\/produkt\/12v150-edge-lifepo4-akku\/\",\"url\":\"https:\/\/test.rebel-cell.com\/de\/produkt\/12v150-edge-lifepo4-akku\/\",\"name\":\"Rebelcell | 12V150 EDGE LiFePO4 Akku | Powering the Outdoors\",\"isPartOf\":{\"@id\":\"https:\/\/test.rebel-cell.com\/de\/#website\"},\"primaryImageOfPage\":{\"@id\":\"https:\/\/test.rebel-cell.com\/de\/produkt\/12v150-edge-lifepo4-akku\/#primaryimage\"},\"image\":{\"@id\":\"https:\/\/test.rebel-cell.com\/de\/produkt\/12v150-edge-lifepo4-akku\/#primaryimage\"},\"thumbnailUrl\":\"https:\/\/test.rebel-cell.com\/wp-content\/uploads\/12V150_Edge_overview.jpg\",\"datePublished\":\"2025-09-07T11:41:30+00:00\",\"dateModified\":\"2026-02-07T09:55:34+00:00\",\"description\":\"12V150Ah (1,92 kWh) LiFePO\u2084-Batterie im ultrakompakten Geh\u00e4use. Zuverl\u00e4ssige Energieversorgung f\u00fcr Elektromotoren, Marineelektronik, Wohnmobile und Caravans.\",\"breadcrumb\":{\"@id\":\"https:\/\/test.rebel-cell.com\/de\/produkt\/12v150-edge-lifepo4-akku\/#breadcrumb\"},\"inLanguage\":\"de\",\"potentialAction\":[{\"@type\":\"ReadAction\",\"target\":[\"https:\/\/test.rebel-cell.com\/de\/produkt\/12v150-edge-lifepo4-akku\/\"]}]},{\"@type\":\"ImageObject\",\"inLanguage\":\"de\",\"@id\":\"https:\/\/test.rebel-cell.com\/de\/produkt\/12v150-edge-lifepo4-akku\/#primaryimage\",\"url\":\"https:\/\/test.rebel-cell.com\/wp-content\/uploads\/12V150_Edge_overview.jpg\",\"contentUrl\":\"https:\/\/test.rebel-cell.com\/wp-content\/uploads\/12V150_Edge_overview.jpg\",\"width\":1024,\"height\":1024},{\"@type\":\"BreadcrumbList\",\"@id\":\"https:\/\/test.rebel-cell.com\/de\/produkt\/12v150-edge-lifepo4-akku\/#breadcrumb\",\"itemListElement\":[{\"@type\":\"ListItem\",\"position\":1,\"name\":\"Home\",\"item\":\"https:\/\/test.rebel-cell.com\/de\/\"},{\"@type\":\"ListItem\",\"position\":2,\"name\":\"Shop\",\"item\":\"https:\/\/test.rebel-cell.com\/de\/shop\/\"},{\"@type\":\"ListItem\",\"position\":3,\"name\":\"12V150 EDGE LiFePO4-Akku\"}]},{\"@type\":\"WebSite\",\"@id\":\"https:\/\/test.rebel-cell.com\/de\/#website\",\"url\":\"https:\/\/test.rebel-cell.com\/de\/\",\"name\":\"Rebelcell\",\"description\":\"Rebelcell\",\"publisher\":{\"@id\":\"https:\/\/test.rebel-cell.com\/de\/#organization\"},\"potentialAction\":[{\"@type\":\"SearchAction\",\"target\":{\"@type\":\"EntryPoint\",\"urlTemplate\":\"https:\/\/test.rebel-cell.com\/de\/?s={search_term_string}\"},\"query-input\":{\"@type\":\"PropertyValueSpecification\",\"valueRequired\":true,\"valueName\":\"search_term_string\"}}],\"inLanguage\":\"de\"},{\"@type\":\"Organization\",\"@id\":\"https:\/\/test.rebel-cell.com\/de\/#organization\",\"name\":\"Rebelcell\",\"url\":\"https:\/\/test.rebel-cell.com\/de\/\",\"logo\":{\"@type\":\"ImageObject\",\"inLanguage\":\"de\",\"@id\":\"https:\/\/test.rebel-cell.com\/de\/#\/schema\/logo\/image\/\",\"url\":\"https:\/\/test.rebel-cell.com\/wp-content\/uploads\/rebelcell-logo-300.png\",\"contentUrl\":\"https:\/\/test.rebel-cell.com\/wp-content\/uploads\/rebelcell-logo-300.png\",\"width\":300,\"height\":55,\"caption\":\"Rebelcell\"},\"image\":{\"@id\":\"https:\/\/test.rebel-cell.com\/de\/#\/schema\/logo\/image\/\"},\"sameAs\":[\"https:\/\/www.facebook.com\/rebelcelleu\",\"https:\/\/x.com\/rebelcellnl\",\"https:\/\/www.instagram.com\/rebelcelleurope\/?hl=nl\",\"https:\/\/www.youtube.com\/channel\/UCpySQUq4xwwtqveV1f8oiFw\"]}]}<\/script>\n<meta property=\"product:price:amount\" content=\"899.00\" \/>\n<meta property=\"product:price:currency\" content=\"EUR\" \/>\n<meta property=\"og:availability\" content=\"instock\" \/>\n<meta property=\"product:availability\" content=\"instock\" \/>\n<meta property=\"product:retailer_item_id\" content=\"8720964631424\" \/>\n<meta property=\"product:condition\" content=\"new\" \/>\n<!-- \/ Yoast SEO plugin. -->","yoast_head_json":{"title":"Rebelcell | 12V150 EDGE LiFePO4 Akku | Powering the Outdoors","description":"12V150Ah (1,92 kWh) LiFePO\u2084-Batterie im ultrakompakten Geh\u00e4use. Zuverl\u00e4ssige Energieversorgung f\u00fcr Elektromotoren, Marineelektronik, Wohnmobile und Caravans.","robots":{"index":"noindex","follow":"follow","max-snippet":"max-snippet:-1","max-image-preview":"max-image-preview:large","max-video-preview":"max-video-preview:-1"},"og_locale":"de_DE","og_type":"article","og_title":"Rebelcell | 12V150 EDGE LiFePO4 Akku | Powering the Outdoors","og_description":"12V150Ah (1,92 kWh) LiFePO\u2084-Batterie im ultrakompakten Geh\u00e4use. Zuverl\u00e4ssige Energieversorgung f\u00fcr Elektromotoren, Marineelektronik, Wohnmobile und Caravans.","og_url":"https:\/\/test.rebel-cell.com\/de\/produkt\/12v150-edge-lifepo4-akku\/","og_site_name":"Rebelcell","article_publisher":"https:\/\/www.facebook.com\/rebelcelleu","article_modified_time":"2026-02-07T09:55:34+00:00","og_image":[{"width":1024,"height":1024,"url":"https:\/\/test.rebel-cell.com\/wp-content\/uploads\/12V150_Edge_overview.jpg","type":"image\/jpeg"}],"twitter_card":"summary_large_image","twitter_site":"@rebelcellnl","twitter_misc":{"Preis":"&euro;899,00","Verf\u00fcgbarkeit":"Auf Lager"},"schema":{"@context":"https:\/\/schema.org","@graph":[{"@type":["WebPage","ItemPage"],"@id":"https:\/\/test.rebel-cell.com\/de\/produkt\/12v150-edge-lifepo4-akku\/","url":"https:\/\/test.rebel-cell.com\/de\/produkt\/12v150-edge-lifepo4-akku\/","name":"Rebelcell | 12V150 EDGE LiFePO4 Akku | Powering the Outdoors","isPartOf":{"@id":"https:\/\/test.rebel-cell.com\/de\/#website"},"primaryImageOfPage":{"@id":"https:\/\/test.rebel-cell.com\/de\/produkt\/12v150-edge-lifepo4-akku\/#primaryimage"},"image":{"@id":"https:\/\/test.rebel-cell.com\/de\/produkt\/12v150-edge-lifepo4-akku\/#primaryimage"},"thumbnailUrl":"https:\/\/test.rebel-cell.com\/wp-content\/uploads\/12V150_Edge_overview.jpg","datePublished":"2025-09-07T11:41:30+00:00","dateModified":"2026-02-07T09:55:34+00:00","description":"12V150Ah (1,92 kWh) LiFePO\u2084-Batterie im ultrakompakten Geh\u00e4use. Zuverl\u00e4ssige Energieversorgung f\u00fcr Elektromotoren, Marineelektronik, Wohnmobile und Caravans.","breadcrumb":{"@id":"https:\/\/test.rebel-cell.com\/de\/produkt\/12v150-edge-lifepo4-akku\/#breadcrumb"},"inLanguage":"de","potentialAction":[{"@type":"ReadAction","target":["https:\/\/test.rebel-cell.com\/de\/produkt\/12v150-edge-lifepo4-akku\/"]}]},{"@type":"ImageObject","inLanguage":"de","@id":"https:\/\/test.rebel-cell.com\/de\/produkt\/12v150-edge-lifepo4-akku\/#primaryimage","url":"https:\/\/test.rebel-cell.com\/wp-content\/uploads\/12V150_Edge_overview.jpg","contentUrl":"https:\/\/test.rebel-cell.com\/wp-content\/uploads\/12V150_Edge_overview.jpg","width":1024,"height":1024},{"@type":"BreadcrumbList","@id":"https:\/\/test.rebel-cell.com\/de\/produkt\/12v150-edge-lifepo4-akku\/#breadcrumb","itemListElement":[{"@type":"ListItem","position":1,"name":"Home","item":"https:\/\/test.rebel-cell.com\/de\/"},{"@type":"ListItem","position":2,"name":"Shop","item":"https:\/\/test.rebel-cell.com\/de\/shop\/"},{"@type":"ListItem","position":3,"name":"12V150 EDGE LiFePO4-Akku"}]},{"@type":"WebSite","@id":"https:\/\/test.rebel-cell.com\/de\/#website","url":"https:\/\/test.rebel-cell.com\/de\/","name":"Rebelcell","description":"Rebelcell","publisher":{"@id":"https:\/\/test.rebel-cell.com\/de\/#organization"},"potentialAction":[{"@type":"SearchAction","target":{"@type":"EntryPoint","urlTemplate":"https:\/\/test.rebel-cell.com\/de\/?s={search_term_string}"},"query-input":{"@type":"PropertyValueSpecification","valueRequired":true,"valueName":"search_term_string"}}],"inLanguage":"de"},{"@type":"Organization","@id":"https:\/\/test.rebel-cell.com\/de\/#organization","name":"Rebelcell","url":"https:\/\/test.rebel-cell.com\/de\/","logo":{"@type":"ImageObject","inLanguage":"de","@id":"https:\/\/test.rebel-cell.com\/de\/#\/schema\/logo\/image\/","url":"https:\/\/test.rebel-cell.com\/wp-content\/uploads\/rebelcell-logo-300.png","contentUrl":"https:\/\/test.rebel-cell.com\/wp-content\/uploads\/rebelcell-logo-300.png","width":300,"height":55,"caption":"Rebelcell"},"image":{"@id":"https:\/\/test.rebel-cell.com\/de\/#\/schema\/logo\/image\/"},"sameAs":["https:\/\/www.facebook.com\/rebelcelleu","https:\/\/x.com\/rebelcellnl","https:\/\/www.instagram.com\/rebelcelleurope\/?hl=nl","https:\/\/www.youtube.com\/channel\/UCpySQUq4xwwtqveV1f8oiFw"]}]},"product_price_amount":"899.00","product_price_currency":"EUR","og_availability":"instock","product_availability":"instock","product_retailer_item_id":"8720964631424","product_condition":"new"},"_links":{"self":[{"href":"https:\/\/test.rebel-cell.com\/de\/wp-json\/wp\/v2\/product\/28449","targetHints":{"allow":["GET"]}}],"collection":[{"href":"https:\/\/test.rebel-cell.com\/de\/wp-json\/wp\/v2\/product"}],"about":[{"href":"https:\/\/test.rebel-cell.com\/de\/wp-json\/wp\/v2\/types\/product"}],"replies":[{"embeddable":true,"href":"https:\/\/test.rebel-cell.com\/de\/wp-json\/wp\/v2\/comments?post=28449"}],"wp:featuredmedia":[{"embeddable":true,"href":"https:\/\/test.rebel-cell.com\/de\/wp-json\/wp\/v2\/media\/29817"}],"wp:attachment":[{"href":"https:\/\/test.rebel-cell.com\/de\/wp-json\/wp\/v2\/media?parent=28449"}],"wp:term":[{"taxonomy":"product_brand","embeddable":true,"href":"https:\/\/test.rebel-cell.com\/de\/wp-json\/wp\/v2\/product_brand?post=28449"},{"taxonomy":"product_cat","embeddable":true,"href":"https:\/\/test.rebel-cell.com\/de\/wp-json\/wp\/v2\/product_cat?post=28449"},{"taxonomy":"product_tag","embeddable":true,"href":"https:\/\/test.rebel-cell.com\/de\/wp-json\/wp\/v2\/product_tag?post=28449"}],"curies":[{"name":"wp","href":"https:\/\/api.w.org\/{rel}","templated":true}]}}