{"id":28464,"date":"2025-09-07T14:36:34","date_gmt":"2025-09-07T12:36:34","guid":{"rendered":"https:\/\/test.rebel-cell.com\/?post_type=product&#038;p=28464"},"modified":"2026-03-10T22:11:05","modified_gmt":"2026-03-10T21:11:05","slug":"24v75-edge-lifepo4-akku","status":"publish","type":"product","link":"https:\/\/test.rebel-cell.com\/de\/produkt\/24v75-edge-lifepo4-akku\/","title":{"rendered":"24V75 EDGE LiFePO4-Akku"},"content":{"rendered":"<section id=\"proddesc\" class=\"prod-desc-box\">\n<div class=\"container\">\n<h2>PRODUKTBESCHREIBUNG REBELCELL 24V75 EDGE LiFePO4-BATTERIE<\/h2>\n<p data-start=\"185\" data-end=\"648\">Die <strong data-start=\"245\" data-end=\"259\">24V75 EDGE<\/strong> ist eine <strong>kompakte<\/strong> Deep-Cycle LiFePO\u2084-Batterie, entwickelt f\u00fcr maritime und Freizeit\u00adanwendungen. Mit <strong data-start=\"361\" data-end=\"383\">24V75Ah <\/strong>(1,92 kWh) Kapazit\u00e4t in einem Geh\u00e4use, das in nahezu <strong>jedes Batteriefach passt,<\/strong> ist sie ideal f\u00fcr <strong data-start=\"470\" data-end=\"542\">24V Elektromotoren, Marineelektronik, Echolote <\/strong>und<strong data-start=\"470\" data-end=\"542\"> Servicebatterie-Anwendungen<\/strong> in Wohnmobilen und Caravans, wo der Platz begrenzt ist, aber eine hohe Batteriekapazit\u00e4t ben\u00f6tigt wird.<\/p>\n<p data-start=\"650\" data-end=\"1006\">Die Batterie ist mit einem <strong data-start=\"677\" data-end=\"720\">robusten Batteriemanagementsystem (BMS)<\/strong> f\u00fcr einen sicheren Betrieb ausgestattet, bietet <strong data-start=\"769\" data-end=\"796\">Bluetooth-Konnektivit\u00e4t<\/strong> zur Echtzeit\u00fcberwachung \u00fcber die Rebelcell App und verf\u00fcgt \u00fcber die <strong data-start=\"865\" data-end=\"886\">Schutzklasse IP66<\/strong> f\u00fcr den Einsatz in anspruchsvollen Umgebungen. F\u00fcr mehr Leistung unterst\u00fctzt die 24V75 EDGE flexible Konfigurationen:<\/p>\n<ul data-start=\"1007\" data-end=\"1148\">\n<li data-start=\"1007\" data-end=\"1070\">\n<p data-start=\"1009\" data-end=\"1070\">Bis zu <strong data-start=\"1016\" data-end=\"1040\">4 Batterien parallel<\/strong>: 24V300Ah-System (7,68 kWh)<\/p>\n<\/li>\n<li data-start=\"1071\" data-end=\"1148\">\n<p data-start=\"1073\" data-end=\"1148\"><strong data-start=\"1073\" data-end=\"1097\">2 Batterien in Serie<\/strong>: 48V75Ah-System, geeignet f\u00fcr 48V Elektromotoren<\/p>\n<\/li>\n<\/ul>\n<p data-start=\"1150\" data-end=\"1242\">Die 24V75 EDGE wird mit<strong data-start=\"1154\" data-end=\"1195\"> 3 Jahren Garantie<\/strong> geliefert und bietet zus\u00e4tzliche Sicherheit.<\/p>\n<p data-start=\"1246\" data-end=\"1276\"><strong data-start=\"1246\" data-end=\"1262\"><br \/>\nProduktcode:<\/strong> 24075RCEDGE<\/p>\n<p data-start=\"1279\" data-end=\"1303\"><strong data-start=\"1279\" data-end=\"1287\">EAN:<\/strong> 8720964631431<\/p>\n<p>&nbsp;<\/p>\n<\/div>\n<\/section>\n","protected":false},"excerpt":{"rendered":"<p><strong>NEU!<\/strong> Die <strong data-start=\"1458\" data-end=\"1472\">24V75 EDGE<\/strong> liefert <strong data-start=\"1481\" data-end=\"1503\">24V75Ah <\/strong>(1,92 kWh) LiFePO\u2084-Energie in einem ultrakompakten Geh\u00e4use, das in nahezu <strong>jedes Batteriefach passt.<\/strong> Ideal f\u00fcr <strong data-start=\"1603\" data-end=\"1685\">24V Elektromotoren, Echolote, Marineelektronik <\/strong>und<strong data-start=\"1603\" data-end=\"1685\"> Servicebatterie-Anwendungen<\/strong> in Wohnmobilen und Caravans.<br \/>\n<a href=\"https:\/\/test.rebel-cell.com\/de\/produkt\/12v80-pro-lithium-akku\/#proddesc\">Mehr lesen&gt;<\/a><\/p>\n","protected":false},"featured_media":29829,"comment_status":"open","ping_status":"closed","template":"","meta":{"_acf_changed":false},"product_brand":[],"product_cat":[1902,4440],"product_tag":[],"class_list":{"0":"post-28464","1":"product","2":"type-product","3":"status-publish","4":"has-post-thumbnail","6":"product_cat-akkus","7":"product_cat-lithium-akkus-12v-24v-36v","8":"product_shipping_class-shipping-battery","9":"pa_fishing-andere-anwendungen","10":"pa_fishing-elektrisch-fahren","11":"pa_fishing-karpfen","13":"first","14":"instock","15":"taxable","16":"shipping-taxable","17":"purchasable","18":"product-type-simple"},"bundled_by":["30687"],"bundle_stock_status":"instock","bundle_stock_quantity":8,"bundle_virtual":false,"bundle_layout":"","bundle_add_to_cart_form_location":"","bundle_editable_in_cart":false,"bundle_sold_individually_context":"","bundle_item_grouping":"","bundle_min_size":"","bundle_max_size":"","bundle_price":[],"bundled_items":[],"bundle_sell_ids":[],"acf":[],"yoast_head":"<!-- This site is optimized with the Yoast SEO plugin v27.1.1 - https:\/\/yoast.com\/product\/yoast-seo-wordpress\/ -->\n<title>Rebelcell | 24V75 EDGE LiFePO4-Akku | Powering the outdoors<\/title>\n<meta name=\"description\" content=\"24V75Ah (1,92 kWh) LiFePO\u2084-Batterie im kompakten Geh\u00e4use. Ideal f\u00fcr 24V Elektromotoren, Marineelektronik und Servicebatterien in Wohnmobilen und Caravans.\" \/>\n<meta name=\"robots\" content=\"noindex, follow, max-snippet:-1, max-image-preview:large, max-video-preview:-1\" \/>\n<meta property=\"og:locale\" content=\"de_DE\" \/>\n<meta property=\"og:type\" content=\"article\" \/>\n<meta property=\"og:title\" content=\"Rebelcell | 24V75 EDGE LiFePO4-Akku | Powering the outdoors\" \/>\n<meta property=\"og:description\" content=\"24V75Ah (1,92 kWh) LiFePO\u2084-Batterie im kompakten Geh\u00e4use. Ideal f\u00fcr 24V Elektromotoren, Marineelektronik und Servicebatterien in Wohnmobilen und Caravans.\" \/>\n<meta property=\"og:url\" content=\"https:\/\/test.rebel-cell.com\/de\/produkt\/24v75-edge-lifepo4-akku\/\" \/>\n<meta property=\"og:site_name\" content=\"Rebelcell\" \/>\n<meta property=\"article:publisher\" content=\"https:\/\/www.facebook.com\/rebelcelleu\" \/>\n<meta property=\"article:modified_time\" content=\"2026-03-10T21:11:05+00:00\" \/>\n<meta property=\"og:image\" content=\"https:\/\/test.rebel-cell.com\/wp-content\/uploads\/24V75_Edge_overview.jpg\" \/>\n\t<meta property=\"og:image:width\" content=\"1024\" \/>\n\t<meta property=\"og:image:height\" content=\"1024\" \/>\n\t<meta property=\"og:image:type\" content=\"image\/jpeg\" \/>\n<meta name=\"twitter:card\" content=\"summary_large_image\" \/>\n<meta name=\"twitter:site\" content=\"@rebelcellnl\" \/>\n<meta name=\"twitter:label1\" content=\"Preis\" \/>\n\t<meta name=\"twitter:data1\" content=\"&euro;899,00\" \/>\n\t<meta name=\"twitter:label2\" content=\"Verf\u00fcgbarkeit\" \/>\n\t<meta name=\"twitter:data2\" content=\"Auf Lager\" \/>\n<script type=\"application\/ld+json\" class=\"yoast-schema-graph\">{\"@context\":\"https:\/\/schema.org\",\"@graph\":[{\"@type\":[\"WebPage\",\"ItemPage\"],\"@id\":\"https:\/\/test.rebel-cell.com\/de\/produkt\/24v75-edge-lifepo4-akku\/\",\"url\":\"https:\/\/test.rebel-cell.com\/de\/produkt\/24v75-edge-lifepo4-akku\/\",\"name\":\"Rebelcell | 24V75 EDGE LiFePO4-Akku | Powering the outdoors\",\"isPartOf\":{\"@id\":\"https:\/\/test.rebel-cell.com\/de\/#website\"},\"primaryImageOfPage\":{\"@id\":\"https:\/\/test.rebel-cell.com\/de\/produkt\/24v75-edge-lifepo4-akku\/#primaryimage\"},\"image\":{\"@id\":\"https:\/\/test.rebel-cell.com\/de\/produkt\/24v75-edge-lifepo4-akku\/#primaryimage\"},\"thumbnailUrl\":\"https:\/\/test.rebel-cell.com\/wp-content\/uploads\/24V75_Edge_overview.jpg\",\"datePublished\":\"2025-09-07T12:36:34+00:00\",\"dateModified\":\"2026-03-10T21:11:05+00:00\",\"description\":\"24V75Ah (1,92 kWh) LiFePO\u2084-Batterie im kompakten Geh\u00e4use. Ideal f\u00fcr 24V Elektromotoren, Marineelektronik und Servicebatterien in Wohnmobilen und Caravans.\",\"breadcrumb\":{\"@id\":\"https:\/\/test.rebel-cell.com\/de\/produkt\/24v75-edge-lifepo4-akku\/#breadcrumb\"},\"inLanguage\":\"de\",\"potentialAction\":[{\"@type\":\"ReadAction\",\"target\":[\"https:\/\/test.rebel-cell.com\/de\/produkt\/24v75-edge-lifepo4-akku\/\"]}]},{\"@type\":\"ImageObject\",\"inLanguage\":\"de\",\"@id\":\"https:\/\/test.rebel-cell.com\/de\/produkt\/24v75-edge-lifepo4-akku\/#primaryimage\",\"url\":\"https:\/\/test.rebel-cell.com\/wp-content\/uploads\/24V75_Edge_overview.jpg\",\"contentUrl\":\"https:\/\/test.rebel-cell.com\/wp-content\/uploads\/24V75_Edge_overview.jpg\",\"width\":1024,\"height\":1024},{\"@type\":\"BreadcrumbList\",\"@id\":\"https:\/\/test.rebel-cell.com\/de\/produkt\/24v75-edge-lifepo4-akku\/#breadcrumb\",\"itemListElement\":[{\"@type\":\"ListItem\",\"position\":1,\"name\":\"Home\",\"item\":\"https:\/\/test.rebel-cell.com\/de\/\"},{\"@type\":\"ListItem\",\"position\":2,\"name\":\"Shop\",\"item\":\"https:\/\/test.rebel-cell.com\/de\/shop\/\"},{\"@type\":\"ListItem\",\"position\":3,\"name\":\"24V75 EDGE LiFePO4-Akku\"}]},{\"@type\":\"WebSite\",\"@id\":\"https:\/\/test.rebel-cell.com\/de\/#website\",\"url\":\"https:\/\/test.rebel-cell.com\/de\/\",\"name\":\"Rebelcell\",\"description\":\"Rebelcell\",\"publisher\":{\"@id\":\"https:\/\/test.rebel-cell.com\/de\/#organization\"},\"potentialAction\":[{\"@type\":\"SearchAction\",\"target\":{\"@type\":\"EntryPoint\",\"urlTemplate\":\"https:\/\/test.rebel-cell.com\/de\/?s={search_term_string}\"},\"query-input\":{\"@type\":\"PropertyValueSpecification\",\"valueRequired\":true,\"valueName\":\"search_term_string\"}}],\"inLanguage\":\"de\"},{\"@type\":\"Organization\",\"@id\":\"https:\/\/test.rebel-cell.com\/de\/#organization\",\"name\":\"Rebelcell\",\"url\":\"https:\/\/test.rebel-cell.com\/de\/\",\"logo\":{\"@type\":\"ImageObject\",\"inLanguage\":\"de\",\"@id\":\"https:\/\/test.rebel-cell.com\/de\/#\/schema\/logo\/image\/\",\"url\":\"https:\/\/test.rebel-cell.com\/wp-content\/uploads\/rebelcell-logo-300.png\",\"contentUrl\":\"https:\/\/test.rebel-cell.com\/wp-content\/uploads\/rebelcell-logo-300.png\",\"width\":300,\"height\":55,\"caption\":\"Rebelcell\"},\"image\":{\"@id\":\"https:\/\/test.rebel-cell.com\/de\/#\/schema\/logo\/image\/\"},\"sameAs\":[\"https:\/\/www.facebook.com\/rebelcelleu\",\"https:\/\/x.com\/rebelcellnl\",\"https:\/\/www.instagram.com\/rebelcelleurope\/?hl=nl\",\"https:\/\/www.youtube.com\/channel\/UCpySQUq4xwwtqveV1f8oiFw\"]}]}<\/script>\n<meta property=\"product:price:amount\" content=\"899.00\" \/>\n<meta property=\"product:price:currency\" content=\"EUR\" \/>\n<meta property=\"og:availability\" content=\"instock\" \/>\n<meta property=\"product:availability\" content=\"instock\" \/>\n<meta property=\"product:retailer_item_id\" content=\"8720964631431\" \/>\n<meta property=\"product:condition\" content=\"new\" \/>\n<!-- \/ Yoast SEO plugin. -->","yoast_head_json":{"title":"Rebelcell | 24V75 EDGE LiFePO4-Akku | Powering the outdoors","description":"24V75Ah (1,92 kWh) LiFePO\u2084-Batterie im kompakten Geh\u00e4use. Ideal f\u00fcr 24V Elektromotoren, Marineelektronik und Servicebatterien in Wohnmobilen und Caravans.","robots":{"index":"noindex","follow":"follow","max-snippet":"max-snippet:-1","max-image-preview":"max-image-preview:large","max-video-preview":"max-video-preview:-1"},"og_locale":"de_DE","og_type":"article","og_title":"Rebelcell | 24V75 EDGE LiFePO4-Akku | Powering the outdoors","og_description":"24V75Ah (1,92 kWh) LiFePO\u2084-Batterie im kompakten Geh\u00e4use. Ideal f\u00fcr 24V Elektromotoren, Marineelektronik und Servicebatterien in Wohnmobilen und Caravans.","og_url":"https:\/\/test.rebel-cell.com\/de\/produkt\/24v75-edge-lifepo4-akku\/","og_site_name":"Rebelcell","article_publisher":"https:\/\/www.facebook.com\/rebelcelleu","article_modified_time":"2026-03-10T21:11:05+00:00","og_image":[{"width":1024,"height":1024,"url":"https:\/\/test.rebel-cell.com\/wp-content\/uploads\/24V75_Edge_overview.jpg","type":"image\/jpeg"}],"twitter_card":"summary_large_image","twitter_site":"@rebelcellnl","twitter_misc":{"Preis":"&euro;899,00","Verf\u00fcgbarkeit":"Auf Lager"},"schema":{"@context":"https:\/\/schema.org","@graph":[{"@type":["WebPage","ItemPage"],"@id":"https:\/\/test.rebel-cell.com\/de\/produkt\/24v75-edge-lifepo4-akku\/","url":"https:\/\/test.rebel-cell.com\/de\/produkt\/24v75-edge-lifepo4-akku\/","name":"Rebelcell | 24V75 EDGE LiFePO4-Akku | Powering the outdoors","isPartOf":{"@id":"https:\/\/test.rebel-cell.com\/de\/#website"},"primaryImageOfPage":{"@id":"https:\/\/test.rebel-cell.com\/de\/produkt\/24v75-edge-lifepo4-akku\/#primaryimage"},"image":{"@id":"https:\/\/test.rebel-cell.com\/de\/produkt\/24v75-edge-lifepo4-akku\/#primaryimage"},"thumbnailUrl":"https:\/\/test.rebel-cell.com\/wp-content\/uploads\/24V75_Edge_overview.jpg","datePublished":"2025-09-07T12:36:34+00:00","dateModified":"2026-03-10T21:11:05+00:00","description":"24V75Ah (1,92 kWh) LiFePO\u2084-Batterie im kompakten Geh\u00e4use. Ideal f\u00fcr 24V Elektromotoren, Marineelektronik und Servicebatterien in Wohnmobilen und Caravans.","breadcrumb":{"@id":"https:\/\/test.rebel-cell.com\/de\/produkt\/24v75-edge-lifepo4-akku\/#breadcrumb"},"inLanguage":"de","potentialAction":[{"@type":"ReadAction","target":["https:\/\/test.rebel-cell.com\/de\/produkt\/24v75-edge-lifepo4-akku\/"]}]},{"@type":"ImageObject","inLanguage":"de","@id":"https:\/\/test.rebel-cell.com\/de\/produkt\/24v75-edge-lifepo4-akku\/#primaryimage","url":"https:\/\/test.rebel-cell.com\/wp-content\/uploads\/24V75_Edge_overview.jpg","contentUrl":"https:\/\/test.rebel-cell.com\/wp-content\/uploads\/24V75_Edge_overview.jpg","width":1024,"height":1024},{"@type":"BreadcrumbList","@id":"https:\/\/test.rebel-cell.com\/de\/produkt\/24v75-edge-lifepo4-akku\/#breadcrumb","itemListElement":[{"@type":"ListItem","position":1,"name":"Home","item":"https:\/\/test.rebel-cell.com\/de\/"},{"@type":"ListItem","position":2,"name":"Shop","item":"https:\/\/test.rebel-cell.com\/de\/shop\/"},{"@type":"ListItem","position":3,"name":"24V75 EDGE LiFePO4-Akku"}]},{"@type":"WebSite","@id":"https:\/\/test.rebel-cell.com\/de\/#website","url":"https:\/\/test.rebel-cell.com\/de\/","name":"Rebelcell","description":"Rebelcell","publisher":{"@id":"https:\/\/test.rebel-cell.com\/de\/#organization"},"potentialAction":[{"@type":"SearchAction","target":{"@type":"EntryPoint","urlTemplate":"https:\/\/test.rebel-cell.com\/de\/?s={search_term_string}"},"query-input":{"@type":"PropertyValueSpecification","valueRequired":true,"valueName":"search_term_string"}}],"inLanguage":"de"},{"@type":"Organization","@id":"https:\/\/test.rebel-cell.com\/de\/#organization","name":"Rebelcell","url":"https:\/\/test.rebel-cell.com\/de\/","logo":{"@type":"ImageObject","inLanguage":"de","@id":"https:\/\/test.rebel-cell.com\/de\/#\/schema\/logo\/image\/","url":"https:\/\/test.rebel-cell.com\/wp-content\/uploads\/rebelcell-logo-300.png","contentUrl":"https:\/\/test.rebel-cell.com\/wp-content\/uploads\/rebelcell-logo-300.png","width":300,"height":55,"caption":"Rebelcell"},"image":{"@id":"https:\/\/test.rebel-cell.com\/de\/#\/schema\/logo\/image\/"},"sameAs":["https:\/\/www.facebook.com\/rebelcelleu","https:\/\/x.com\/rebelcellnl","https:\/\/www.instagram.com\/rebelcelleurope\/?hl=nl","https:\/\/www.youtube.com\/channel\/UCpySQUq4xwwtqveV1f8oiFw"]}]},"product_price_amount":"899.00","product_price_currency":"EUR","og_availability":"instock","product_availability":"instock","product_retailer_item_id":"8720964631431","product_condition":"new"},"_links":{"self":[{"href":"https:\/\/test.rebel-cell.com\/de\/wp-json\/wp\/v2\/product\/28464","targetHints":{"allow":["GET"]}}],"collection":[{"href":"https:\/\/test.rebel-cell.com\/de\/wp-json\/wp\/v2\/product"}],"about":[{"href":"https:\/\/test.rebel-cell.com\/de\/wp-json\/wp\/v2\/types\/product"}],"replies":[{"embeddable":true,"href":"https:\/\/test.rebel-cell.com\/de\/wp-json\/wp\/v2\/comments?post=28464"}],"wp:featuredmedia":[{"embeddable":true,"href":"https:\/\/test.rebel-cell.com\/de\/wp-json\/wp\/v2\/media\/29829"}],"wp:attachment":[{"href":"https:\/\/test.rebel-cell.com\/de\/wp-json\/wp\/v2\/media?parent=28464"}],"wp:term":[{"taxonomy":"product_brand","embeddable":true,"href":"https:\/\/test.rebel-cell.com\/de\/wp-json\/wp\/v2\/product_brand?post=28464"},{"taxonomy":"product_cat","embeddable":true,"href":"https:\/\/test.rebel-cell.com\/de\/wp-json\/wp\/v2\/product_cat?post=28464"},{"taxonomy":"product_tag","embeddable":true,"href":"https:\/\/test.rebel-cell.com\/de\/wp-json\/wp\/v2\/product_tag?post=28464"}],"curies":[{"name":"wp","href":"https:\/\/api.w.org\/{rel}","templated":true}]}}