{"id":28479,"date":"2025-09-07T15:13:59","date_gmt":"2025-09-07T13:13:59","guid":{"rendered":"https:\/\/test.rebel-cell.com\/?post_type=product&#038;p=28479"},"modified":"2026-02-17T15:17:38","modified_gmt":"2026-02-17T14:17:38","slug":"outdoorbox-12v45-edge","status":"publish","type":"product","link":"https:\/\/test.rebel-cell.com\/de\/produkt\/outdoorbox-12v45-edge\/","title":{"rendered":"NEU! Outdoorbox 12V45 EDGE"},"content":{"rendered":"<h2>Produktbeschreibung Outdoorbox 12V45 EDGE<\/h2>\n<p>Die <strong>kompakte<\/strong>, <strong>robuste<\/strong> und <strong>leichte<\/strong> <strong>Outdoorbox 12V45 EDGE<\/strong> (12V45 Ah \/ 576 Wh) kombiniert <strong>smarte LiFePO4 Technologie<\/strong>, <strong>hohe Leistung<\/strong> und <strong>au\u00dfergew\u00f6hnliche Zuverl\u00e4ssigkeit. <\/strong>Mit Features wie <strong>IP66-Wasserschutz<\/strong>,<strong>\u00a03 Jahren Garantie<\/strong>, einem fortschrittlichen <strong>Battery Management System (BMS)<\/strong> und nahtlosem Monitoring \u00fcber die <strong>Rebelcell BT App<\/strong> ist die Outdoorbox die ultimative wetterfeste Stromversorgung: Energiequelle f\u00fcr 12V-Elektromotoren, Echolote und Camping.<\/p>\n<p data-start=\"63\" data-end=\"87\"><strong data-start=\"63\" data-end=\"85\">Wichtige Merkmale:<\/strong><\/p>\n<ul>\n<li data-start=\"91\" data-end=\"218\"><strong data-start=\"91\" data-end=\"119\">Robustes Outdoor-Design:<\/strong> Schlagfestes und wasserdichtes (IP66) Geh\u00e4use f\u00fcr zuverl\u00e4ssigen Einsatz unter allen Bedingungen.<\/li>\n<li data-start=\"91\" data-end=\"218\"><strong data-start=\"221\" data-end=\"249\">Bluetooth-Konnektivit\u00e4t:<\/strong> Vollst\u00e4ndig kompatibel mit der Rebelcell BT-App f\u00fcr Echtzeit\u00fcberwachung des Ladezustands und der Batterieleistung (einschlie\u00dflich gesch\u00e4tzter Restlaufzeit in Minuten\/Stunden).<\/li>\n<li data-start=\"430\" data-end=\"510\"><strong data-start=\"430\" data-end=\"461\">Hochwertige LiFePO4-Zellen:<\/strong> F\u00fcr lange Lebensdauer und maximale Sicherheit.<\/li>\n<li data-start=\"513\" data-end=\"628\"><strong data-start=\"513\" data-end=\"536\">Erweiterter Schutz:<\/strong> Integriertes Battery Management System (BMS) mit fortschrittlichen Sicherheitsfunktionen.<\/li>\n<li data-start=\"631\" data-end=\"664\"><strong data-start=\"631\" data-end=\"644\">Garantie:<\/strong> 3 Jahre Garantie.<\/li>\n<\/ul>\n<hr \/>\n<h3><strong>Anwendungen<\/strong><\/h3>\n<ul>\n<li><strong>Ideal f\u00fcr:<\/strong> Elektro-Bootfahren, Karpfangeln, Kajakangeln, Belly-Boote, Marine, Camping.<\/li>\n<li><strong>Vielseitig einsetzbar<\/strong>: Stromversorgung von 12-V-Trollingmotoren, Echolote und Outdoor-Ger\u00e4ten.<\/li>\n<\/ul>\n<hr \/>\n<p>Produkt-Code: ODB1245EDGE<\/p>\n<p>Barcode: 8720964631448<\/p>\n<p>EAN: 8720964631448<\/p>\n","protected":false},"excerpt":{"rendered":"<p><strong>NEU!<\/strong>\u00a0Die <strong>kompakte, robuste<\/strong> und <strong>leichte<\/strong> <strong>Outdoorbox 12V45 EDGE <\/strong>(12V45 Ah \/ 576 Wh) kombiniert <strong>smarte Technologie<\/strong>, <strong>hohe Leistung<\/strong> und <strong>au\u00dfergew\u00f6hnliche Zuverl\u00e4ssigkeit, <\/strong>perfekt f\u00fcr ihr n\u00e4chstes Outdoorabenteuer. Die <strong>Bluetooth<\/strong>-Konnektivit\u00e4t gew\u00e4hrleistet eine nahtlose <strong>Kompatibilit\u00e4t<\/strong> mit fast <strong>allen 12V-Trolling-Motoren<\/strong>, <strong>Echoloten<\/strong> und <strong>Campingausr\u00fcstung<\/strong> und macht sie zur ultimativen wetterfesten 12-V-Stromversorgung.<br \/>\n<a href=\"#proddesc\">Mehr lesen&gt;<\/a><\/p>\n","protected":false},"featured_media":29609,"comment_status":"open","ping_status":"closed","template":"","meta":{"_acf_changed":false},"product_brand":[],"product_cat":[1902,1908],"product_tag":[],"class_list":{"0":"post-28479","1":"product","2":"type-product","3":"status-publish","4":"has-post-thumbnail","6":"product_cat-akkus","7":"product_cat-outdoorbox-de","8":"product_shipping_class-shipping-battery","9":"pa_fishing-andere-anwendungen","10":"pa_fishing-elektrisch-fahren","11":"pa_fishing-karpfen","12":"pa_fishing-raubfisch","14":"first","15":"instock","16":"taxable","17":"shipping-taxable","18":"purchasable","19":"product-type-simple"},"bundled_by":["31103"],"bundle_stock_status":"instock","bundle_stock_quantity":95,"bundle_virtual":false,"bundle_layout":"","bundle_add_to_cart_form_location":"","bundle_editable_in_cart":false,"bundle_sold_individually_context":"","bundle_item_grouping":"","bundle_min_size":"","bundle_max_size":"","bundle_price":[],"bundled_items":[],"bundle_sell_ids":[],"acf":[],"yoast_head":"<!-- This site is optimized with the Yoast SEO plugin v27.1.1 - https:\/\/yoast.com\/product\/yoast-seo-wordpress\/ -->\n<title>Outdoorbox 12V45 EDGE | Rebelcell | Powering the outdoors<\/title>\n<meta name=\"description\" content=\"Robuste, leichte, tragbare Energiequelle f\u00fcr den Au\u00dfenbereich mit BT f\u00fcr E-Boote, Angeln, Camping und Wassersport.\" \/>\n<meta name=\"robots\" content=\"noindex, follow, max-snippet:-1, max-image-preview:large, max-video-preview:-1\" \/>\n<meta property=\"og:locale\" content=\"de_DE\" \/>\n<meta property=\"og:type\" content=\"article\" \/>\n<meta property=\"og:title\" content=\"Outdoorbox 12V45 EDGE | Rebelcell | Powering the outdoors\" \/>\n<meta property=\"og:description\" content=\"Robuste, leichte, tragbare Energiequelle f\u00fcr den Au\u00dfenbereich mit BT f\u00fcr E-Boote, Angeln, Camping und Wassersport.\" \/>\n<meta property=\"og:url\" content=\"https:\/\/test.rebel-cell.com\/de\/produkt\/outdoorbox-12v45-edge\/\" \/>\n<meta property=\"og:site_name\" content=\"Rebelcell\" \/>\n<meta property=\"article:publisher\" content=\"https:\/\/www.facebook.com\/rebelcelleu\" \/>\n<meta property=\"article:modified_time\" content=\"2026-02-17T14:17:38+00:00\" \/>\n<meta property=\"og:image\" content=\"https:\/\/test.rebel-cell.com\/wp-content\/uploads\/Outdoorbox_12V45_EDGE_overview_A.jpg\" \/>\n\t<meta property=\"og:image:width\" content=\"1024\" \/>\n\t<meta property=\"og:image:height\" content=\"1024\" \/>\n\t<meta property=\"og:image:type\" content=\"image\/jpeg\" \/>\n<meta name=\"twitter:card\" content=\"summary_large_image\" \/>\n<meta name=\"twitter:site\" content=\"@rebelcellnl\" \/>\n<meta name=\"twitter:label1\" content=\"Preis\" \/>\n\t<meta name=\"twitter:data1\" content=\"&euro;499,00\" \/>\n\t<meta name=\"twitter:label2\" content=\"Verf\u00fcgbarkeit\" \/>\n\t<meta name=\"twitter:data2\" content=\"Auf Lager\" \/>\n<script type=\"application\/ld+json\" class=\"yoast-schema-graph\">{\"@context\":\"https:\/\/schema.org\",\"@graph\":[{\"@type\":[\"WebPage\",\"ItemPage\"],\"@id\":\"https:\/\/test.rebel-cell.com\/de\/produkt\/outdoorbox-12v45-edge\/\",\"url\":\"https:\/\/test.rebel-cell.com\/de\/produkt\/outdoorbox-12v45-edge\/\",\"name\":\"Outdoorbox 12V45 EDGE | Rebelcell | Powering the outdoors\",\"isPartOf\":{\"@id\":\"https:\/\/test.rebel-cell.com\/de\/#website\"},\"primaryImageOfPage\":{\"@id\":\"https:\/\/test.rebel-cell.com\/de\/produkt\/outdoorbox-12v45-edge\/#primaryimage\"},\"image\":{\"@id\":\"https:\/\/test.rebel-cell.com\/de\/produkt\/outdoorbox-12v45-edge\/#primaryimage\"},\"thumbnailUrl\":\"https:\/\/test.rebel-cell.com\/wp-content\/uploads\/Outdoorbox_12V45_EDGE_overview_A.jpg\",\"datePublished\":\"2025-09-07T13:13:59+00:00\",\"dateModified\":\"2026-02-17T14:17:38+00:00\",\"description\":\"Robuste, leichte, tragbare Energiequelle f\u00fcr den Au\u00dfenbereich mit BT f\u00fcr E-Boote, Angeln, Camping und Wassersport.\",\"breadcrumb\":{\"@id\":\"https:\/\/test.rebel-cell.com\/de\/produkt\/outdoorbox-12v45-edge\/#breadcrumb\"},\"inLanguage\":\"de\",\"potentialAction\":[{\"@type\":\"ReadAction\",\"target\":[\"https:\/\/test.rebel-cell.com\/de\/produkt\/outdoorbox-12v45-edge\/\"]}]},{\"@type\":\"ImageObject\",\"inLanguage\":\"de\",\"@id\":\"https:\/\/test.rebel-cell.com\/de\/produkt\/outdoorbox-12v45-edge\/#primaryimage\",\"url\":\"https:\/\/test.rebel-cell.com\/wp-content\/uploads\/Outdoorbox_12V45_EDGE_overview_A.jpg\",\"contentUrl\":\"https:\/\/test.rebel-cell.com\/wp-content\/uploads\/Outdoorbox_12V45_EDGE_overview_A.jpg\",\"width\":1024,\"height\":1024},{\"@type\":\"BreadcrumbList\",\"@id\":\"https:\/\/test.rebel-cell.com\/de\/produkt\/outdoorbox-12v45-edge\/#breadcrumb\",\"itemListElement\":[{\"@type\":\"ListItem\",\"position\":1,\"name\":\"Home\",\"item\":\"https:\/\/test.rebel-cell.com\/de\/\"},{\"@type\":\"ListItem\",\"position\":2,\"name\":\"Shop\",\"item\":\"https:\/\/test.rebel-cell.com\/de\/shop\/\"},{\"@type\":\"ListItem\",\"position\":3,\"name\":\"NEU! Outdoorbox 12V45 EDGE\"}]},{\"@type\":\"WebSite\",\"@id\":\"https:\/\/test.rebel-cell.com\/de\/#website\",\"url\":\"https:\/\/test.rebel-cell.com\/de\/\",\"name\":\"Rebelcell\",\"description\":\"Rebelcell\",\"publisher\":{\"@id\":\"https:\/\/test.rebel-cell.com\/de\/#organization\"},\"potentialAction\":[{\"@type\":\"SearchAction\",\"target\":{\"@type\":\"EntryPoint\",\"urlTemplate\":\"https:\/\/test.rebel-cell.com\/de\/?s={search_term_string}\"},\"query-input\":{\"@type\":\"PropertyValueSpecification\",\"valueRequired\":true,\"valueName\":\"search_term_string\"}}],\"inLanguage\":\"de\"},{\"@type\":\"Organization\",\"@id\":\"https:\/\/test.rebel-cell.com\/de\/#organization\",\"name\":\"Rebelcell\",\"url\":\"https:\/\/test.rebel-cell.com\/de\/\",\"logo\":{\"@type\":\"ImageObject\",\"inLanguage\":\"de\",\"@id\":\"https:\/\/test.rebel-cell.com\/de\/#\/schema\/logo\/image\/\",\"url\":\"https:\/\/test.rebel-cell.com\/wp-content\/uploads\/rebelcell-logo-300.png\",\"contentUrl\":\"https:\/\/test.rebel-cell.com\/wp-content\/uploads\/rebelcell-logo-300.png\",\"width\":300,\"height\":55,\"caption\":\"Rebelcell\"},\"image\":{\"@id\":\"https:\/\/test.rebel-cell.com\/de\/#\/schema\/logo\/image\/\"},\"sameAs\":[\"https:\/\/www.facebook.com\/rebelcelleu\",\"https:\/\/x.com\/rebelcellnl\",\"https:\/\/www.instagram.com\/rebelcelleurope\/?hl=nl\",\"https:\/\/www.youtube.com\/channel\/UCpySQUq4xwwtqveV1f8oiFw\"]}]}<\/script>\n<meta property=\"product:price:amount\" content=\"499.00\" \/>\n<meta property=\"product:price:currency\" content=\"EUR\" \/>\n<meta property=\"og:availability\" content=\"instock\" \/>\n<meta property=\"product:availability\" content=\"instock\" \/>\n<meta property=\"product:retailer_item_id\" content=\"8720964631448\" \/>\n<meta property=\"product:condition\" content=\"new\" \/>\n<!-- \/ Yoast SEO plugin. -->","yoast_head_json":{"title":"Outdoorbox 12V45 EDGE | Rebelcell | Powering the outdoors","description":"Robuste, leichte, tragbare Energiequelle f\u00fcr den Au\u00dfenbereich mit BT f\u00fcr E-Boote, Angeln, Camping und Wassersport.","robots":{"index":"noindex","follow":"follow","max-snippet":"max-snippet:-1","max-image-preview":"max-image-preview:large","max-video-preview":"max-video-preview:-1"},"og_locale":"de_DE","og_type":"article","og_title":"Outdoorbox 12V45 EDGE | Rebelcell | Powering the outdoors","og_description":"Robuste, leichte, tragbare Energiequelle f\u00fcr den Au\u00dfenbereich mit BT f\u00fcr E-Boote, Angeln, Camping und Wassersport.","og_url":"https:\/\/test.rebel-cell.com\/de\/produkt\/outdoorbox-12v45-edge\/","og_site_name":"Rebelcell","article_publisher":"https:\/\/www.facebook.com\/rebelcelleu","article_modified_time":"2026-02-17T14:17:38+00:00","og_image":[{"width":1024,"height":1024,"url":"https:\/\/test.rebel-cell.com\/wp-content\/uploads\/Outdoorbox_12V45_EDGE_overview_A.jpg","type":"image\/jpeg"}],"twitter_card":"summary_large_image","twitter_site":"@rebelcellnl","twitter_misc":{"Preis":"&euro;499,00","Verf\u00fcgbarkeit":"Auf Lager"},"schema":{"@context":"https:\/\/schema.org","@graph":[{"@type":["WebPage","ItemPage"],"@id":"https:\/\/test.rebel-cell.com\/de\/produkt\/outdoorbox-12v45-edge\/","url":"https:\/\/test.rebel-cell.com\/de\/produkt\/outdoorbox-12v45-edge\/","name":"Outdoorbox 12V45 EDGE | Rebelcell | Powering the outdoors","isPartOf":{"@id":"https:\/\/test.rebel-cell.com\/de\/#website"},"primaryImageOfPage":{"@id":"https:\/\/test.rebel-cell.com\/de\/produkt\/outdoorbox-12v45-edge\/#primaryimage"},"image":{"@id":"https:\/\/test.rebel-cell.com\/de\/produkt\/outdoorbox-12v45-edge\/#primaryimage"},"thumbnailUrl":"https:\/\/test.rebel-cell.com\/wp-content\/uploads\/Outdoorbox_12V45_EDGE_overview_A.jpg","datePublished":"2025-09-07T13:13:59+00:00","dateModified":"2026-02-17T14:17:38+00:00","description":"Robuste, leichte, tragbare Energiequelle f\u00fcr den Au\u00dfenbereich mit BT f\u00fcr E-Boote, Angeln, Camping und Wassersport.","breadcrumb":{"@id":"https:\/\/test.rebel-cell.com\/de\/produkt\/outdoorbox-12v45-edge\/#breadcrumb"},"inLanguage":"de","potentialAction":[{"@type":"ReadAction","target":["https:\/\/test.rebel-cell.com\/de\/produkt\/outdoorbox-12v45-edge\/"]}]},{"@type":"ImageObject","inLanguage":"de","@id":"https:\/\/test.rebel-cell.com\/de\/produkt\/outdoorbox-12v45-edge\/#primaryimage","url":"https:\/\/test.rebel-cell.com\/wp-content\/uploads\/Outdoorbox_12V45_EDGE_overview_A.jpg","contentUrl":"https:\/\/test.rebel-cell.com\/wp-content\/uploads\/Outdoorbox_12V45_EDGE_overview_A.jpg","width":1024,"height":1024},{"@type":"BreadcrumbList","@id":"https:\/\/test.rebel-cell.com\/de\/produkt\/outdoorbox-12v45-edge\/#breadcrumb","itemListElement":[{"@type":"ListItem","position":1,"name":"Home","item":"https:\/\/test.rebel-cell.com\/de\/"},{"@type":"ListItem","position":2,"name":"Shop","item":"https:\/\/test.rebel-cell.com\/de\/shop\/"},{"@type":"ListItem","position":3,"name":"NEU! Outdoorbox 12V45 EDGE"}]},{"@type":"WebSite","@id":"https:\/\/test.rebel-cell.com\/de\/#website","url":"https:\/\/test.rebel-cell.com\/de\/","name":"Rebelcell","description":"Rebelcell","publisher":{"@id":"https:\/\/test.rebel-cell.com\/de\/#organization"},"potentialAction":[{"@type":"SearchAction","target":{"@type":"EntryPoint","urlTemplate":"https:\/\/test.rebel-cell.com\/de\/?s={search_term_string}"},"query-input":{"@type":"PropertyValueSpecification","valueRequired":true,"valueName":"search_term_string"}}],"inLanguage":"de"},{"@type":"Organization","@id":"https:\/\/test.rebel-cell.com\/de\/#organization","name":"Rebelcell","url":"https:\/\/test.rebel-cell.com\/de\/","logo":{"@type":"ImageObject","inLanguage":"de","@id":"https:\/\/test.rebel-cell.com\/de\/#\/schema\/logo\/image\/","url":"https:\/\/test.rebel-cell.com\/wp-content\/uploads\/rebelcell-logo-300.png","contentUrl":"https:\/\/test.rebel-cell.com\/wp-content\/uploads\/rebelcell-logo-300.png","width":300,"height":55,"caption":"Rebelcell"},"image":{"@id":"https:\/\/test.rebel-cell.com\/de\/#\/schema\/logo\/image\/"},"sameAs":["https:\/\/www.facebook.com\/rebelcelleu","https:\/\/x.com\/rebelcellnl","https:\/\/www.instagram.com\/rebelcelleurope\/?hl=nl","https:\/\/www.youtube.com\/channel\/UCpySQUq4xwwtqveV1f8oiFw"]}]},"product_price_amount":"499.00","product_price_currency":"EUR","og_availability":"instock","product_availability":"instock","product_retailer_item_id":"8720964631448","product_condition":"new"},"_links":{"self":[{"href":"https:\/\/test.rebel-cell.com\/de\/wp-json\/wp\/v2\/product\/28479","targetHints":{"allow":["GET"]}}],"collection":[{"href":"https:\/\/test.rebel-cell.com\/de\/wp-json\/wp\/v2\/product"}],"about":[{"href":"https:\/\/test.rebel-cell.com\/de\/wp-json\/wp\/v2\/types\/product"}],"replies":[{"embeddable":true,"href":"https:\/\/test.rebel-cell.com\/de\/wp-json\/wp\/v2\/comments?post=28479"}],"wp:featuredmedia":[{"embeddable":true,"href":"https:\/\/test.rebel-cell.com\/de\/wp-json\/wp\/v2\/media\/29609"}],"wp:attachment":[{"href":"https:\/\/test.rebel-cell.com\/de\/wp-json\/wp\/v2\/media?parent=28479"}],"wp:term":[{"taxonomy":"product_brand","embeddable":true,"href":"https:\/\/test.rebel-cell.com\/de\/wp-json\/wp\/v2\/product_brand?post=28479"},{"taxonomy":"product_cat","embeddable":true,"href":"https:\/\/test.rebel-cell.com\/de\/wp-json\/wp\/v2\/product_cat?post=28479"},{"taxonomy":"product_tag","embeddable":true,"href":"https:\/\/test.rebel-cell.com\/de\/wp-json\/wp\/v2\/product_tag?post=28479"}],"curies":[{"name":"wp","href":"https:\/\/api.w.org\/{rel}","templated":true}]}}