{"id":28501,"date":"2025-09-09T13:26:53","date_gmt":"2025-09-09T11:26:53","guid":{"rendered":"https:\/\/test.rebel-cell.com\/?post_type=product&#038;p=28501"},"modified":"2026-03-02T15:49:07","modified_gmt":"2026-03-02T14:49:07","slug":"14-6v20a-lifepo4-ladegerat-xt60","status":"publish","type":"product","link":"https:\/\/test.rebel-cell.com\/de\/produkt\/14-6v20a-lifepo4-ladegerat-xt60\/","title":{"rendered":"14.6V20A LiFePO4-Ladeger\u00e4t-XT60"},"content":{"rendered":"<h2>PRODUKTBESCHREIBUNG REBELCELL\u00a0 14.6V20A XT60 LiFePO4-LADEGER\u00c4T<\/h2>\n<p>Das <strong>14.6V20A LiFePO4-Ladeger\u00e4t<\/strong> wurde <strong>speziell entwickelt<\/strong>, um damit Rebelcell 12V EDGE \/ Outdoorbox EDGE \/ PRO LiFePO4 Akkus mit <strong>XT60-Anschluss<\/strong> sowohl \u00fcber M8-Anschl\u00fcsse als auch \u00fcber den ANEN SB50-Anschluss zu laden. Das <strong>eigens entwickelte<\/strong> Ladeprogramm stellt sicher, dass die Akku <strong>schnell, sicher und automatisch<\/strong> mit dem richtigen Ladeprofil (Spannung\/Ladestrom) geladen wird. Das Ladeger\u00e4t <strong>schaltet sich automatisch ab<\/strong>, wenn der Ladevorgang abgeschlossen ist.<\/p>\n<p>Der Ladeprozess kann ganz einfach mittels der <strong>LED-Anzeige<\/strong> auf dem Display \u00fcberwacht werden. Das Ladeger\u00e4t verf\u00fcgt \u00fcber eine <strong>Reihe von Schutzfunktionen<\/strong>, wie zum Beispiel einen Schutz vor Kurzschluss, Verpolung und \u00dcberspannung.<\/p>\n<p>Falls damit andere Akkus geladen werden als vorgesehen, k\u00f6nnen (irreparable) Sch\u00e4den die Folge sein und entstehen. Das Ladeger\u00e4t ist nur f\u00fcr den, Einsatz in geschlossenen R\u00e4umen (<strong>Indoor<\/strong>) geeignet und nicht wasserdicht. Sollten Sie ein Ladeger\u00e4t f\u00fcr den dauerhaften Einbau im Boot ben\u00f6tigen, schauen Sie bitte bei unseren wasserdichten Ladeger\u00e4ten <a href=\"https:\/\/test.rebel-cell.com\/de\/produkt\/14-6v20a-lifepo4-ladegerat-wasserdicht\/\" target=\"_blank\" rel=\"noopener\">hier<\/a>. Mehr Informationen zu unseren Ladeger\u00e4ten auf unserer Seite: &#8222;<a href=\"https:\/\/test.rebel-cell.com\/de\/grundlagenwissen\/akku-verwenden\/\" target=\"_blank\" rel=\"noopener\">Grundlagenwissen<\/a>&#8222;.<\/p>\n<p><strong>Ladezeiten<\/strong><br \/>\n<strong>12V75 EDGE:\u00a0<\/strong>4-5 Std.<br \/>\n<strong>12V105 EDGE<\/strong>: 6-7 Std.<br \/>\n<strong>12V210 EDGE<\/strong>: 11-12 Std.<\/p>\n<p><strong>12V80 PRO:\u00a0<\/strong>4-5 Std.<br \/>\n<strong>12V120 PRO:\u00a0<\/strong>6-7 Std.<\/p>\n<p><strong>Outdoorbox EDGE 12.45:<\/strong> 3-4 Std.<br \/>\n<strong>Outdoorbox EDGE 12.75:<\/strong> 5-6 Std.<br \/>\n<strong>Outdoorbox EDGE 12.105:<\/strong> 7-8 Std.<\/p>\n<p>Produktcode: LC14V20XT60<\/p>\n<p>Barcode: 8720964631561<\/p>\n<p>EAN: 8720964631561<\/p>\n","protected":false},"excerpt":{"rendered":"<p>Das <strong>14.6V20A LiFePO4-Ladeger\u00e4t<\/strong> wurde <strong>speziell entwickelt<\/strong>, um damit Rebelcell 12V EDGE \/ Outdoorbox EDGE \/ PRO LiFePO4 Akkus zu laden. Das <strong>eigens entwickelte<\/strong> Ladeprogramm stellt sicher, dass die Akku <strong>schnell, sicher und automatisch<\/strong> mit dem richtigen Ladeprofil (Spannung\/Ladestrom) geladen wird. Das Ladeger\u00e4t verf\u00fcgt \u00fcber eine <strong>automatische Abschaltfunktion<\/strong>, eine <strong>LED-Anzeige<\/strong> f\u00fcr den Ladezustand sowie <strong>Schutzfunktionen<\/strong> wie Kurzschluss-, Verpolungs- und \u00dcberspannungsschutz.<br \/>\n<a href=\"https:\/\/test.rebel-cell.com\/de\/produkt\/12-6v20a-nmc-charger-2\/#proddesc\">Mehr lesen&gt;<\/a><\/p>\n<div class=\"woocommerce-product-details__short-description\">\n<div class=\"cart-detail-innr\"><\/div>\n<\/div>\n","protected":false},"featured_media":30886,"comment_status":"open","ping_status":"closed","template":"","meta":{"_acf_changed":false},"product_brand":[],"product_cat":[1904,4444],"product_tag":[4178],"class_list":{"0":"post-28501","1":"product","2":"type-product","3":"status-publish","4":"has-post-thumbnail","6":"product_cat-ladegerate","7":"product_cat-batterieladegerate-ac","8":"product_tag-7106623692301-de","9":"product_shipping_class-normal-shipment","11":"first","12":"instock","13":"taxable","14":"shipping-taxable","15":"purchasable","16":"product-type-simple"},"bundled_by":["30671","30487","31103","31108","31112"],"bundle_stock_status":"instock","bundle_stock_quantity":306,"bundle_virtual":false,"bundle_layout":"","bundle_add_to_cart_form_location":"","bundle_editable_in_cart":false,"bundle_sold_individually_context":"","bundle_item_grouping":"","bundle_min_size":"","bundle_max_size":"","bundle_price":[],"bundled_items":[],"bundle_sell_ids":[],"acf":[],"yoast_head":"<!-- This site is optimized with the Yoast SEO plugin v27.1.1 - https:\/\/yoast.com\/product\/yoast-seo-wordpress\/ -->\n<title>Ladeger\u00e4t 14.6V20A XT60 LiFePO4| Rebelcell | Powering the Outdoors<\/title>\n<meta name=\"description\" content=\"Zum Laden von Rebelcell 12V EDGE, Outdoorbox EDGE oder PRO LiFePO4 Akkus. Nur f\u00fcr die Verwendung in Innenr\u00e4umen vorgesehen.\" \/>\n<meta name=\"robots\" content=\"noindex, follow, max-snippet:-1, max-image-preview:large, max-video-preview:-1\" \/>\n<meta property=\"og:locale\" content=\"de_DE\" \/>\n<meta property=\"og:type\" content=\"article\" \/>\n<meta property=\"og:title\" content=\"Ladeger\u00e4t 14.6V20A XT60 LiFePO4| Rebelcell | Powering the Outdoors\" \/>\n<meta property=\"og:description\" content=\"Zum Laden von Rebelcell 12V EDGE, Outdoorbox EDGE oder PRO LiFePO4 Akkus. Nur f\u00fcr die Verwendung in Innenr\u00e4umen vorgesehen.\" \/>\n<meta property=\"og:url\" content=\"https:\/\/test.rebel-cell.com\/de\/produkt\/14-6v20a-lifepo4-ladegerat-xt60\/\" \/>\n<meta property=\"og:site_name\" content=\"Rebelcell\" \/>\n<meta property=\"article:publisher\" content=\"https:\/\/www.facebook.com\/rebelcelleu\" \/>\n<meta property=\"article:modified_time\" content=\"2026-03-02T14:49:07+00:00\" \/>\n<meta property=\"og:image\" content=\"https:\/\/test.rebel-cell.com\/wp-content\/uploads\/Charger_14.6V20A_XT60_top_side_overview_A-2.jpg\" \/>\n\t<meta property=\"og:image:width\" content=\"1920\" \/>\n\t<meta property=\"og:image:height\" content=\"1919\" \/>\n\t<meta property=\"og:image:type\" content=\"image\/jpeg\" \/>\n<meta name=\"twitter:card\" content=\"summary_large_image\" \/>\n<meta name=\"twitter:site\" content=\"@rebelcellnl\" \/>\n<meta name=\"twitter:label1\" content=\"Preis\" \/>\n\t<meta name=\"twitter:data1\" content=\"&euro;169,00\" \/>\n\t<meta name=\"twitter:label2\" content=\"Verf\u00fcgbarkeit\" \/>\n\t<meta name=\"twitter:data2\" content=\"Auf Lager\" \/>\n<script type=\"application\/ld+json\" class=\"yoast-schema-graph\">{\"@context\":\"https:\/\/schema.org\",\"@graph\":[{\"@type\":[\"WebPage\",\"ItemPage\"],\"@id\":\"https:\/\/test.rebel-cell.com\/de\/produkt\/14-6v20a-lifepo4-ladegerat-xt60\/\",\"url\":\"https:\/\/test.rebel-cell.com\/de\/produkt\/14-6v20a-lifepo4-ladegerat-xt60\/\",\"name\":\"Ladeger\u00e4t 14.6V20A XT60 LiFePO4| Rebelcell | Powering the Outdoors\",\"isPartOf\":{\"@id\":\"https:\/\/test.rebel-cell.com\/de\/#website\"},\"primaryImageOfPage\":{\"@id\":\"https:\/\/test.rebel-cell.com\/de\/produkt\/14-6v20a-lifepo4-ladegerat-xt60\/#primaryimage\"},\"image\":{\"@id\":\"https:\/\/test.rebel-cell.com\/de\/produkt\/14-6v20a-lifepo4-ladegerat-xt60\/#primaryimage\"},\"thumbnailUrl\":\"https:\/\/test.rebel-cell.com\/wp-content\/uploads\/Charger_14.6V20A_XT60_top_side_overview_A-2.jpg\",\"datePublished\":\"2025-09-09T11:26:53+00:00\",\"dateModified\":\"2026-03-02T14:49:07+00:00\",\"description\":\"Zum Laden von Rebelcell 12V EDGE, Outdoorbox EDGE oder PRO LiFePO4 Akkus. Nur f\u00fcr die Verwendung in Innenr\u00e4umen vorgesehen.\",\"breadcrumb\":{\"@id\":\"https:\/\/test.rebel-cell.com\/de\/produkt\/14-6v20a-lifepo4-ladegerat-xt60\/#breadcrumb\"},\"inLanguage\":\"de\",\"potentialAction\":[{\"@type\":\"ReadAction\",\"target\":[\"https:\/\/test.rebel-cell.com\/de\/produkt\/14-6v20a-lifepo4-ladegerat-xt60\/\"]}]},{\"@type\":\"ImageObject\",\"inLanguage\":\"de\",\"@id\":\"https:\/\/test.rebel-cell.com\/de\/produkt\/14-6v20a-lifepo4-ladegerat-xt60\/#primaryimage\",\"url\":\"https:\/\/test.rebel-cell.com\/wp-content\/uploads\/Charger_14.6V20A_XT60_top_side_overview_A-2.jpg\",\"contentUrl\":\"https:\/\/test.rebel-cell.com\/wp-content\/uploads\/Charger_14.6V20A_XT60_top_side_overview_A-2.jpg\",\"width\":1920,\"height\":1919},{\"@type\":\"BreadcrumbList\",\"@id\":\"https:\/\/test.rebel-cell.com\/de\/produkt\/14-6v20a-lifepo4-ladegerat-xt60\/#breadcrumb\",\"itemListElement\":[{\"@type\":\"ListItem\",\"position\":1,\"name\":\"Home\",\"item\":\"https:\/\/test.rebel-cell.com\/de\/\"},{\"@type\":\"ListItem\",\"position\":2,\"name\":\"Shop\",\"item\":\"https:\/\/test.rebel-cell.com\/de\/shop\/\"},{\"@type\":\"ListItem\",\"position\":3,\"name\":\"14.6V20A LiFePO4-Ladeger\u00e4t-XT60\"}]},{\"@type\":\"WebSite\",\"@id\":\"https:\/\/test.rebel-cell.com\/de\/#website\",\"url\":\"https:\/\/test.rebel-cell.com\/de\/\",\"name\":\"Rebelcell\",\"description\":\"Rebelcell\",\"publisher\":{\"@id\":\"https:\/\/test.rebel-cell.com\/de\/#organization\"},\"potentialAction\":[{\"@type\":\"SearchAction\",\"target\":{\"@type\":\"EntryPoint\",\"urlTemplate\":\"https:\/\/test.rebel-cell.com\/de\/?s={search_term_string}\"},\"query-input\":{\"@type\":\"PropertyValueSpecification\",\"valueRequired\":true,\"valueName\":\"search_term_string\"}}],\"inLanguage\":\"de\"},{\"@type\":\"Organization\",\"@id\":\"https:\/\/test.rebel-cell.com\/de\/#organization\",\"name\":\"Rebelcell\",\"url\":\"https:\/\/test.rebel-cell.com\/de\/\",\"logo\":{\"@type\":\"ImageObject\",\"inLanguage\":\"de\",\"@id\":\"https:\/\/test.rebel-cell.com\/de\/#\/schema\/logo\/image\/\",\"url\":\"https:\/\/test.rebel-cell.com\/wp-content\/uploads\/rebelcell-logo-300.png\",\"contentUrl\":\"https:\/\/test.rebel-cell.com\/wp-content\/uploads\/rebelcell-logo-300.png\",\"width\":300,\"height\":55,\"caption\":\"Rebelcell\"},\"image\":{\"@id\":\"https:\/\/test.rebel-cell.com\/de\/#\/schema\/logo\/image\/\"},\"sameAs\":[\"https:\/\/www.facebook.com\/rebelcelleu\",\"https:\/\/x.com\/rebelcellnl\",\"https:\/\/www.instagram.com\/rebelcelleurope\/?hl=nl\",\"https:\/\/www.youtube.com\/channel\/UCpySQUq4xwwtqveV1f8oiFw\"]}]}<\/script>\n<meta property=\"product:price:amount\" content=\"169.00\" \/>\n<meta property=\"product:price:currency\" content=\"EUR\" \/>\n<meta property=\"og:availability\" content=\"instock\" \/>\n<meta property=\"product:availability\" content=\"instock\" \/>\n<meta property=\"product:retailer_item_id\" content=\"8720964631561\" \/>\n<meta property=\"product:condition\" content=\"new\" \/>\n<!-- \/ Yoast SEO plugin. -->","yoast_head_json":{"title":"Ladeger\u00e4t 14.6V20A XT60 LiFePO4| Rebelcell | Powering the Outdoors","description":"Zum Laden von Rebelcell 12V EDGE, Outdoorbox EDGE oder PRO LiFePO4 Akkus. Nur f\u00fcr die Verwendung in Innenr\u00e4umen vorgesehen.","robots":{"index":"noindex","follow":"follow","max-snippet":"max-snippet:-1","max-image-preview":"max-image-preview:large","max-video-preview":"max-video-preview:-1"},"og_locale":"de_DE","og_type":"article","og_title":"Ladeger\u00e4t 14.6V20A XT60 LiFePO4| Rebelcell | Powering the Outdoors","og_description":"Zum Laden von Rebelcell 12V EDGE, Outdoorbox EDGE oder PRO LiFePO4 Akkus. Nur f\u00fcr die Verwendung in Innenr\u00e4umen vorgesehen.","og_url":"https:\/\/test.rebel-cell.com\/de\/produkt\/14-6v20a-lifepo4-ladegerat-xt60\/","og_site_name":"Rebelcell","article_publisher":"https:\/\/www.facebook.com\/rebelcelleu","article_modified_time":"2026-03-02T14:49:07+00:00","og_image":[{"width":1920,"height":1919,"url":"https:\/\/test.rebel-cell.com\/wp-content\/uploads\/Charger_14.6V20A_XT60_top_side_overview_A-2.jpg","type":"image\/jpeg"}],"twitter_card":"summary_large_image","twitter_site":"@rebelcellnl","twitter_misc":{"Preis":"&euro;169,00","Verf\u00fcgbarkeit":"Auf Lager"},"schema":{"@context":"https:\/\/schema.org","@graph":[{"@type":["WebPage","ItemPage"],"@id":"https:\/\/test.rebel-cell.com\/de\/produkt\/14-6v20a-lifepo4-ladegerat-xt60\/","url":"https:\/\/test.rebel-cell.com\/de\/produkt\/14-6v20a-lifepo4-ladegerat-xt60\/","name":"Ladeger\u00e4t 14.6V20A XT60 LiFePO4| Rebelcell | Powering the Outdoors","isPartOf":{"@id":"https:\/\/test.rebel-cell.com\/de\/#website"},"primaryImageOfPage":{"@id":"https:\/\/test.rebel-cell.com\/de\/produkt\/14-6v20a-lifepo4-ladegerat-xt60\/#primaryimage"},"image":{"@id":"https:\/\/test.rebel-cell.com\/de\/produkt\/14-6v20a-lifepo4-ladegerat-xt60\/#primaryimage"},"thumbnailUrl":"https:\/\/test.rebel-cell.com\/wp-content\/uploads\/Charger_14.6V20A_XT60_top_side_overview_A-2.jpg","datePublished":"2025-09-09T11:26:53+00:00","dateModified":"2026-03-02T14:49:07+00:00","description":"Zum Laden von Rebelcell 12V EDGE, Outdoorbox EDGE oder PRO LiFePO4 Akkus. Nur f\u00fcr die Verwendung in Innenr\u00e4umen vorgesehen.","breadcrumb":{"@id":"https:\/\/test.rebel-cell.com\/de\/produkt\/14-6v20a-lifepo4-ladegerat-xt60\/#breadcrumb"},"inLanguage":"de","potentialAction":[{"@type":"ReadAction","target":["https:\/\/test.rebel-cell.com\/de\/produkt\/14-6v20a-lifepo4-ladegerat-xt60\/"]}]},{"@type":"ImageObject","inLanguage":"de","@id":"https:\/\/test.rebel-cell.com\/de\/produkt\/14-6v20a-lifepo4-ladegerat-xt60\/#primaryimage","url":"https:\/\/test.rebel-cell.com\/wp-content\/uploads\/Charger_14.6V20A_XT60_top_side_overview_A-2.jpg","contentUrl":"https:\/\/test.rebel-cell.com\/wp-content\/uploads\/Charger_14.6V20A_XT60_top_side_overview_A-2.jpg","width":1920,"height":1919},{"@type":"BreadcrumbList","@id":"https:\/\/test.rebel-cell.com\/de\/produkt\/14-6v20a-lifepo4-ladegerat-xt60\/#breadcrumb","itemListElement":[{"@type":"ListItem","position":1,"name":"Home","item":"https:\/\/test.rebel-cell.com\/de\/"},{"@type":"ListItem","position":2,"name":"Shop","item":"https:\/\/test.rebel-cell.com\/de\/shop\/"},{"@type":"ListItem","position":3,"name":"14.6V20A LiFePO4-Ladeger\u00e4t-XT60"}]},{"@type":"WebSite","@id":"https:\/\/test.rebel-cell.com\/de\/#website","url":"https:\/\/test.rebel-cell.com\/de\/","name":"Rebelcell","description":"Rebelcell","publisher":{"@id":"https:\/\/test.rebel-cell.com\/de\/#organization"},"potentialAction":[{"@type":"SearchAction","target":{"@type":"EntryPoint","urlTemplate":"https:\/\/test.rebel-cell.com\/de\/?s={search_term_string}"},"query-input":{"@type":"PropertyValueSpecification","valueRequired":true,"valueName":"search_term_string"}}],"inLanguage":"de"},{"@type":"Organization","@id":"https:\/\/test.rebel-cell.com\/de\/#organization","name":"Rebelcell","url":"https:\/\/test.rebel-cell.com\/de\/","logo":{"@type":"ImageObject","inLanguage":"de","@id":"https:\/\/test.rebel-cell.com\/de\/#\/schema\/logo\/image\/","url":"https:\/\/test.rebel-cell.com\/wp-content\/uploads\/rebelcell-logo-300.png","contentUrl":"https:\/\/test.rebel-cell.com\/wp-content\/uploads\/rebelcell-logo-300.png","width":300,"height":55,"caption":"Rebelcell"},"image":{"@id":"https:\/\/test.rebel-cell.com\/de\/#\/schema\/logo\/image\/"},"sameAs":["https:\/\/www.facebook.com\/rebelcelleu","https:\/\/x.com\/rebelcellnl","https:\/\/www.instagram.com\/rebelcelleurope\/?hl=nl","https:\/\/www.youtube.com\/channel\/UCpySQUq4xwwtqveV1f8oiFw"]}]},"product_price_amount":"169.00","product_price_currency":"EUR","og_availability":"instock","product_availability":"instock","product_retailer_item_id":"8720964631561","product_condition":"new"},"_links":{"self":[{"href":"https:\/\/test.rebel-cell.com\/de\/wp-json\/wp\/v2\/product\/28501","targetHints":{"allow":["GET"]}}],"collection":[{"href":"https:\/\/test.rebel-cell.com\/de\/wp-json\/wp\/v2\/product"}],"about":[{"href":"https:\/\/test.rebel-cell.com\/de\/wp-json\/wp\/v2\/types\/product"}],"replies":[{"embeddable":true,"href":"https:\/\/test.rebel-cell.com\/de\/wp-json\/wp\/v2\/comments?post=28501"}],"wp:featuredmedia":[{"embeddable":true,"href":"https:\/\/test.rebel-cell.com\/de\/wp-json\/wp\/v2\/media\/30886"}],"wp:attachment":[{"href":"https:\/\/test.rebel-cell.com\/de\/wp-json\/wp\/v2\/media?parent=28501"}],"wp:term":[{"taxonomy":"product_brand","embeddable":true,"href":"https:\/\/test.rebel-cell.com\/de\/wp-json\/wp\/v2\/product_brand?post=28501"},{"taxonomy":"product_cat","embeddable":true,"href":"https:\/\/test.rebel-cell.com\/de\/wp-json\/wp\/v2\/product_cat?post=28501"},{"taxonomy":"product_tag","embeddable":true,"href":"https:\/\/test.rebel-cell.com\/de\/wp-json\/wp\/v2\/product_tag?post=28501"}],"curies":[{"name":"wp","href":"https:\/\/api.w.org\/{rel}","templated":true}]}}