{"id":28637,"date":"2025-09-23T12:25:49","date_gmt":"2025-09-23T10:25:49","guid":{"rendered":"https:\/\/test.rebel-cell.com\/?post_type=product&#038;p=28637"},"modified":"2026-03-10T17:24:34","modified_gmt":"2026-03-10T16:24:34","slug":"12-6v10a-lithium-ladegerat","status":"publish","type":"product","link":"https:\/\/test.rebel-cell.com\/de\/produkt\/12-6v10a-lithium-ladegerat\/","title":{"rendered":"12.6V10A Lithium-Ladeger\u00e4t"},"content":{"rendered":"<h2>PRODUKTBESCHREIBUNG 12.6V10A LITHIUM-LADEGER\u00c4T<\/h2>\n<p>Das <strong>12.6V10A XT60 Lithium-Ladeger\u00e4t<\/strong> wurde speziell f\u00fcr das Laden von Rebelcell <strong>12V AV-Batterien<\/strong> entwickelt. Das speziell entwickelte Ladeprogramm sorgt daf\u00fcr, dass Ihre Batterie <strong>schnell<\/strong>, <strong>sicher<\/strong> und <strong>automatisch<\/strong> mit dem richtigen Ladeprofil (Spannung \/ Ladestrom) geladen wird.<\/p>\n<p>Das Ladeger\u00e4t ist mit einer Reihe von <strong>Schutzfunktionen<\/strong> wie Kurzschluss-, Verpolungs- und \u00dcberspannungsschutz ausgestattet. Ausgestattet mit <strong>M8-kabel\u00f6sen<\/strong> ist der Anschluss des Ladeger\u00e4ts einfach. Verbinden Sie einfach die M8-Kabel\u00f6sen mit den Batteriepolen und ziehen Sie die Batteriebolzen fest an (mit einem Steckschl\u00fcssel), und das Ladeger\u00e4t k\u00fcmmert sich um den Rest. \u00dcber die <strong>LED-Anzeige<\/strong> am Ladeger\u00e4t k\u00f6nnen Sie den Ladefortschritt leicht verfolgen.<\/p>\n<p><strong>Achtung:<\/strong> Dieses Ladeger\u00e4t ist ausschlie\u00dflich zum Laden von Rebelcell 12V AV-Akkus. Der Versuch, andere Batterien zu laden, kann zu irreparablen Sch\u00e4den f\u00fchren. Dieses Ladeger\u00e4t ist nur f\u00fcr die Verwendung in Innenr\u00e4umen vorgesehen und nicht wasserdicht. F\u00fcr Bootsinstallationen finden Sie in unserem Sortiment wasserdichte Ladeger\u00e4te. Weitere Informationen zu unseren Ladeger\u00e4ten finden Sie auf unserer Seite: &#8222;<a href=\"https:\/\/test.rebel-cell.com\/de\/grundlagenwissen\/akku-verwenden\/\" target=\"_blank\" rel=\"noopener\">Grundlagenwissen<\/a>&#8222;.<\/p>\n<p><span style=\"font-size: 16px;\"><strong>Indikative Ladezeiten<\/strong><br \/>\n<\/span>12V35 AV: 5-6 Std.<br \/>\n12V50 AV: 6-7 Std.<br \/>\n12V70 AV: 9-10 Std.<\/p>\n<p>Produktcode: LC12V10REA<br \/>\nBarcode: 7106623693230<br \/>\nEAN: 7106623693230<\/p>\n","protected":false},"excerpt":{"rendered":"<p><strong>NEU!<\/strong> Das <strong>12.6V10A XT60 Lithium-Ladeger\u00e4t<\/strong> wurde speziell f\u00fcr das Laden von Rebelcell <strong>12V AV-Batterien<\/strong> und <strong>Outdoorboxen<\/strong> entwickelt. Das speziell entwickelte Ladeprogramm sorgt daf\u00fcr, dass Ihre Batterie <strong>schnell<\/strong>, <strong>sicher<\/strong> und <strong>automatisch<\/strong> mit dem richtigen Ladeprofil (Spannung \/ Ladestrom) geladen wird.<br \/>\n<a href=\"#proddesc\">Mehr lesen&gt;<\/a><\/p>\n","protected":false},"featured_media":3496,"comment_status":"open","ping_status":"closed","template":"","meta":{"_acf_changed":false},"product_brand":[],"product_cat":[1904,4444],"product_tag":[],"class_list":{"0":"post-28637","1":"product","2":"type-product","3":"status-publish","4":"has-post-thumbnail","6":"product_cat-ladegerate","7":"product_cat-batterieladegerate-ac","8":"product_shipping_class-normal-shipment","10":"first","11":"instock","12":"taxable","13":"shipping-taxable","14":"purchasable","15":"product-type-simple"},"bundled_by":[],"bundle_stock_status":"instock","bundle_stock_quantity":12,"bundle_virtual":false,"bundle_layout":"","bundle_add_to_cart_form_location":"","bundle_editable_in_cart":false,"bundle_sold_individually_context":"","bundle_item_grouping":"","bundle_min_size":"","bundle_max_size":"","bundle_price":[],"bundled_items":[],"bundle_sell_ids":[],"acf":[],"yoast_head":"<!-- This site is optimized with the Yoast SEO plugin v27.1.1 - https:\/\/yoast.com\/product\/yoast-seo-wordpress\/ -->\n<title>Ladeger\u00e4t 12.6V10A | Rebelcell | Powering the outdoors<\/title>\n<meta name=\"description\" content=\"Leistungsstarkes 12.6V10A-XT60-Lithium-Ladeger\u00e4t. Sicheres und schnelles Aufladen Ihrer 12V-AV-Batterie. Rebelcell. Powering the outdoors.\" \/>\n<meta name=\"robots\" content=\"noindex, follow, max-snippet:-1, max-image-preview:large, max-video-preview:-1\" \/>\n<meta property=\"og:locale\" content=\"de_DE\" \/>\n<meta property=\"og:type\" content=\"article\" \/>\n<meta property=\"og:title\" content=\"Ladeger\u00e4t 12.6V10A | Rebelcell | Powering the outdoors\" \/>\n<meta property=\"og:description\" content=\"Leistungsstarkes 12.6V10A-XT60-Lithium-Ladeger\u00e4t. Sicheres und schnelles Aufladen Ihrer 12V-AV-Batterie. Rebelcell. Powering the outdoors.\" \/>\n<meta property=\"og:url\" content=\"https:\/\/test.rebel-cell.com\/de\/produkt\/12-6v10a-lithium-ladegerat\/\" \/>\n<meta property=\"og:site_name\" content=\"Rebelcell\" \/>\n<meta property=\"article:publisher\" content=\"https:\/\/www.facebook.com\/rebelcelleu\" \/>\n<meta property=\"article:modified_time\" content=\"2026-03-10T16:24:34+00:00\" \/>\n<meta property=\"og:image\" content=\"https:\/\/test.rebel-cell.com\/wp-content\/uploads\/2019\/09\/Charger_12.6V10A_M8_top_side.jpg\" \/>\n\t<meta property=\"og:image:width\" content=\"1200\" \/>\n\t<meta property=\"og:image:height\" content=\"1200\" \/>\n\t<meta property=\"og:image:type\" content=\"image\/jpeg\" \/>\n<meta name=\"twitter:card\" content=\"summary_large_image\" \/>\n<meta name=\"twitter:site\" content=\"@rebelcellnl\" \/>\n<meta name=\"twitter:label1\" content=\"Preis\" \/>\n\t<meta name=\"twitter:data1\" content=\"&euro;129,50\" \/>\n\t<meta name=\"twitter:label2\" content=\"Verf\u00fcgbarkeit\" \/>\n\t<meta name=\"twitter:data2\" content=\"Auf Lager\" \/>\n<script type=\"application\/ld+json\" class=\"yoast-schema-graph\">{\"@context\":\"https:\/\/schema.org\",\"@graph\":[{\"@type\":[\"WebPage\",\"ItemPage\"],\"@id\":\"https:\/\/test.rebel-cell.com\/de\/produkt\/12-6v10a-lithium-ladegerat\/\",\"url\":\"https:\/\/test.rebel-cell.com\/de\/produkt\/12-6v10a-lithium-ladegerat\/\",\"name\":\"Ladeger\u00e4t 12.6V10A | Rebelcell | Powering the outdoors\",\"isPartOf\":{\"@id\":\"https:\/\/test.rebel-cell.com\/de\/#website\"},\"primaryImageOfPage\":{\"@id\":\"https:\/\/test.rebel-cell.com\/de\/produkt\/12-6v10a-lithium-ladegerat\/#primaryimage\"},\"image\":{\"@id\":\"https:\/\/test.rebel-cell.com\/de\/produkt\/12-6v10a-lithium-ladegerat\/#primaryimage\"},\"thumbnailUrl\":\"https:\/\/test.rebel-cell.com\/wp-content\/uploads\/2019\/09\/Charger_12.6V10A_M8_top_side.jpg\",\"datePublished\":\"2025-09-23T10:25:49+00:00\",\"dateModified\":\"2026-03-10T16:24:34+00:00\",\"description\":\"Leistungsstarkes 12.6V10A-XT60-Lithium-Ladeger\u00e4t. Sicheres und schnelles Aufladen Ihrer 12V-AV-Batterie. Rebelcell. Powering the outdoors.\",\"breadcrumb\":{\"@id\":\"https:\/\/test.rebel-cell.com\/de\/produkt\/12-6v10a-lithium-ladegerat\/#breadcrumb\"},\"inLanguage\":\"de\",\"potentialAction\":[{\"@type\":\"ReadAction\",\"target\":[\"https:\/\/test.rebel-cell.com\/de\/produkt\/12-6v10a-lithium-ladegerat\/\"]}]},{\"@type\":\"ImageObject\",\"inLanguage\":\"de\",\"@id\":\"https:\/\/test.rebel-cell.com\/de\/produkt\/12-6v10a-lithium-ladegerat\/#primaryimage\",\"url\":\"https:\/\/test.rebel-cell.com\/wp-content\/uploads\/2019\/09\/Charger_12.6V10A_M8_top_side.jpg\",\"contentUrl\":\"https:\/\/test.rebel-cell.com\/wp-content\/uploads\/2019\/09\/Charger_12.6V10A_M8_top_side.jpg\",\"width\":1200,\"height\":1200,\"caption\":\"Ladeger\u00e4t 12.6V10A M8\"},{\"@type\":\"BreadcrumbList\",\"@id\":\"https:\/\/test.rebel-cell.com\/de\/produkt\/12-6v10a-lithium-ladegerat\/#breadcrumb\",\"itemListElement\":[{\"@type\":\"ListItem\",\"position\":1,\"name\":\"Home\",\"item\":\"https:\/\/test.rebel-cell.com\/de\/\"},{\"@type\":\"ListItem\",\"position\":2,\"name\":\"Shop\",\"item\":\"https:\/\/test.rebel-cell.com\/de\/shop\/\"},{\"@type\":\"ListItem\",\"position\":3,\"name\":\"12.6V10A Lithium-Ladeger\u00e4t\"}]},{\"@type\":\"WebSite\",\"@id\":\"https:\/\/test.rebel-cell.com\/de\/#website\",\"url\":\"https:\/\/test.rebel-cell.com\/de\/\",\"name\":\"Rebelcell\",\"description\":\"Rebelcell\",\"publisher\":{\"@id\":\"https:\/\/test.rebel-cell.com\/de\/#organization\"},\"potentialAction\":[{\"@type\":\"SearchAction\",\"target\":{\"@type\":\"EntryPoint\",\"urlTemplate\":\"https:\/\/test.rebel-cell.com\/de\/?s={search_term_string}\"},\"query-input\":{\"@type\":\"PropertyValueSpecification\",\"valueRequired\":true,\"valueName\":\"search_term_string\"}}],\"inLanguage\":\"de\"},{\"@type\":\"Organization\",\"@id\":\"https:\/\/test.rebel-cell.com\/de\/#organization\",\"name\":\"Rebelcell\",\"url\":\"https:\/\/test.rebel-cell.com\/de\/\",\"logo\":{\"@type\":\"ImageObject\",\"inLanguage\":\"de\",\"@id\":\"https:\/\/test.rebel-cell.com\/de\/#\/schema\/logo\/image\/\",\"url\":\"https:\/\/test.rebel-cell.com\/wp-content\/uploads\/rebelcell-logo-300.png\",\"contentUrl\":\"https:\/\/test.rebel-cell.com\/wp-content\/uploads\/rebelcell-logo-300.png\",\"width\":300,\"height\":55,\"caption\":\"Rebelcell\"},\"image\":{\"@id\":\"https:\/\/test.rebel-cell.com\/de\/#\/schema\/logo\/image\/\"},\"sameAs\":[\"https:\/\/www.facebook.com\/rebelcelleu\",\"https:\/\/x.com\/rebelcellnl\",\"https:\/\/www.instagram.com\/rebelcelleurope\/?hl=nl\",\"https:\/\/www.youtube.com\/channel\/UCpySQUq4xwwtqveV1f8oiFw\"]}]}<\/script>\n<meta property=\"product:price:amount\" content=\"129.50\" \/>\n<meta property=\"product:price:currency\" content=\"EUR\" \/>\n<meta property=\"og:availability\" content=\"instock\" \/>\n<meta property=\"product:availability\" content=\"instock\" \/>\n<meta property=\"product:retailer_item_id\" content=\"7106623693230\" \/>\n<meta property=\"product:condition\" content=\"new\" \/>\n<!-- \/ Yoast SEO plugin. -->","yoast_head_json":{"title":"Ladeger\u00e4t 12.6V10A | Rebelcell | Powering the outdoors","description":"Leistungsstarkes 12.6V10A-XT60-Lithium-Ladeger\u00e4t. Sicheres und schnelles Aufladen Ihrer 12V-AV-Batterie. Rebelcell. Powering the outdoors.","robots":{"index":"noindex","follow":"follow","max-snippet":"max-snippet:-1","max-image-preview":"max-image-preview:large","max-video-preview":"max-video-preview:-1"},"og_locale":"de_DE","og_type":"article","og_title":"Ladeger\u00e4t 12.6V10A | Rebelcell | Powering the outdoors","og_description":"Leistungsstarkes 12.6V10A-XT60-Lithium-Ladeger\u00e4t. Sicheres und schnelles Aufladen Ihrer 12V-AV-Batterie. Rebelcell. Powering the outdoors.","og_url":"https:\/\/test.rebel-cell.com\/de\/produkt\/12-6v10a-lithium-ladegerat\/","og_site_name":"Rebelcell","article_publisher":"https:\/\/www.facebook.com\/rebelcelleu","article_modified_time":"2026-03-10T16:24:34+00:00","og_image":[{"width":1200,"height":1200,"url":"https:\/\/test.rebel-cell.com\/wp-content\/uploads\/2019\/09\/Charger_12.6V10A_M8_top_side.jpg","type":"image\/jpeg"}],"twitter_card":"summary_large_image","twitter_site":"@rebelcellnl","twitter_misc":{"Preis":"&euro;129,50","Verf\u00fcgbarkeit":"Auf Lager"},"schema":{"@context":"https:\/\/schema.org","@graph":[{"@type":["WebPage","ItemPage"],"@id":"https:\/\/test.rebel-cell.com\/de\/produkt\/12-6v10a-lithium-ladegerat\/","url":"https:\/\/test.rebel-cell.com\/de\/produkt\/12-6v10a-lithium-ladegerat\/","name":"Ladeger\u00e4t 12.6V10A | Rebelcell | Powering the outdoors","isPartOf":{"@id":"https:\/\/test.rebel-cell.com\/de\/#website"},"primaryImageOfPage":{"@id":"https:\/\/test.rebel-cell.com\/de\/produkt\/12-6v10a-lithium-ladegerat\/#primaryimage"},"image":{"@id":"https:\/\/test.rebel-cell.com\/de\/produkt\/12-6v10a-lithium-ladegerat\/#primaryimage"},"thumbnailUrl":"https:\/\/test.rebel-cell.com\/wp-content\/uploads\/2019\/09\/Charger_12.6V10A_M8_top_side.jpg","datePublished":"2025-09-23T10:25:49+00:00","dateModified":"2026-03-10T16:24:34+00:00","description":"Leistungsstarkes 12.6V10A-XT60-Lithium-Ladeger\u00e4t. Sicheres und schnelles Aufladen Ihrer 12V-AV-Batterie. Rebelcell. Powering the outdoors.","breadcrumb":{"@id":"https:\/\/test.rebel-cell.com\/de\/produkt\/12-6v10a-lithium-ladegerat\/#breadcrumb"},"inLanguage":"de","potentialAction":[{"@type":"ReadAction","target":["https:\/\/test.rebel-cell.com\/de\/produkt\/12-6v10a-lithium-ladegerat\/"]}]},{"@type":"ImageObject","inLanguage":"de","@id":"https:\/\/test.rebel-cell.com\/de\/produkt\/12-6v10a-lithium-ladegerat\/#primaryimage","url":"https:\/\/test.rebel-cell.com\/wp-content\/uploads\/2019\/09\/Charger_12.6V10A_M8_top_side.jpg","contentUrl":"https:\/\/test.rebel-cell.com\/wp-content\/uploads\/2019\/09\/Charger_12.6V10A_M8_top_side.jpg","width":1200,"height":1200,"caption":"Ladeger\u00e4t 12.6V10A M8"},{"@type":"BreadcrumbList","@id":"https:\/\/test.rebel-cell.com\/de\/produkt\/12-6v10a-lithium-ladegerat\/#breadcrumb","itemListElement":[{"@type":"ListItem","position":1,"name":"Home","item":"https:\/\/test.rebel-cell.com\/de\/"},{"@type":"ListItem","position":2,"name":"Shop","item":"https:\/\/test.rebel-cell.com\/de\/shop\/"},{"@type":"ListItem","position":3,"name":"12.6V10A Lithium-Ladeger\u00e4t"}]},{"@type":"WebSite","@id":"https:\/\/test.rebel-cell.com\/de\/#website","url":"https:\/\/test.rebel-cell.com\/de\/","name":"Rebelcell","description":"Rebelcell","publisher":{"@id":"https:\/\/test.rebel-cell.com\/de\/#organization"},"potentialAction":[{"@type":"SearchAction","target":{"@type":"EntryPoint","urlTemplate":"https:\/\/test.rebel-cell.com\/de\/?s={search_term_string}"},"query-input":{"@type":"PropertyValueSpecification","valueRequired":true,"valueName":"search_term_string"}}],"inLanguage":"de"},{"@type":"Organization","@id":"https:\/\/test.rebel-cell.com\/de\/#organization","name":"Rebelcell","url":"https:\/\/test.rebel-cell.com\/de\/","logo":{"@type":"ImageObject","inLanguage":"de","@id":"https:\/\/test.rebel-cell.com\/de\/#\/schema\/logo\/image\/","url":"https:\/\/test.rebel-cell.com\/wp-content\/uploads\/rebelcell-logo-300.png","contentUrl":"https:\/\/test.rebel-cell.com\/wp-content\/uploads\/rebelcell-logo-300.png","width":300,"height":55,"caption":"Rebelcell"},"image":{"@id":"https:\/\/test.rebel-cell.com\/de\/#\/schema\/logo\/image\/"},"sameAs":["https:\/\/www.facebook.com\/rebelcelleu","https:\/\/x.com\/rebelcellnl","https:\/\/www.instagram.com\/rebelcelleurope\/?hl=nl","https:\/\/www.youtube.com\/channel\/UCpySQUq4xwwtqveV1f8oiFw"]}]},"product_price_amount":"129.50","product_price_currency":"EUR","og_availability":"instock","product_availability":"instock","product_retailer_item_id":"7106623693230","product_condition":"new"},"_links":{"self":[{"href":"https:\/\/test.rebel-cell.com\/de\/wp-json\/wp\/v2\/product\/28637","targetHints":{"allow":["GET"]}}],"collection":[{"href":"https:\/\/test.rebel-cell.com\/de\/wp-json\/wp\/v2\/product"}],"about":[{"href":"https:\/\/test.rebel-cell.com\/de\/wp-json\/wp\/v2\/types\/product"}],"replies":[{"embeddable":true,"href":"https:\/\/test.rebel-cell.com\/de\/wp-json\/wp\/v2\/comments?post=28637"}],"wp:featuredmedia":[{"embeddable":true,"href":"https:\/\/test.rebel-cell.com\/de\/wp-json\/wp\/v2\/media\/3496"}],"wp:attachment":[{"href":"https:\/\/test.rebel-cell.com\/de\/wp-json\/wp\/v2\/media?parent=28637"}],"wp:term":[{"taxonomy":"product_brand","embeddable":true,"href":"https:\/\/test.rebel-cell.com\/de\/wp-json\/wp\/v2\/product_brand?post=28637"},{"taxonomy":"product_cat","embeddable":true,"href":"https:\/\/test.rebel-cell.com\/de\/wp-json\/wp\/v2\/product_cat?post=28637"},{"taxonomy":"product_tag","embeddable":true,"href":"https:\/\/test.rebel-cell.com\/de\/wp-json\/wp\/v2\/product_tag?post=28637"}],"curies":[{"name":"wp","href":"https:\/\/api.w.org\/{rel}","templated":true}]}}