{"id":8183,"date":"2019-09-04T14:30:25","date_gmt":"2019-09-04T12:30:25","guid":{"rendered":"https:\/\/test.rebel-cell.com\/product\/12v140-av-akku\/"},"modified":"2026-02-28T21:03:42","modified_gmt":"2026-02-28T20:03:42","slug":"12v140-av-akku","status":"publish","type":"product","link":"https:\/\/test.rebel-cell.com\/de\/produkt\/12v140-av-akku\/","title":{"rendered":"12V140 AV-Lithium-Akku"},"content":{"rendered":"<h2>Produktbeschreibung Rebelcell 12V140 AV-Lithium-Akku<\/h2>\n<p>Eine der gr\u00f6\u00dften 12Volt-Akku in unserem Sortiment, die <strong>12V140 AV-Lithium-Akku.<\/strong> Diese leistungsstarke und leichte Lithium-Batterie mit <strong>digitale Akku-Statusanzeige<\/strong> hat eine Kapazit\u00e4t von <strong>140Ah (1670 Wh)<\/strong> und wiegt nur <strong>10,5 kg<\/strong>. Ihre Einsatzm\u00f6glichkeiten umfassen:<\/p>\n<ul>\n<li><strong>Elektroboote:<\/strong> als Batterie f\u00fcr einen 12V-Trolling-motor oder einen elektrischen Au\u00dfenbordmotor.<\/li>\n<li><strong>Angeln:<\/strong> als gro\u00dfe Stromversorgung f\u00fcr den Bugmotor oder f\u00fcr den fanatischen Angler mit gro\u00dfen Fischfindern, der mehrere Tage hintereinander aufs Wasser gehen will.<\/li>\n<li><strong>Freizeit:<\/strong> als Servicebatterie f\u00fcr Segelyachten, Motorboote oder Wohnwagen.<\/li>\n<\/ul>\n<p>Dank der angepassten Spannung kann diese Batterie <strong>problemlos<\/strong> mit jedem <strong>Trolling-motor<\/strong> oder <strong>Elektro-Au\u00dfenbordmotor<\/strong> verwendet werden. Werfen Sie einen Blick auf unsere <a href=\"https:\/\/test.rebel-cell.com\/de\/grundlagenwissen\/akku-elektromotor-entscheidungshilfe\/\" target=\"_blank\" rel=\"noopener\">Grundlagenwissen f\u00fcr Elektroboote<\/a>,\u00a0um die richtige Batterie f\u00fcr Ihre gew\u00fcnschte Fahrzeit zu finden. Sie suchen eine passende Batterie f\u00fcr Ihre Angelausr\u00fcstung? Dann werfen Sie einen Blick auf unsere <a href=\"https:\/\/test.rebel-cell.com\/de\/grundlagenwissen\/akku-echolot-uebersicht\/\">Grundlagenwissen f\u00fcr Fischereiger\u00e4te an Bord.<\/a><\/p>\n<p>Die Akku ist <strong>v\u00f6llig wartungsfrei<\/strong> und hat bis zu <strong>1000 Ladezyklen.<\/strong> Das bedeutet 1.000 Ladungen und Entladungen. Sie ist <strong>deutlich leichter<\/strong> als eine vergleichbare Bleibatterie und hat einen <strong>viel geringeren Jahresverlust<\/strong>. Dank des eingebauten <strong>Batteriemanagementsystems<\/strong> m\u00fcssen Sie sich keine Sorgen machen, dass die Akku zu tief entladen wird und Schaden nimmt.<\/p>\n<p><strong>Tipp:<\/strong> Halten Sie Ihre 12V140 AV-Akku mit unserer <a href=\"https:\/\/test.rebel-cell.com\/de\/produkt\/battery-bag-extra-large-2\/\" target=\"_blank\" rel=\"noopener\">Akkutasche<\/a> trocken!<\/p>\n<p>Produktcode: 12140AVREUA<\/p>\n<p>Barcode: 7106623690710<\/p>\n<p>EAN: 8720964630441<\/p>\n","protected":false},"excerpt":{"rendered":"<p>Gro\u00dfe und leistungsstarke <strong>12V140 AV-Lithium-Akku <\/strong>mit <strong>digitale Akku-Statusanzeige<\/strong>. Diese Batterie hat eine Kapazit\u00e4t von nicht weniger als <strong>140Ah (1,67 kWh).<\/strong> Diese Batterie wird von Personen verwendet, die l\u00e4ngere Zeit mit einem <strong>12V-Elektroau\u00dfenbordmotor<\/strong> segeln wollen, oder von Raubfischern mit mehreren <strong>gro\u00dfen Bildschirmen<\/strong> an Bord.<br \/>\n<a href=\"#proddesc\">Mehr lesen&gt;<\/a><\/p>\n<p>&nbsp;<\/p>\n","protected":false},"featured_media":10597,"comment_status":"open","ping_status":"closed","template":"","meta":{"_acf_changed":false},"product_brand":[],"product_cat":[1902,4440],"product_tag":[],"class_list":{"0":"post-8183","1":"product","2":"type-product","3":"status-publish","4":"has-post-thumbnail","6":"product_cat-akkus","7":"product_cat-lithium-akkus-12v-24v-36v","8":"product_shipping_class-shipping-battery","10":"first","11":"instock","12":"taxable","13":"shipping-taxable","14":"purchasable","15":"product-type-simple"},"bundled_by":["11465"],"bundle_stock_status":"instock","bundle_stock_quantity":23,"bundle_virtual":false,"bundle_layout":"","bundle_add_to_cart_form_location":"","bundle_editable_in_cart":false,"bundle_sold_individually_context":"","bundle_item_grouping":"","bundle_min_size":"","bundle_max_size":"","bundle_price":[],"bundled_items":[],"bundle_sell_ids":[],"acf":[],"yoast_head":"<!-- This site is optimized with the Yoast SEO plugin v27.1.1 - https:\/\/yoast.com\/product\/yoast-seo-wordpress\/ -->\n<title>12V140 AV-Lithium-Akku | Rebelcell | Tragbare Energie f\u00fcr Outdoor-Aktivit\u00e4ten<\/title>\n<meta name=\"description\" content=\"12V140 AV-Lithium-Akku. F\u00fcr 12\u00a0V Elektro-Au\u00dfenbordmotoren, Echolote. Rebelcell, tragbare Energie zum Angeln, f\u00fcr Elektroboote, Outdoor und Freizeit.\" \/>\n<meta name=\"robots\" content=\"noindex, follow, max-snippet:-1, max-image-preview:large, max-video-preview:-1\" \/>\n<meta property=\"og:locale\" content=\"de_DE\" \/>\n<meta property=\"og:type\" content=\"article\" \/>\n<meta property=\"og:title\" content=\"12V140 AV-Lithium-Akku | Rebelcell | Tragbare Energie f\u00fcr Outdoor-Aktivit\u00e4ten\" \/>\n<meta property=\"og:description\" content=\"12V140 AV-Lithium-Akku. F\u00fcr 12\u00a0V Elektro-Au\u00dfenbordmotoren, Echolote. Rebelcell, tragbare Energie zum Angeln, f\u00fcr Elektroboote, Outdoor und Freizeit.\" \/>\n<meta property=\"og:url\" content=\"https:\/\/test.rebel-cell.com\/de\/produkt\/12v140-av-akku\/\" \/>\n<meta property=\"og:site_name\" content=\"Rebelcell\" \/>\n<meta property=\"article:publisher\" content=\"https:\/\/www.facebook.com\/rebelcelleu\" \/>\n<meta property=\"article:modified_time\" content=\"2026-02-28T20:03:42+00:00\" \/>\n<meta property=\"og:image\" content=\"https:\/\/test.rebel-cell.com\/wp-content\/uploads\/12V140AV_top_side.jpg\" \/>\n\t<meta property=\"og:image:width\" content=\"1500\" \/>\n\t<meta property=\"og:image:height\" content=\"1500\" \/>\n\t<meta property=\"og:image:type\" content=\"image\/jpeg\" \/>\n<meta name=\"twitter:card\" content=\"summary_large_image\" \/>\n<meta name=\"twitter:site\" content=\"@rebelcellnl\" \/>\n<meta name=\"twitter:label1\" content=\"Preis\" \/>\n\t<meta name=\"twitter:data1\" content=\"&euro;1.549,00\" \/>\n\t<meta name=\"twitter:label2\" content=\"Verf\u00fcgbarkeit\" \/>\n\t<meta name=\"twitter:data2\" content=\"Auf Lager\" \/>\n<script type=\"application\/ld+json\" class=\"yoast-schema-graph\">{\"@context\":\"https:\/\/schema.org\",\"@graph\":[{\"@type\":[\"WebPage\",\"ItemPage\"],\"@id\":\"https:\/\/test.rebel-cell.com\/de\/produkt\/12v140-av-akku\/\",\"url\":\"https:\/\/test.rebel-cell.com\/de\/produkt\/12v140-av-akku\/\",\"name\":\"12V140 AV-Lithium-Akku | Rebelcell | Tragbare Energie f\u00fcr Outdoor-Aktivit\u00e4ten\",\"isPartOf\":{\"@id\":\"https:\/\/test.rebel-cell.com\/de\/#website\"},\"primaryImageOfPage\":{\"@id\":\"https:\/\/test.rebel-cell.com\/de\/produkt\/12v140-av-akku\/#primaryimage\"},\"image\":{\"@id\":\"https:\/\/test.rebel-cell.com\/de\/produkt\/12v140-av-akku\/#primaryimage\"},\"thumbnailUrl\":\"https:\/\/test.rebel-cell.com\/wp-content\/uploads\/12V140AV_top_side.jpg\",\"datePublished\":\"2019-09-04T12:30:25+00:00\",\"dateModified\":\"2026-02-28T20:03:42+00:00\",\"description\":\"12V140 AV-Lithium-Akku. F\u00fcr 12\u00a0V Elektro-Au\u00dfenbordmotoren, Echolote. Rebelcell, tragbare Energie zum Angeln, f\u00fcr Elektroboote, Outdoor und Freizeit.\",\"breadcrumb\":{\"@id\":\"https:\/\/test.rebel-cell.com\/de\/produkt\/12v140-av-akku\/#breadcrumb\"},\"inLanguage\":\"de\",\"potentialAction\":[{\"@type\":\"ReadAction\",\"target\":[\"https:\/\/test.rebel-cell.com\/de\/produkt\/12v140-av-akku\/\"]}]},{\"@type\":\"ImageObject\",\"inLanguage\":\"de\",\"@id\":\"https:\/\/test.rebel-cell.com\/de\/produkt\/12v140-av-akku\/#primaryimage\",\"url\":\"https:\/\/test.rebel-cell.com\/wp-content\/uploads\/12V140AV_top_side.jpg\",\"contentUrl\":\"https:\/\/test.rebel-cell.com\/wp-content\/uploads\/12V140AV_top_side.jpg\",\"width\":1500,\"height\":1500},{\"@type\":\"BreadcrumbList\",\"@id\":\"https:\/\/test.rebel-cell.com\/de\/produkt\/12v140-av-akku\/#breadcrumb\",\"itemListElement\":[{\"@type\":\"ListItem\",\"position\":1,\"name\":\"Home\",\"item\":\"https:\/\/test.rebel-cell.com\/de\/\"},{\"@type\":\"ListItem\",\"position\":2,\"name\":\"Shop\",\"item\":\"https:\/\/test.rebel-cell.com\/de\/shop\/\"},{\"@type\":\"ListItem\",\"position\":3,\"name\":\"12V140 AV-Lithium-Akku\"}]},{\"@type\":\"WebSite\",\"@id\":\"https:\/\/test.rebel-cell.com\/de\/#website\",\"url\":\"https:\/\/test.rebel-cell.com\/de\/\",\"name\":\"Rebelcell\",\"description\":\"Rebelcell\",\"publisher\":{\"@id\":\"https:\/\/test.rebel-cell.com\/de\/#organization\"},\"potentialAction\":[{\"@type\":\"SearchAction\",\"target\":{\"@type\":\"EntryPoint\",\"urlTemplate\":\"https:\/\/test.rebel-cell.com\/de\/?s={search_term_string}\"},\"query-input\":{\"@type\":\"PropertyValueSpecification\",\"valueRequired\":true,\"valueName\":\"search_term_string\"}}],\"inLanguage\":\"de\"},{\"@type\":\"Organization\",\"@id\":\"https:\/\/test.rebel-cell.com\/de\/#organization\",\"name\":\"Rebelcell\",\"url\":\"https:\/\/test.rebel-cell.com\/de\/\",\"logo\":{\"@type\":\"ImageObject\",\"inLanguage\":\"de\",\"@id\":\"https:\/\/test.rebel-cell.com\/de\/#\/schema\/logo\/image\/\",\"url\":\"https:\/\/test.rebel-cell.com\/wp-content\/uploads\/rebelcell-logo-300.png\",\"contentUrl\":\"https:\/\/test.rebel-cell.com\/wp-content\/uploads\/rebelcell-logo-300.png\",\"width\":300,\"height\":55,\"caption\":\"Rebelcell\"},\"image\":{\"@id\":\"https:\/\/test.rebel-cell.com\/de\/#\/schema\/logo\/image\/\"},\"sameAs\":[\"https:\/\/www.facebook.com\/rebelcelleu\",\"https:\/\/x.com\/rebelcellnl\",\"https:\/\/www.instagram.com\/rebelcelleurope\/?hl=nl\",\"https:\/\/www.youtube.com\/channel\/UCpySQUq4xwwtqveV1f8oiFw\"]}]}<\/script>\n<meta property=\"product:price:amount\" content=\"1549.00\" \/>\n<meta property=\"product:price:currency\" content=\"EUR\" \/>\n<meta property=\"og:availability\" content=\"instock\" \/>\n<meta property=\"product:availability\" content=\"instock\" \/>\n<meta property=\"product:retailer_item_id\" content=\"7106623690710\" \/>\n<meta property=\"product:condition\" content=\"new\" \/>\n<!-- \/ Yoast SEO plugin. -->","yoast_head_json":{"title":"12V140 AV-Lithium-Akku | Rebelcell | Tragbare Energie f\u00fcr Outdoor-Aktivit\u00e4ten","description":"12V140 AV-Lithium-Akku. F\u00fcr 12\u00a0V Elektro-Au\u00dfenbordmotoren, Echolote. Rebelcell, tragbare Energie zum Angeln, f\u00fcr Elektroboote, Outdoor und Freizeit.","robots":{"index":"noindex","follow":"follow","max-snippet":"max-snippet:-1","max-image-preview":"max-image-preview:large","max-video-preview":"max-video-preview:-1"},"og_locale":"de_DE","og_type":"article","og_title":"12V140 AV-Lithium-Akku | Rebelcell | Tragbare Energie f\u00fcr Outdoor-Aktivit\u00e4ten","og_description":"12V140 AV-Lithium-Akku. F\u00fcr 12\u00a0V Elektro-Au\u00dfenbordmotoren, Echolote. Rebelcell, tragbare Energie zum Angeln, f\u00fcr Elektroboote, Outdoor und Freizeit.","og_url":"https:\/\/test.rebel-cell.com\/de\/produkt\/12v140-av-akku\/","og_site_name":"Rebelcell","article_publisher":"https:\/\/www.facebook.com\/rebelcelleu","article_modified_time":"2026-02-28T20:03:42+00:00","og_image":[{"width":1500,"height":1500,"url":"https:\/\/test.rebel-cell.com\/wp-content\/uploads\/12V140AV_top_side.jpg","type":"image\/jpeg"}],"twitter_card":"summary_large_image","twitter_site":"@rebelcellnl","twitter_misc":{"Preis":"&euro;1.549,00","Verf\u00fcgbarkeit":"Auf Lager"},"schema":{"@context":"https:\/\/schema.org","@graph":[{"@type":["WebPage","ItemPage"],"@id":"https:\/\/test.rebel-cell.com\/de\/produkt\/12v140-av-akku\/","url":"https:\/\/test.rebel-cell.com\/de\/produkt\/12v140-av-akku\/","name":"12V140 AV-Lithium-Akku | Rebelcell | Tragbare Energie f\u00fcr Outdoor-Aktivit\u00e4ten","isPartOf":{"@id":"https:\/\/test.rebel-cell.com\/de\/#website"},"primaryImageOfPage":{"@id":"https:\/\/test.rebel-cell.com\/de\/produkt\/12v140-av-akku\/#primaryimage"},"image":{"@id":"https:\/\/test.rebel-cell.com\/de\/produkt\/12v140-av-akku\/#primaryimage"},"thumbnailUrl":"https:\/\/test.rebel-cell.com\/wp-content\/uploads\/12V140AV_top_side.jpg","datePublished":"2019-09-04T12:30:25+00:00","dateModified":"2026-02-28T20:03:42+00:00","description":"12V140 AV-Lithium-Akku. F\u00fcr 12\u00a0V Elektro-Au\u00dfenbordmotoren, Echolote. Rebelcell, tragbare Energie zum Angeln, f\u00fcr Elektroboote, Outdoor und Freizeit.","breadcrumb":{"@id":"https:\/\/test.rebel-cell.com\/de\/produkt\/12v140-av-akku\/#breadcrumb"},"inLanguage":"de","potentialAction":[{"@type":"ReadAction","target":["https:\/\/test.rebel-cell.com\/de\/produkt\/12v140-av-akku\/"]}]},{"@type":"ImageObject","inLanguage":"de","@id":"https:\/\/test.rebel-cell.com\/de\/produkt\/12v140-av-akku\/#primaryimage","url":"https:\/\/test.rebel-cell.com\/wp-content\/uploads\/12V140AV_top_side.jpg","contentUrl":"https:\/\/test.rebel-cell.com\/wp-content\/uploads\/12V140AV_top_side.jpg","width":1500,"height":1500},{"@type":"BreadcrumbList","@id":"https:\/\/test.rebel-cell.com\/de\/produkt\/12v140-av-akku\/#breadcrumb","itemListElement":[{"@type":"ListItem","position":1,"name":"Home","item":"https:\/\/test.rebel-cell.com\/de\/"},{"@type":"ListItem","position":2,"name":"Shop","item":"https:\/\/test.rebel-cell.com\/de\/shop\/"},{"@type":"ListItem","position":3,"name":"12V140 AV-Lithium-Akku"}]},{"@type":"WebSite","@id":"https:\/\/test.rebel-cell.com\/de\/#website","url":"https:\/\/test.rebel-cell.com\/de\/","name":"Rebelcell","description":"Rebelcell","publisher":{"@id":"https:\/\/test.rebel-cell.com\/de\/#organization"},"potentialAction":[{"@type":"SearchAction","target":{"@type":"EntryPoint","urlTemplate":"https:\/\/test.rebel-cell.com\/de\/?s={search_term_string}"},"query-input":{"@type":"PropertyValueSpecification","valueRequired":true,"valueName":"search_term_string"}}],"inLanguage":"de"},{"@type":"Organization","@id":"https:\/\/test.rebel-cell.com\/de\/#organization","name":"Rebelcell","url":"https:\/\/test.rebel-cell.com\/de\/","logo":{"@type":"ImageObject","inLanguage":"de","@id":"https:\/\/test.rebel-cell.com\/de\/#\/schema\/logo\/image\/","url":"https:\/\/test.rebel-cell.com\/wp-content\/uploads\/rebelcell-logo-300.png","contentUrl":"https:\/\/test.rebel-cell.com\/wp-content\/uploads\/rebelcell-logo-300.png","width":300,"height":55,"caption":"Rebelcell"},"image":{"@id":"https:\/\/test.rebel-cell.com\/de\/#\/schema\/logo\/image\/"},"sameAs":["https:\/\/www.facebook.com\/rebelcelleu","https:\/\/x.com\/rebelcellnl","https:\/\/www.instagram.com\/rebelcelleurope\/?hl=nl","https:\/\/www.youtube.com\/channel\/UCpySQUq4xwwtqveV1f8oiFw"]}]},"product_price_amount":"1549.00","product_price_currency":"EUR","og_availability":"instock","product_availability":"instock","product_retailer_item_id":"7106623690710","product_condition":"new"},"_links":{"self":[{"href":"https:\/\/test.rebel-cell.com\/de\/wp-json\/wp\/v2\/product\/8183","targetHints":{"allow":["GET"]}}],"collection":[{"href":"https:\/\/test.rebel-cell.com\/de\/wp-json\/wp\/v2\/product"}],"about":[{"href":"https:\/\/test.rebel-cell.com\/de\/wp-json\/wp\/v2\/types\/product"}],"replies":[{"embeddable":true,"href":"https:\/\/test.rebel-cell.com\/de\/wp-json\/wp\/v2\/comments?post=8183"}],"wp:featuredmedia":[{"embeddable":true,"href":"https:\/\/test.rebel-cell.com\/de\/wp-json\/wp\/v2\/media\/10597"}],"wp:attachment":[{"href":"https:\/\/test.rebel-cell.com\/de\/wp-json\/wp\/v2\/media?parent=8183"}],"wp:term":[{"taxonomy":"product_brand","embeddable":true,"href":"https:\/\/test.rebel-cell.com\/de\/wp-json\/wp\/v2\/product_brand?post=8183"},{"taxonomy":"product_cat","embeddable":true,"href":"https:\/\/test.rebel-cell.com\/de\/wp-json\/wp\/v2\/product_cat?post=8183"},{"taxonomy":"product_tag","embeddable":true,"href":"https:\/\/test.rebel-cell.com\/de\/wp-json\/wp\/v2\/product_tag?post=8183"}],"curies":[{"name":"wp","href":"https:\/\/api.w.org\/{rel}","templated":true}]}}