{"id":8231,"date":"2019-09-25T14:13:39","date_gmt":"2019-09-25T12:13:39","guid":{"rendered":"https:\/\/test.rebel-cell.com\/product\/quick-connect-e-motor-60a\/"},"modified":"2026-02-07T10:55:34","modified_gmt":"2026-02-07T09:55:34","slug":"quick-connect-e-motor-60a-2","status":"publish","type":"product","link":"https:\/\/test.rebel-cell.com\/de\/produkt\/quick-connect-e-motor-60a-2\/","title":{"rendered":"Quick Connect E-Motor 60A"},"content":{"rendered":"<p>Produktcode: EM12VXXREUA<\/p>\n<p>Barcode: 7106623687239<\/p>\n<p>EAN: 8720964630243<\/p>\n","protected":false},"excerpt":{"rendered":"<p><strong>Anschlusskabel<\/strong> mit <strong>zus\u00e4tzlichem Stecker<\/strong> f\u00fcr den Anschluss des <strong>Elektromotors mit einem Klick.<\/strong> Vorgesehen f\u00fcr den Anschluss des Elektromotors mit einer Stromaufnahme von bis zu 60A an die Rebelcell 12V und 24V Batterien.<\/p>\n<p>&nbsp;<\/p>\n<p><em><strong>Hinweis:<\/strong> Das Quick Connect EM 60A-Kabel ist f\u00fcr die Verwendung mit Elektromotoren mit einer Leistungsaufnahme von bis zu 60A vorgesehen. Wenn Ihr Elektromotor eine Leistungsaufnahme von mehr als 60A hat, ist das <a href=\"https:\/\/test.rebel-cell.com\/de\/produkt\/quick-connect-e-motor-100a-2\/\" target=\"_blank\" rel=\"noopener\">Quick Connect 100A EM-Kabel<\/a> die geeignete Option.<\/em><\/p>\n","protected":false},"featured_media":2914,"comment_status":"open","ping_status":"closed","template":"","meta":{"_acf_changed":false},"product_brand":[],"product_cat":[1906,4454],"product_tag":[1002,1006,1009,1010,1016,1021,3380,4131],"class_list":{"0":"post-8231","1":"product","2":"type-product","3":"status-publish","4":"has-post-thumbnail","6":"product_cat-zubehor","7":"product_cat-kabel-stecker","8":"product_tag-7106623686218-de","9":"product_tag-7106623686539-de-2","10":"product_tag-7106623686690-de-2","11":"product_tag-7106623686799-de","12":"product_tag-7106623690703-de","13":"product_tag-7106623690710-de","14":"product_tag-7106623694312-de","15":"product_tag-7106623695753-de","16":"product_shipping_class-normal-shipment","17":"pa_fishing-elektrisch-fahren","18":"pa_fishing-karpfen","20":"first","21":"instock","22":"taxable","23":"shipping-taxable","24":"purchasable","25":"product-type-simple"},"bundled_by":[],"bundle_stock_status":"instock","bundle_stock_quantity":1089,"bundle_virtual":false,"bundle_layout":"","bundle_add_to_cart_form_location":"","bundle_editable_in_cart":false,"bundle_sold_individually_context":"","bundle_item_grouping":"","bundle_min_size":"","bundle_max_size":"","bundle_price":[],"bundled_items":[],"bundle_sell_ids":[],"acf":[],"yoast_head":"<!-- This site is optimized with the Yoast SEO plugin v27.1.1 - https:\/\/yoast.com\/product\/yoast-seo-wordpress\/ -->\n<title>Quick Connect 60A | Rebelcell | Tragbare Energie f\u00fcr Outdoor-Aktivit\u00e4ten<\/title>\n<meta name=\"description\" content=\"Anschlusskabel f\u00fcr schnellen und zuverl\u00e4ssigen Anschluss des Elektromotors an einen 12\u00a0V- oder 24\u00a0V-Li-Ion-Akku. Rebelcell. Tragbare Energie zum Angeln, f\u00fcr Outdoor und auf dem Wasser.\" \/>\n<meta name=\"robots\" content=\"noindex, follow, max-snippet:-1, max-image-preview:large, max-video-preview:-1\" \/>\n<meta property=\"og:locale\" content=\"de_DE\" \/>\n<meta property=\"og:type\" content=\"article\" \/>\n<meta property=\"og:title\" content=\"Quick Connect 60A | Rebelcell | Tragbare Energie f\u00fcr Outdoor-Aktivit\u00e4ten\" \/>\n<meta property=\"og:description\" content=\"Anschlusskabel f\u00fcr schnellen und zuverl\u00e4ssigen Anschluss des Elektromotors an einen 12\u00a0V- oder 24\u00a0V-Li-Ion-Akku. Rebelcell. Tragbare Energie zum Angeln, f\u00fcr Outdoor und auf dem Wasser.\" \/>\n<meta property=\"og:url\" content=\"https:\/\/test.rebel-cell.com\/de\/produkt\/quick-connect-e-motor-60a-2\/\" \/>\n<meta property=\"og:site_name\" content=\"Rebelcell\" \/>\n<meta property=\"article:publisher\" content=\"https:\/\/www.facebook.com\/rebelcelleu\" \/>\n<meta property=\"article:modified_time\" content=\"2026-02-07T09:55:34+00:00\" \/>\n<meta property=\"og:image\" content=\"https:\/\/test.rebel-cell.com\/wp-content\/uploads\/2019\/06\/QC_60A_M8.jpg\" \/>\n\t<meta property=\"og:image:width\" content=\"1200\" \/>\n\t<meta property=\"og:image:height\" content=\"1200\" \/>\n\t<meta property=\"og:image:type\" content=\"image\/jpeg\" \/>\n<meta name=\"twitter:card\" content=\"summary_large_image\" \/>\n<meta name=\"twitter:site\" content=\"@rebelcellnl\" \/>\n<meta name=\"twitter:label1\" content=\"Preis\" \/>\n\t<meta name=\"twitter:data1\" content=\"&euro;59,50\" \/>\n\t<meta name=\"twitter:label2\" content=\"Verf\u00fcgbarkeit\" \/>\n\t<meta name=\"twitter:data2\" content=\"Auf Lager\" \/>\n<script type=\"application\/ld+json\" class=\"yoast-schema-graph\">{\"@context\":\"https:\/\/schema.org\",\"@graph\":[{\"@type\":[\"WebPage\",\"ItemPage\"],\"@id\":\"https:\/\/test.rebel-cell.com\/de\/produkt\/quick-connect-e-motor-60a-2\/\",\"url\":\"https:\/\/test.rebel-cell.com\/de\/produkt\/quick-connect-e-motor-60a-2\/\",\"name\":\"Quick Connect 60A | Rebelcell | Tragbare Energie f\u00fcr Outdoor-Aktivit\u00e4ten\",\"isPartOf\":{\"@id\":\"https:\/\/test.rebel-cell.com\/de\/#website\"},\"primaryImageOfPage\":{\"@id\":\"https:\/\/test.rebel-cell.com\/de\/produkt\/quick-connect-e-motor-60a-2\/#primaryimage\"},\"image\":{\"@id\":\"https:\/\/test.rebel-cell.com\/de\/produkt\/quick-connect-e-motor-60a-2\/#primaryimage\"},\"thumbnailUrl\":\"https:\/\/test.rebel-cell.com\/wp-content\/uploads\/2019\/06\/QC_60A_M8.jpg\",\"datePublished\":\"2019-09-25T12:13:39+00:00\",\"dateModified\":\"2026-02-07T09:55:34+00:00\",\"description\":\"Anschlusskabel f\u00fcr schnellen und zuverl\u00e4ssigen Anschluss des Elektromotors an einen 12\u00a0V- oder 24\u00a0V-Li-Ion-Akku. Rebelcell. Tragbare Energie zum Angeln, f\u00fcr Outdoor und auf dem Wasser.\",\"breadcrumb\":{\"@id\":\"https:\/\/test.rebel-cell.com\/de\/produkt\/quick-connect-e-motor-60a-2\/#breadcrumb\"},\"inLanguage\":\"de\",\"potentialAction\":[{\"@type\":\"ReadAction\",\"target\":[\"https:\/\/test.rebel-cell.com\/de\/produkt\/quick-connect-e-motor-60a-2\/\"]}]},{\"@type\":\"ImageObject\",\"inLanguage\":\"de\",\"@id\":\"https:\/\/test.rebel-cell.com\/de\/produkt\/quick-connect-e-motor-60a-2\/#primaryimage\",\"url\":\"https:\/\/test.rebel-cell.com\/wp-content\/uploads\/2019\/06\/QC_60A_M8.jpg\",\"contentUrl\":\"https:\/\/test.rebel-cell.com\/wp-content\/uploads\/2019\/06\/QC_60A_M8.jpg\",\"width\":1200,\"height\":1200,\"caption\":\"Schnellverbindung 60A M8\"},{\"@type\":\"BreadcrumbList\",\"@id\":\"https:\/\/test.rebel-cell.com\/de\/produkt\/quick-connect-e-motor-60a-2\/#breadcrumb\",\"itemListElement\":[{\"@type\":\"ListItem\",\"position\":1,\"name\":\"Home\",\"item\":\"https:\/\/test.rebel-cell.com\/de\/\"},{\"@type\":\"ListItem\",\"position\":2,\"name\":\"Shop\",\"item\":\"https:\/\/test.rebel-cell.com\/de\/shop\/\"},{\"@type\":\"ListItem\",\"position\":3,\"name\":\"Quick Connect E-Motor 60A\"}]},{\"@type\":\"WebSite\",\"@id\":\"https:\/\/test.rebel-cell.com\/de\/#website\",\"url\":\"https:\/\/test.rebel-cell.com\/de\/\",\"name\":\"Rebelcell\",\"description\":\"Rebelcell\",\"publisher\":{\"@id\":\"https:\/\/test.rebel-cell.com\/de\/#organization\"},\"potentialAction\":[{\"@type\":\"SearchAction\",\"target\":{\"@type\":\"EntryPoint\",\"urlTemplate\":\"https:\/\/test.rebel-cell.com\/de\/?s={search_term_string}\"},\"query-input\":{\"@type\":\"PropertyValueSpecification\",\"valueRequired\":true,\"valueName\":\"search_term_string\"}}],\"inLanguage\":\"de\"},{\"@type\":\"Organization\",\"@id\":\"https:\/\/test.rebel-cell.com\/de\/#organization\",\"name\":\"Rebelcell\",\"url\":\"https:\/\/test.rebel-cell.com\/de\/\",\"logo\":{\"@type\":\"ImageObject\",\"inLanguage\":\"de\",\"@id\":\"https:\/\/test.rebel-cell.com\/de\/#\/schema\/logo\/image\/\",\"url\":\"https:\/\/test.rebel-cell.com\/wp-content\/uploads\/rebelcell-logo-300.png\",\"contentUrl\":\"https:\/\/test.rebel-cell.com\/wp-content\/uploads\/rebelcell-logo-300.png\",\"width\":300,\"height\":55,\"caption\":\"Rebelcell\"},\"image\":{\"@id\":\"https:\/\/test.rebel-cell.com\/de\/#\/schema\/logo\/image\/\"},\"sameAs\":[\"https:\/\/www.facebook.com\/rebelcelleu\",\"https:\/\/x.com\/rebelcellnl\",\"https:\/\/www.instagram.com\/rebelcelleurope\/?hl=nl\",\"https:\/\/www.youtube.com\/channel\/UCpySQUq4xwwtqveV1f8oiFw\"]}]}<\/script>\n<meta property=\"product:price:amount\" content=\"59.50\" \/>\n<meta property=\"product:price:currency\" content=\"EUR\" \/>\n<meta property=\"og:availability\" content=\"instock\" \/>\n<meta property=\"product:availability\" content=\"instock\" \/>\n<meta property=\"product:retailer_item_id\" content=\"7106623687239\" \/>\n<meta property=\"product:condition\" content=\"new\" \/>\n<!-- \/ Yoast SEO plugin. -->","yoast_head_json":{"title":"Quick Connect 60A | Rebelcell | Tragbare Energie f\u00fcr Outdoor-Aktivit\u00e4ten","description":"Anschlusskabel f\u00fcr schnellen und zuverl\u00e4ssigen Anschluss des Elektromotors an einen 12\u00a0V- oder 24\u00a0V-Li-Ion-Akku. Rebelcell. Tragbare Energie zum Angeln, f\u00fcr Outdoor und auf dem Wasser.","robots":{"index":"noindex","follow":"follow","max-snippet":"max-snippet:-1","max-image-preview":"max-image-preview:large","max-video-preview":"max-video-preview:-1"},"og_locale":"de_DE","og_type":"article","og_title":"Quick Connect 60A | Rebelcell | Tragbare Energie f\u00fcr Outdoor-Aktivit\u00e4ten","og_description":"Anschlusskabel f\u00fcr schnellen und zuverl\u00e4ssigen Anschluss des Elektromotors an einen 12\u00a0V- oder 24\u00a0V-Li-Ion-Akku. Rebelcell. Tragbare Energie zum Angeln, f\u00fcr Outdoor und auf dem Wasser.","og_url":"https:\/\/test.rebel-cell.com\/de\/produkt\/quick-connect-e-motor-60a-2\/","og_site_name":"Rebelcell","article_publisher":"https:\/\/www.facebook.com\/rebelcelleu","article_modified_time":"2026-02-07T09:55:34+00:00","og_image":[{"width":1200,"height":1200,"url":"https:\/\/test.rebel-cell.com\/wp-content\/uploads\/2019\/06\/QC_60A_M8.jpg","type":"image\/jpeg"}],"twitter_card":"summary_large_image","twitter_site":"@rebelcellnl","twitter_misc":{"Preis":"&euro;59,50","Verf\u00fcgbarkeit":"Auf Lager"},"schema":{"@context":"https:\/\/schema.org","@graph":[{"@type":["WebPage","ItemPage"],"@id":"https:\/\/test.rebel-cell.com\/de\/produkt\/quick-connect-e-motor-60a-2\/","url":"https:\/\/test.rebel-cell.com\/de\/produkt\/quick-connect-e-motor-60a-2\/","name":"Quick Connect 60A | Rebelcell | Tragbare Energie f\u00fcr Outdoor-Aktivit\u00e4ten","isPartOf":{"@id":"https:\/\/test.rebel-cell.com\/de\/#website"},"primaryImageOfPage":{"@id":"https:\/\/test.rebel-cell.com\/de\/produkt\/quick-connect-e-motor-60a-2\/#primaryimage"},"image":{"@id":"https:\/\/test.rebel-cell.com\/de\/produkt\/quick-connect-e-motor-60a-2\/#primaryimage"},"thumbnailUrl":"https:\/\/test.rebel-cell.com\/wp-content\/uploads\/2019\/06\/QC_60A_M8.jpg","datePublished":"2019-09-25T12:13:39+00:00","dateModified":"2026-02-07T09:55:34+00:00","description":"Anschlusskabel f\u00fcr schnellen und zuverl\u00e4ssigen Anschluss des Elektromotors an einen 12\u00a0V- oder 24\u00a0V-Li-Ion-Akku. Rebelcell. Tragbare Energie zum Angeln, f\u00fcr Outdoor und auf dem Wasser.","breadcrumb":{"@id":"https:\/\/test.rebel-cell.com\/de\/produkt\/quick-connect-e-motor-60a-2\/#breadcrumb"},"inLanguage":"de","potentialAction":[{"@type":"ReadAction","target":["https:\/\/test.rebel-cell.com\/de\/produkt\/quick-connect-e-motor-60a-2\/"]}]},{"@type":"ImageObject","inLanguage":"de","@id":"https:\/\/test.rebel-cell.com\/de\/produkt\/quick-connect-e-motor-60a-2\/#primaryimage","url":"https:\/\/test.rebel-cell.com\/wp-content\/uploads\/2019\/06\/QC_60A_M8.jpg","contentUrl":"https:\/\/test.rebel-cell.com\/wp-content\/uploads\/2019\/06\/QC_60A_M8.jpg","width":1200,"height":1200,"caption":"Schnellverbindung 60A M8"},{"@type":"BreadcrumbList","@id":"https:\/\/test.rebel-cell.com\/de\/produkt\/quick-connect-e-motor-60a-2\/#breadcrumb","itemListElement":[{"@type":"ListItem","position":1,"name":"Home","item":"https:\/\/test.rebel-cell.com\/de\/"},{"@type":"ListItem","position":2,"name":"Shop","item":"https:\/\/test.rebel-cell.com\/de\/shop\/"},{"@type":"ListItem","position":3,"name":"Quick Connect E-Motor 60A"}]},{"@type":"WebSite","@id":"https:\/\/test.rebel-cell.com\/de\/#website","url":"https:\/\/test.rebel-cell.com\/de\/","name":"Rebelcell","description":"Rebelcell","publisher":{"@id":"https:\/\/test.rebel-cell.com\/de\/#organization"},"potentialAction":[{"@type":"SearchAction","target":{"@type":"EntryPoint","urlTemplate":"https:\/\/test.rebel-cell.com\/de\/?s={search_term_string}"},"query-input":{"@type":"PropertyValueSpecification","valueRequired":true,"valueName":"search_term_string"}}],"inLanguage":"de"},{"@type":"Organization","@id":"https:\/\/test.rebel-cell.com\/de\/#organization","name":"Rebelcell","url":"https:\/\/test.rebel-cell.com\/de\/","logo":{"@type":"ImageObject","inLanguage":"de","@id":"https:\/\/test.rebel-cell.com\/de\/#\/schema\/logo\/image\/","url":"https:\/\/test.rebel-cell.com\/wp-content\/uploads\/rebelcell-logo-300.png","contentUrl":"https:\/\/test.rebel-cell.com\/wp-content\/uploads\/rebelcell-logo-300.png","width":300,"height":55,"caption":"Rebelcell"},"image":{"@id":"https:\/\/test.rebel-cell.com\/de\/#\/schema\/logo\/image\/"},"sameAs":["https:\/\/www.facebook.com\/rebelcelleu","https:\/\/x.com\/rebelcellnl","https:\/\/www.instagram.com\/rebelcelleurope\/?hl=nl","https:\/\/www.youtube.com\/channel\/UCpySQUq4xwwtqveV1f8oiFw"]}]},"product_price_amount":"59.50","product_price_currency":"EUR","og_availability":"instock","product_availability":"instock","product_retailer_item_id":"7106623687239","product_condition":"new"},"_links":{"self":[{"href":"https:\/\/test.rebel-cell.com\/de\/wp-json\/wp\/v2\/product\/8231","targetHints":{"allow":["GET"]}}],"collection":[{"href":"https:\/\/test.rebel-cell.com\/de\/wp-json\/wp\/v2\/product"}],"about":[{"href":"https:\/\/test.rebel-cell.com\/de\/wp-json\/wp\/v2\/types\/product"}],"replies":[{"embeddable":true,"href":"https:\/\/test.rebel-cell.com\/de\/wp-json\/wp\/v2\/comments?post=8231"}],"wp:featuredmedia":[{"embeddable":true,"href":"https:\/\/test.rebel-cell.com\/de\/wp-json\/wp\/v2\/media\/2914"}],"wp:attachment":[{"href":"https:\/\/test.rebel-cell.com\/de\/wp-json\/wp\/v2\/media?parent=8231"}],"wp:term":[{"taxonomy":"product_brand","embeddable":true,"href":"https:\/\/test.rebel-cell.com\/de\/wp-json\/wp\/v2\/product_brand?post=8231"},{"taxonomy":"product_cat","embeddable":true,"href":"https:\/\/test.rebel-cell.com\/de\/wp-json\/wp\/v2\/product_cat?post=8231"},{"taxonomy":"product_tag","embeddable":true,"href":"https:\/\/test.rebel-cell.com\/de\/wp-json\/wp\/v2\/product_tag?post=8231"}],"curies":[{"name":"wp","href":"https:\/\/api.w.org\/{rel}","templated":true}]}}