{"id":8237,"date":"2019-09-26T14:33:57","date_gmt":"2019-09-26T12:33:57","guid":{"rendered":"https:\/\/test.rebel-cell.com\/product\/anen-sa-50-stecker\/"},"modified":"2026-01-16T14:08:30","modified_gmt":"2026-01-16T13:08:30","slug":"anen-sa-50-connector-2","status":"publish","type":"product","link":"https:\/\/test.rebel-cell.com\/de\/produkt\/anen-sa-50-connector-2\/","title":{"rendered":"ANEN SA 50-Stecker"},"content":{"rendered":"<p>Produktcode ANEN SA 50-Stecker Grau: 60050REEV1C<\/p>\n<p>Produktcode ANEN SA 50-Stecker Gelb: 60050REEV1Y<\/p>\n<p>Produktcode ANEN SA 50-Stecker Blau: 60050REEV1B<\/p>\n<p>Produktcode ANEN SA 50-Stecker Gr\u00fcn: 60050REEV1G<\/p>\n<p>Barcode ANEN SA 50 Connector Grau: 7106623686898<\/p>\n<p>Barcode ANEN SA 50 connector Gelb: 7106623692288<\/p>\n<p>Barcode ANEN SA 50 connector Blau: 7106623688861<\/p>\n<p>Barcode ANEN SA 50 connector Gr\u00fcn: 7106623698174<\/p>\n<p>EAN ANEN SA 50-Stecker Grau: 8720964630090<\/p>\n<p>EAN ANEN SA 50-Stecker Gelb: 8720964630731<\/p>\n<p>EAN ANEN SA 50-Stecker Blau: 8720964630748<\/p>\n<p>EAN ANEN SA 50-Stecker Gr\u00fcn: 8720964630724<\/p>\n","protected":false},"excerpt":{"rendered":"<p><strong>50A ANEN-Stecker<\/strong> f\u00fcr eine <strong>sichere und zuverl\u00e4ssige Verbindung<\/strong> zwischen Akku \/ Outdoorbox und Elektromotor oder Ladeger\u00e4t. F\u00fcr eine Verbindung werden immer zwei Stecker ben\u00f6tigt. Die Stecker sind &#8218;unisex&#8216; (es gibt keinen m\u00e4nnlichen \/ weiblichen Stecker). Achten Sie beim Verbinden darauf, dass die Farben \u00fcbereinstimmen (z.B. grau mit grau, gelb mit gelb, blau mit blau), da verschiedenfarbige Stecker nicht kompatibel sind.<\/p>\n<p>W\u00e4hlen Sie unten den richtigen Stecker aus:<\/p>\n<p><strong>ANEN-Stecker GRAU:<\/strong> f\u00fcr 12V und 24V Li-Ionen-Batterien<br \/>\n<strong>ANEN-Stecker BLA:<\/strong>\u00a0f\u00fcr alle AV line Outdoorboxen<br \/>\n<strong>ANEN-Stecker GELB:<\/strong> f\u00fcr Outdoorbox 12.50 (altes Modell)<br \/>\n<strong>ANEN-Stecker Gr\u00fcn:\u00a0<\/strong>f\u00fcr Outdoorbox<\/p>\n<p>&nbsp;<\/p>\n","protected":false},"featured_media":15411,"comment_status":"open","ping_status":"closed","template":"","meta":{"_acf_changed":false},"product_brand":[],"product_cat":[1906,4454],"product_tag":[1002,1006,1009,1010,1015,1016,1021,1104,3380,4131],"class_list":{"0":"post-8237","1":"product","2":"type-product","3":"status-publish","4":"has-post-thumbnail","6":"product_cat-zubehor","7":"product_cat-kabel-stecker","8":"product_tag-7106623686218-de","9":"product_tag-7106623686539-de-2","10":"product_tag-7106623686690-de-2","11":"product_tag-7106623686799-de","12":"product_tag-7106623688663-de","13":"product_tag-7106623690703-de","14":"product_tag-7106623690710-de","15":"product_tag-7106623692813-de","16":"product_tag-7106623694312-de","17":"product_tag-7106623695753-de","18":"product_shipping_class-normal-shipment","19":"pa_fishing-raubfisch","21":"first","22":"instock","23":"taxable","24":"shipping-taxable","25":"purchasable","26":"product-type-variable"},"bundled_by":[],"bundle_stock_status":"instock","bundle_stock_quantity":449,"bundle_virtual":false,"bundle_layout":"","bundle_add_to_cart_form_location":"","bundle_editable_in_cart":false,"bundle_sold_individually_context":"","bundle_item_grouping":"","bundle_min_size":"","bundle_max_size":"","bundle_price":[],"bundled_items":[],"bundle_sell_ids":[],"acf":[],"yoast_head":"<!-- This site is optimized with the Yoast SEO plugin v27.1.1 - https:\/\/yoast.com\/product\/yoast-seo-wordpress\/ -->\n<title>ANEN-Stecker 50 | Rebelcell | Tragbare Energie f\u00fcr Outdoor-Aktivit\u00e4ten<\/title>\n<meta name=\"description\" content=\"Mit einem Klick Elektromotor oder Ladeger\u00e4t sicher mit Akku verbinden. Rebelcell. Tragbare Energie zum Angeln, f\u00fcr Outdoor und auf dem Wasser.\" \/>\n<meta name=\"robots\" content=\"noindex, follow, max-snippet:-1, max-image-preview:large, max-video-preview:-1\" \/>\n<meta property=\"og:locale\" content=\"de_DE\" \/>\n<meta property=\"og:type\" content=\"article\" \/>\n<meta property=\"og:title\" content=\"ANEN-Stecker 50 | Rebelcell | Tragbare Energie f\u00fcr Outdoor-Aktivit\u00e4ten\" \/>\n<meta property=\"og:description\" content=\"Mit einem Klick Elektromotor oder Ladeger\u00e4t sicher mit Akku verbinden. Rebelcell. Tragbare Energie zum Angeln, f\u00fcr Outdoor und auf dem Wasser.\" \/>\n<meta property=\"og:url\" content=\"https:\/\/test.rebel-cell.com\/de\/produkt\/anen-sa-50-connector-2\/\" \/>\n<meta property=\"og:site_name\" content=\"Rebelcell\" \/>\n<meta property=\"article:publisher\" content=\"https:\/\/www.facebook.com\/rebelcelleu\" \/>\n<meta property=\"article:modified_time\" content=\"2026-01-16T13:08:30+00:00\" \/>\n<meta property=\"og:image\" content=\"https:\/\/test.rebel-cell.com\/wp-content\/uploads\/RE_12V_ANEN_connector-scaled-1.jpg\" \/>\n\t<meta property=\"og:image:width\" content=\"2048\" \/>\n\t<meta property=\"og:image:height\" content=\"2048\" \/>\n\t<meta property=\"og:image:type\" content=\"image\/jpeg\" \/>\n<meta name=\"twitter:card\" content=\"summary_large_image\" \/>\n<meta name=\"twitter:site\" content=\"@rebelcellnl\" \/>\n<meta name=\"twitter:label1\" content=\"Verf\u00fcgbarkeit\" \/>\n\t<meta name=\"twitter:data1\" content=\"Auf Lager\" \/>\n<script type=\"application\/ld+json\" class=\"yoast-schema-graph\">{\"@context\":\"https:\/\/schema.org\",\"@graph\":[{\"@type\":[\"WebPage\",\"ItemPage\"],\"@id\":\"https:\/\/test.rebel-cell.com\/de\/produkt\/anen-sa-50-connector-2\/\",\"url\":\"https:\/\/test.rebel-cell.com\/de\/produkt\/anen-sa-50-connector-2\/\",\"name\":\"ANEN-Stecker 50 | Rebelcell | Tragbare Energie f\u00fcr Outdoor-Aktivit\u00e4ten\",\"isPartOf\":{\"@id\":\"https:\/\/test.rebel-cell.com\/de\/#website\"},\"primaryImageOfPage\":{\"@id\":\"https:\/\/test.rebel-cell.com\/de\/produkt\/anen-sa-50-connector-2\/#primaryimage\"},\"image\":{\"@id\":\"https:\/\/test.rebel-cell.com\/de\/produkt\/anen-sa-50-connector-2\/#primaryimage\"},\"thumbnailUrl\":\"https:\/\/test.rebel-cell.com\/wp-content\/uploads\/RE_12V_ANEN_connector-scaled-1.jpg\",\"datePublished\":\"2019-09-26T12:33:57+00:00\",\"dateModified\":\"2026-01-16T13:08:30+00:00\",\"description\":\"Mit einem Klick Elektromotor oder Ladeger\u00e4t sicher mit Akku verbinden. Rebelcell. Tragbare Energie zum Angeln, f\u00fcr Outdoor und auf dem Wasser.\",\"breadcrumb\":{\"@id\":\"https:\/\/test.rebel-cell.com\/de\/produkt\/anen-sa-50-connector-2\/#breadcrumb\"},\"inLanguage\":\"de\",\"potentialAction\":[{\"@type\":\"ReadAction\",\"target\":[\"https:\/\/test.rebel-cell.com\/de\/produkt\/anen-sa-50-connector-2\/\"]}]},{\"@type\":\"ImageObject\",\"inLanguage\":\"de\",\"@id\":\"https:\/\/test.rebel-cell.com\/de\/produkt\/anen-sa-50-connector-2\/#primaryimage\",\"url\":\"https:\/\/test.rebel-cell.com\/wp-content\/uploads\/RE_12V_ANEN_connector-scaled-1.jpg\",\"contentUrl\":\"https:\/\/test.rebel-cell.com\/wp-content\/uploads\/RE_12V_ANEN_connector-scaled-1.jpg\",\"width\":2048,\"height\":2048},{\"@type\":\"BreadcrumbList\",\"@id\":\"https:\/\/test.rebel-cell.com\/de\/produkt\/anen-sa-50-connector-2\/#breadcrumb\",\"itemListElement\":[{\"@type\":\"ListItem\",\"position\":1,\"name\":\"Home\",\"item\":\"https:\/\/test.rebel-cell.com\/de\/\"},{\"@type\":\"ListItem\",\"position\":2,\"name\":\"Shop\",\"item\":\"https:\/\/test.rebel-cell.com\/de\/shop\/\"},{\"@type\":\"ListItem\",\"position\":3,\"name\":\"ANEN SA 50-Stecker\"}]},{\"@type\":\"WebSite\",\"@id\":\"https:\/\/test.rebel-cell.com\/de\/#website\",\"url\":\"https:\/\/test.rebel-cell.com\/de\/\",\"name\":\"Rebelcell\",\"description\":\"Rebelcell\",\"publisher\":{\"@id\":\"https:\/\/test.rebel-cell.com\/de\/#organization\"},\"potentialAction\":[{\"@type\":\"SearchAction\",\"target\":{\"@type\":\"EntryPoint\",\"urlTemplate\":\"https:\/\/test.rebel-cell.com\/de\/?s={search_term_string}\"},\"query-input\":{\"@type\":\"PropertyValueSpecification\",\"valueRequired\":true,\"valueName\":\"search_term_string\"}}],\"inLanguage\":\"de\"},{\"@type\":\"Organization\",\"@id\":\"https:\/\/test.rebel-cell.com\/de\/#organization\",\"name\":\"Rebelcell\",\"url\":\"https:\/\/test.rebel-cell.com\/de\/\",\"logo\":{\"@type\":\"ImageObject\",\"inLanguage\":\"de\",\"@id\":\"https:\/\/test.rebel-cell.com\/de\/#\/schema\/logo\/image\/\",\"url\":\"https:\/\/test.rebel-cell.com\/wp-content\/uploads\/rebelcell-logo-300.png\",\"contentUrl\":\"https:\/\/test.rebel-cell.com\/wp-content\/uploads\/rebelcell-logo-300.png\",\"width\":300,\"height\":55,\"caption\":\"Rebelcell\"},\"image\":{\"@id\":\"https:\/\/test.rebel-cell.com\/de\/#\/schema\/logo\/image\/\"},\"sameAs\":[\"https:\/\/www.facebook.com\/rebelcelleu\",\"https:\/\/x.com\/rebelcellnl\",\"https:\/\/www.instagram.com\/rebelcelleurope\/?hl=nl\",\"https:\/\/www.youtube.com\/channel\/UCpySQUq4xwwtqveV1f8oiFw\"]}]}<\/script>\n<meta property=\"og:availability\" content=\"instock\" \/>\n<meta property=\"product:availability\" content=\"instock\" \/>\n<meta property=\"product:retailer_item_id\" content=\"71066236868980\" \/>\n<meta property=\"product:condition\" content=\"new\" \/>\n<!-- \/ Yoast SEO plugin. -->","yoast_head_json":{"title":"ANEN-Stecker 50 | Rebelcell | Tragbare Energie f\u00fcr Outdoor-Aktivit\u00e4ten","description":"Mit einem Klick Elektromotor oder Ladeger\u00e4t sicher mit Akku verbinden. Rebelcell. Tragbare Energie zum Angeln, f\u00fcr Outdoor und auf dem Wasser.","robots":{"index":"noindex","follow":"follow","max-snippet":"max-snippet:-1","max-image-preview":"max-image-preview:large","max-video-preview":"max-video-preview:-1"},"og_locale":"de_DE","og_type":"article","og_title":"ANEN-Stecker 50 | Rebelcell | Tragbare Energie f\u00fcr Outdoor-Aktivit\u00e4ten","og_description":"Mit einem Klick Elektromotor oder Ladeger\u00e4t sicher mit Akku verbinden. Rebelcell. Tragbare Energie zum Angeln, f\u00fcr Outdoor und auf dem Wasser.","og_url":"https:\/\/test.rebel-cell.com\/de\/produkt\/anen-sa-50-connector-2\/","og_site_name":"Rebelcell","article_publisher":"https:\/\/www.facebook.com\/rebelcelleu","article_modified_time":"2026-01-16T13:08:30+00:00","og_image":[{"width":2048,"height":2048,"url":"https:\/\/test.rebel-cell.com\/wp-content\/uploads\/RE_12V_ANEN_connector-scaled-1.jpg","type":"image\/jpeg"}],"twitter_card":"summary_large_image","twitter_site":"@rebelcellnl","twitter_misc":{"Verf\u00fcgbarkeit":"Auf Lager"},"schema":{"@context":"https:\/\/schema.org","@graph":[{"@type":["WebPage","ItemPage"],"@id":"https:\/\/test.rebel-cell.com\/de\/produkt\/anen-sa-50-connector-2\/","url":"https:\/\/test.rebel-cell.com\/de\/produkt\/anen-sa-50-connector-2\/","name":"ANEN-Stecker 50 | Rebelcell | Tragbare Energie f\u00fcr Outdoor-Aktivit\u00e4ten","isPartOf":{"@id":"https:\/\/test.rebel-cell.com\/de\/#website"},"primaryImageOfPage":{"@id":"https:\/\/test.rebel-cell.com\/de\/produkt\/anen-sa-50-connector-2\/#primaryimage"},"image":{"@id":"https:\/\/test.rebel-cell.com\/de\/produkt\/anen-sa-50-connector-2\/#primaryimage"},"thumbnailUrl":"https:\/\/test.rebel-cell.com\/wp-content\/uploads\/RE_12V_ANEN_connector-scaled-1.jpg","datePublished":"2019-09-26T12:33:57+00:00","dateModified":"2026-01-16T13:08:30+00:00","description":"Mit einem Klick Elektromotor oder Ladeger\u00e4t sicher mit Akku verbinden. Rebelcell. Tragbare Energie zum Angeln, f\u00fcr Outdoor und auf dem Wasser.","breadcrumb":{"@id":"https:\/\/test.rebel-cell.com\/de\/produkt\/anen-sa-50-connector-2\/#breadcrumb"},"inLanguage":"de","potentialAction":[{"@type":"ReadAction","target":["https:\/\/test.rebel-cell.com\/de\/produkt\/anen-sa-50-connector-2\/"]}]},{"@type":"ImageObject","inLanguage":"de","@id":"https:\/\/test.rebel-cell.com\/de\/produkt\/anen-sa-50-connector-2\/#primaryimage","url":"https:\/\/test.rebel-cell.com\/wp-content\/uploads\/RE_12V_ANEN_connector-scaled-1.jpg","contentUrl":"https:\/\/test.rebel-cell.com\/wp-content\/uploads\/RE_12V_ANEN_connector-scaled-1.jpg","width":2048,"height":2048},{"@type":"BreadcrumbList","@id":"https:\/\/test.rebel-cell.com\/de\/produkt\/anen-sa-50-connector-2\/#breadcrumb","itemListElement":[{"@type":"ListItem","position":1,"name":"Home","item":"https:\/\/test.rebel-cell.com\/de\/"},{"@type":"ListItem","position":2,"name":"Shop","item":"https:\/\/test.rebel-cell.com\/de\/shop\/"},{"@type":"ListItem","position":3,"name":"ANEN SA 50-Stecker"}]},{"@type":"WebSite","@id":"https:\/\/test.rebel-cell.com\/de\/#website","url":"https:\/\/test.rebel-cell.com\/de\/","name":"Rebelcell","description":"Rebelcell","publisher":{"@id":"https:\/\/test.rebel-cell.com\/de\/#organization"},"potentialAction":[{"@type":"SearchAction","target":{"@type":"EntryPoint","urlTemplate":"https:\/\/test.rebel-cell.com\/de\/?s={search_term_string}"},"query-input":{"@type":"PropertyValueSpecification","valueRequired":true,"valueName":"search_term_string"}}],"inLanguage":"de"},{"@type":"Organization","@id":"https:\/\/test.rebel-cell.com\/de\/#organization","name":"Rebelcell","url":"https:\/\/test.rebel-cell.com\/de\/","logo":{"@type":"ImageObject","inLanguage":"de","@id":"https:\/\/test.rebel-cell.com\/de\/#\/schema\/logo\/image\/","url":"https:\/\/test.rebel-cell.com\/wp-content\/uploads\/rebelcell-logo-300.png","contentUrl":"https:\/\/test.rebel-cell.com\/wp-content\/uploads\/rebelcell-logo-300.png","width":300,"height":55,"caption":"Rebelcell"},"image":{"@id":"https:\/\/test.rebel-cell.com\/de\/#\/schema\/logo\/image\/"},"sameAs":["https:\/\/www.facebook.com\/rebelcelleu","https:\/\/x.com\/rebelcellnl","https:\/\/www.instagram.com\/rebelcelleurope\/?hl=nl","https:\/\/www.youtube.com\/channel\/UCpySQUq4xwwtqveV1f8oiFw"]}]},"og_availability":"instock","product_availability":"instock","product_retailer_item_id":"71066236868980","product_condition":"new"},"_links":{"self":[{"href":"https:\/\/test.rebel-cell.com\/de\/wp-json\/wp\/v2\/product\/8237","targetHints":{"allow":["GET"]}}],"collection":[{"href":"https:\/\/test.rebel-cell.com\/de\/wp-json\/wp\/v2\/product"}],"about":[{"href":"https:\/\/test.rebel-cell.com\/de\/wp-json\/wp\/v2\/types\/product"}],"replies":[{"embeddable":true,"href":"https:\/\/test.rebel-cell.com\/de\/wp-json\/wp\/v2\/comments?post=8237"}],"wp:featuredmedia":[{"embeddable":true,"href":"https:\/\/test.rebel-cell.com\/de\/wp-json\/wp\/v2\/media\/15411"}],"wp:attachment":[{"href":"https:\/\/test.rebel-cell.com\/de\/wp-json\/wp\/v2\/media?parent=8237"}],"wp:term":[{"taxonomy":"product_brand","embeddable":true,"href":"https:\/\/test.rebel-cell.com\/de\/wp-json\/wp\/v2\/product_brand?post=8237"},{"taxonomy":"product_cat","embeddable":true,"href":"https:\/\/test.rebel-cell.com\/de\/wp-json\/wp\/v2\/product_cat?post=8237"},{"taxonomy":"product_tag","embeddable":true,"href":"https:\/\/test.rebel-cell.com\/de\/wp-json\/wp\/v2\/product_tag?post=8237"}],"curies":[{"name":"wp","href":"https:\/\/api.w.org\/{rel}","templated":true}]}}