{"id":8313,"date":"2020-03-05T21:29:03","date_gmt":"2020-03-05T20:29:03","guid":{"rendered":"https:\/\/test.rebel-cell.com\/product\/outdoorbox-12-35-av\/"},"modified":"2026-01-01T01:21:34","modified_gmt":"2026-01-01T00:21:34","slug":"outdoorbox-12v35-av","status":"publish","type":"product","link":"https:\/\/test.rebel-cell.com\/de\/produkt\/outdoorbox-12v35-av\/","title":{"rendered":"Outdoorbox 12.35 AV"},"content":{"rendered":"<h2>Produktbeschreibung Outdoorbox 12.35 AV<\/h2>\n<p>Kompakte, robuste und leichte<strong> Outdoorbox 12.35 AV<\/strong>. Dank des <strong>robusten, sto\u00dffesten und wasserdichten Geh\u00e4uses<\/strong> ist diese Outdoorbox ideal f\u00fcr den Einsatz beim <strong>Kajak-, Bellyboot- und Karpfenangeln<\/strong>. Die 12.35 AV Outdoorbox hat eine <a href=\"https:\/\/test.rebel-cell.com\/de\/?attachment_id=13195\" target=\"_blank\" rel=\"noopener\">integrierte 12V35 Ah Lithium-Akku<\/a>, is <strong>wasserdicht (IP65)<\/strong>, wiegt nur <strong>3.7Kg<\/strong> und verf\u00fcgt \u00fcber eine <strong>digitale Ladestandsanzeige.<\/strong><\/p>\n<ul>\n<li><strong>Vorgesehener Einsatz:<\/strong> Kajak, Bellyboat, Karpfenangeln<\/li>\n<li><strong>Anwendung:<\/strong> 12V Trolling-Motor bis 55 Lb, Echolot, Stromversorgung im Freien<\/li>\n<li><strong>Schutzart:<\/strong> gesch\u00fctzt gegen Wasser (IP65)<\/li>\n<\/ul>\n<p>Durch die angepasste Spannung kann diese Outdoorbox <strong>problemlos<\/strong> mit jedem Trollingmotor (12V) verwendet werden. Sie sind neugierig, welche Outdoorbox Sie f\u00fcr Ihren Motor, Fischfinder oder Echolot ben\u00f6tigen? Unsere <a href=\"https:\/\/test.rebel-cell.com\/de\/grundlagenwissen\/akku-elektromotor-entscheidungshilfe\/\" target=\"_blank\" rel=\"noopener\">Grundlagenwissen &#8211; die richtige Batterie f\u00fcr meinen Motor<\/a> oder unsere <a href=\"https:\/\/test.rebel-cell.com\/de\/grundlagenwissen\/akku-echolot-uebersicht\/\" target=\"_blank\" rel=\"noopener\">Grundlagenwissen &#8211; die richtige Batterie f\u00fcr meinen Bordelektronik<\/a> beantwortet alle Ihre Fragen.<\/p>\n<p>Die Outdoorbox ist <strong>v\u00f6llig wartungsfrei<\/strong> und hat bis zu <strong>1000 Ladezyklen<\/strong>. Das bedeutet 1.000 Ladungen und Entladungen. Sie ist <strong>deutlich leichter<\/strong> als eine vergleichbare Bleibatterie und hat einen viel <strong>geringeren Jahresverlust<\/strong>. Dank des eingebauten <strong>Batteriemanagementsystems<\/strong> m\u00fcssen Sie sich keine Sorgen machen, dass die Batterie zu tief entladen wird und Schaden nimmt.<\/p>\n<p>Produktcode: 12035ODBAV<\/p>\n<p>Barcode: 7106623693063<\/p>\n<p>EAN: 8720964630540<\/p>\n","protected":false},"excerpt":{"rendered":"<p><strong>Kompakte, robuste und leichte Outdoorbox 12.35 AV.<\/strong> Diese Outdoorbox ist ideal f\u00fcr den Einsatz beim <strong>Kajak-, Bellyboot- und Karpfenangeln.<\/strong> Die 12.35 AV Outdoorbox hat einen integrierten <a href=\"https:\/\/test.rebel-cell.com\/de\/?attachment_id=13195\" target=\"_blank\" rel=\"noopener\">12V35 Ah Lithium-Akku<\/a>, ist <strong>wasserdicht (IP65)<\/strong>, ist in einem <strong>robusten sto\u00dffesten<\/strong> Geh\u00e4use verpackt und wiegt nur <strong>3.7Kg<\/strong>.<br \/>\n<a href=\"#proddesc\">Mehr lesen&gt;<\/a><\/p>\n","protected":false},"featured_media":6415,"comment_status":"open","ping_status":"closed","template":"","meta":{"_acf_changed":false},"product_brand":[],"product_cat":[1902,1908],"product_tag":[],"class_list":{"0":"post-8313","1":"product","2":"type-product","3":"status-publish","4":"has-post-thumbnail","6":"product_cat-akkus","7":"product_cat-outdoorbox-de","8":"product_shipping_class-shipping-battery","9":"pa_fishing-andere-anwendungen","10":"pa_fishing-elektrisch-fahren","11":"pa_fishing-karpfen","12":"pa_fishing-raubfisch","14":"first","15":"instock","16":"taxable","17":"shipping-taxable","18":"purchasable","19":"product-type-simple"},"bundled_by":["11429"],"bundle_stock_status":"instock","bundle_stock_quantity":32,"bundle_virtual":false,"bundle_layout":"","bundle_add_to_cart_form_location":"","bundle_editable_in_cart":false,"bundle_sold_individually_context":"","bundle_item_grouping":"","bundle_min_size":"","bundle_max_size":"","bundle_price":[],"bundled_items":[],"bundle_sell_ids":[],"acf":[],"yoast_head":"<!-- This site is optimized with the Yoast SEO plugin v27.1.1 - https:\/\/yoast.com\/product\/yoast-seo-wordpress\/ -->\n<title>Outdoorbox 12.35 AV | Rebelcell | Tragbare Energie f\u00fcr Outdoor-Aktivit\u00e4ten<\/title>\n<meta name=\"description\" content=\"Robuste 12\u00a0V-Outdoorbox mit 12V35 AV-Lithiumakku. Stromquelle f\u00fcr Outdoor-Aktivit\u00e4ten. Rebelcell. Tragbare Energie zum Angeln, f\u00fcr Elektroboote, Outdoor &amp; Freizeit.\" \/>\n<meta name=\"robots\" content=\"noindex, follow, max-snippet:-1, max-image-preview:large, max-video-preview:-1\" \/>\n<meta property=\"og:locale\" content=\"de_DE\" \/>\n<meta property=\"og:type\" content=\"article\" \/>\n<meta property=\"og:title\" content=\"Outdoorbox 12.35 AV | Rebelcell | Tragbare Energie f\u00fcr Outdoor-Aktivit\u00e4ten\" \/>\n<meta property=\"og:description\" content=\"Robuste 12\u00a0V-Outdoorbox mit 12V35 AV-Lithiumakku. Stromquelle f\u00fcr Outdoor-Aktivit\u00e4ten. Rebelcell. Tragbare Energie zum Angeln, f\u00fcr Elektroboote, Outdoor &amp; Freizeit.\" \/>\n<meta property=\"og:url\" content=\"https:\/\/test.rebel-cell.com\/de\/produkt\/outdoorbox-12v35-av\/\" \/>\n<meta property=\"og:site_name\" content=\"Rebelcell\" \/>\n<meta property=\"article:publisher\" content=\"https:\/\/www.facebook.com\/rebelcelleu\" \/>\n<meta property=\"article:modified_time\" content=\"2026-01-01T00:21:34+00:00\" \/>\n<meta property=\"og:image\" content=\"https:\/\/test.rebel-cell.com\/wp-content\/uploads\/ODB1235_side-1.jpg\" \/>\n\t<meta property=\"og:image:width\" content=\"1500\" \/>\n\t<meta property=\"og:image:height\" content=\"1500\" \/>\n\t<meta property=\"og:image:type\" content=\"image\/jpeg\" \/>\n<meta name=\"twitter:card\" content=\"summary_large_image\" \/>\n<meta name=\"twitter:site\" content=\"@rebelcellnl\" \/>\n<meta name=\"twitter:label1\" content=\"Preis\" \/>\n\t<meta name=\"twitter:data1\" content=\"&euro;559,00\" \/>\n\t<meta name=\"twitter:label2\" content=\"Verf\u00fcgbarkeit\" \/>\n\t<meta name=\"twitter:data2\" content=\"Auf Lager\" \/>\n<script type=\"application\/ld+json\" class=\"yoast-schema-graph\">{\"@context\":\"https:\/\/schema.org\",\"@graph\":[{\"@type\":[\"WebPage\",\"ItemPage\"],\"@id\":\"https:\/\/test.rebel-cell.com\/de\/produkt\/outdoorbox-12v35-av\/\",\"url\":\"https:\/\/test.rebel-cell.com\/de\/produkt\/outdoorbox-12v35-av\/\",\"name\":\"Outdoorbox 12.35 AV | Rebelcell | Tragbare Energie f\u00fcr Outdoor-Aktivit\u00e4ten\",\"isPartOf\":{\"@id\":\"https:\/\/test.rebel-cell.com\/de\/#website\"},\"primaryImageOfPage\":{\"@id\":\"https:\/\/test.rebel-cell.com\/de\/produkt\/outdoorbox-12v35-av\/#primaryimage\"},\"image\":{\"@id\":\"https:\/\/test.rebel-cell.com\/de\/produkt\/outdoorbox-12v35-av\/#primaryimage\"},\"thumbnailUrl\":\"https:\/\/test.rebel-cell.com\/wp-content\/uploads\/ODB1235_side-1.jpg\",\"datePublished\":\"2020-03-05T20:29:03+00:00\",\"dateModified\":\"2026-01-01T00:21:34+00:00\",\"description\":\"Robuste 12\u00a0V-Outdoorbox mit 12V35 AV-Lithiumakku. Stromquelle f\u00fcr Outdoor-Aktivit\u00e4ten. Rebelcell. Tragbare Energie zum Angeln, f\u00fcr Elektroboote, Outdoor & Freizeit.\",\"breadcrumb\":{\"@id\":\"https:\/\/test.rebel-cell.com\/de\/produkt\/outdoorbox-12v35-av\/#breadcrumb\"},\"inLanguage\":\"de\",\"potentialAction\":[{\"@type\":\"ReadAction\",\"target\":[\"https:\/\/test.rebel-cell.com\/de\/produkt\/outdoorbox-12v35-av\/\"]}]},{\"@type\":\"ImageObject\",\"inLanguage\":\"de\",\"@id\":\"https:\/\/test.rebel-cell.com\/de\/produkt\/outdoorbox-12v35-av\/#primaryimage\",\"url\":\"https:\/\/test.rebel-cell.com\/wp-content\/uploads\/ODB1235_side-1.jpg\",\"contentUrl\":\"https:\/\/test.rebel-cell.com\/wp-content\/uploads\/ODB1235_side-1.jpg\",\"width\":1500,\"height\":1500},{\"@type\":\"BreadcrumbList\",\"@id\":\"https:\/\/test.rebel-cell.com\/de\/produkt\/outdoorbox-12v35-av\/#breadcrumb\",\"itemListElement\":[{\"@type\":\"ListItem\",\"position\":1,\"name\":\"Home\",\"item\":\"https:\/\/test.rebel-cell.com\/de\/\"},{\"@type\":\"ListItem\",\"position\":2,\"name\":\"Shop\",\"item\":\"https:\/\/test.rebel-cell.com\/de\/shop\/\"},{\"@type\":\"ListItem\",\"position\":3,\"name\":\"Outdoorbox 12.35 AV\"}]},{\"@type\":\"WebSite\",\"@id\":\"https:\/\/test.rebel-cell.com\/de\/#website\",\"url\":\"https:\/\/test.rebel-cell.com\/de\/\",\"name\":\"Rebelcell\",\"description\":\"Rebelcell\",\"publisher\":{\"@id\":\"https:\/\/test.rebel-cell.com\/de\/#organization\"},\"potentialAction\":[{\"@type\":\"SearchAction\",\"target\":{\"@type\":\"EntryPoint\",\"urlTemplate\":\"https:\/\/test.rebel-cell.com\/de\/?s={search_term_string}\"},\"query-input\":{\"@type\":\"PropertyValueSpecification\",\"valueRequired\":true,\"valueName\":\"search_term_string\"}}],\"inLanguage\":\"de\"},{\"@type\":\"Organization\",\"@id\":\"https:\/\/test.rebel-cell.com\/de\/#organization\",\"name\":\"Rebelcell\",\"url\":\"https:\/\/test.rebel-cell.com\/de\/\",\"logo\":{\"@type\":\"ImageObject\",\"inLanguage\":\"de\",\"@id\":\"https:\/\/test.rebel-cell.com\/de\/#\/schema\/logo\/image\/\",\"url\":\"https:\/\/test.rebel-cell.com\/wp-content\/uploads\/rebelcell-logo-300.png\",\"contentUrl\":\"https:\/\/test.rebel-cell.com\/wp-content\/uploads\/rebelcell-logo-300.png\",\"width\":300,\"height\":55,\"caption\":\"Rebelcell\"},\"image\":{\"@id\":\"https:\/\/test.rebel-cell.com\/de\/#\/schema\/logo\/image\/\"},\"sameAs\":[\"https:\/\/www.facebook.com\/rebelcelleu\",\"https:\/\/x.com\/rebelcellnl\",\"https:\/\/www.instagram.com\/rebelcelleurope\/?hl=nl\",\"https:\/\/www.youtube.com\/channel\/UCpySQUq4xwwtqveV1f8oiFw\"]}]}<\/script>\n<meta property=\"product:price:amount\" content=\"559.00\" \/>\n<meta property=\"product:price:currency\" content=\"EUR\" \/>\n<meta property=\"og:availability\" content=\"instock\" \/>\n<meta property=\"product:availability\" content=\"instock\" \/>\n<meta property=\"product:retailer_item_id\" content=\"7106623693063\" \/>\n<meta property=\"product:condition\" content=\"new\" \/>\n<!-- \/ Yoast SEO plugin. -->","yoast_head_json":{"title":"Outdoorbox 12.35 AV | Rebelcell | Tragbare Energie f\u00fcr Outdoor-Aktivit\u00e4ten","description":"Robuste 12\u00a0V-Outdoorbox mit 12V35 AV-Lithiumakku. Stromquelle f\u00fcr Outdoor-Aktivit\u00e4ten. Rebelcell. Tragbare Energie zum Angeln, f\u00fcr Elektroboote, Outdoor & Freizeit.","robots":{"index":"noindex","follow":"follow","max-snippet":"max-snippet:-1","max-image-preview":"max-image-preview:large","max-video-preview":"max-video-preview:-1"},"og_locale":"de_DE","og_type":"article","og_title":"Outdoorbox 12.35 AV | Rebelcell | Tragbare Energie f\u00fcr Outdoor-Aktivit\u00e4ten","og_description":"Robuste 12\u00a0V-Outdoorbox mit 12V35 AV-Lithiumakku. Stromquelle f\u00fcr Outdoor-Aktivit\u00e4ten. Rebelcell. Tragbare Energie zum Angeln, f\u00fcr Elektroboote, Outdoor & Freizeit.","og_url":"https:\/\/test.rebel-cell.com\/de\/produkt\/outdoorbox-12v35-av\/","og_site_name":"Rebelcell","article_publisher":"https:\/\/www.facebook.com\/rebelcelleu","article_modified_time":"2026-01-01T00:21:34+00:00","og_image":[{"width":1500,"height":1500,"url":"https:\/\/test.rebel-cell.com\/wp-content\/uploads\/ODB1235_side-1.jpg","type":"image\/jpeg"}],"twitter_card":"summary_large_image","twitter_site":"@rebelcellnl","twitter_misc":{"Preis":"&euro;559,00","Verf\u00fcgbarkeit":"Auf Lager"},"schema":{"@context":"https:\/\/schema.org","@graph":[{"@type":["WebPage","ItemPage"],"@id":"https:\/\/test.rebel-cell.com\/de\/produkt\/outdoorbox-12v35-av\/","url":"https:\/\/test.rebel-cell.com\/de\/produkt\/outdoorbox-12v35-av\/","name":"Outdoorbox 12.35 AV | Rebelcell | Tragbare Energie f\u00fcr Outdoor-Aktivit\u00e4ten","isPartOf":{"@id":"https:\/\/test.rebel-cell.com\/de\/#website"},"primaryImageOfPage":{"@id":"https:\/\/test.rebel-cell.com\/de\/produkt\/outdoorbox-12v35-av\/#primaryimage"},"image":{"@id":"https:\/\/test.rebel-cell.com\/de\/produkt\/outdoorbox-12v35-av\/#primaryimage"},"thumbnailUrl":"https:\/\/test.rebel-cell.com\/wp-content\/uploads\/ODB1235_side-1.jpg","datePublished":"2020-03-05T20:29:03+00:00","dateModified":"2026-01-01T00:21:34+00:00","description":"Robuste 12\u00a0V-Outdoorbox mit 12V35 AV-Lithiumakku. Stromquelle f\u00fcr Outdoor-Aktivit\u00e4ten. Rebelcell. Tragbare Energie zum Angeln, f\u00fcr Elektroboote, Outdoor & Freizeit.","breadcrumb":{"@id":"https:\/\/test.rebel-cell.com\/de\/produkt\/outdoorbox-12v35-av\/#breadcrumb"},"inLanguage":"de","potentialAction":[{"@type":"ReadAction","target":["https:\/\/test.rebel-cell.com\/de\/produkt\/outdoorbox-12v35-av\/"]}]},{"@type":"ImageObject","inLanguage":"de","@id":"https:\/\/test.rebel-cell.com\/de\/produkt\/outdoorbox-12v35-av\/#primaryimage","url":"https:\/\/test.rebel-cell.com\/wp-content\/uploads\/ODB1235_side-1.jpg","contentUrl":"https:\/\/test.rebel-cell.com\/wp-content\/uploads\/ODB1235_side-1.jpg","width":1500,"height":1500},{"@type":"BreadcrumbList","@id":"https:\/\/test.rebel-cell.com\/de\/produkt\/outdoorbox-12v35-av\/#breadcrumb","itemListElement":[{"@type":"ListItem","position":1,"name":"Home","item":"https:\/\/test.rebel-cell.com\/de\/"},{"@type":"ListItem","position":2,"name":"Shop","item":"https:\/\/test.rebel-cell.com\/de\/shop\/"},{"@type":"ListItem","position":3,"name":"Outdoorbox 12.35 AV"}]},{"@type":"WebSite","@id":"https:\/\/test.rebel-cell.com\/de\/#website","url":"https:\/\/test.rebel-cell.com\/de\/","name":"Rebelcell","description":"Rebelcell","publisher":{"@id":"https:\/\/test.rebel-cell.com\/de\/#organization"},"potentialAction":[{"@type":"SearchAction","target":{"@type":"EntryPoint","urlTemplate":"https:\/\/test.rebel-cell.com\/de\/?s={search_term_string}"},"query-input":{"@type":"PropertyValueSpecification","valueRequired":true,"valueName":"search_term_string"}}],"inLanguage":"de"},{"@type":"Organization","@id":"https:\/\/test.rebel-cell.com\/de\/#organization","name":"Rebelcell","url":"https:\/\/test.rebel-cell.com\/de\/","logo":{"@type":"ImageObject","inLanguage":"de","@id":"https:\/\/test.rebel-cell.com\/de\/#\/schema\/logo\/image\/","url":"https:\/\/test.rebel-cell.com\/wp-content\/uploads\/rebelcell-logo-300.png","contentUrl":"https:\/\/test.rebel-cell.com\/wp-content\/uploads\/rebelcell-logo-300.png","width":300,"height":55,"caption":"Rebelcell"},"image":{"@id":"https:\/\/test.rebel-cell.com\/de\/#\/schema\/logo\/image\/"},"sameAs":["https:\/\/www.facebook.com\/rebelcelleu","https:\/\/x.com\/rebelcellnl","https:\/\/www.instagram.com\/rebelcelleurope\/?hl=nl","https:\/\/www.youtube.com\/channel\/UCpySQUq4xwwtqveV1f8oiFw"]}]},"product_price_amount":"559.00","product_price_currency":"EUR","og_availability":"instock","product_availability":"instock","product_retailer_item_id":"7106623693063","product_condition":"new"},"_links":{"self":[{"href":"https:\/\/test.rebel-cell.com\/de\/wp-json\/wp\/v2\/product\/8313","targetHints":{"allow":["GET"]}}],"collection":[{"href":"https:\/\/test.rebel-cell.com\/de\/wp-json\/wp\/v2\/product"}],"about":[{"href":"https:\/\/test.rebel-cell.com\/de\/wp-json\/wp\/v2\/types\/product"}],"replies":[{"embeddable":true,"href":"https:\/\/test.rebel-cell.com\/de\/wp-json\/wp\/v2\/comments?post=8313"}],"wp:featuredmedia":[{"embeddable":true,"href":"https:\/\/test.rebel-cell.com\/de\/wp-json\/wp\/v2\/media\/6415"}],"wp:attachment":[{"href":"https:\/\/test.rebel-cell.com\/de\/wp-json\/wp\/v2\/media?parent=8313"}],"wp:term":[{"taxonomy":"product_brand","embeddable":true,"href":"https:\/\/test.rebel-cell.com\/de\/wp-json\/wp\/v2\/product_brand?post=8313"},{"taxonomy":"product_cat","embeddable":true,"href":"https:\/\/test.rebel-cell.com\/de\/wp-json\/wp\/v2\/product_cat?post=8313"},{"taxonomy":"product_tag","embeddable":true,"href":"https:\/\/test.rebel-cell.com\/de\/wp-json\/wp\/v2\/product_tag?post=8313"}],"curies":[{"name":"wp","href":"https:\/\/api.w.org\/{rel}","templated":true}]}}