{"id":8849,"date":"2020-08-28T15:26:28","date_gmt":"2020-08-28T13:26:28","guid":{"rendered":"https:\/\/test.rebel-cell.com\/?post_type=product&#038;p=8849"},"modified":"2025-05-29T13:55:36","modified_gmt":"2025-05-29T11:55:36","slug":"12v-dc-stabilisator-9a","status":"publish","type":"product","link":"https:\/\/test.rebel-cell.com\/de\/produkt\/12v-dc-stabilisator-9a\/","title":{"rendered":"12V DC Stabilisator 9A"},"content":{"rendered":"<p>Produktcode: OM1212100WL<\/p>\n<p>Barcode: 8720964631127<\/p>\n<p>EAN: 8720964631127<\/p>\n","protected":false},"excerpt":{"rendered":"<p>Der <strong>12V DC Stabilisator 9A <\/strong>wandelt die Spannung aller 12V Rebelcell Akkus in eine<strong> stabile 12V Ausgangsspannung um<\/strong>. Dadurch k\u00f6nnen Sie Ihre Rebelcell-Akku mit (elektronischen) Ger\u00e4ten<strong> verwenden<\/strong>, die stabile 12 V ben\u00f6tigen oder eine andere Betriebsspannung als Ihre Batterie haben (z. B. bestimmte Tiefenmesser). Der Stabilisator kann die <strong>Betriebszeit verl\u00e4ngern<\/strong> und einen <strong>st\u00f6rungsfreien Betrieb Ihrer Ausr\u00fcstung gew\u00e4hrleisten.<\/strong><\/p>\n<p>&nbsp;<\/p>\n<p><em><strong>Hinweis:<\/strong> Dieses Modell des Stabilisators (12V9A) kann nur mit Ger\u00e4ten verwendet werden, die eine Stromaufnahme von <span style=\"text-decoration: underline;\"><strong>weniger als 9A haben!<\/strong><\/span> Pr\u00fcfen Sie in unserer <a href=\"https:\/\/test.rebel-cell.com\/de\/grundlagenwissen\/akku-echolot-uebersicht\/\" target=\"_blank\" rel=\"noopener\">Grundlagenwissen<\/a>, wie viel Strom Ihr Ger\u00e4t verbraucht, oder schauen Sie im Handbuch nach. Verbraucht Ihr Ger\u00e4t weniger als 3A? Dann ist der <a href=\"https:\/\/test.rebel-cell.com\/de\/produkt\/12v-dc-stabilisator-3a-2\/\" target=\"_blank\" rel=\"noopener\">Stabilisator 12V3A<\/a> die richtige Wahl.<\/em><\/p>\n<p>&nbsp;<\/p>\n","protected":false},"featured_media":8947,"comment_status":"open","ping_status":"closed","template":"","meta":{"_acf_changed":false},"product_brand":[],"product_cat":[1904,4448],"product_tag":[1000,1002,1006,1016,1021,1102,3380,4131],"class_list":{"0":"post-8849","1":"product","2":"type-product","3":"status-publish","4":"has-post-thumbnail","6":"product_cat-ladegerate","7":"product_cat-dc-dc-ladegerate","8":"product_tag-7106623685884-de-2","9":"product_tag-7106623686218-de","10":"product_tag-7106623686539-de-2","11":"product_tag-7106623690703-de","12":"product_tag-7106623690710-de","13":"product_tag-7106623691274-de","14":"product_tag-7106623694312-de","15":"product_tag-7106623695753-de","16":"product_shipping_class-normal-shipment","17":"pa_fishing-andere-anwendungen","18":"pa_fishing-karpfen","20":"first","21":"instock","22":"taxable","23":"shipping-taxable","24":"purchasable","25":"product-type-simple"},"bundled_by":[],"bundle_stock_status":"instock","bundle_stock_quantity":26,"bundle_virtual":false,"bundle_layout":"","bundle_add_to_cart_form_location":"","bundle_editable_in_cart":false,"bundle_sold_individually_context":"","bundle_item_grouping":"","bundle_min_size":"","bundle_max_size":"","bundle_price":[],"bundled_items":[],"bundle_sell_ids":[],"acf":[],"yoast_head":"<!-- This site is optimized with the Yoast SEO plugin v27.1.1 - https:\/\/yoast.com\/product\/yoast-seo-wordpress\/ -->\n<title>12V DC Stabilisator 9A | Rebelcell | Tragbare Energie f\u00fcr Outdoor-Aktivit\u00e4ten<\/title>\n<meta name=\"description\" content=\"Wandelt die Spannung der 12V-Batterien von Rebelcell in eine stabile 12V-Ausgangsspannung um. Rebelcell. Tragbare Energie zum Angeln, im Freien und auf See.\" \/>\n<meta name=\"robots\" content=\"noindex, follow, max-snippet:-1, max-image-preview:large, max-video-preview:-1\" \/>\n<meta property=\"og:locale\" content=\"de_DE\" \/>\n<meta property=\"og:type\" content=\"article\" \/>\n<meta property=\"og:title\" content=\"12V DC Stabilisator 9A | Rebelcell | Tragbare Energie f\u00fcr Outdoor-Aktivit\u00e4ten\" \/>\n<meta property=\"og:description\" content=\"Wandelt die Spannung der 12V-Batterien von Rebelcell in eine stabile 12V-Ausgangsspannung um. Rebelcell. Tragbare Energie zum Angeln, im Freien und auf See.\" \/>\n<meta property=\"og:url\" content=\"https:\/\/test.rebel-cell.com\/de\/produkt\/12v-dc-stabilisator-9a\/\" \/>\n<meta property=\"og:site_name\" content=\"Rebelcell\" \/>\n<meta property=\"article:publisher\" content=\"https:\/\/www.facebook.com\/rebelcelleu\" \/>\n<meta property=\"article:modified_time\" content=\"2025-05-29T11:55:36+00:00\" \/>\n<meta property=\"og:image\" content=\"https:\/\/test.rebel-cell.com\/wp-content\/uploads\/12V_DC_Stabilizer_9A_front-scaled.jpg\" \/>\n\t<meta property=\"og:image:width\" content=\"2048\" \/>\n\t<meta property=\"og:image:height\" content=\"2048\" \/>\n\t<meta property=\"og:image:type\" content=\"image\/jpeg\" \/>\n<meta name=\"twitter:card\" content=\"summary_large_image\" \/>\n<meta name=\"twitter:site\" content=\"@rebelcellnl\" \/>\n<meta name=\"twitter:label1\" content=\"Preis\" \/>\n\t<meta name=\"twitter:data1\" content=\"&euro;69,50\" \/>\n\t<meta name=\"twitter:label2\" content=\"Verf\u00fcgbarkeit\" \/>\n\t<meta name=\"twitter:data2\" content=\"Auf Lager\" \/>\n<script type=\"application\/ld+json\" class=\"yoast-schema-graph\">{\"@context\":\"https:\/\/schema.org\",\"@graph\":[{\"@type\":[\"WebPage\",\"ItemPage\"],\"@id\":\"https:\/\/test.rebel-cell.com\/de\/produkt\/12v-dc-stabilisator-9a\/\",\"url\":\"https:\/\/test.rebel-cell.com\/de\/produkt\/12v-dc-stabilisator-9a\/\",\"name\":\"12V DC Stabilisator 9A | Rebelcell | Tragbare Energie f\u00fcr Outdoor-Aktivit\u00e4ten\",\"isPartOf\":{\"@id\":\"https:\/\/test.rebel-cell.com\/de\/#website\"},\"primaryImageOfPage\":{\"@id\":\"https:\/\/test.rebel-cell.com\/de\/produkt\/12v-dc-stabilisator-9a\/#primaryimage\"},\"image\":{\"@id\":\"https:\/\/test.rebel-cell.com\/de\/produkt\/12v-dc-stabilisator-9a\/#primaryimage\"},\"thumbnailUrl\":\"https:\/\/test.rebel-cell.com\/wp-content\/uploads\/12V_DC_Stabilizer_9A_front-scaled.jpg\",\"datePublished\":\"2020-08-28T13:26:28+00:00\",\"dateModified\":\"2025-05-29T11:55:36+00:00\",\"description\":\"Wandelt die Spannung der 12V-Batterien von Rebelcell in eine stabile 12V-Ausgangsspannung um. Rebelcell. Tragbare Energie zum Angeln, im Freien und auf See.\",\"breadcrumb\":{\"@id\":\"https:\/\/test.rebel-cell.com\/de\/produkt\/12v-dc-stabilisator-9a\/#breadcrumb\"},\"inLanguage\":\"de\",\"potentialAction\":[{\"@type\":\"ReadAction\",\"target\":[\"https:\/\/test.rebel-cell.com\/de\/produkt\/12v-dc-stabilisator-9a\/\"]}]},{\"@type\":\"ImageObject\",\"inLanguage\":\"de\",\"@id\":\"https:\/\/test.rebel-cell.com\/de\/produkt\/12v-dc-stabilisator-9a\/#primaryimage\",\"url\":\"https:\/\/test.rebel-cell.com\/wp-content\/uploads\/12V_DC_Stabilizer_9A_front-scaled.jpg\",\"contentUrl\":\"https:\/\/test.rebel-cell.com\/wp-content\/uploads\/12V_DC_Stabilizer_9A_front-scaled.jpg\",\"width\":2048,\"height\":2048},{\"@type\":\"BreadcrumbList\",\"@id\":\"https:\/\/test.rebel-cell.com\/de\/produkt\/12v-dc-stabilisator-9a\/#breadcrumb\",\"itemListElement\":[{\"@type\":\"ListItem\",\"position\":1,\"name\":\"Home\",\"item\":\"https:\/\/test.rebel-cell.com\/de\/\"},{\"@type\":\"ListItem\",\"position\":2,\"name\":\"Shop\",\"item\":\"https:\/\/test.rebel-cell.com\/de\/shop\/\"},{\"@type\":\"ListItem\",\"position\":3,\"name\":\"12V DC Stabilisator 9A\"}]},{\"@type\":\"WebSite\",\"@id\":\"https:\/\/test.rebel-cell.com\/de\/#website\",\"url\":\"https:\/\/test.rebel-cell.com\/de\/\",\"name\":\"Rebelcell\",\"description\":\"Rebelcell\",\"publisher\":{\"@id\":\"https:\/\/test.rebel-cell.com\/de\/#organization\"},\"potentialAction\":[{\"@type\":\"SearchAction\",\"target\":{\"@type\":\"EntryPoint\",\"urlTemplate\":\"https:\/\/test.rebel-cell.com\/de\/?s={search_term_string}\"},\"query-input\":{\"@type\":\"PropertyValueSpecification\",\"valueRequired\":true,\"valueName\":\"search_term_string\"}}],\"inLanguage\":\"de\"},{\"@type\":\"Organization\",\"@id\":\"https:\/\/test.rebel-cell.com\/de\/#organization\",\"name\":\"Rebelcell\",\"url\":\"https:\/\/test.rebel-cell.com\/de\/\",\"logo\":{\"@type\":\"ImageObject\",\"inLanguage\":\"de\",\"@id\":\"https:\/\/test.rebel-cell.com\/de\/#\/schema\/logo\/image\/\",\"url\":\"https:\/\/test.rebel-cell.com\/wp-content\/uploads\/rebelcell-logo-300.png\",\"contentUrl\":\"https:\/\/test.rebel-cell.com\/wp-content\/uploads\/rebelcell-logo-300.png\",\"width\":300,\"height\":55,\"caption\":\"Rebelcell\"},\"image\":{\"@id\":\"https:\/\/test.rebel-cell.com\/de\/#\/schema\/logo\/image\/\"},\"sameAs\":[\"https:\/\/www.facebook.com\/rebelcelleu\",\"https:\/\/x.com\/rebelcellnl\",\"https:\/\/www.instagram.com\/rebelcelleurope\/?hl=nl\",\"https:\/\/www.youtube.com\/channel\/UCpySQUq4xwwtqveV1f8oiFw\"]}]}<\/script>\n<meta property=\"product:price:amount\" content=\"69.50\" \/>\n<meta property=\"product:price:currency\" content=\"EUR\" \/>\n<meta property=\"og:availability\" content=\"instock\" \/>\n<meta property=\"product:availability\" content=\"instock\" \/>\n<meta property=\"product:retailer_item_id\" content=\"8720964631127\" \/>\n<meta property=\"product:condition\" content=\"new\" \/>\n<!-- \/ Yoast SEO plugin. -->","yoast_head_json":{"title":"12V DC Stabilisator 9A | Rebelcell | Tragbare Energie f\u00fcr Outdoor-Aktivit\u00e4ten","description":"Wandelt die Spannung der 12V-Batterien von Rebelcell in eine stabile 12V-Ausgangsspannung um. Rebelcell. Tragbare Energie zum Angeln, im Freien und auf See.","robots":{"index":"noindex","follow":"follow","max-snippet":"max-snippet:-1","max-image-preview":"max-image-preview:large","max-video-preview":"max-video-preview:-1"},"og_locale":"de_DE","og_type":"article","og_title":"12V DC Stabilisator 9A | Rebelcell | Tragbare Energie f\u00fcr Outdoor-Aktivit\u00e4ten","og_description":"Wandelt die Spannung der 12V-Batterien von Rebelcell in eine stabile 12V-Ausgangsspannung um. Rebelcell. Tragbare Energie zum Angeln, im Freien und auf See.","og_url":"https:\/\/test.rebel-cell.com\/de\/produkt\/12v-dc-stabilisator-9a\/","og_site_name":"Rebelcell","article_publisher":"https:\/\/www.facebook.com\/rebelcelleu","article_modified_time":"2025-05-29T11:55:36+00:00","og_image":[{"width":2048,"height":2048,"url":"https:\/\/test.rebel-cell.com\/wp-content\/uploads\/12V_DC_Stabilizer_9A_front-scaled.jpg","type":"image\/jpeg"}],"twitter_card":"summary_large_image","twitter_site":"@rebelcellnl","twitter_misc":{"Preis":"&euro;69,50","Verf\u00fcgbarkeit":"Auf Lager"},"schema":{"@context":"https:\/\/schema.org","@graph":[{"@type":["WebPage","ItemPage"],"@id":"https:\/\/test.rebel-cell.com\/de\/produkt\/12v-dc-stabilisator-9a\/","url":"https:\/\/test.rebel-cell.com\/de\/produkt\/12v-dc-stabilisator-9a\/","name":"12V DC Stabilisator 9A | Rebelcell | Tragbare Energie f\u00fcr Outdoor-Aktivit\u00e4ten","isPartOf":{"@id":"https:\/\/test.rebel-cell.com\/de\/#website"},"primaryImageOfPage":{"@id":"https:\/\/test.rebel-cell.com\/de\/produkt\/12v-dc-stabilisator-9a\/#primaryimage"},"image":{"@id":"https:\/\/test.rebel-cell.com\/de\/produkt\/12v-dc-stabilisator-9a\/#primaryimage"},"thumbnailUrl":"https:\/\/test.rebel-cell.com\/wp-content\/uploads\/12V_DC_Stabilizer_9A_front-scaled.jpg","datePublished":"2020-08-28T13:26:28+00:00","dateModified":"2025-05-29T11:55:36+00:00","description":"Wandelt die Spannung der 12V-Batterien von Rebelcell in eine stabile 12V-Ausgangsspannung um. Rebelcell. Tragbare Energie zum Angeln, im Freien und auf See.","breadcrumb":{"@id":"https:\/\/test.rebel-cell.com\/de\/produkt\/12v-dc-stabilisator-9a\/#breadcrumb"},"inLanguage":"de","potentialAction":[{"@type":"ReadAction","target":["https:\/\/test.rebel-cell.com\/de\/produkt\/12v-dc-stabilisator-9a\/"]}]},{"@type":"ImageObject","inLanguage":"de","@id":"https:\/\/test.rebel-cell.com\/de\/produkt\/12v-dc-stabilisator-9a\/#primaryimage","url":"https:\/\/test.rebel-cell.com\/wp-content\/uploads\/12V_DC_Stabilizer_9A_front-scaled.jpg","contentUrl":"https:\/\/test.rebel-cell.com\/wp-content\/uploads\/12V_DC_Stabilizer_9A_front-scaled.jpg","width":2048,"height":2048},{"@type":"BreadcrumbList","@id":"https:\/\/test.rebel-cell.com\/de\/produkt\/12v-dc-stabilisator-9a\/#breadcrumb","itemListElement":[{"@type":"ListItem","position":1,"name":"Home","item":"https:\/\/test.rebel-cell.com\/de\/"},{"@type":"ListItem","position":2,"name":"Shop","item":"https:\/\/test.rebel-cell.com\/de\/shop\/"},{"@type":"ListItem","position":3,"name":"12V DC Stabilisator 9A"}]},{"@type":"WebSite","@id":"https:\/\/test.rebel-cell.com\/de\/#website","url":"https:\/\/test.rebel-cell.com\/de\/","name":"Rebelcell","description":"Rebelcell","publisher":{"@id":"https:\/\/test.rebel-cell.com\/de\/#organization"},"potentialAction":[{"@type":"SearchAction","target":{"@type":"EntryPoint","urlTemplate":"https:\/\/test.rebel-cell.com\/de\/?s={search_term_string}"},"query-input":{"@type":"PropertyValueSpecification","valueRequired":true,"valueName":"search_term_string"}}],"inLanguage":"de"},{"@type":"Organization","@id":"https:\/\/test.rebel-cell.com\/de\/#organization","name":"Rebelcell","url":"https:\/\/test.rebel-cell.com\/de\/","logo":{"@type":"ImageObject","inLanguage":"de","@id":"https:\/\/test.rebel-cell.com\/de\/#\/schema\/logo\/image\/","url":"https:\/\/test.rebel-cell.com\/wp-content\/uploads\/rebelcell-logo-300.png","contentUrl":"https:\/\/test.rebel-cell.com\/wp-content\/uploads\/rebelcell-logo-300.png","width":300,"height":55,"caption":"Rebelcell"},"image":{"@id":"https:\/\/test.rebel-cell.com\/de\/#\/schema\/logo\/image\/"},"sameAs":["https:\/\/www.facebook.com\/rebelcelleu","https:\/\/x.com\/rebelcellnl","https:\/\/www.instagram.com\/rebelcelleurope\/?hl=nl","https:\/\/www.youtube.com\/channel\/UCpySQUq4xwwtqveV1f8oiFw"]}]},"product_price_amount":"69.50","product_price_currency":"EUR","og_availability":"instock","product_availability":"instock","product_retailer_item_id":"8720964631127","product_condition":"new"},"_links":{"self":[{"href":"https:\/\/test.rebel-cell.com\/de\/wp-json\/wp\/v2\/product\/8849","targetHints":{"allow":["GET"]}}],"collection":[{"href":"https:\/\/test.rebel-cell.com\/de\/wp-json\/wp\/v2\/product"}],"about":[{"href":"https:\/\/test.rebel-cell.com\/de\/wp-json\/wp\/v2\/types\/product"}],"replies":[{"embeddable":true,"href":"https:\/\/test.rebel-cell.com\/de\/wp-json\/wp\/v2\/comments?post=8849"}],"wp:featuredmedia":[{"embeddable":true,"href":"https:\/\/test.rebel-cell.com\/de\/wp-json\/wp\/v2\/media\/8947"}],"wp:attachment":[{"href":"https:\/\/test.rebel-cell.com\/de\/wp-json\/wp\/v2\/media?parent=8849"}],"wp:term":[{"taxonomy":"product_brand","embeddable":true,"href":"https:\/\/test.rebel-cell.com\/de\/wp-json\/wp\/v2\/product_brand?post=8849"},{"taxonomy":"product_cat","embeddable":true,"href":"https:\/\/test.rebel-cell.com\/de\/wp-json\/wp\/v2\/product_cat?post=8849"},{"taxonomy":"product_tag","embeddable":true,"href":"https:\/\/test.rebel-cell.com\/de\/wp-json\/wp\/v2\/product_tag?post=8849"}],"curies":[{"name":"wp","href":"https:\/\/api.w.org\/{rel}","templated":true}]}}