{"id":9008,"date":"2020-09-14T18:23:07","date_gmt":"2020-09-14T16:23:07","guid":{"rendered":"https:\/\/test.rebel-cell.com\/?post_type=product&#038;p=9008"},"modified":"2026-04-06T09:05:04","modified_gmt":"2026-04-06T07:05:04","slug":"12v100-av-lithium-akku","status":"publish","type":"product","link":"https:\/\/test.rebel-cell.com\/de\/produkt\/12v100-av-lithium-akku\/","title":{"rendered":"12V100 AV-Lithium-Akku"},"content":{"rendered":"<h2>Produktbeschreibung Rebelcell 12V100 AV-Lithium-Akku<\/h2>\n<p>Kompakte und leichte <strong>12V100 AV-Lithium-Akku<\/strong>, die mit <strong>12V betrieben<\/strong> wird und eine Leistung von <strong>10<\/strong><strong>0Ah (1.29kWh)<\/strong> hat. Diese Akku kann f\u00fcr viele Anwendungen eingesetzt werden, zum Beispiel;<\/p>\n<ul>\n<li><strong>Elektroboote:<\/strong> als Stromquelle und Antrieb f\u00fcr 12V-Elektromotoren<\/li>\n<li><strong>Freizeit:<\/strong> als Servicebatterie f\u00fcr Wohnmobile, Motorboote, etc.<\/li>\n<li><strong>Angeln:<\/strong> f\u00fcr den mehrt\u00e4gigen Einsatz von gro\u00dfen Echolote und Fischfindern, sowie als Stromversorgung am Wasser<\/li>\n<\/ul>\n<p>Aufgrund der <strong>angepassten Spannung<\/strong> kann diese Akku <strong>problemlos in Kombination mit Trolling-Motoren oder Elektromotoren verwendet werden,<\/strong> die mit 12 V betrieben werden. <strong>Die lange Laufzeit dieser Akku<\/strong> ist ein wichtiger Grund, sich f\u00fcr sie zu entscheiden. Sind Sie neugierig, wie lange Sie Ihren Motor oder Ihre Angelausr\u00fcstung in Kombination mit der 12V100-Akku verwenden k\u00f6nnen? Unsere <a href=\"https:\/\/test.rebel-cell.com\/de\/grundlagenwissen\/akku-elektromotor-entscheidungshilfe\/\" target=\"_blank\" rel=\"noopener\">Grundlagenwissen &#8211; die richtige Batterie f\u00fcr meinen Motor<\/a> oder unsere <a href=\"https:\/\/test.rebel-cell.com\/de\/grundlagenwissen\/akku-echolot-uebersicht\/\" target=\"_blank\" rel=\"noopener\">Grundlagenwissen &#8211; die richtige Batterie f\u00fcr meinen Fischfinder<\/a> wird alle Ihre Fragen beantworten.<\/p>\n<p>Die Akku ist <strong>v\u00f6llig wartungsfrei<\/strong> und hat bis zu <strong>1000 Ladezyklen.<\/strong> Das bedeutet 1.000 Ladungen und Entladungen. Sie ist <strong>deutlich leichter<\/strong> als eine vergleichbare Bleibatterie und hat einen <strong>viel geringeren Jahresverlust<\/strong>. Dank des eingebauten <strong>Batteriemanagementsystems<\/strong> m\u00fcssen Sie sich keine Sorgen machen, dass die Akku zu tief entladen wird und Schaden nimmt.<\/p>\n<p><strong>Tipp:<\/strong> Halten Sie Ihre 12V100 AV-Akku mit unserer <a href=\"https:\/\/test.rebel-cell.com\/de\/produkt\/battery-bag-extra-large-2\/\" target=\"_blank\" rel=\"noopener\">Akkutasche<\/a> trocken!<\/p>\n<p>Produktcode: 12100AVREUA<\/p>\n<p>Barcode: 7106623694312<\/p>\n<p>EAN: 8720964630632<\/p>\n","protected":false},"excerpt":{"rendered":"<p>Die <strong>1<\/strong><strong>2V100 AV AV-Lithium-Akku<\/strong>\u00a0ist eine unserer beliebtesten Akkus. Diese Akku arbeitet mit <strong>12V<\/strong>, hat eine Kapazit\u00e4t von <strong>100Ah (1029Wh)<\/strong>, wiegt <strong>8.3Kg<\/strong> und verf\u00fcgt \u00fcber eine <strong>digitale Akku-Statusanzeige.<\/strong> Die 12V100 AV-Akku eignet sich f\u00fcr den l\u00e4ngeren Einsatz von <strong>Trolling-Motoren<\/strong> oder die Verwendung <strong>gr\u00f6\u00dferer Fischfinder und Tiefenmesser.<\/strong><br \/>\n<a href=\"#proddesc\">Mehr lesen&gt;<\/a><\/p>\n","protected":false},"featured_media":9719,"comment_status":"open","ping_status":"closed","template":"","meta":{"_acf_changed":false},"product_brand":[],"product_cat":[1902,4440],"product_tag":[],"class_list":{"0":"post-9008","1":"product","2":"type-product","3":"status-publish","4":"has-post-thumbnail","6":"product_cat-akkus","7":"product_cat-lithium-akkus-12v-24v-36v","8":"product_shipping_class-shipping-battery","10":"first","11":"instock","12":"taxable","13":"shipping-taxable","14":"product-type-simple"},"bundled_by":["11455"],"bundle_stock_status":"instock","bundle_stock_quantity":null,"bundle_virtual":false,"bundle_layout":"","bundle_add_to_cart_form_location":"","bundle_editable_in_cart":false,"bundle_sold_individually_context":"","bundle_item_grouping":"","bundle_min_size":"","bundle_max_size":"","bundle_price":[],"bundled_items":[],"bundle_sell_ids":[],"acf":[],"yoast_head":"<!-- This site is optimized with the Yoast SEO plugin v27.1.1 - https:\/\/yoast.com\/product\/yoast-seo-wordpress\/ -->\n<title>12V100 AV-Lithium-Akku | Rebelcell | Tragbare Energie f\u00fcr Au\u00dfenbereich<\/title>\n<meta name=\"description\" content=\"12V100 AV-Lithium-Akku. F\u00fcr 12\u00a0V Elektro-Au\u00dfenbordmotoren, Echolote. Rebelcell, tragbare Energie zum Angeln, f\u00fcr Elektroboote, Au\u00dfenbereich und Freizeit.\" \/>\n<meta name=\"robots\" content=\"noindex, follow, max-snippet:-1, max-image-preview:large, max-video-preview:-1\" \/>\n<meta property=\"og:locale\" content=\"de_DE\" \/>\n<meta property=\"og:type\" content=\"article\" \/>\n<meta property=\"og:title\" content=\"12V100 AV-Lithium-Akku | Rebelcell | Tragbare Energie f\u00fcr Au\u00dfenbereich\" \/>\n<meta property=\"og:description\" content=\"12V100 AV-Lithium-Akku. F\u00fcr 12\u00a0V Elektro-Au\u00dfenbordmotoren, Echolote. Rebelcell, tragbare Energie zum Angeln, f\u00fcr Elektroboote, Au\u00dfenbereich und Freizeit.\" \/>\n<meta property=\"og:url\" content=\"https:\/\/test.rebel-cell.com\/de\/produkt\/12v100-av-lithium-akku\/\" \/>\n<meta property=\"og:site_name\" content=\"Rebelcell\" \/>\n<meta property=\"article:publisher\" content=\"https:\/\/www.facebook.com\/rebelcelleu\" \/>\n<meta property=\"article:modified_time\" content=\"2026-04-06T07:05:04+00:00\" \/>\n<meta property=\"og:image\" content=\"https:\/\/test.rebel-cell.com\/wp-content\/uploads\/12V100AV_top_side-1.jpg\" \/>\n\t<meta property=\"og:image:width\" content=\"1400\" \/>\n\t<meta property=\"og:image:height\" content=\"1400\" \/>\n\t<meta property=\"og:image:type\" content=\"image\/jpeg\" \/>\n<meta name=\"twitter:card\" content=\"summary_large_image\" \/>\n<meta name=\"twitter:site\" content=\"@rebelcellnl\" \/>\n<meta name=\"twitter:label1\" content=\"Preis\" \/>\n\t<meta name=\"twitter:data1\" content=\"\" \/>\n\t<meta name=\"twitter:label2\" content=\"Verf\u00fcgbarkeit\" \/>\n\t<meta name=\"twitter:data2\" content=\"Auf Lager\" \/>\n<script type=\"application\/ld+json\" class=\"yoast-schema-graph\">{\"@context\":\"https:\/\/schema.org\",\"@graph\":[{\"@type\":[\"WebPage\",\"ItemPage\"],\"@id\":\"https:\/\/test.rebel-cell.com\/de\/produkt\/12v100-av-lithium-akku\/\",\"url\":\"https:\/\/test.rebel-cell.com\/de\/produkt\/12v100-av-lithium-akku\/\",\"name\":\"12V100 AV-Lithium-Akku | Rebelcell | Tragbare Energie f\u00fcr Au\u00dfenbereich\",\"isPartOf\":{\"@id\":\"https:\/\/test.rebel-cell.com\/de\/#website\"},\"primaryImageOfPage\":{\"@id\":\"https:\/\/test.rebel-cell.com\/de\/produkt\/12v100-av-lithium-akku\/#primaryimage\"},\"image\":{\"@id\":\"https:\/\/test.rebel-cell.com\/de\/produkt\/12v100-av-lithium-akku\/#primaryimage\"},\"thumbnailUrl\":\"https:\/\/test.rebel-cell.com\/wp-content\/uploads\/12V100AV_top_side-1.jpg\",\"datePublished\":\"2020-09-14T16:23:07+00:00\",\"dateModified\":\"2026-04-06T07:05:04+00:00\",\"description\":\"12V100 AV-Lithium-Akku. F\u00fcr 12\u00a0V Elektro-Au\u00dfenbordmotoren, Echolote. Rebelcell, tragbare Energie zum Angeln, f\u00fcr Elektroboote, Au\u00dfenbereich und Freizeit.\",\"breadcrumb\":{\"@id\":\"https:\/\/test.rebel-cell.com\/de\/produkt\/12v100-av-lithium-akku\/#breadcrumb\"},\"inLanguage\":\"de\",\"potentialAction\":[{\"@type\":\"ReadAction\",\"target\":[\"https:\/\/test.rebel-cell.com\/de\/produkt\/12v100-av-lithium-akku\/\"]}]},{\"@type\":\"ImageObject\",\"inLanguage\":\"de\",\"@id\":\"https:\/\/test.rebel-cell.com\/de\/produkt\/12v100-av-lithium-akku\/#primaryimage\",\"url\":\"https:\/\/test.rebel-cell.com\/wp-content\/uploads\/12V100AV_top_side-1.jpg\",\"contentUrl\":\"https:\/\/test.rebel-cell.com\/wp-content\/uploads\/12V100AV_top_side-1.jpg\",\"width\":1024,\"height\":1024},{\"@type\":\"BreadcrumbList\",\"@id\":\"https:\/\/test.rebel-cell.com\/de\/produkt\/12v100-av-lithium-akku\/#breadcrumb\",\"itemListElement\":[{\"@type\":\"ListItem\",\"position\":1,\"name\":\"Home\",\"item\":\"https:\/\/test.rebel-cell.com\/de\/\"},{\"@type\":\"ListItem\",\"position\":2,\"name\":\"Shop\",\"item\":\"https:\/\/test.rebel-cell.com\/de\/shop\/\"},{\"@type\":\"ListItem\",\"position\":3,\"name\":\"12V100 AV-Lithium-Akku\"}]},{\"@type\":\"WebSite\",\"@id\":\"https:\/\/test.rebel-cell.com\/de\/#website\",\"url\":\"https:\/\/test.rebel-cell.com\/de\/\",\"name\":\"Rebelcell\",\"description\":\"Rebelcell\",\"publisher\":{\"@id\":\"https:\/\/test.rebel-cell.com\/de\/#organization\"},\"potentialAction\":[{\"@type\":\"SearchAction\",\"target\":{\"@type\":\"EntryPoint\",\"urlTemplate\":\"https:\/\/test.rebel-cell.com\/de\/?s={search_term_string}\"},\"query-input\":{\"@type\":\"PropertyValueSpecification\",\"valueRequired\":true,\"valueName\":\"search_term_string\"}}],\"inLanguage\":\"de\"},{\"@type\":\"Organization\",\"@id\":\"https:\/\/test.rebel-cell.com\/de\/#organization\",\"name\":\"Rebelcell\",\"url\":\"https:\/\/test.rebel-cell.com\/de\/\",\"logo\":{\"@type\":\"ImageObject\",\"inLanguage\":\"de\",\"@id\":\"https:\/\/test.rebel-cell.com\/de\/#\/schema\/logo\/image\/\",\"url\":\"https:\/\/test.rebel-cell.com\/wp-content\/uploads\/rebelcell-logo-300.png\",\"contentUrl\":\"https:\/\/test.rebel-cell.com\/wp-content\/uploads\/rebelcell-logo-300.png\",\"width\":300,\"height\":55,\"caption\":\"Rebelcell\"},\"image\":{\"@id\":\"https:\/\/test.rebel-cell.com\/de\/#\/schema\/logo\/image\/\"},\"sameAs\":[\"https:\/\/www.facebook.com\/rebelcelleu\",\"https:\/\/x.com\/rebelcellnl\",\"https:\/\/www.instagram.com\/rebelcelleurope\/?hl=nl\",\"https:\/\/www.youtube.com\/channel\/UCpySQUq4xwwtqveV1f8oiFw\"]}]}<\/script>\n<meta property=\"product:price:currency\" content=\"EUR\" \/>\n<meta property=\"og:availability\" content=\"instock\" \/>\n<meta property=\"product:availability\" content=\"instock\" \/>\n<meta property=\"product:condition\" content=\"new\" \/>\n<!-- \/ Yoast SEO plugin. -->","yoast_head_json":{"title":"12V100 AV-Lithium-Akku | Rebelcell | Tragbare Energie f\u00fcr Au\u00dfenbereich","description":"12V100 AV-Lithium-Akku. F\u00fcr 12\u00a0V Elektro-Au\u00dfenbordmotoren, Echolote. Rebelcell, tragbare Energie zum Angeln, f\u00fcr Elektroboote, Au\u00dfenbereich und Freizeit.","robots":{"index":"noindex","follow":"follow","max-snippet":"max-snippet:-1","max-image-preview":"max-image-preview:large","max-video-preview":"max-video-preview:-1"},"og_locale":"de_DE","og_type":"article","og_title":"12V100 AV-Lithium-Akku | Rebelcell | Tragbare Energie f\u00fcr Au\u00dfenbereich","og_description":"12V100 AV-Lithium-Akku. F\u00fcr 12\u00a0V Elektro-Au\u00dfenbordmotoren, Echolote. Rebelcell, tragbare Energie zum Angeln, f\u00fcr Elektroboote, Au\u00dfenbereich und Freizeit.","og_url":"https:\/\/test.rebel-cell.com\/de\/produkt\/12v100-av-lithium-akku\/","og_site_name":"Rebelcell","article_publisher":"https:\/\/www.facebook.com\/rebelcelleu","article_modified_time":"2026-04-06T07:05:04+00:00","og_image":[{"width":1400,"height":1400,"url":"https:\/\/test.rebel-cell.com\/wp-content\/uploads\/12V100AV_top_side-1.jpg","type":"image\/jpeg"}],"twitter_card":"summary_large_image","twitter_site":"@rebelcellnl","twitter_misc":{"Preis":"","Verf\u00fcgbarkeit":"Auf Lager"},"schema":{"@context":"https:\/\/schema.org","@graph":[{"@type":["WebPage","ItemPage"],"@id":"https:\/\/test.rebel-cell.com\/de\/produkt\/12v100-av-lithium-akku\/","url":"https:\/\/test.rebel-cell.com\/de\/produkt\/12v100-av-lithium-akku\/","name":"12V100 AV-Lithium-Akku | Rebelcell | Tragbare Energie f\u00fcr Au\u00dfenbereich","isPartOf":{"@id":"https:\/\/test.rebel-cell.com\/de\/#website"},"primaryImageOfPage":{"@id":"https:\/\/test.rebel-cell.com\/de\/produkt\/12v100-av-lithium-akku\/#primaryimage"},"image":{"@id":"https:\/\/test.rebel-cell.com\/de\/produkt\/12v100-av-lithium-akku\/#primaryimage"},"thumbnailUrl":"https:\/\/test.rebel-cell.com\/wp-content\/uploads\/12V100AV_top_side-1.jpg","datePublished":"2020-09-14T16:23:07+00:00","dateModified":"2026-04-06T07:05:04+00:00","description":"12V100 AV-Lithium-Akku. F\u00fcr 12\u00a0V Elektro-Au\u00dfenbordmotoren, Echolote. Rebelcell, tragbare Energie zum Angeln, f\u00fcr Elektroboote, Au\u00dfenbereich und Freizeit.","breadcrumb":{"@id":"https:\/\/test.rebel-cell.com\/de\/produkt\/12v100-av-lithium-akku\/#breadcrumb"},"inLanguage":"de","potentialAction":[{"@type":"ReadAction","target":["https:\/\/test.rebel-cell.com\/de\/produkt\/12v100-av-lithium-akku\/"]}]},{"@type":"ImageObject","inLanguage":"de","@id":"https:\/\/test.rebel-cell.com\/de\/produkt\/12v100-av-lithium-akku\/#primaryimage","url":"https:\/\/test.rebel-cell.com\/wp-content\/uploads\/12V100AV_top_side-1.jpg","contentUrl":"https:\/\/test.rebel-cell.com\/wp-content\/uploads\/12V100AV_top_side-1.jpg","width":1024,"height":1024},{"@type":"BreadcrumbList","@id":"https:\/\/test.rebel-cell.com\/de\/produkt\/12v100-av-lithium-akku\/#breadcrumb","itemListElement":[{"@type":"ListItem","position":1,"name":"Home","item":"https:\/\/test.rebel-cell.com\/de\/"},{"@type":"ListItem","position":2,"name":"Shop","item":"https:\/\/test.rebel-cell.com\/de\/shop\/"},{"@type":"ListItem","position":3,"name":"12V100 AV-Lithium-Akku"}]},{"@type":"WebSite","@id":"https:\/\/test.rebel-cell.com\/de\/#website","url":"https:\/\/test.rebel-cell.com\/de\/","name":"Rebelcell","description":"Rebelcell","publisher":{"@id":"https:\/\/test.rebel-cell.com\/de\/#organization"},"potentialAction":[{"@type":"SearchAction","target":{"@type":"EntryPoint","urlTemplate":"https:\/\/test.rebel-cell.com\/de\/?s={search_term_string}"},"query-input":{"@type":"PropertyValueSpecification","valueRequired":true,"valueName":"search_term_string"}}],"inLanguage":"de"},{"@type":"Organization","@id":"https:\/\/test.rebel-cell.com\/de\/#organization","name":"Rebelcell","url":"https:\/\/test.rebel-cell.com\/de\/","logo":{"@type":"ImageObject","inLanguage":"de","@id":"https:\/\/test.rebel-cell.com\/de\/#\/schema\/logo\/image\/","url":"https:\/\/test.rebel-cell.com\/wp-content\/uploads\/rebelcell-logo-300.png","contentUrl":"https:\/\/test.rebel-cell.com\/wp-content\/uploads\/rebelcell-logo-300.png","width":300,"height":55,"caption":"Rebelcell"},"image":{"@id":"https:\/\/test.rebel-cell.com\/de\/#\/schema\/logo\/image\/"},"sameAs":["https:\/\/www.facebook.com\/rebelcelleu","https:\/\/x.com\/rebelcellnl","https:\/\/www.instagram.com\/rebelcelleurope\/?hl=nl","https:\/\/www.youtube.com\/channel\/UCpySQUq4xwwtqveV1f8oiFw"]}]},"product_price_currency":"EUR","og_availability":"instock","product_availability":"instock","product_condition":"new"},"_links":{"self":[{"href":"https:\/\/test.rebel-cell.com\/de\/wp-json\/wp\/v2\/product\/9008","targetHints":{"allow":["GET"]}}],"collection":[{"href":"https:\/\/test.rebel-cell.com\/de\/wp-json\/wp\/v2\/product"}],"about":[{"href":"https:\/\/test.rebel-cell.com\/de\/wp-json\/wp\/v2\/types\/product"}],"replies":[{"embeddable":true,"href":"https:\/\/test.rebel-cell.com\/de\/wp-json\/wp\/v2\/comments?post=9008"}],"wp:featuredmedia":[{"embeddable":true,"href":"https:\/\/test.rebel-cell.com\/de\/wp-json\/wp\/v2\/media\/9719"}],"wp:attachment":[{"href":"https:\/\/test.rebel-cell.com\/de\/wp-json\/wp\/v2\/media?parent=9008"}],"wp:term":[{"taxonomy":"product_brand","embeddable":true,"href":"https:\/\/test.rebel-cell.com\/de\/wp-json\/wp\/v2\/product_brand?post=9008"},{"taxonomy":"product_cat","embeddable":true,"href":"https:\/\/test.rebel-cell.com\/de\/wp-json\/wp\/v2\/product_cat?post=9008"},{"taxonomy":"product_tag","embeddable":true,"href":"https:\/\/test.rebel-cell.com\/de\/wp-json\/wp\/v2\/product_tag?post=9008"}],"curies":[{"name":"wp","href":"https:\/\/api.w.org\/{rel}","templated":true}]}}