{"id":5937,"date":"2020-02-21T10:39:37","date_gmt":"2020-02-21T09:39:37","guid":{"rendered":"https:\/\/test.rebel-cell.com\/payment\/"},"modified":"2020-06-29T14:30:11","modified_gmt":"2020-06-29T12:30:11","slug":"payment","status":"publish","type":"page","link":"https:\/\/test.rebel-cell.com\/fr\/payment\/","title":{"rendered":"Paiement"},"content":{"rendered":"<h3>COMMENT PUIS-JE R\u00c9GLER MA COMMANDE ?<br \/>\n        <\/h3>\n<p>Nous acceptons tous les modes de paiement courants et, \u00e0 l&rsquo;exception de Billink (Pays-Bas), nous ne facturons aucun frais de paiement.<br \/>\n         Le mode de paiement varie selon les pays et appara\u00eetra automatiquement lors du passage \u00e0 la caisse.<br \/>\n         Vous pouvez donc choisir le mode de paiement que vous souhaitez.<\/p>\n<h3>MON PAIEMENT EST-IL S\u00c9CURIS\u00c9 ?<br \/>\n        <\/h3>\n<p>Tous nos paiements sont trait\u00e9s par notre fournisseur de paiement <strong>Pay.nl<\/strong> . Cette soci\u00e9t\u00e9 traite les paiements de nombreuses grandes boutiques en ligne, et est soumise quotidiennement \u00e0 un contr\u00f4le approfondi pour d\u00e9tecter les virus et autres probl\u00e8mes.<br \/>\n         Tous les paiements en ligne s&rsquo;effectuent via une connexion s\u00e9curis\u00e9e.<br \/>\n         Des doutes ?<br \/>\n         Veuillez noter l&rsquo;ic\u00f4ne du cadenas dans la barre d&rsquo;adresse de votre navigateur ou le https:\/\/ dans la barre d&rsquo;adresse.<br \/>\n         La pr\u00e9sence d\u2019un de ces \u00e9l\u00e9ments confirme que votre paiement est s\u00e9curis\u00e9.<br \/>\n         Si vous avez des doutes, n&rsquo;h\u00e9sitez pas \u00e0 nous contacter par t\u00e9l\u00e9phone au +31 71 7107424.<\/p>\n","protected":false},"excerpt":{"rendered":"<p>COMMENT PUIS-JE R\u00c9GLER MA COMMANDE ? Nous acceptons tous les modes de paiement courants et, \u00e0 l&rsquo;exception de Billink (Pays-Bas), nous ne facturons aucun frais de paiement. Le mode de paiement varie selon les pays et appara\u00eetra automatiquement lors du passage \u00e0 la caisse. Vous pouvez donc choisir le mode de paiement que vous souhaitez. [&hellip;]<\/p>\n","protected":false},"author":1,"featured_media":0,"parent":0,"menu_order":84,"comment_status":"closed","ping_status":"closed","template":"page-template\/common_page.php","meta":{"_acf_changed":false,"footnotes":""},"class_list":["post-5937","page","type-page","status-publish","hentry"],"acf":[],"yoast_head":"<!-- This site is optimized with the Yoast SEO plugin v27.1.1 - https:\/\/yoast.com\/product\/yoast-seo-wordpress\/ -->\n<title>Paiement et s\u00e9curit\u00e9 | Rebelcell | \u00c9nergie portable pour l&#039;ext\u00e9rieur<\/title>\n<meta name=\"description\" content=\"Tous nos paiements sont trait\u00e9s par Pay.nl. Nous acceptons de nombreuses options de paiement sans frais. Rebelcell. \u00c9nergie portable pour la p\u00eache \u00e0 la ligne, en plein air et en mer.\" \/>\n<meta name=\"robots\" content=\"noindex, follow, max-snippet:-1, max-image-preview:large, max-video-preview:-1\" \/>\n<meta property=\"og:locale\" content=\"fr_FR\" \/>\n<meta property=\"og:type\" content=\"article\" \/>\n<meta property=\"og:title\" content=\"Paiement et s\u00e9curit\u00e9 | Rebelcell | \u00c9nergie portable pour l&#039;ext\u00e9rieur\" \/>\n<meta property=\"og:description\" content=\"Tous nos paiements sont trait\u00e9s par Pay.nl. Nous acceptons de nombreuses options de paiement sans frais. Rebelcell. \u00c9nergie portable pour la p\u00eache \u00e0 la ligne, en plein air et en mer.\" \/>\n<meta property=\"og:url\" content=\"https:\/\/test.rebel-cell.com\/fr\/payment\/\" \/>\n<meta property=\"og:site_name\" content=\"Rebelcell\" \/>\n<meta property=\"article:publisher\" content=\"https:\/\/www.facebook.com\/rebelcelleu\" \/>\n<meta property=\"article:modified_time\" content=\"2020-06-29T12:30:11+00:00\" \/>\n<meta name=\"twitter:card\" content=\"summary_large_image\" \/>\n<meta name=\"twitter:site\" content=\"@rebelcellnl\" \/>\n<meta name=\"twitter:label1\" content=\"Dur\u00e9e de lecture estim\u00e9e\" \/>\n\t<meta name=\"twitter:data1\" content=\"1 minute\" \/>\n<script type=\"application\/ld+json\" class=\"yoast-schema-graph\">{\"@context\":\"https:\/\/schema.org\",\"@graph\":[{\"@type\":\"WebPage\",\"@id\":\"https:\/\/test.rebel-cell.com\/fr\/payment\/\",\"url\":\"https:\/\/test.rebel-cell.com\/fr\/payment\/\",\"name\":\"Paiement et s\u00e9curit\u00e9 | Rebelcell | \u00c9nergie portable pour l'ext\u00e9rieur\",\"isPartOf\":{\"@id\":\"https:\/\/test.rebel-cell.com\/fr\/#website\"},\"datePublished\":\"2020-02-21T09:39:37+00:00\",\"dateModified\":\"2020-06-29T12:30:11+00:00\",\"description\":\"Tous nos paiements sont trait\u00e9s par Pay.nl. Nous acceptons de nombreuses options de paiement sans frais. Rebelcell. \u00c9nergie portable pour la p\u00eache \u00e0 la ligne, en plein air et en mer.\",\"breadcrumb\":{\"@id\":\"https:\/\/test.rebel-cell.com\/fr\/payment\/#breadcrumb\"},\"inLanguage\":\"fr-FR\",\"potentialAction\":[{\"@type\":\"ReadAction\",\"target\":[\"https:\/\/test.rebel-cell.com\/fr\/payment\/\"]}]},{\"@type\":\"BreadcrumbList\",\"@id\":\"https:\/\/test.rebel-cell.com\/fr\/payment\/#breadcrumb\",\"itemListElement\":[{\"@type\":\"ListItem\",\"position\":1,\"name\":\"Home\",\"item\":\"https:\/\/test.rebel-cell.com\/fr\/\"},{\"@type\":\"ListItem\",\"position\":2,\"name\":\"Paiement\"}]},{\"@type\":\"WebSite\",\"@id\":\"https:\/\/test.rebel-cell.com\/fr\/#website\",\"url\":\"https:\/\/test.rebel-cell.com\/fr\/\",\"name\":\"Rebelcell\",\"description\":\"Rebelcell\",\"publisher\":{\"@id\":\"https:\/\/test.rebel-cell.com\/fr\/#organization\"},\"potentialAction\":[{\"@type\":\"SearchAction\",\"target\":{\"@type\":\"EntryPoint\",\"urlTemplate\":\"https:\/\/test.rebel-cell.com\/fr\/?s={search_term_string}\"},\"query-input\":{\"@type\":\"PropertyValueSpecification\",\"valueRequired\":true,\"valueName\":\"search_term_string\"}}],\"inLanguage\":\"fr-FR\"},{\"@type\":\"Organization\",\"@id\":\"https:\/\/test.rebel-cell.com\/fr\/#organization\",\"name\":\"Rebelcell\",\"url\":\"https:\/\/test.rebel-cell.com\/fr\/\",\"logo\":{\"@type\":\"ImageObject\",\"inLanguage\":\"fr-FR\",\"@id\":\"https:\/\/test.rebel-cell.com\/fr\/#\/schema\/logo\/image\/\",\"url\":\"https:\/\/test.rebel-cell.com\/wp-content\/uploads\/rebelcell-logo-300.png\",\"contentUrl\":\"https:\/\/test.rebel-cell.com\/wp-content\/uploads\/rebelcell-logo-300.png\",\"width\":300,\"height\":55,\"caption\":\"Rebelcell\"},\"image\":{\"@id\":\"https:\/\/test.rebel-cell.com\/fr\/#\/schema\/logo\/image\/\"},\"sameAs\":[\"https:\/\/www.facebook.com\/rebelcelleu\",\"https:\/\/x.com\/rebelcellnl\",\"https:\/\/www.instagram.com\/rebelcelleurope\/?hl=nl\",\"https:\/\/www.youtube.com\/channel\/UCpySQUq4xwwtqveV1f8oiFw\"]}]}<\/script>\n<!-- \/ Yoast SEO plugin. -->","yoast_head_json":{"title":"Paiement et s\u00e9curit\u00e9 | Rebelcell | \u00c9nergie portable pour l'ext\u00e9rieur","description":"Tous nos paiements sont trait\u00e9s par Pay.nl. Nous acceptons de nombreuses options de paiement sans frais. Rebelcell. \u00c9nergie portable pour la p\u00eache \u00e0 la ligne, en plein air et en mer.","robots":{"index":"noindex","follow":"follow","max-snippet":"max-snippet:-1","max-image-preview":"max-image-preview:large","max-video-preview":"max-video-preview:-1"},"og_locale":"fr_FR","og_type":"article","og_title":"Paiement et s\u00e9curit\u00e9 | Rebelcell | \u00c9nergie portable pour l'ext\u00e9rieur","og_description":"Tous nos paiements sont trait\u00e9s par Pay.nl. Nous acceptons de nombreuses options de paiement sans frais. Rebelcell. \u00c9nergie portable pour la p\u00eache \u00e0 la ligne, en plein air et en mer.","og_url":"https:\/\/test.rebel-cell.com\/fr\/payment\/","og_site_name":"Rebelcell","article_publisher":"https:\/\/www.facebook.com\/rebelcelleu","article_modified_time":"2020-06-29T12:30:11+00:00","twitter_card":"summary_large_image","twitter_site":"@rebelcellnl","twitter_misc":{"Dur\u00e9e de lecture estim\u00e9e":"1 minute"},"schema":{"@context":"https:\/\/schema.org","@graph":[{"@type":"WebPage","@id":"https:\/\/test.rebel-cell.com\/fr\/payment\/","url":"https:\/\/test.rebel-cell.com\/fr\/payment\/","name":"Paiement et s\u00e9curit\u00e9 | Rebelcell | \u00c9nergie portable pour l'ext\u00e9rieur","isPartOf":{"@id":"https:\/\/test.rebel-cell.com\/fr\/#website"},"datePublished":"2020-02-21T09:39:37+00:00","dateModified":"2020-06-29T12:30:11+00:00","description":"Tous nos paiements sont trait\u00e9s par Pay.nl. Nous acceptons de nombreuses options de paiement sans frais. Rebelcell. \u00c9nergie portable pour la p\u00eache \u00e0 la ligne, en plein air et en mer.","breadcrumb":{"@id":"https:\/\/test.rebel-cell.com\/fr\/payment\/#breadcrumb"},"inLanguage":"fr-FR","potentialAction":[{"@type":"ReadAction","target":["https:\/\/test.rebel-cell.com\/fr\/payment\/"]}]},{"@type":"BreadcrumbList","@id":"https:\/\/test.rebel-cell.com\/fr\/payment\/#breadcrumb","itemListElement":[{"@type":"ListItem","position":1,"name":"Home","item":"https:\/\/test.rebel-cell.com\/fr\/"},{"@type":"ListItem","position":2,"name":"Paiement"}]},{"@type":"WebSite","@id":"https:\/\/test.rebel-cell.com\/fr\/#website","url":"https:\/\/test.rebel-cell.com\/fr\/","name":"Rebelcell","description":"Rebelcell","publisher":{"@id":"https:\/\/test.rebel-cell.com\/fr\/#organization"},"potentialAction":[{"@type":"SearchAction","target":{"@type":"EntryPoint","urlTemplate":"https:\/\/test.rebel-cell.com\/fr\/?s={search_term_string}"},"query-input":{"@type":"PropertyValueSpecification","valueRequired":true,"valueName":"search_term_string"}}],"inLanguage":"fr-FR"},{"@type":"Organization","@id":"https:\/\/test.rebel-cell.com\/fr\/#organization","name":"Rebelcell","url":"https:\/\/test.rebel-cell.com\/fr\/","logo":{"@type":"ImageObject","inLanguage":"fr-FR","@id":"https:\/\/test.rebel-cell.com\/fr\/#\/schema\/logo\/image\/","url":"https:\/\/test.rebel-cell.com\/wp-content\/uploads\/rebelcell-logo-300.png","contentUrl":"https:\/\/test.rebel-cell.com\/wp-content\/uploads\/rebelcell-logo-300.png","width":300,"height":55,"caption":"Rebelcell"},"image":{"@id":"https:\/\/test.rebel-cell.com\/fr\/#\/schema\/logo\/image\/"},"sameAs":["https:\/\/www.facebook.com\/rebelcelleu","https:\/\/x.com\/rebelcellnl","https:\/\/www.instagram.com\/rebelcelleurope\/?hl=nl","https:\/\/www.youtube.com\/channel\/UCpySQUq4xwwtqveV1f8oiFw"]}]}},"_links":{"self":[{"href":"https:\/\/test.rebel-cell.com\/fr\/wp-json\/wp\/v2\/pages\/5937","targetHints":{"allow":["GET"]}}],"collection":[{"href":"https:\/\/test.rebel-cell.com\/fr\/wp-json\/wp\/v2\/pages"}],"about":[{"href":"https:\/\/test.rebel-cell.com\/fr\/wp-json\/wp\/v2\/types\/page"}],"author":[{"embeddable":true,"href":"https:\/\/test.rebel-cell.com\/fr\/wp-json\/wp\/v2\/users\/1"}],"replies":[{"embeddable":true,"href":"https:\/\/test.rebel-cell.com\/fr\/wp-json\/wp\/v2\/comments?post=5937"}],"version-history":[{"count":0,"href":"https:\/\/test.rebel-cell.com\/fr\/wp-json\/wp\/v2\/pages\/5937\/revisions"}],"wp:attachment":[{"href":"https:\/\/test.rebel-cell.com\/fr\/wp-json\/wp\/v2\/media?parent=5937"}],"curies":[{"name":"wp","href":"https:\/\/api.w.org\/{rel}","templated":true}]}}