{"id":10220,"date":"2021-01-01T15:31:59","date_gmt":"2021-01-01T14:31:59","guid":{"rendered":"https:\/\/test.rebel-cell.com\/?post_type=product&#038;p=10220"},"modified":"2023-12-08T11:09:07","modified_gmt":"2023-12-08T10:09:07","slug":"sondeur-quick-connect-outdoorbox","status":"publish","type":"product","link":"https:\/\/test.rebel-cell.com\/fr\/product\/sondeur-quick-connect-outdoorbox\/","title":{"rendered":"Sondeur Quick Connect Outdoorbox"},"content":{"rendered":"<p>Code produit: FF12VXXPLUG<\/p>\n<p>Barcode: 7106623689776<\/p>\n<p>EAN: 8720964630427<\/p>\n","protected":false},"excerpt":{"rendered":"<p><strong>C\u00e2ble Quick Connect<\/strong> avec <strong>fusible en ligne int\u00e9gr\u00e9 de 3A<\/strong> pour <strong>une connexion<\/strong> s\u00e9curis\u00e9e en un clic entre le Rebelcell Outdoorbox et le sondeur <strong>(consommation maximale de 10A)<\/strong>. Se connecte \u00e0 l&rsquo;Outdoorbox via la prise allume-cigare et \u00e0 votre sondeur via le connecteur ANEN PA-45 (1 connecteur ANEN PA-45 suppl\u00e9mentaire est inclus pour votre \u00e9quipement).<\/p>\n","protected":false},"featured_media":2865,"comment_status":"open","ping_status":"closed","template":"","meta":{"_acf_changed":false},"product_brand":[],"product_cat":[1905,4455],"product_tag":[1105,4078,4077],"class_list":{"0":"post-10220","1":"product","2":"type-product","3":"status-publish","4":"has-post-thumbnail","6":"product_cat-accessoires-fr","7":"product_cat-cables-connecteurs","8":"product_tag-7106623692813-fr","9":"product_tag-7106623693063-fr","10":"product_tag-7106623694886-fr","11":"product_shipping_class-normal-shipment","12":"pa_fishing-bateau-electrique","13":"pa_fishing-carpe","15":"first","16":"instock","17":"taxable","18":"shipping-taxable","19":"purchasable","20":"product-type-simple"},"bundled_by":[],"bundle_stock_status":"instock","bundle_stock_quantity":5,"bundle_virtual":false,"bundle_layout":"","bundle_add_to_cart_form_location":"","bundle_editable_in_cart":false,"bundle_sold_individually_context":"","bundle_item_grouping":"","bundle_min_size":"","bundle_max_size":"","bundle_price":[],"bundled_items":[],"bundle_sell_ids":[],"acf":[],"yoast_head":"<!-- This site is optimized with the Yoast SEO plugin v27.1.1 - https:\/\/yoast.com\/product\/yoast-seo-wordpress\/ -->\n<title>Sondeur Quick Connect Outdoorbox | Rebelcell | \u00c9nergie portable pour l&#039;ext\u00e9rieur<\/title>\n<meta name=\"description\" content=\"C\u00e2ble pour une connexion rapide et fiable du sondeur \u00e0 l&#039;Outdoorbox. Rebelcell. \u00c9nergie portable pour la p\u00eache \u00e0 la ligne, en plein air et en mer.\" \/>\n<meta name=\"robots\" content=\"noindex, follow, max-snippet:-1, max-image-preview:large, max-video-preview:-1\" \/>\n<meta property=\"og:locale\" content=\"fr_FR\" \/>\n<meta property=\"og:type\" content=\"article\" \/>\n<meta property=\"og:title\" content=\"Sondeur Quick Connect Outdoorbox | Rebelcell | \u00c9nergie portable pour l&#039;ext\u00e9rieur\" \/>\n<meta property=\"og:description\" content=\"C\u00e2ble pour une connexion rapide et fiable du sondeur \u00e0 l&#039;Outdoorbox. Rebelcell. \u00c9nergie portable pour la p\u00eache \u00e0 la ligne, en plein air et en mer.\" \/>\n<meta property=\"og:url\" content=\"https:\/\/test.rebel-cell.com\/fr\/product\/sondeur-quick-connect-outdoorbox\/\" \/>\n<meta property=\"og:site_name\" content=\"Rebelcell\" \/>\n<meta property=\"article:publisher\" content=\"https:\/\/www.facebook.com\/rebelcelleu\" \/>\n<meta property=\"article:modified_time\" content=\"2023-12-08T10:09:07+00:00\" \/>\n<meta property=\"og:image\" content=\"https:\/\/test.rebel-cell.com\/wp-content\/uploads\/2019\/06\/QC_FF_Outdoorbox.jpg\" \/>\n\t<meta property=\"og:image:width\" content=\"1300\" \/>\n\t<meta property=\"og:image:height\" content=\"1300\" \/>\n\t<meta property=\"og:image:type\" content=\"image\/jpeg\" \/>\n<meta name=\"twitter:card\" content=\"summary_large_image\" \/>\n<meta name=\"twitter:site\" content=\"@rebelcellnl\" \/>\n<meta name=\"twitter:label1\" content=\"Prix\" \/>\n\t<meta name=\"twitter:data1\" content=\"&euro;37,50\" \/>\n\t<meta name=\"twitter:label2\" content=\"Disponibilit\u00e9\" \/>\n\t<meta name=\"twitter:data2\" content=\"En stock\" \/>\n<script type=\"application\/ld+json\" class=\"yoast-schema-graph\">{\"@context\":\"https:\/\/schema.org\",\"@graph\":[{\"@type\":[\"WebPage\",\"ItemPage\"],\"@id\":\"https:\/\/test.rebel-cell.com\/fr\/product\/sondeur-quick-connect-outdoorbox\/\",\"url\":\"https:\/\/test.rebel-cell.com\/fr\/product\/sondeur-quick-connect-outdoorbox\/\",\"name\":\"Sondeur Quick Connect Outdoorbox | Rebelcell | \u00c9nergie portable pour l'ext\u00e9rieur\",\"isPartOf\":{\"@id\":\"https:\/\/test.rebel-cell.com\/fr\/#website\"},\"primaryImageOfPage\":{\"@id\":\"https:\/\/test.rebel-cell.com\/fr\/product\/sondeur-quick-connect-outdoorbox\/#primaryimage\"},\"image\":{\"@id\":\"https:\/\/test.rebel-cell.com\/fr\/product\/sondeur-quick-connect-outdoorbox\/#primaryimage\"},\"thumbnailUrl\":\"https:\/\/test.rebel-cell.com\/wp-content\/uploads\/2019\/06\/QC_FF_Outdoorbox.jpg\",\"datePublished\":\"2021-01-01T14:31:59+00:00\",\"dateModified\":\"2023-12-08T10:09:07+00:00\",\"description\":\"C\u00e2ble pour une connexion rapide et fiable du sondeur \u00e0 l'Outdoorbox. Rebelcell. \u00c9nergie portable pour la p\u00eache \u00e0 la ligne, en plein air et en mer.\",\"breadcrumb\":{\"@id\":\"https:\/\/test.rebel-cell.com\/fr\/product\/sondeur-quick-connect-outdoorbox\/#breadcrumb\"},\"inLanguage\":\"fr-FR\",\"potentialAction\":[{\"@type\":\"ReadAction\",\"target\":[\"https:\/\/test.rebel-cell.com\/fr\/product\/sondeur-quick-connect-outdoorbox\/\"]}]},{\"@type\":\"ImageObject\",\"inLanguage\":\"fr-FR\",\"@id\":\"https:\/\/test.rebel-cell.com\/fr\/product\/sondeur-quick-connect-outdoorbox\/#primaryimage\",\"url\":\"https:\/\/test.rebel-cell.com\/wp-content\/uploads\/2019\/06\/QC_FF_Outdoorbox.jpg\",\"contentUrl\":\"https:\/\/test.rebel-cell.com\/wp-content\/uploads\/2019\/06\/QC_FF_Outdoorbox.jpg\",\"width\":1300,\"height\":1300,\"caption\":\"Quick Connect FF Outdoorbox\"},{\"@type\":\"BreadcrumbList\",\"@id\":\"https:\/\/test.rebel-cell.com\/fr\/product\/sondeur-quick-connect-outdoorbox\/#breadcrumb\",\"itemListElement\":[{\"@type\":\"ListItem\",\"position\":1,\"name\":\"Home\",\"item\":\"https:\/\/test.rebel-cell.com\/fr\/\"},{\"@type\":\"ListItem\",\"position\":2,\"name\":\"Shop\",\"item\":\"https:\/\/test.rebel-cell.com\/fr\/boutique\/\"},{\"@type\":\"ListItem\",\"position\":3,\"name\":\"Sondeur Quick Connect Outdoorbox\"}]},{\"@type\":\"WebSite\",\"@id\":\"https:\/\/test.rebel-cell.com\/fr\/#website\",\"url\":\"https:\/\/test.rebel-cell.com\/fr\/\",\"name\":\"Rebelcell\",\"description\":\"Rebelcell\",\"publisher\":{\"@id\":\"https:\/\/test.rebel-cell.com\/fr\/#organization\"},\"potentialAction\":[{\"@type\":\"SearchAction\",\"target\":{\"@type\":\"EntryPoint\",\"urlTemplate\":\"https:\/\/test.rebel-cell.com\/fr\/?s={search_term_string}\"},\"query-input\":{\"@type\":\"PropertyValueSpecification\",\"valueRequired\":true,\"valueName\":\"search_term_string\"}}],\"inLanguage\":\"fr-FR\"},{\"@type\":\"Organization\",\"@id\":\"https:\/\/test.rebel-cell.com\/fr\/#organization\",\"name\":\"Rebelcell\",\"url\":\"https:\/\/test.rebel-cell.com\/fr\/\",\"logo\":{\"@type\":\"ImageObject\",\"inLanguage\":\"fr-FR\",\"@id\":\"https:\/\/test.rebel-cell.com\/fr\/#\/schema\/logo\/image\/\",\"url\":\"https:\/\/test.rebel-cell.com\/wp-content\/uploads\/rebelcell-logo-300.png\",\"contentUrl\":\"https:\/\/test.rebel-cell.com\/wp-content\/uploads\/rebelcell-logo-300.png\",\"width\":300,\"height\":55,\"caption\":\"Rebelcell\"},\"image\":{\"@id\":\"https:\/\/test.rebel-cell.com\/fr\/#\/schema\/logo\/image\/\"},\"sameAs\":[\"https:\/\/www.facebook.com\/rebelcelleu\",\"https:\/\/x.com\/rebelcellnl\",\"https:\/\/www.instagram.com\/rebelcelleurope\/?hl=nl\",\"https:\/\/www.youtube.com\/channel\/UCpySQUq4xwwtqveV1f8oiFw\"]}]}<\/script>\n<meta property=\"product:price:amount\" content=\"37.50\" \/>\n<meta property=\"product:price:currency\" content=\"EUR\" \/>\n<meta property=\"og:availability\" content=\"instock\" \/>\n<meta property=\"product:availability\" content=\"instock\" \/>\n<meta property=\"product:retailer_item_id\" content=\"7106623689776\" \/>\n<meta property=\"product:condition\" content=\"new\" \/>\n<!-- \/ Yoast SEO plugin. -->","yoast_head_json":{"title":"Sondeur Quick Connect Outdoorbox | Rebelcell | \u00c9nergie portable pour l'ext\u00e9rieur","description":"C\u00e2ble pour une connexion rapide et fiable du sondeur \u00e0 l'Outdoorbox. Rebelcell. \u00c9nergie portable pour la p\u00eache \u00e0 la ligne, en plein air et en mer.","robots":{"index":"noindex","follow":"follow","max-snippet":"max-snippet:-1","max-image-preview":"max-image-preview:large","max-video-preview":"max-video-preview:-1"},"og_locale":"fr_FR","og_type":"article","og_title":"Sondeur Quick Connect Outdoorbox | Rebelcell | \u00c9nergie portable pour l'ext\u00e9rieur","og_description":"C\u00e2ble pour une connexion rapide et fiable du sondeur \u00e0 l'Outdoorbox. Rebelcell. \u00c9nergie portable pour la p\u00eache \u00e0 la ligne, en plein air et en mer.","og_url":"https:\/\/test.rebel-cell.com\/fr\/product\/sondeur-quick-connect-outdoorbox\/","og_site_name":"Rebelcell","article_publisher":"https:\/\/www.facebook.com\/rebelcelleu","article_modified_time":"2023-12-08T10:09:07+00:00","og_image":[{"width":1300,"height":1300,"url":"https:\/\/test.rebel-cell.com\/wp-content\/uploads\/2019\/06\/QC_FF_Outdoorbox.jpg","type":"image\/jpeg"}],"twitter_card":"summary_large_image","twitter_site":"@rebelcellnl","twitter_misc":{"Prix":"&euro;37,50","Disponibilit\u00e9":"En stock"},"schema":{"@context":"https:\/\/schema.org","@graph":[{"@type":["WebPage","ItemPage"],"@id":"https:\/\/test.rebel-cell.com\/fr\/product\/sondeur-quick-connect-outdoorbox\/","url":"https:\/\/test.rebel-cell.com\/fr\/product\/sondeur-quick-connect-outdoorbox\/","name":"Sondeur Quick Connect Outdoorbox | Rebelcell | \u00c9nergie portable pour l'ext\u00e9rieur","isPartOf":{"@id":"https:\/\/test.rebel-cell.com\/fr\/#website"},"primaryImageOfPage":{"@id":"https:\/\/test.rebel-cell.com\/fr\/product\/sondeur-quick-connect-outdoorbox\/#primaryimage"},"image":{"@id":"https:\/\/test.rebel-cell.com\/fr\/product\/sondeur-quick-connect-outdoorbox\/#primaryimage"},"thumbnailUrl":"https:\/\/test.rebel-cell.com\/wp-content\/uploads\/2019\/06\/QC_FF_Outdoorbox.jpg","datePublished":"2021-01-01T14:31:59+00:00","dateModified":"2023-12-08T10:09:07+00:00","description":"C\u00e2ble pour une connexion rapide et fiable du sondeur \u00e0 l'Outdoorbox. Rebelcell. \u00c9nergie portable pour la p\u00eache \u00e0 la ligne, en plein air et en mer.","breadcrumb":{"@id":"https:\/\/test.rebel-cell.com\/fr\/product\/sondeur-quick-connect-outdoorbox\/#breadcrumb"},"inLanguage":"fr-FR","potentialAction":[{"@type":"ReadAction","target":["https:\/\/test.rebel-cell.com\/fr\/product\/sondeur-quick-connect-outdoorbox\/"]}]},{"@type":"ImageObject","inLanguage":"fr-FR","@id":"https:\/\/test.rebel-cell.com\/fr\/product\/sondeur-quick-connect-outdoorbox\/#primaryimage","url":"https:\/\/test.rebel-cell.com\/wp-content\/uploads\/2019\/06\/QC_FF_Outdoorbox.jpg","contentUrl":"https:\/\/test.rebel-cell.com\/wp-content\/uploads\/2019\/06\/QC_FF_Outdoorbox.jpg","width":1300,"height":1300,"caption":"Quick Connect FF Outdoorbox"},{"@type":"BreadcrumbList","@id":"https:\/\/test.rebel-cell.com\/fr\/product\/sondeur-quick-connect-outdoorbox\/#breadcrumb","itemListElement":[{"@type":"ListItem","position":1,"name":"Home","item":"https:\/\/test.rebel-cell.com\/fr\/"},{"@type":"ListItem","position":2,"name":"Shop","item":"https:\/\/test.rebel-cell.com\/fr\/boutique\/"},{"@type":"ListItem","position":3,"name":"Sondeur Quick Connect Outdoorbox"}]},{"@type":"WebSite","@id":"https:\/\/test.rebel-cell.com\/fr\/#website","url":"https:\/\/test.rebel-cell.com\/fr\/","name":"Rebelcell","description":"Rebelcell","publisher":{"@id":"https:\/\/test.rebel-cell.com\/fr\/#organization"},"potentialAction":[{"@type":"SearchAction","target":{"@type":"EntryPoint","urlTemplate":"https:\/\/test.rebel-cell.com\/fr\/?s={search_term_string}"},"query-input":{"@type":"PropertyValueSpecification","valueRequired":true,"valueName":"search_term_string"}}],"inLanguage":"fr-FR"},{"@type":"Organization","@id":"https:\/\/test.rebel-cell.com\/fr\/#organization","name":"Rebelcell","url":"https:\/\/test.rebel-cell.com\/fr\/","logo":{"@type":"ImageObject","inLanguage":"fr-FR","@id":"https:\/\/test.rebel-cell.com\/fr\/#\/schema\/logo\/image\/","url":"https:\/\/test.rebel-cell.com\/wp-content\/uploads\/rebelcell-logo-300.png","contentUrl":"https:\/\/test.rebel-cell.com\/wp-content\/uploads\/rebelcell-logo-300.png","width":300,"height":55,"caption":"Rebelcell"},"image":{"@id":"https:\/\/test.rebel-cell.com\/fr\/#\/schema\/logo\/image\/"},"sameAs":["https:\/\/www.facebook.com\/rebelcelleu","https:\/\/x.com\/rebelcellnl","https:\/\/www.instagram.com\/rebelcelleurope\/?hl=nl","https:\/\/www.youtube.com\/channel\/UCpySQUq4xwwtqveV1f8oiFw"]}]},"product_price_amount":"37.50","product_price_currency":"EUR","og_availability":"instock","product_availability":"instock","product_retailer_item_id":"7106623689776","product_condition":"new"},"_links":{"self":[{"href":"https:\/\/test.rebel-cell.com\/fr\/wp-json\/wp\/v2\/product\/10220","targetHints":{"allow":["GET"]}}],"collection":[{"href":"https:\/\/test.rebel-cell.com\/fr\/wp-json\/wp\/v2\/product"}],"about":[{"href":"https:\/\/test.rebel-cell.com\/fr\/wp-json\/wp\/v2\/types\/product"}],"replies":[{"embeddable":true,"href":"https:\/\/test.rebel-cell.com\/fr\/wp-json\/wp\/v2\/comments?post=10220"}],"wp:featuredmedia":[{"embeddable":true,"href":"https:\/\/test.rebel-cell.com\/fr\/wp-json\/wp\/v2\/media\/2865"}],"wp:attachment":[{"href":"https:\/\/test.rebel-cell.com\/fr\/wp-json\/wp\/v2\/media?parent=10220"}],"wp:term":[{"taxonomy":"product_brand","embeddable":true,"href":"https:\/\/test.rebel-cell.com\/fr\/wp-json\/wp\/v2\/product_brand?post=10220"},{"taxonomy":"product_cat","embeddable":true,"href":"https:\/\/test.rebel-cell.com\/fr\/wp-json\/wp\/v2\/product_cat?post=10220"},{"taxonomy":"product_tag","embeddable":true,"href":"https:\/\/test.rebel-cell.com\/fr\/wp-json\/wp\/v2\/product_tag?post=10220"}],"curies":[{"name":"wp","href":"https:\/\/api.w.org\/{rel}","templated":true}]}}