{"id":11818,"date":"2022-01-18T17:30:40","date_gmt":"2022-01-18T16:30:40","guid":{"rendered":"https:\/\/test.rebel-cell.com\/?post_type=product&#038;p=11818"},"modified":"2026-01-01T01:21:35","modified_gmt":"2026-01-01T00:21:35","slug":"12v80-pro-batterie","status":"publish","type":"product","link":"https:\/\/test.rebel-cell.com\/fr\/product\/12v80-pro-batterie\/","title":{"rendered":"Batterie LiFePRO4 12V80 PRO"},"content":{"rendered":"<h2>Description du produit Rebelcell Batterie LiFePO4 12V80 Pro<\/h2>\n<p>La <strong>12V80 PRO<\/strong> est une puissante <strong>batterie LiFePO4<\/strong> avec <strong>bluetooth<\/strong> sp\u00e9cialement con\u00e7ue comme une batterie \u00ab\u00a0<strong>tout en un<\/strong>\u00a0\u00bb : \u00e0 la fois pour le d\u00e9marrage d&rsquo;un moteur hors-bord et \/ ou pour l&rsquo;alimentation de (plusieurs) sondeurs et \/ ou d&rsquo;un moteur de tra\u00eene. La 12V80 PRO peut remplacer une batterie de d\u00e9marrage ou de service et peut \u00eatre <strong>recharg\u00e9e par le moteur hors-bord<\/strong>. Cette centrale polyvalente est bien adapt\u00e9e au d\u00e9ploiement par temps froid : la fonction <strong>Frost Control<\/strong> vous permet de charger m\u00eame \u00e0 des temp\u00e9ratures inf\u00e9rieures \u00e0 z\u00e9ro. Et gr\u00e2ce \u00e0 <strong>l&rsquo;application pratique Rebelcell<\/strong>, vous pouvez surveiller l&rsquo;\u00e9tat de charge, la temp\u00e9rature et la sant\u00e9 de la batterie, entre autres, pour une journ\u00e9e sur l&rsquo;eau sans souci. Cette batterie fonctionne sur <strong>12V<\/strong>, a une puissance de <strong>80Ah (1,02kWh)<\/strong>, ne p\u00e8se que <strong>10Kg<\/strong> et dispose d&rsquo;un <strong>indicateur d&rsquo;\u00e9tat de charge int\u00e9gr\u00e9 \u00e0 l&rsquo;application<\/strong> et d&rsquo;une<strong> garantie de 5 ans.<\/strong><\/p>\n<p>La batterie \u00ab\u00a0tout en un\u00a0\u00bb peut \u00eatre utilis\u00e9e pour<\/p>\n<ul>\n<li><strong>D\u00e9marrer votre moteur hors-bord<\/strong><\/li>\n<li><strong>Navigation \u00e9lectrique :<\/strong> alimentation et entra\u00eenement de moteurs \u00e9lectriques 12V<\/li>\n<li><strong>Loisirs :<\/strong> comme batterie de service pour les voiliers, les bateaux \u00e0 moteur, les caravanes et les camping-cars<\/li>\n<li><strong>P\u00eache \u00e0 la ligne :<\/strong> comme alimentation \u00e9lectrique pour l&rsquo;utilisation sur plusieurs jours de (plusieurs) grands \u00e9chosondeurs<\/li>\n<\/ul>\n<p>Cette batterie peut \u00eatre utilis\u00e9e sans probl\u00e8me avec n&rsquo;importe quel moteur de p\u00eache \u00e0 la tra\u00eene ou moteur hors-bord \u00e9lectrique (12V).<\/p>\n<p>La batterie <strong>ne n\u00e9cessite aucun entretien<\/strong> et peut effectuer jusqu&rsquo;\u00e0 <strong>5 000 cycles de charge.<\/strong> Cela signifie 5000 charges et d\u00e9charges. Elle est nettement plus l\u00e9g\u00e8re qu&rsquo;une batterie au plomb comparable et pr\u00e9sente une perte annuelle beaucoup plus faible. Gr\u00e2ce au <strong>syst\u00e8me de gestion<\/strong> de la batterie int\u00e9gr\u00e9, vous n&rsquo;aurez jamais \u00e0 craindre de d\u00e9charger la batterie trop profond\u00e9ment et de l&rsquo;endommager.<\/p>\n<p>Code produit: 12080RELIBTA<\/p>\n<p>Barcode: 7106623692301<\/p>\n<p>EAN: 8720964630519<\/p>\n","protected":false},"excerpt":{"rendered":"<p>La batterie \u00ab\u00a0<strong>tout en un<\/strong>\u00a0\u00bb ! La <strong>12V80 PRO<\/strong> peut \u00eatre utilis\u00e9e \u00e0 la fois pour d\u00e9marrer un moteur hors-bord et \/ ou comme alimentation pour (plusieurs) sondeurs et \/ ou moteur de p\u00eache \u00e0 la tra\u00eene. En outre, le 12V80 PRO est \u00e9quip\u00e9 du <strong>bluetooth<\/strong>, qui peut \u00eatre utilis\u00e9 pour connecter <strong>l&rsquo;application Rebelcell<\/strong>, du <strong>Frost Control<\/strong> pour charger \u00e0 des temp\u00e9ratures inf\u00e9rieures \u00e0 z\u00e9ro et d&rsquo;une <strong>garantie de 5 ans.<br \/>\n<\/strong><a href=\"#proddesc\">Lire la suite &gt;<\/a><strong><br \/>\n<\/strong><\/p>\n","protected":false},"featured_media":11919,"comment_status":"open","ping_status":"closed","template":"","meta":{"_acf_changed":false},"product_brand":[],"product_cat":[1901,4439],"product_tag":[4181],"class_list":{"0":"post-11818","1":"product","2":"type-product","3":"status-publish","4":"has-post-thumbnail","6":"product_cat-batteries","7":"product_cat-batteries-lithium-12v-24v-36v","8":"product_tag-7106623695746-fr","9":"product_shipping_class-normal-shipment","10":"pa_fishing-autres-applications","11":"pa_fishing-bateau-electrique","12":"pa_fishing-carpe","14":"first","15":"instock","16":"taxable","17":"shipping-taxable","18":"purchasable","19":"product-type-simple"},"bundled_by":["30704"],"bundle_stock_status":"instock","bundle_stock_quantity":19,"bundle_virtual":false,"bundle_layout":"","bundle_add_to_cart_form_location":"","bundle_editable_in_cart":false,"bundle_sold_individually_context":"","bundle_item_grouping":"","bundle_min_size":"","bundle_max_size":"","bundle_price":[],"bundled_items":[],"bundle_sell_ids":[],"acf":[],"yoast_head":"<!-- This site is optimized with the Yoast SEO plugin v27.1.1 - https:\/\/yoast.com\/product\/yoast-seo-wordpress\/ -->\n<title>Batterie LiFePO4 12V80 PRO | Rebelcell | Energie portable pour l&#039;ext\u00e9rieur<\/title>\n<meta name=\"description\" content=\"Batterie au lithium 12V80 PRO. Tout en un pour le d\u00e9marrage des hors-bords, des sondeurs, des moteurs de tra\u00eene. Rebelcell, l&#039;\u00e9nergie portable pour la p\u00eache \u00e0 la ligne, le e-boating, le plein air et les loisirs.\" \/>\n<meta name=\"robots\" content=\"noindex, follow, max-snippet:-1, max-image-preview:large, max-video-preview:-1\" \/>\n<meta property=\"og:locale\" content=\"fr_FR\" \/>\n<meta property=\"og:type\" content=\"article\" \/>\n<meta property=\"og:title\" content=\"Batterie LiFePO4 12V80 PRO | Rebelcell | Energie portable pour l&#039;ext\u00e9rieur\" \/>\n<meta property=\"og:description\" content=\"Batterie au lithium 12V80 PRO. Tout en un pour le d\u00e9marrage des hors-bords, des sondeurs, des moteurs de tra\u00eene. Rebelcell, l&#039;\u00e9nergie portable pour la p\u00eache \u00e0 la ligne, le e-boating, le plein air et les loisirs.\" \/>\n<meta property=\"og:url\" content=\"https:\/\/test.rebel-cell.com\/fr\/product\/12v80-pro-batterie\/\" \/>\n<meta property=\"og:site_name\" content=\"Rebelcell\" \/>\n<meta property=\"article:publisher\" content=\"https:\/\/www.facebook.com\/rebelcelleu\" \/>\n<meta property=\"article:modified_time\" content=\"2026-01-01T00:21:35+00:00\" \/>\n<meta property=\"og:image\" content=\"https:\/\/test.rebel-cell.com\/wp-content\/uploads\/12V80_PRO_top_si.jpg\" \/>\n\t<meta property=\"og:image:width\" content=\"1200\" \/>\n\t<meta property=\"og:image:height\" content=\"1200\" \/>\n\t<meta property=\"og:image:type\" content=\"image\/jpeg\" \/>\n<meta name=\"twitter:card\" content=\"summary_large_image\" \/>\n<meta name=\"twitter:site\" content=\"@rebelcellnl\" \/>\n<meta name=\"twitter:label1\" content=\"Prix\" \/>\n\t<meta name=\"twitter:data1\" content=\"&euro;1.199,00\" \/>\n\t<meta name=\"twitter:label2\" content=\"Disponibilit\u00e9\" \/>\n\t<meta name=\"twitter:data2\" content=\"En stock\" \/>\n<script type=\"application\/ld+json\" class=\"yoast-schema-graph\">{\"@context\":\"https:\/\/schema.org\",\"@graph\":[{\"@type\":[\"WebPage\",\"ItemPage\"],\"@id\":\"https:\/\/test.rebel-cell.com\/fr\/product\/12v80-pro-batterie\/\",\"url\":\"https:\/\/test.rebel-cell.com\/fr\/product\/12v80-pro-batterie\/\",\"name\":\"Batterie LiFePO4 12V80 PRO | Rebelcell | Energie portable pour l'ext\u00e9rieur\",\"isPartOf\":{\"@id\":\"https:\/\/test.rebel-cell.com\/fr\/#website\"},\"primaryImageOfPage\":{\"@id\":\"https:\/\/test.rebel-cell.com\/fr\/product\/12v80-pro-batterie\/#primaryimage\"},\"image\":{\"@id\":\"https:\/\/test.rebel-cell.com\/fr\/product\/12v80-pro-batterie\/#primaryimage\"},\"thumbnailUrl\":\"https:\/\/test.rebel-cell.com\/wp-content\/uploads\/12V80_PRO_top_si.jpg\",\"datePublished\":\"2022-01-18T16:30:40+00:00\",\"dateModified\":\"2026-01-01T00:21:35+00:00\",\"description\":\"Batterie au lithium 12V80 PRO. Tout en un pour le d\u00e9marrage des hors-bords, des sondeurs, des moteurs de tra\u00eene. Rebelcell, l'\u00e9nergie portable pour la p\u00eache \u00e0 la ligne, le e-boating, le plein air et les loisirs.\",\"breadcrumb\":{\"@id\":\"https:\/\/test.rebel-cell.com\/fr\/product\/12v80-pro-batterie\/#breadcrumb\"},\"inLanguage\":\"fr-FR\",\"potentialAction\":[{\"@type\":\"ReadAction\",\"target\":[\"https:\/\/test.rebel-cell.com\/fr\/product\/12v80-pro-batterie\/\"]}]},{\"@type\":\"ImageObject\",\"inLanguage\":\"fr-FR\",\"@id\":\"https:\/\/test.rebel-cell.com\/fr\/product\/12v80-pro-batterie\/#primaryimage\",\"url\":\"https:\/\/test.rebel-cell.com\/wp-content\/uploads\/12V80_PRO_top_si.jpg\",\"contentUrl\":\"https:\/\/test.rebel-cell.com\/wp-content\/uploads\/12V80_PRO_top_si.jpg\",\"width\":1200,\"height\":1200},{\"@type\":\"BreadcrumbList\",\"@id\":\"https:\/\/test.rebel-cell.com\/fr\/product\/12v80-pro-batterie\/#breadcrumb\",\"itemListElement\":[{\"@type\":\"ListItem\",\"position\":1,\"name\":\"Home\",\"item\":\"https:\/\/test.rebel-cell.com\/fr\/\"},{\"@type\":\"ListItem\",\"position\":2,\"name\":\"Shop\",\"item\":\"https:\/\/test.rebel-cell.com\/fr\/boutique\/\"},{\"@type\":\"ListItem\",\"position\":3,\"name\":\"Batterie LiFePRO4 12V80 PRO\"}]},{\"@type\":\"WebSite\",\"@id\":\"https:\/\/test.rebel-cell.com\/fr\/#website\",\"url\":\"https:\/\/test.rebel-cell.com\/fr\/\",\"name\":\"Rebelcell\",\"description\":\"Rebelcell\",\"publisher\":{\"@id\":\"https:\/\/test.rebel-cell.com\/fr\/#organization\"},\"potentialAction\":[{\"@type\":\"SearchAction\",\"target\":{\"@type\":\"EntryPoint\",\"urlTemplate\":\"https:\/\/test.rebel-cell.com\/fr\/?s={search_term_string}\"},\"query-input\":{\"@type\":\"PropertyValueSpecification\",\"valueRequired\":true,\"valueName\":\"search_term_string\"}}],\"inLanguage\":\"fr-FR\"},{\"@type\":\"Organization\",\"@id\":\"https:\/\/test.rebel-cell.com\/fr\/#organization\",\"name\":\"Rebelcell\",\"url\":\"https:\/\/test.rebel-cell.com\/fr\/\",\"logo\":{\"@type\":\"ImageObject\",\"inLanguage\":\"fr-FR\",\"@id\":\"https:\/\/test.rebel-cell.com\/fr\/#\/schema\/logo\/image\/\",\"url\":\"https:\/\/test.rebel-cell.com\/wp-content\/uploads\/rebelcell-logo-300.png\",\"contentUrl\":\"https:\/\/test.rebel-cell.com\/wp-content\/uploads\/rebelcell-logo-300.png\",\"width\":300,\"height\":55,\"caption\":\"Rebelcell\"},\"image\":{\"@id\":\"https:\/\/test.rebel-cell.com\/fr\/#\/schema\/logo\/image\/\"},\"sameAs\":[\"https:\/\/www.facebook.com\/rebelcelleu\",\"https:\/\/x.com\/rebelcellnl\",\"https:\/\/www.instagram.com\/rebelcelleurope\/?hl=nl\",\"https:\/\/www.youtube.com\/channel\/UCpySQUq4xwwtqveV1f8oiFw\"]}]}<\/script>\n<meta property=\"product:price:amount\" content=\"1199.00\" \/>\n<meta property=\"product:price:currency\" content=\"EUR\" \/>\n<meta property=\"og:availability\" content=\"instock\" \/>\n<meta property=\"product:availability\" content=\"instock\" \/>\n<meta property=\"product:retailer_item_id\" content=\"7106623692301\" \/>\n<meta property=\"product:condition\" content=\"new\" \/>\n<!-- \/ Yoast SEO plugin. -->","yoast_head_json":{"title":"Batterie LiFePO4 12V80 PRO | Rebelcell | Energie portable pour l'ext\u00e9rieur","description":"Batterie au lithium 12V80 PRO. Tout en un pour le d\u00e9marrage des hors-bords, des sondeurs, des moteurs de tra\u00eene. Rebelcell, l'\u00e9nergie portable pour la p\u00eache \u00e0 la ligne, le e-boating, le plein air et les loisirs.","robots":{"index":"noindex","follow":"follow","max-snippet":"max-snippet:-1","max-image-preview":"max-image-preview:large","max-video-preview":"max-video-preview:-1"},"og_locale":"fr_FR","og_type":"article","og_title":"Batterie LiFePO4 12V80 PRO | Rebelcell | Energie portable pour l'ext\u00e9rieur","og_description":"Batterie au lithium 12V80 PRO. Tout en un pour le d\u00e9marrage des hors-bords, des sondeurs, des moteurs de tra\u00eene. Rebelcell, l'\u00e9nergie portable pour la p\u00eache \u00e0 la ligne, le e-boating, le plein air et les loisirs.","og_url":"https:\/\/test.rebel-cell.com\/fr\/product\/12v80-pro-batterie\/","og_site_name":"Rebelcell","article_publisher":"https:\/\/www.facebook.com\/rebelcelleu","article_modified_time":"2026-01-01T00:21:35+00:00","og_image":[{"width":1200,"height":1200,"url":"https:\/\/test.rebel-cell.com\/wp-content\/uploads\/12V80_PRO_top_si.jpg","type":"image\/jpeg"}],"twitter_card":"summary_large_image","twitter_site":"@rebelcellnl","twitter_misc":{"Prix":"&euro;1.199,00","Disponibilit\u00e9":"En stock"},"schema":{"@context":"https:\/\/schema.org","@graph":[{"@type":["WebPage","ItemPage"],"@id":"https:\/\/test.rebel-cell.com\/fr\/product\/12v80-pro-batterie\/","url":"https:\/\/test.rebel-cell.com\/fr\/product\/12v80-pro-batterie\/","name":"Batterie LiFePO4 12V80 PRO | Rebelcell | Energie portable pour l'ext\u00e9rieur","isPartOf":{"@id":"https:\/\/test.rebel-cell.com\/fr\/#website"},"primaryImageOfPage":{"@id":"https:\/\/test.rebel-cell.com\/fr\/product\/12v80-pro-batterie\/#primaryimage"},"image":{"@id":"https:\/\/test.rebel-cell.com\/fr\/product\/12v80-pro-batterie\/#primaryimage"},"thumbnailUrl":"https:\/\/test.rebel-cell.com\/wp-content\/uploads\/12V80_PRO_top_si.jpg","datePublished":"2022-01-18T16:30:40+00:00","dateModified":"2026-01-01T00:21:35+00:00","description":"Batterie au lithium 12V80 PRO. Tout en un pour le d\u00e9marrage des hors-bords, des sondeurs, des moteurs de tra\u00eene. Rebelcell, l'\u00e9nergie portable pour la p\u00eache \u00e0 la ligne, le e-boating, le plein air et les loisirs.","breadcrumb":{"@id":"https:\/\/test.rebel-cell.com\/fr\/product\/12v80-pro-batterie\/#breadcrumb"},"inLanguage":"fr-FR","potentialAction":[{"@type":"ReadAction","target":["https:\/\/test.rebel-cell.com\/fr\/product\/12v80-pro-batterie\/"]}]},{"@type":"ImageObject","inLanguage":"fr-FR","@id":"https:\/\/test.rebel-cell.com\/fr\/product\/12v80-pro-batterie\/#primaryimage","url":"https:\/\/test.rebel-cell.com\/wp-content\/uploads\/12V80_PRO_top_si.jpg","contentUrl":"https:\/\/test.rebel-cell.com\/wp-content\/uploads\/12V80_PRO_top_si.jpg","width":1200,"height":1200},{"@type":"BreadcrumbList","@id":"https:\/\/test.rebel-cell.com\/fr\/product\/12v80-pro-batterie\/#breadcrumb","itemListElement":[{"@type":"ListItem","position":1,"name":"Home","item":"https:\/\/test.rebel-cell.com\/fr\/"},{"@type":"ListItem","position":2,"name":"Shop","item":"https:\/\/test.rebel-cell.com\/fr\/boutique\/"},{"@type":"ListItem","position":3,"name":"Batterie LiFePRO4 12V80 PRO"}]},{"@type":"WebSite","@id":"https:\/\/test.rebel-cell.com\/fr\/#website","url":"https:\/\/test.rebel-cell.com\/fr\/","name":"Rebelcell","description":"Rebelcell","publisher":{"@id":"https:\/\/test.rebel-cell.com\/fr\/#organization"},"potentialAction":[{"@type":"SearchAction","target":{"@type":"EntryPoint","urlTemplate":"https:\/\/test.rebel-cell.com\/fr\/?s={search_term_string}"},"query-input":{"@type":"PropertyValueSpecification","valueRequired":true,"valueName":"search_term_string"}}],"inLanguage":"fr-FR"},{"@type":"Organization","@id":"https:\/\/test.rebel-cell.com\/fr\/#organization","name":"Rebelcell","url":"https:\/\/test.rebel-cell.com\/fr\/","logo":{"@type":"ImageObject","inLanguage":"fr-FR","@id":"https:\/\/test.rebel-cell.com\/fr\/#\/schema\/logo\/image\/","url":"https:\/\/test.rebel-cell.com\/wp-content\/uploads\/rebelcell-logo-300.png","contentUrl":"https:\/\/test.rebel-cell.com\/wp-content\/uploads\/rebelcell-logo-300.png","width":300,"height":55,"caption":"Rebelcell"},"image":{"@id":"https:\/\/test.rebel-cell.com\/fr\/#\/schema\/logo\/image\/"},"sameAs":["https:\/\/www.facebook.com\/rebelcelleu","https:\/\/x.com\/rebelcellnl","https:\/\/www.instagram.com\/rebelcelleurope\/?hl=nl","https:\/\/www.youtube.com\/channel\/UCpySQUq4xwwtqveV1f8oiFw"]}]},"product_price_amount":"1199.00","product_price_currency":"EUR","og_availability":"instock","product_availability":"instock","product_retailer_item_id":"7106623692301","product_condition":"new"},"_links":{"self":[{"href":"https:\/\/test.rebel-cell.com\/fr\/wp-json\/wp\/v2\/product\/11818","targetHints":{"allow":["GET"]}}],"collection":[{"href":"https:\/\/test.rebel-cell.com\/fr\/wp-json\/wp\/v2\/product"}],"about":[{"href":"https:\/\/test.rebel-cell.com\/fr\/wp-json\/wp\/v2\/types\/product"}],"replies":[{"embeddable":true,"href":"https:\/\/test.rebel-cell.com\/fr\/wp-json\/wp\/v2\/comments?post=11818"}],"wp:featuredmedia":[{"embeddable":true,"href":"https:\/\/test.rebel-cell.com\/fr\/wp-json\/wp\/v2\/media\/11919"}],"wp:attachment":[{"href":"https:\/\/test.rebel-cell.com\/fr\/wp-json\/wp\/v2\/media?parent=11818"}],"wp:term":[{"taxonomy":"product_brand","embeddable":true,"href":"https:\/\/test.rebel-cell.com\/fr\/wp-json\/wp\/v2\/product_brand?post=11818"},{"taxonomy":"product_cat","embeddable":true,"href":"https:\/\/test.rebel-cell.com\/fr\/wp-json\/wp\/v2\/product_cat?post=11818"},{"taxonomy":"product_tag","embeddable":true,"href":"https:\/\/test.rebel-cell.com\/fr\/wp-json\/wp\/v2\/product_tag?post=11818"}],"curies":[{"name":"wp","href":"https:\/\/api.w.org\/{rel}","templated":true}]}}