{"id":19237,"date":"2023-05-22T15:20:50","date_gmt":"2023-05-22T13:20:50","guid":{"rendered":"https:\/\/test.rebel-cell.com\/?post_type=product&#038;p=19237"},"modified":"2025-05-04T14:26:21","modified_gmt":"2025-05-04T12:26:21","slug":"chargeur-21v10a-pour-thrustme","status":"publish","type":"product","link":"https:\/\/test.rebel-cell.com\/fr\/product\/chargeur-21v10a-pour-thrustme\/","title":{"rendered":"Chargeur 21V10A Lithium pour Outdoorbox ThrustMe"},"content":{"rendered":"<h2>DESCRIPTION DU PRODUIT CHARGEUR DE BATTERIE REBELCELL 21V10A LITHIUM POUR OUTDOORBOX THRUSTME<\/h2>\n<p>Le <strong>chargeur 21V10A Lithium pour Outdoorbox<\/strong>\u00a0a \u00e9t\u00e9 <strong>sp\u00e9cialement con\u00e7u<\/strong> pour charger le Outdoorbox ThrustMe. Le <strong>programme de charge<\/strong> sp\u00e9cialement con\u00e7u garantit que votre batterie est charg\u00e9e <strong>rapidement, en toute s\u00e9curit\u00e9 et automatiquement<\/strong> avec le profil de charge correct (tension \/ courant de charge). Par exemple, une Outdoorbox ThrustMe peut <strong>\u00eatre charg\u00e9e en 5 heures.<\/strong><\/p>\n<p>Vous pouvez facilement contr\u00f4ler l&rsquo;\u00e9tat du processus de charge gr\u00e2ce \u00e0 <strong>l&rsquo;indicateur LED<\/strong> situ\u00e9 sur le chargeur. Le chargeur est \u00e9quip\u00e9 d&rsquo;un <strong>certain nombre de fonctions de protection<\/strong> telles que la protection contre les courts-circuits, l&rsquo;inversion de polarit\u00e9 et la surtension.<\/p>\n<p>Ce chargeur est <strong>uniquement con\u00e7u<\/strong> pour charger une <strong>Outdoorbox Rebelcell ThrustMe<\/strong>. Si vous chargez d&rsquo;autres batteries que celles sp\u00e9cifi\u00e9es, des dommages (irr\u00e9parables) peuvent survenir. Le chargeur est con\u00e7u pour une utilisation \u00e0 l&rsquo;int\u00e9rieur uniquement et n&rsquo;est pas \u00e9tanche. Si vous avez besoin d&rsquo;un chargeur pour une fixation permanente dans votre bateau, consultez nos chargeurs \u00e9tanches ici.<\/p>\n<p><strong>Temps de charge<br \/>\nOutdoorbox ThrustMe:<\/strong> 4-5 h.<\/p>\n<p>Product code: LC21V10RETM<\/p>\n<p>Barcode: 7106623697122<\/p>\n<p>EAN: 8720964630861<\/p>\n","protected":false},"excerpt":{"rendered":"<p>Le <strong>chargeur 21V10A Lithium pour Outdoorbox<\/strong>\u00a0a \u00e9t\u00e9 <strong>sp\u00e9cialement con\u00e7u<\/strong> pour charger les batteries au Outdoorbox ThrustMe. Le <strong>programme de charge<\/strong> sp\u00e9cialement con\u00e7u garantit que votre batterie est charg\u00e9e <strong>rapidement, en toute s\u00e9curit\u00e9 et automatiquement<\/strong> avec le profil de charge correct (tension \/ courant de charge). Par exemple, une Outdoorbox ThrustMe peut <strong>\u00eatre charg\u00e9e en 5 heures.<\/strong><br \/>\n<a href=\"#proddesc\">Lire la suite &gt;<\/a><\/p>\n","protected":false},"featured_media":19112,"comment_status":"open","ping_status":"closed","template":"","meta":{"_acf_changed":false},"product_brand":[],"product_cat":[1903,4445,4124],"product_tag":[],"class_list":{"0":"post-19237","1":"product","2":"type-product","3":"status-publish","4":"has-post-thumbnail","6":"product_cat-chargeurs","7":"product_cat-chargeurs-ac","8":"product_cat-offres","9":"product_shipping_class-normal-shipment","11":"first","12":"instock","13":"sale","14":"taxable","15":"shipping-taxable","16":"purchasable","17":"product-type-simple"},"bundled_by":[],"bundle_stock_status":"instock","bundle_stock_quantity":48,"bundle_virtual":false,"bundle_layout":"","bundle_add_to_cart_form_location":"","bundle_editable_in_cart":false,"bundle_sold_individually_context":"","bundle_item_grouping":"","bundle_min_size":"","bundle_max_size":"","bundle_price":[],"bundled_items":[],"bundle_sell_ids":[],"acf":[],"yoast_head":"<!-- This site is optimized with the Yoast SEO plugin v27.1.1 - https:\/\/yoast.com\/product\/yoast-seo-wordpress\/ -->\n<title>Chargeur 21V10A li-ion | Rebelcell | Energie portable pour l&#039;ext\u00e9rieur<\/title>\n<meta name=\"description\" content=\"Chargeur li-ion puissant de 21V10A. Pour charger rapidement et en toute s\u00e9curit\u00e9 la Rebelcell Outdoorbox ThrustMe. Rebelcell. L&#039;\u00e9nergie portable pour la p\u00eache \u00e0 la ligne, le plein air et la marine.\" \/>\n<meta name=\"robots\" content=\"noindex, follow, max-snippet:-1, max-image-preview:large, max-video-preview:-1\" \/>\n<meta property=\"og:locale\" content=\"fr_FR\" \/>\n<meta property=\"og:type\" content=\"article\" \/>\n<meta property=\"og:title\" content=\"Chargeur 21V10A li-ion | Rebelcell | Energie portable pour l&#039;ext\u00e9rieur\" \/>\n<meta property=\"og:description\" content=\"Chargeur li-ion puissant de 21V10A. Pour charger rapidement et en toute s\u00e9curit\u00e9 la Rebelcell Outdoorbox ThrustMe. Rebelcell. L&#039;\u00e9nergie portable pour la p\u00eache \u00e0 la ligne, le plein air et la marine.\" \/>\n<meta property=\"og:url\" content=\"https:\/\/test.rebel-cell.com\/fr\/product\/chargeur-21v10a-pour-thrustme\/\" \/>\n<meta property=\"og:site_name\" content=\"Rebelcell\" \/>\n<meta property=\"article:publisher\" content=\"https:\/\/www.facebook.com\/rebelcelleu\" \/>\n<meta property=\"article:modified_time\" content=\"2025-05-04T12:26:21+00:00\" \/>\n<meta property=\"og:image\" content=\"https:\/\/test.rebel-cell.com\/wp-content\/uploads\/Charger_21V10A_overview.jpg\" \/>\n\t<meta property=\"og:image:width\" content=\"1500\" \/>\n\t<meta property=\"og:image:height\" content=\"1500\" \/>\n\t<meta property=\"og:image:type\" content=\"image\/jpeg\" \/>\n<meta name=\"twitter:card\" content=\"summary_large_image\" \/>\n<meta name=\"twitter:site\" content=\"@rebelcellnl\" \/>\n<meta name=\"twitter:label1\" content=\"Prix\" \/>\n\t<meta name=\"twitter:data1\" content=\"&euro;99,00\" \/>\n\t<meta name=\"twitter:label2\" content=\"Disponibilit\u00e9\" \/>\n\t<meta name=\"twitter:data2\" content=\"En stock\" \/>\n<script type=\"application\/ld+json\" class=\"yoast-schema-graph\">{\"@context\":\"https:\/\/schema.org\",\"@graph\":[{\"@type\":[\"WebPage\",\"ItemPage\"],\"@id\":\"https:\/\/test.rebel-cell.com\/fr\/product\/chargeur-21v10a-pour-thrustme\/\",\"url\":\"https:\/\/test.rebel-cell.com\/fr\/product\/chargeur-21v10a-pour-thrustme\/\",\"name\":\"Chargeur 21V10A li-ion | Rebelcell | Energie portable pour l'ext\u00e9rieur\",\"isPartOf\":{\"@id\":\"https:\/\/test.rebel-cell.com\/fr\/#website\"},\"primaryImageOfPage\":{\"@id\":\"https:\/\/test.rebel-cell.com\/fr\/product\/chargeur-21v10a-pour-thrustme\/#primaryimage\"},\"image\":{\"@id\":\"https:\/\/test.rebel-cell.com\/fr\/product\/chargeur-21v10a-pour-thrustme\/#primaryimage\"},\"thumbnailUrl\":\"https:\/\/test.rebel-cell.com\/wp-content\/uploads\/Charger_21V10A_overview.jpg\",\"datePublished\":\"2023-05-22T13:20:50+00:00\",\"dateModified\":\"2025-05-04T12:26:21+00:00\",\"description\":\"Chargeur li-ion puissant de 21V10A. Pour charger rapidement et en toute s\u00e9curit\u00e9 la Rebelcell Outdoorbox ThrustMe. Rebelcell. L'\u00e9nergie portable pour la p\u00eache \u00e0 la ligne, le plein air et la marine.\",\"breadcrumb\":{\"@id\":\"https:\/\/test.rebel-cell.com\/fr\/product\/chargeur-21v10a-pour-thrustme\/#breadcrumb\"},\"inLanguage\":\"fr-FR\",\"potentialAction\":[{\"@type\":\"ReadAction\",\"target\":[\"https:\/\/test.rebel-cell.com\/fr\/product\/chargeur-21v10a-pour-thrustme\/\"]}]},{\"@type\":\"ImageObject\",\"inLanguage\":\"fr-FR\",\"@id\":\"https:\/\/test.rebel-cell.com\/fr\/product\/chargeur-21v10a-pour-thrustme\/#primaryimage\",\"url\":\"https:\/\/test.rebel-cell.com\/wp-content\/uploads\/Charger_21V10A_overview.jpg\",\"contentUrl\":\"https:\/\/test.rebel-cell.com\/wp-content\/uploads\/Charger_21V10A_overview.jpg\",\"width\":1500,\"height\":1500},{\"@type\":\"BreadcrumbList\",\"@id\":\"https:\/\/test.rebel-cell.com\/fr\/product\/chargeur-21v10a-pour-thrustme\/#breadcrumb\",\"itemListElement\":[{\"@type\":\"ListItem\",\"position\":1,\"name\":\"Home\",\"item\":\"https:\/\/test.rebel-cell.com\/fr\/\"},{\"@type\":\"ListItem\",\"position\":2,\"name\":\"Shop\",\"item\":\"https:\/\/test.rebel-cell.com\/fr\/boutique\/\"},{\"@type\":\"ListItem\",\"position\":3,\"name\":\"Chargeur 21V10A Lithium pour Outdoorbox ThrustMe\"}]},{\"@type\":\"WebSite\",\"@id\":\"https:\/\/test.rebel-cell.com\/fr\/#website\",\"url\":\"https:\/\/test.rebel-cell.com\/fr\/\",\"name\":\"Rebelcell\",\"description\":\"Rebelcell\",\"publisher\":{\"@id\":\"https:\/\/test.rebel-cell.com\/fr\/#organization\"},\"potentialAction\":[{\"@type\":\"SearchAction\",\"target\":{\"@type\":\"EntryPoint\",\"urlTemplate\":\"https:\/\/test.rebel-cell.com\/fr\/?s={search_term_string}\"},\"query-input\":{\"@type\":\"PropertyValueSpecification\",\"valueRequired\":true,\"valueName\":\"search_term_string\"}}],\"inLanguage\":\"fr-FR\"},{\"@type\":\"Organization\",\"@id\":\"https:\/\/test.rebel-cell.com\/fr\/#organization\",\"name\":\"Rebelcell\",\"url\":\"https:\/\/test.rebel-cell.com\/fr\/\",\"logo\":{\"@type\":\"ImageObject\",\"inLanguage\":\"fr-FR\",\"@id\":\"https:\/\/test.rebel-cell.com\/fr\/#\/schema\/logo\/image\/\",\"url\":\"https:\/\/test.rebel-cell.com\/wp-content\/uploads\/rebelcell-logo-300.png\",\"contentUrl\":\"https:\/\/test.rebel-cell.com\/wp-content\/uploads\/rebelcell-logo-300.png\",\"width\":300,\"height\":55,\"caption\":\"Rebelcell\"},\"image\":{\"@id\":\"https:\/\/test.rebel-cell.com\/fr\/#\/schema\/logo\/image\/\"},\"sameAs\":[\"https:\/\/www.facebook.com\/rebelcelleu\",\"https:\/\/x.com\/rebelcellnl\",\"https:\/\/www.instagram.com\/rebelcelleurope\/?hl=nl\",\"https:\/\/www.youtube.com\/channel\/UCpySQUq4xwwtqveV1f8oiFw\"]}]}<\/script>\n<meta property=\"product:price:amount\" content=\"99.00\" \/>\n<meta property=\"product:price:currency\" content=\"EUR\" \/>\n<meta property=\"og:availability\" content=\"instock\" \/>\n<meta property=\"product:availability\" content=\"instock\" \/>\n<meta property=\"product:retailer_item_id\" content=\"7106623697122\" \/>\n<meta property=\"product:condition\" content=\"new\" \/>\n<!-- \/ Yoast SEO plugin. -->","yoast_head_json":{"title":"Chargeur 21V10A li-ion | Rebelcell | Energie portable pour l'ext\u00e9rieur","description":"Chargeur li-ion puissant de 21V10A. Pour charger rapidement et en toute s\u00e9curit\u00e9 la Rebelcell Outdoorbox ThrustMe. Rebelcell. L'\u00e9nergie portable pour la p\u00eache \u00e0 la ligne, le plein air et la marine.","robots":{"index":"noindex","follow":"follow","max-snippet":"max-snippet:-1","max-image-preview":"max-image-preview:large","max-video-preview":"max-video-preview:-1"},"og_locale":"fr_FR","og_type":"article","og_title":"Chargeur 21V10A li-ion | Rebelcell | Energie portable pour l'ext\u00e9rieur","og_description":"Chargeur li-ion puissant de 21V10A. Pour charger rapidement et en toute s\u00e9curit\u00e9 la Rebelcell Outdoorbox ThrustMe. Rebelcell. L'\u00e9nergie portable pour la p\u00eache \u00e0 la ligne, le plein air et la marine.","og_url":"https:\/\/test.rebel-cell.com\/fr\/product\/chargeur-21v10a-pour-thrustme\/","og_site_name":"Rebelcell","article_publisher":"https:\/\/www.facebook.com\/rebelcelleu","article_modified_time":"2025-05-04T12:26:21+00:00","og_image":[{"width":1500,"height":1500,"url":"https:\/\/test.rebel-cell.com\/wp-content\/uploads\/Charger_21V10A_overview.jpg","type":"image\/jpeg"}],"twitter_card":"summary_large_image","twitter_site":"@rebelcellnl","twitter_misc":{"Prix":"&euro;99,00","Disponibilit\u00e9":"En stock"},"schema":{"@context":"https:\/\/schema.org","@graph":[{"@type":["WebPage","ItemPage"],"@id":"https:\/\/test.rebel-cell.com\/fr\/product\/chargeur-21v10a-pour-thrustme\/","url":"https:\/\/test.rebel-cell.com\/fr\/product\/chargeur-21v10a-pour-thrustme\/","name":"Chargeur 21V10A li-ion | Rebelcell | Energie portable pour l'ext\u00e9rieur","isPartOf":{"@id":"https:\/\/test.rebel-cell.com\/fr\/#website"},"primaryImageOfPage":{"@id":"https:\/\/test.rebel-cell.com\/fr\/product\/chargeur-21v10a-pour-thrustme\/#primaryimage"},"image":{"@id":"https:\/\/test.rebel-cell.com\/fr\/product\/chargeur-21v10a-pour-thrustme\/#primaryimage"},"thumbnailUrl":"https:\/\/test.rebel-cell.com\/wp-content\/uploads\/Charger_21V10A_overview.jpg","datePublished":"2023-05-22T13:20:50+00:00","dateModified":"2025-05-04T12:26:21+00:00","description":"Chargeur li-ion puissant de 21V10A. Pour charger rapidement et en toute s\u00e9curit\u00e9 la Rebelcell Outdoorbox ThrustMe. Rebelcell. L'\u00e9nergie portable pour la p\u00eache \u00e0 la ligne, le plein air et la marine.","breadcrumb":{"@id":"https:\/\/test.rebel-cell.com\/fr\/product\/chargeur-21v10a-pour-thrustme\/#breadcrumb"},"inLanguage":"fr-FR","potentialAction":[{"@type":"ReadAction","target":["https:\/\/test.rebel-cell.com\/fr\/product\/chargeur-21v10a-pour-thrustme\/"]}]},{"@type":"ImageObject","inLanguage":"fr-FR","@id":"https:\/\/test.rebel-cell.com\/fr\/product\/chargeur-21v10a-pour-thrustme\/#primaryimage","url":"https:\/\/test.rebel-cell.com\/wp-content\/uploads\/Charger_21V10A_overview.jpg","contentUrl":"https:\/\/test.rebel-cell.com\/wp-content\/uploads\/Charger_21V10A_overview.jpg","width":1500,"height":1500},{"@type":"BreadcrumbList","@id":"https:\/\/test.rebel-cell.com\/fr\/product\/chargeur-21v10a-pour-thrustme\/#breadcrumb","itemListElement":[{"@type":"ListItem","position":1,"name":"Home","item":"https:\/\/test.rebel-cell.com\/fr\/"},{"@type":"ListItem","position":2,"name":"Shop","item":"https:\/\/test.rebel-cell.com\/fr\/boutique\/"},{"@type":"ListItem","position":3,"name":"Chargeur 21V10A Lithium pour Outdoorbox ThrustMe"}]},{"@type":"WebSite","@id":"https:\/\/test.rebel-cell.com\/fr\/#website","url":"https:\/\/test.rebel-cell.com\/fr\/","name":"Rebelcell","description":"Rebelcell","publisher":{"@id":"https:\/\/test.rebel-cell.com\/fr\/#organization"},"potentialAction":[{"@type":"SearchAction","target":{"@type":"EntryPoint","urlTemplate":"https:\/\/test.rebel-cell.com\/fr\/?s={search_term_string}"},"query-input":{"@type":"PropertyValueSpecification","valueRequired":true,"valueName":"search_term_string"}}],"inLanguage":"fr-FR"},{"@type":"Organization","@id":"https:\/\/test.rebel-cell.com\/fr\/#organization","name":"Rebelcell","url":"https:\/\/test.rebel-cell.com\/fr\/","logo":{"@type":"ImageObject","inLanguage":"fr-FR","@id":"https:\/\/test.rebel-cell.com\/fr\/#\/schema\/logo\/image\/","url":"https:\/\/test.rebel-cell.com\/wp-content\/uploads\/rebelcell-logo-300.png","contentUrl":"https:\/\/test.rebel-cell.com\/wp-content\/uploads\/rebelcell-logo-300.png","width":300,"height":55,"caption":"Rebelcell"},"image":{"@id":"https:\/\/test.rebel-cell.com\/fr\/#\/schema\/logo\/image\/"},"sameAs":["https:\/\/www.facebook.com\/rebelcelleu","https:\/\/x.com\/rebelcellnl","https:\/\/www.instagram.com\/rebelcelleurope\/?hl=nl","https:\/\/www.youtube.com\/channel\/UCpySQUq4xwwtqveV1f8oiFw"]}]},"product_price_amount":"99.00","product_price_currency":"EUR","og_availability":"instock","product_availability":"instock","product_retailer_item_id":"7106623697122","product_condition":"new"},"_links":{"self":[{"href":"https:\/\/test.rebel-cell.com\/fr\/wp-json\/wp\/v2\/product\/19237","targetHints":{"allow":["GET"]}}],"collection":[{"href":"https:\/\/test.rebel-cell.com\/fr\/wp-json\/wp\/v2\/product"}],"about":[{"href":"https:\/\/test.rebel-cell.com\/fr\/wp-json\/wp\/v2\/types\/product"}],"replies":[{"embeddable":true,"href":"https:\/\/test.rebel-cell.com\/fr\/wp-json\/wp\/v2\/comments?post=19237"}],"wp:featuredmedia":[{"embeddable":true,"href":"https:\/\/test.rebel-cell.com\/fr\/wp-json\/wp\/v2\/media\/19112"}],"wp:attachment":[{"href":"https:\/\/test.rebel-cell.com\/fr\/wp-json\/wp\/v2\/media?parent=19237"}],"wp:term":[{"taxonomy":"product_brand","embeddable":true,"href":"https:\/\/test.rebel-cell.com\/fr\/wp-json\/wp\/v2\/product_brand?post=19237"},{"taxonomy":"product_cat","embeddable":true,"href":"https:\/\/test.rebel-cell.com\/fr\/wp-json\/wp\/v2\/product_cat?post=19237"},{"taxonomy":"product_tag","embeddable":true,"href":"https:\/\/test.rebel-cell.com\/fr\/wp-json\/wp\/v2\/product_tag?post=19237"}],"curies":[{"name":"wp","href":"https:\/\/api.w.org\/{rel}","templated":true}]}}