{"id":19242,"date":"2023-05-22T16:41:46","date_gmt":"2023-05-22T14:41:46","guid":{"rendered":"https:\/\/test.rebel-cell.com\/?post_type=product&#038;p=19242"},"modified":"2025-05-04T14:26:20","modified_gmt":"2025-05-04T12:26:20","slug":"boite-de-raccordement-rapide-pour-lexterieur-thrustme","status":"publish","type":"product","link":"https:\/\/test.rebel-cell.com\/fr\/product\/boite-de-raccordement-rapide-pour-lexterieur-thrustme\/","title":{"rendered":"Bo\u00eete de raccordement rapide pour l&rsquo;ext\u00e9rieur ThrustMe"},"content":{"rendered":"<p>Code produit: TMSD20QCCC<\/p>\n<p>Barcode: 7106623697290<\/p>\n<p>EAN: 8720964630885<\/p>\n","protected":false},"excerpt":{"rendered":"<p>C\u00e2ble de connexion avec SD20 (m\u00e2le) et ANEN Green pour connecter facilement et en toute s\u00e9curit\u00e9 l&rsquo;Outdoorbox ThrustMe aux moteurs \u00e9lectriques ThrustMe Kicker et Cruiser.<\/p>\n","protected":false},"featured_media":19080,"comment_status":"open","ping_status":"closed","template":"","meta":{"_acf_changed":false},"product_brand":[],"product_cat":[1905,4455],"product_tag":[],"class_list":{"0":"post-19242","1":"product","2":"type-product","3":"status-publish","4":"has-post-thumbnail","6":"product_cat-accessoires-fr","7":"product_cat-cables-connecteurs","8":"product_shipping_class-normal-shipment","9":"pa_fishing-bateau-electrique","10":"pa_fishing-carpe","12":"first","13":"instock","14":"taxable","15":"shipping-taxable","16":"purchasable","17":"product-type-simple"},"bundled_by":[],"bundle_stock_status":"instock","bundle_stock_quantity":2,"bundle_virtual":false,"bundle_layout":"","bundle_add_to_cart_form_location":"","bundle_editable_in_cart":false,"bundle_sold_individually_context":"","bundle_item_grouping":"","bundle_min_size":"","bundle_max_size":"","bundle_price":[],"bundled_items":[],"bundle_sell_ids":[],"acf":[],"yoast_head":"<!-- This site is optimized with the Yoast SEO plugin v27.1.1 - https:\/\/yoast.com\/product\/yoast-seo-wordpress\/ -->\n<title>Quick Connect ODB ThrustMe | Rebelcell | Energie portable pour l&#039;ext\u00e9rieur<\/title>\n<meta name=\"description\" content=\"C\u00e2ble de connexion pour une connexion rapide et fiable de l&#039;ODB ThrustMe aux moteurs \u00e9lectriques ThrustMe Kicker et Cruiser. Rebelcell. L&#039;\u00e9nergie portable pour l&#039;ext\u00e9rieur\" \/>\n<meta name=\"robots\" content=\"noindex, follow, max-snippet:-1, max-image-preview:large, max-video-preview:-1\" \/>\n<meta property=\"og:locale\" content=\"fr_FR\" \/>\n<meta property=\"og:type\" content=\"article\" \/>\n<meta property=\"og:title\" content=\"Quick Connect ODB ThrustMe | Rebelcell | Energie portable pour l&#039;ext\u00e9rieur\" \/>\n<meta property=\"og:description\" content=\"C\u00e2ble de connexion pour une connexion rapide et fiable de l&#039;ODB ThrustMe aux moteurs \u00e9lectriques ThrustMe Kicker et Cruiser. Rebelcell. L&#039;\u00e9nergie portable pour l&#039;ext\u00e9rieur\" \/>\n<meta property=\"og:url\" content=\"https:\/\/test.rebel-cell.com\/fr\/product\/boite-de-raccordement-rapide-pour-lexterieur-thrustme\/\" \/>\n<meta property=\"og:site_name\" content=\"Rebelcell\" \/>\n<meta property=\"article:publisher\" content=\"https:\/\/www.facebook.com\/rebelcelleu\" \/>\n<meta property=\"article:modified_time\" content=\"2025-05-04T12:26:20+00:00\" \/>\n<meta property=\"og:image\" content=\"https:\/\/test.rebel-cell.com\/wp-content\/uploads\/Quickconnect_ThrustMe.jpg\" \/>\n\t<meta property=\"og:image:width\" content=\"1500\" \/>\n\t<meta property=\"og:image:height\" content=\"1500\" \/>\n\t<meta property=\"og:image:type\" content=\"image\/jpeg\" \/>\n<meta name=\"twitter:card\" content=\"summary_large_image\" \/>\n<meta name=\"twitter:site\" content=\"@rebelcellnl\" \/>\n<meta name=\"twitter:label1\" content=\"Prix\" \/>\n\t<meta name=\"twitter:data1\" content=\"&euro;49,50\" \/>\n\t<meta name=\"twitter:label2\" content=\"Disponibilit\u00e9\" \/>\n\t<meta name=\"twitter:data2\" content=\"En stock\" \/>\n<script type=\"application\/ld+json\" class=\"yoast-schema-graph\">{\"@context\":\"https:\/\/schema.org\",\"@graph\":[{\"@type\":[\"WebPage\",\"ItemPage\"],\"@id\":\"https:\/\/test.rebel-cell.com\/fr\/product\/boite-de-raccordement-rapide-pour-lexterieur-thrustme\/\",\"url\":\"https:\/\/test.rebel-cell.com\/fr\/product\/boite-de-raccordement-rapide-pour-lexterieur-thrustme\/\",\"name\":\"Quick Connect ODB ThrustMe | Rebelcell | Energie portable pour l'ext\u00e9rieur\",\"isPartOf\":{\"@id\":\"https:\/\/test.rebel-cell.com\/fr\/#website\"},\"primaryImageOfPage\":{\"@id\":\"https:\/\/test.rebel-cell.com\/fr\/product\/boite-de-raccordement-rapide-pour-lexterieur-thrustme\/#primaryimage\"},\"image\":{\"@id\":\"https:\/\/test.rebel-cell.com\/fr\/product\/boite-de-raccordement-rapide-pour-lexterieur-thrustme\/#primaryimage\"},\"thumbnailUrl\":\"https:\/\/test.rebel-cell.com\/wp-content\/uploads\/Quickconnect_ThrustMe.jpg\",\"datePublished\":\"2023-05-22T14:41:46+00:00\",\"dateModified\":\"2025-05-04T12:26:20+00:00\",\"description\":\"C\u00e2ble de connexion pour une connexion rapide et fiable de l'ODB ThrustMe aux moteurs \u00e9lectriques ThrustMe Kicker et Cruiser. Rebelcell. L'\u00e9nergie portable pour l'ext\u00e9rieur\",\"breadcrumb\":{\"@id\":\"https:\/\/test.rebel-cell.com\/fr\/product\/boite-de-raccordement-rapide-pour-lexterieur-thrustme\/#breadcrumb\"},\"inLanguage\":\"fr-FR\",\"potentialAction\":[{\"@type\":\"ReadAction\",\"target\":[\"https:\/\/test.rebel-cell.com\/fr\/product\/boite-de-raccordement-rapide-pour-lexterieur-thrustme\/\"]}]},{\"@type\":\"ImageObject\",\"inLanguage\":\"fr-FR\",\"@id\":\"https:\/\/test.rebel-cell.com\/fr\/product\/boite-de-raccordement-rapide-pour-lexterieur-thrustme\/#primaryimage\",\"url\":\"https:\/\/test.rebel-cell.com\/wp-content\/uploads\/Quickconnect_ThrustMe.jpg\",\"contentUrl\":\"https:\/\/test.rebel-cell.com\/wp-content\/uploads\/Quickconnect_ThrustMe.jpg\",\"width\":1500,\"height\":1500},{\"@type\":\"BreadcrumbList\",\"@id\":\"https:\/\/test.rebel-cell.com\/fr\/product\/boite-de-raccordement-rapide-pour-lexterieur-thrustme\/#breadcrumb\",\"itemListElement\":[{\"@type\":\"ListItem\",\"position\":1,\"name\":\"Home\",\"item\":\"https:\/\/test.rebel-cell.com\/fr\/\"},{\"@type\":\"ListItem\",\"position\":2,\"name\":\"Shop\",\"item\":\"https:\/\/test.rebel-cell.com\/fr\/boutique\/\"},{\"@type\":\"ListItem\",\"position\":3,\"name\":\"Bo\u00eete de raccordement rapide pour l&#8217;ext\u00e9rieur ThrustMe\"}]},{\"@type\":\"WebSite\",\"@id\":\"https:\/\/test.rebel-cell.com\/fr\/#website\",\"url\":\"https:\/\/test.rebel-cell.com\/fr\/\",\"name\":\"Rebelcell\",\"description\":\"Rebelcell\",\"publisher\":{\"@id\":\"https:\/\/test.rebel-cell.com\/fr\/#organization\"},\"potentialAction\":[{\"@type\":\"SearchAction\",\"target\":{\"@type\":\"EntryPoint\",\"urlTemplate\":\"https:\/\/test.rebel-cell.com\/fr\/?s={search_term_string}\"},\"query-input\":{\"@type\":\"PropertyValueSpecification\",\"valueRequired\":true,\"valueName\":\"search_term_string\"}}],\"inLanguage\":\"fr-FR\"},{\"@type\":\"Organization\",\"@id\":\"https:\/\/test.rebel-cell.com\/fr\/#organization\",\"name\":\"Rebelcell\",\"url\":\"https:\/\/test.rebel-cell.com\/fr\/\",\"logo\":{\"@type\":\"ImageObject\",\"inLanguage\":\"fr-FR\",\"@id\":\"https:\/\/test.rebel-cell.com\/fr\/#\/schema\/logo\/image\/\",\"url\":\"https:\/\/test.rebel-cell.com\/wp-content\/uploads\/rebelcell-logo-300.png\",\"contentUrl\":\"https:\/\/test.rebel-cell.com\/wp-content\/uploads\/rebelcell-logo-300.png\",\"width\":300,\"height\":55,\"caption\":\"Rebelcell\"},\"image\":{\"@id\":\"https:\/\/test.rebel-cell.com\/fr\/#\/schema\/logo\/image\/\"},\"sameAs\":[\"https:\/\/www.facebook.com\/rebelcelleu\",\"https:\/\/x.com\/rebelcellnl\",\"https:\/\/www.instagram.com\/rebelcelleurope\/?hl=nl\",\"https:\/\/www.youtube.com\/channel\/UCpySQUq4xwwtqveV1f8oiFw\"]}]}<\/script>\n<meta property=\"product:price:amount\" content=\"49.50\" \/>\n<meta property=\"product:price:currency\" content=\"EUR\" \/>\n<meta property=\"og:availability\" content=\"instock\" \/>\n<meta property=\"product:availability\" content=\"instock\" \/>\n<meta property=\"product:retailer_item_id\" content=\"7106623697290\" \/>\n<meta property=\"product:condition\" content=\"new\" \/>\n<!-- \/ Yoast SEO plugin. -->","yoast_head_json":{"title":"Quick Connect ODB ThrustMe | Rebelcell | Energie portable pour l'ext\u00e9rieur","description":"C\u00e2ble de connexion pour une connexion rapide et fiable de l'ODB ThrustMe aux moteurs \u00e9lectriques ThrustMe Kicker et Cruiser. Rebelcell. L'\u00e9nergie portable pour l'ext\u00e9rieur","robots":{"index":"noindex","follow":"follow","max-snippet":"max-snippet:-1","max-image-preview":"max-image-preview:large","max-video-preview":"max-video-preview:-1"},"og_locale":"fr_FR","og_type":"article","og_title":"Quick Connect ODB ThrustMe | Rebelcell | Energie portable pour l'ext\u00e9rieur","og_description":"C\u00e2ble de connexion pour une connexion rapide et fiable de l'ODB ThrustMe aux moteurs \u00e9lectriques ThrustMe Kicker et Cruiser. Rebelcell. L'\u00e9nergie portable pour l'ext\u00e9rieur","og_url":"https:\/\/test.rebel-cell.com\/fr\/product\/boite-de-raccordement-rapide-pour-lexterieur-thrustme\/","og_site_name":"Rebelcell","article_publisher":"https:\/\/www.facebook.com\/rebelcelleu","article_modified_time":"2025-05-04T12:26:20+00:00","og_image":[{"width":1500,"height":1500,"url":"https:\/\/test.rebel-cell.com\/wp-content\/uploads\/Quickconnect_ThrustMe.jpg","type":"image\/jpeg"}],"twitter_card":"summary_large_image","twitter_site":"@rebelcellnl","twitter_misc":{"Prix":"&euro;49,50","Disponibilit\u00e9":"En stock"},"schema":{"@context":"https:\/\/schema.org","@graph":[{"@type":["WebPage","ItemPage"],"@id":"https:\/\/test.rebel-cell.com\/fr\/product\/boite-de-raccordement-rapide-pour-lexterieur-thrustme\/","url":"https:\/\/test.rebel-cell.com\/fr\/product\/boite-de-raccordement-rapide-pour-lexterieur-thrustme\/","name":"Quick Connect ODB ThrustMe | Rebelcell | Energie portable pour l'ext\u00e9rieur","isPartOf":{"@id":"https:\/\/test.rebel-cell.com\/fr\/#website"},"primaryImageOfPage":{"@id":"https:\/\/test.rebel-cell.com\/fr\/product\/boite-de-raccordement-rapide-pour-lexterieur-thrustme\/#primaryimage"},"image":{"@id":"https:\/\/test.rebel-cell.com\/fr\/product\/boite-de-raccordement-rapide-pour-lexterieur-thrustme\/#primaryimage"},"thumbnailUrl":"https:\/\/test.rebel-cell.com\/wp-content\/uploads\/Quickconnect_ThrustMe.jpg","datePublished":"2023-05-22T14:41:46+00:00","dateModified":"2025-05-04T12:26:20+00:00","description":"C\u00e2ble de connexion pour une connexion rapide et fiable de l'ODB ThrustMe aux moteurs \u00e9lectriques ThrustMe Kicker et Cruiser. Rebelcell. L'\u00e9nergie portable pour l'ext\u00e9rieur","breadcrumb":{"@id":"https:\/\/test.rebel-cell.com\/fr\/product\/boite-de-raccordement-rapide-pour-lexterieur-thrustme\/#breadcrumb"},"inLanguage":"fr-FR","potentialAction":[{"@type":"ReadAction","target":["https:\/\/test.rebel-cell.com\/fr\/product\/boite-de-raccordement-rapide-pour-lexterieur-thrustme\/"]}]},{"@type":"ImageObject","inLanguage":"fr-FR","@id":"https:\/\/test.rebel-cell.com\/fr\/product\/boite-de-raccordement-rapide-pour-lexterieur-thrustme\/#primaryimage","url":"https:\/\/test.rebel-cell.com\/wp-content\/uploads\/Quickconnect_ThrustMe.jpg","contentUrl":"https:\/\/test.rebel-cell.com\/wp-content\/uploads\/Quickconnect_ThrustMe.jpg","width":1500,"height":1500},{"@type":"BreadcrumbList","@id":"https:\/\/test.rebel-cell.com\/fr\/product\/boite-de-raccordement-rapide-pour-lexterieur-thrustme\/#breadcrumb","itemListElement":[{"@type":"ListItem","position":1,"name":"Home","item":"https:\/\/test.rebel-cell.com\/fr\/"},{"@type":"ListItem","position":2,"name":"Shop","item":"https:\/\/test.rebel-cell.com\/fr\/boutique\/"},{"@type":"ListItem","position":3,"name":"Bo\u00eete de raccordement rapide pour l&#8217;ext\u00e9rieur ThrustMe"}]},{"@type":"WebSite","@id":"https:\/\/test.rebel-cell.com\/fr\/#website","url":"https:\/\/test.rebel-cell.com\/fr\/","name":"Rebelcell","description":"Rebelcell","publisher":{"@id":"https:\/\/test.rebel-cell.com\/fr\/#organization"},"potentialAction":[{"@type":"SearchAction","target":{"@type":"EntryPoint","urlTemplate":"https:\/\/test.rebel-cell.com\/fr\/?s={search_term_string}"},"query-input":{"@type":"PropertyValueSpecification","valueRequired":true,"valueName":"search_term_string"}}],"inLanguage":"fr-FR"},{"@type":"Organization","@id":"https:\/\/test.rebel-cell.com\/fr\/#organization","name":"Rebelcell","url":"https:\/\/test.rebel-cell.com\/fr\/","logo":{"@type":"ImageObject","inLanguage":"fr-FR","@id":"https:\/\/test.rebel-cell.com\/fr\/#\/schema\/logo\/image\/","url":"https:\/\/test.rebel-cell.com\/wp-content\/uploads\/rebelcell-logo-300.png","contentUrl":"https:\/\/test.rebel-cell.com\/wp-content\/uploads\/rebelcell-logo-300.png","width":300,"height":55,"caption":"Rebelcell"},"image":{"@id":"https:\/\/test.rebel-cell.com\/fr\/#\/schema\/logo\/image\/"},"sameAs":["https:\/\/www.facebook.com\/rebelcelleu","https:\/\/x.com\/rebelcellnl","https:\/\/www.instagram.com\/rebelcelleurope\/?hl=nl","https:\/\/www.youtube.com\/channel\/UCpySQUq4xwwtqveV1f8oiFw"]}]},"product_price_amount":"49.50","product_price_currency":"EUR","og_availability":"instock","product_availability":"instock","product_retailer_item_id":"7106623697290","product_condition":"new"},"_links":{"self":[{"href":"https:\/\/test.rebel-cell.com\/fr\/wp-json\/wp\/v2\/product\/19242","targetHints":{"allow":["GET"]}}],"collection":[{"href":"https:\/\/test.rebel-cell.com\/fr\/wp-json\/wp\/v2\/product"}],"about":[{"href":"https:\/\/test.rebel-cell.com\/fr\/wp-json\/wp\/v2\/types\/product"}],"replies":[{"embeddable":true,"href":"https:\/\/test.rebel-cell.com\/fr\/wp-json\/wp\/v2\/comments?post=19242"}],"wp:featuredmedia":[{"embeddable":true,"href":"https:\/\/test.rebel-cell.com\/fr\/wp-json\/wp\/v2\/media\/19080"}],"wp:attachment":[{"href":"https:\/\/test.rebel-cell.com\/fr\/wp-json\/wp\/v2\/media?parent=19242"}],"wp:term":[{"taxonomy":"product_brand","embeddable":true,"href":"https:\/\/test.rebel-cell.com\/fr\/wp-json\/wp\/v2\/product_brand?post=19242"},{"taxonomy":"product_cat","embeddable":true,"href":"https:\/\/test.rebel-cell.com\/fr\/wp-json\/wp\/v2\/product_cat?post=19242"},{"taxonomy":"product_tag","embeddable":true,"href":"https:\/\/test.rebel-cell.com\/fr\/wp-json\/wp\/v2\/product_tag?post=19242"}],"curies":[{"name":"wp","href":"https:\/\/api.w.org\/{rel}","templated":true}]}}