{"id":24589,"date":"2024-12-11T17:56:04","date_gmt":"2024-12-11T16:56:04","guid":{"rendered":"https:\/\/test.rebel-cell.com\/?post_type=product&#038;p=24589"},"modified":"2025-11-18T11:21:42","modified_gmt":"2025-11-18T10:21:42","slug":"12v210-edge-lifepo4-batterie","status":"publish","type":"product","link":"https:\/\/test.rebel-cell.com\/fr\/product\/12v210-edge-lifepo4-batterie\/","title":{"rendered":"12V210 EDGE LiFePO4 batterie"},"content":{"rendered":"<h2 data-start=\"183\" data-end=\"253\"><strong data-start=\"186\" data-end=\"253\">Description du produit \u2013 Rebelcell 12V210 EDGE Batterie LiFePO\u2084<\/strong><\/h2>\n<p data-start=\"255\" data-end=\"683\">La <strong data-start=\"258\" data-end=\"273\">12V210 EDGE<\/strong> fait partie de la nouvelle <strong data-start=\"301\" data-end=\"325\">s\u00e9rie Rebelcell EDGE<\/strong> de batteries lithium haute performance.<br data-start=\"365\" data-end=\"368\" \/>Avec une capacit\u00e9 de <strong data-start=\"389\" data-end=\"412\">12V210Ah (2,69 kWh)<\/strong>, cette batterie est sp\u00e9cialement con\u00e7ue pour une <strong data-start=\"462\" data-end=\"484\">utilisation marine<\/strong> et pour les <strong data-start=\"497\" data-end=\"533\">applications \u00e0 d\u00e9charge profonde<\/strong>, telles que l\u2019alimentation des <strong data-start=\"565\" data-end=\"593\">moteurs \u00e9lectriques 12 V<\/strong>, des <strong data-start=\"599\" data-end=\"611\">sondeurs<\/strong>, ou comme <strong data-start=\"622\" data-end=\"645\" data-is-only-node=\"\">batterie de service<\/strong> pour <strong data-start=\"651\" data-end=\"680\">camping-cars et caravanes<\/strong>.<\/p>\n<p data-start=\"685\" data-end=\"918\">Elle se distingue par une <strong data-start=\"711\" data-end=\"733\">conception avanc\u00e9e<\/strong>, un <strong data-start=\"738\" data-end=\"778\">syst\u00e8me de gestion de batterie (BMS)<\/strong> robuste et une <strong data-start=\"794\" data-end=\"829\">connectivit\u00e9 Bluetooth int\u00e9gr\u00e9e<\/strong> permettant un <strong data-start=\"844\" data-end=\"915\">suivi fluide et en temps r\u00e9el via l\u2019application Rebelcell Bluetooth<\/strong>.<\/p>\n<p data-start=\"920\" data-end=\"1214\">Dot\u00e9e d\u2019une <strong data-start=\"932\" data-end=\"959\">protection \u00e9tanche IP66<\/strong> et d\u2019une <strong data-start=\"969\" data-end=\"990\">garantie de 3 ans<\/strong>, la <strong data-start=\"995\" data-end=\"1010\">12V210 EDGE<\/strong> offre <strong data-start=\"1017\" data-end=\"1055\">fiabilit\u00e9 et confort d\u2019utilisation<\/strong> pour toutes vos aventures.<br data-start=\"1082\" data-end=\"1085\" \/>Besoin de plus de puissance ? Vous pouvez <strong data-start=\"1127\" data-end=\"1173\">connecter jusqu\u2019\u00e0 4 batteries en parall\u00e8le<\/strong> (ou <strong data-start=\"1178\" data-end=\"1192\">2 en s\u00e9rie<\/strong>) selon vos besoins.<\/p>\n<p data-start=\"1216\" data-end=\"1622\">La batterie est <strong data-start=\"1232\" data-end=\"1262\">enti\u00e8rement sans entretien<\/strong> et peut atteindre <strong data-start=\"1281\" data-end=\"1315\">jusqu\u2019\u00e0 5 000 cycles de charge<\/strong> \u2014 soit 5 000 cycles complets de charge et de d\u00e9charge.<br data-start=\"1370\" data-end=\"1373\" \/>Elle est <strong data-start=\"1382\" data-end=\"1407\">nettement plus l\u00e9g\u00e8re<\/strong> qu\u2019une batterie au plomb \u00e9quivalente et pr\u00e9sente une <strong data-start=\"1461\" data-end=\"1495\">perte annuelle bien inf\u00e9rieure<\/strong>.<br data-start=\"1496\" data-end=\"1499\" \/>Gr\u00e2ce \u00e0 son <strong data-start=\"1511\" data-end=\"1526\">BMS int\u00e9gr\u00e9<\/strong>, vous n\u2019avez jamais \u00e0 craindre une d\u00e9charge trop profonde ni un endommagement de la batterie.<\/p>\n<p data-start=\"1624\" data-end=\"1682\"><strong data-start=\"1624\" data-end=\"1642\">Code produit :<\/strong> 12210RCEDGE<br data-start=\"1654\" data-end=\"1657\" \/><strong data-start=\"1657\" data-end=\"1666\">EAN :<\/strong> 8720964631172<\/p>\n","protected":false},"excerpt":{"rendered":"<p><strong data-start=\"0\" data-end=\"15\" data-is-only-node=\"\">NOUVEAUT\u00c9 !<\/strong>\u00a0La\u00a0<strong data-start=\"19\" data-end=\"34\">12V210 EDGE<\/strong>\u00a0offre\u00a0<strong data-start=\"41\" data-end=\"64\">12V210Ah (2,69 kWh)<\/strong>\u00a0d\u2019\u00e9nergie\u00a0<strong data-start=\"75\" data-end=\"86\">LiFePO\u2084<\/strong>\u00a0dans un bo\u00eetier\u00a0<strong data-start=\"103\" data-end=\"120\">ultra-compact<\/strong>\u00a0qui s\u2019adapte \u00e0 presque tous les compartiments \u00e0 batterie. Con\u00e7ue pour une\u00a0<strong data-start=\"197\" data-end=\"233\">utilisation marine et de loisirs<\/strong>, elle est id\u00e9ale pour les\u00a0<strong data-start=\"260\" data-end=\"283\">moteurs \u00e9lectriques<\/strong>, les\u00a0<strong data-start=\"289\" data-end=\"325\">\u00e9quipements \u00e9lectroniques marins<\/strong>\u00a0et comme\u00a0<strong data-start=\"335\" data-end=\"358\">batterie de service<\/strong>\u00a0dans les\u00a0<strong data-start=\"368\" data-end=\"397\">camping-cars et caravanes<\/strong>.<br \/>\n<a href=\"#proddesc\">Lire la suite &gt;<\/a><strong><br \/>\n<\/strong><\/p>\n","protected":false},"featured_media":25470,"comment_status":"open","ping_status":"closed","template":"","meta":{"_acf_changed":false},"product_brand":[],"product_cat":[1901,4439],"product_tag":[],"class_list":{"0":"post-24589","1":"product","2":"type-product","3":"status-publish","4":"has-post-thumbnail","6":"product_cat-batteries","7":"product_cat-batteries-lithium-12v-24v-36v","8":"product_shipping_class-shipping-battery","9":"pa_fishing-autres-applications","10":"pa_fishing-bateau-electrique","11":"pa_fishing-carpe","13":"first","14":"instock","15":"taxable","16":"shipping-taxable","17":"purchasable","18":"product-type-simple"},"bundled_by":["30684"],"bundle_stock_status":"instock","bundle_stock_quantity":124,"bundle_virtual":false,"bundle_layout":"","bundle_add_to_cart_form_location":"","bundle_editable_in_cart":false,"bundle_sold_individually_context":"","bundle_item_grouping":"","bundle_min_size":"","bundle_max_size":"","bundle_price":[],"bundled_items":[],"bundle_sell_ids":[],"acf":[],"yoast_head":"<!-- This site is optimized with the Yoast SEO plugin v27.1.1 - https:\/\/yoast.com\/product\/yoast-seo-wordpress\/ -->\n<title>Batterie 12V210 EDGE LiFePO4 | Rebelcell<\/title>\n<meta name=\"description\" content=\"Batterie LiFePO\u2084 Bluetooth haute performance, con\u00e7ue pour une utilisation marine et les applications \u00e0 d\u00e9charge profonde.\u00c9tanch\u00e9it\u00e9 IP66, garantie de 3 ans : Rebelcell \u2013 L\u2019\u00e9nergie portable pour vos aventures en plein air.\" \/>\n<meta name=\"robots\" content=\"noindex, follow, max-snippet:-1, max-image-preview:large, max-video-preview:-1\" \/>\n<meta property=\"og:locale\" content=\"fr_FR\" \/>\n<meta property=\"og:type\" content=\"article\" \/>\n<meta property=\"og:title\" content=\"Batterie 12V210 EDGE LiFePO4 | Rebelcell\" \/>\n<meta property=\"og:description\" content=\"Batterie LiFePO\u2084 Bluetooth haute performance, con\u00e7ue pour une utilisation marine et les applications \u00e0 d\u00e9charge profonde.\u00c9tanch\u00e9it\u00e9 IP66, garantie de 3 ans : Rebelcell \u2013 L\u2019\u00e9nergie portable pour vos aventures en plein air.\" \/>\n<meta property=\"og:url\" content=\"https:\/\/test.rebel-cell.com\/fr\/product\/12v210-edge-lifepo4-batterie\/\" \/>\n<meta property=\"og:site_name\" content=\"Rebelcell\" \/>\n<meta property=\"article:publisher\" content=\"https:\/\/www.facebook.com\/rebelcelleu\" \/>\n<meta property=\"article:modified_time\" content=\"2025-11-18T10:21:42+00:00\" \/>\n<meta property=\"og:image\" content=\"https:\/\/test.rebel-cell.com\/wp-content\/uploads\/12V210_Edge_overview.webp\" \/>\n\t<meta property=\"og:image:width\" content=\"1500\" \/>\n\t<meta property=\"og:image:height\" content=\"1500\" \/>\n\t<meta property=\"og:image:type\" content=\"image\/webp\" \/>\n<meta name=\"twitter:card\" content=\"summary_large_image\" \/>\n<meta name=\"twitter:site\" content=\"@rebelcellnl\" \/>\n<meta name=\"twitter:label1\" content=\"Prix\" \/>\n\t<meta name=\"twitter:data1\" content=\"&euro;999,00\" \/>\n\t<meta name=\"twitter:label2\" content=\"Disponibilit\u00e9\" \/>\n\t<meta name=\"twitter:data2\" content=\"En stock\" \/>\n<script type=\"application\/ld+json\" class=\"yoast-schema-graph\">{\"@context\":\"https:\/\/schema.org\",\"@graph\":[{\"@type\":[\"WebPage\",\"ItemPage\"],\"@id\":\"https:\/\/test.rebel-cell.com\/fr\/product\/12v210-edge-lifepo4-batterie\/\",\"url\":\"https:\/\/test.rebel-cell.com\/fr\/product\/12v210-edge-lifepo4-batterie\/\",\"name\":\"Batterie 12V210 EDGE LiFePO4 | Rebelcell\",\"isPartOf\":{\"@id\":\"https:\/\/test.rebel-cell.com\/fr\/#website\"},\"primaryImageOfPage\":{\"@id\":\"https:\/\/test.rebel-cell.com\/fr\/product\/12v210-edge-lifepo4-batterie\/#primaryimage\"},\"image\":{\"@id\":\"https:\/\/test.rebel-cell.com\/fr\/product\/12v210-edge-lifepo4-batterie\/#primaryimage\"},\"thumbnailUrl\":\"https:\/\/test.rebel-cell.com\/wp-content\/uploads\/12V210_Edge_overview.webp\",\"datePublished\":\"2024-12-11T16:56:04+00:00\",\"dateModified\":\"2025-11-18T10:21:42+00:00\",\"description\":\"Batterie LiFePO\u2084 Bluetooth haute performance, con\u00e7ue pour une utilisation marine et les applications \u00e0 d\u00e9charge profonde.\u00c9tanch\u00e9it\u00e9 IP66, garantie de 3 ans : Rebelcell \u2013 L\u2019\u00e9nergie portable pour vos aventures en plein air.\",\"breadcrumb\":{\"@id\":\"https:\/\/test.rebel-cell.com\/fr\/product\/12v210-edge-lifepo4-batterie\/#breadcrumb\"},\"inLanguage\":\"fr-FR\",\"potentialAction\":[{\"@type\":\"ReadAction\",\"target\":[\"https:\/\/test.rebel-cell.com\/fr\/product\/12v210-edge-lifepo4-batterie\/\"]}]},{\"@type\":\"ImageObject\",\"inLanguage\":\"fr-FR\",\"@id\":\"https:\/\/test.rebel-cell.com\/fr\/product\/12v210-edge-lifepo4-batterie\/#primaryimage\",\"url\":\"https:\/\/test.rebel-cell.com\/wp-content\/uploads\/12V210_Edge_overview.webp\",\"contentUrl\":\"https:\/\/test.rebel-cell.com\/wp-content\/uploads\/12V210_Edge_overview.webp\",\"width\":1500,\"height\":1500},{\"@type\":\"BreadcrumbList\",\"@id\":\"https:\/\/test.rebel-cell.com\/fr\/product\/12v210-edge-lifepo4-batterie\/#breadcrumb\",\"itemListElement\":[{\"@type\":\"ListItem\",\"position\":1,\"name\":\"Home\",\"item\":\"https:\/\/test.rebel-cell.com\/fr\/\"},{\"@type\":\"ListItem\",\"position\":2,\"name\":\"Shop\",\"item\":\"https:\/\/test.rebel-cell.com\/fr\/boutique\/\"},{\"@type\":\"ListItem\",\"position\":3,\"name\":\"12V210 EDGE LiFePO4 batterie\"}]},{\"@type\":\"WebSite\",\"@id\":\"https:\/\/test.rebel-cell.com\/fr\/#website\",\"url\":\"https:\/\/test.rebel-cell.com\/fr\/\",\"name\":\"Rebelcell\",\"description\":\"Rebelcell\",\"publisher\":{\"@id\":\"https:\/\/test.rebel-cell.com\/fr\/#organization\"},\"potentialAction\":[{\"@type\":\"SearchAction\",\"target\":{\"@type\":\"EntryPoint\",\"urlTemplate\":\"https:\/\/test.rebel-cell.com\/fr\/?s={search_term_string}\"},\"query-input\":{\"@type\":\"PropertyValueSpecification\",\"valueRequired\":true,\"valueName\":\"search_term_string\"}}],\"inLanguage\":\"fr-FR\"},{\"@type\":\"Organization\",\"@id\":\"https:\/\/test.rebel-cell.com\/fr\/#organization\",\"name\":\"Rebelcell\",\"url\":\"https:\/\/test.rebel-cell.com\/fr\/\",\"logo\":{\"@type\":\"ImageObject\",\"inLanguage\":\"fr-FR\",\"@id\":\"https:\/\/test.rebel-cell.com\/fr\/#\/schema\/logo\/image\/\",\"url\":\"https:\/\/test.rebel-cell.com\/wp-content\/uploads\/rebelcell-logo-300.png\",\"contentUrl\":\"https:\/\/test.rebel-cell.com\/wp-content\/uploads\/rebelcell-logo-300.png\",\"width\":300,\"height\":55,\"caption\":\"Rebelcell\"},\"image\":{\"@id\":\"https:\/\/test.rebel-cell.com\/fr\/#\/schema\/logo\/image\/\"},\"sameAs\":[\"https:\/\/www.facebook.com\/rebelcelleu\",\"https:\/\/x.com\/rebelcellnl\",\"https:\/\/www.instagram.com\/rebelcelleurope\/?hl=nl\",\"https:\/\/www.youtube.com\/channel\/UCpySQUq4xwwtqveV1f8oiFw\"]}]}<\/script>\n<meta property=\"product:price:amount\" content=\"999.00\" \/>\n<meta property=\"product:price:currency\" content=\"EUR\" \/>\n<meta property=\"og:availability\" content=\"instock\" \/>\n<meta property=\"product:availability\" content=\"instock\" \/>\n<meta property=\"product:retailer_item_id\" content=\"8720964631172\" \/>\n<meta property=\"product:condition\" content=\"new\" \/>\n<!-- \/ Yoast SEO plugin. -->","yoast_head_json":{"title":"Batterie 12V210 EDGE LiFePO4 | Rebelcell","description":"Batterie LiFePO\u2084 Bluetooth haute performance, con\u00e7ue pour une utilisation marine et les applications \u00e0 d\u00e9charge profonde.\u00c9tanch\u00e9it\u00e9 IP66, garantie de 3 ans : Rebelcell \u2013 L\u2019\u00e9nergie portable pour vos aventures en plein air.","robots":{"index":"noindex","follow":"follow","max-snippet":"max-snippet:-1","max-image-preview":"max-image-preview:large","max-video-preview":"max-video-preview:-1"},"og_locale":"fr_FR","og_type":"article","og_title":"Batterie 12V210 EDGE LiFePO4 | Rebelcell","og_description":"Batterie LiFePO\u2084 Bluetooth haute performance, con\u00e7ue pour une utilisation marine et les applications \u00e0 d\u00e9charge profonde.\u00c9tanch\u00e9it\u00e9 IP66, garantie de 3 ans : Rebelcell \u2013 L\u2019\u00e9nergie portable pour vos aventures en plein air.","og_url":"https:\/\/test.rebel-cell.com\/fr\/product\/12v210-edge-lifepo4-batterie\/","og_site_name":"Rebelcell","article_publisher":"https:\/\/www.facebook.com\/rebelcelleu","article_modified_time":"2025-11-18T10:21:42+00:00","og_image":[{"width":1500,"height":1500,"url":"https:\/\/test.rebel-cell.com\/wp-content\/uploads\/12V210_Edge_overview.webp","type":"image\/webp"}],"twitter_card":"summary_large_image","twitter_site":"@rebelcellnl","twitter_misc":{"Prix":"&euro;999,00","Disponibilit\u00e9":"En stock"},"schema":{"@context":"https:\/\/schema.org","@graph":[{"@type":["WebPage","ItemPage"],"@id":"https:\/\/test.rebel-cell.com\/fr\/product\/12v210-edge-lifepo4-batterie\/","url":"https:\/\/test.rebel-cell.com\/fr\/product\/12v210-edge-lifepo4-batterie\/","name":"Batterie 12V210 EDGE LiFePO4 | Rebelcell","isPartOf":{"@id":"https:\/\/test.rebel-cell.com\/fr\/#website"},"primaryImageOfPage":{"@id":"https:\/\/test.rebel-cell.com\/fr\/product\/12v210-edge-lifepo4-batterie\/#primaryimage"},"image":{"@id":"https:\/\/test.rebel-cell.com\/fr\/product\/12v210-edge-lifepo4-batterie\/#primaryimage"},"thumbnailUrl":"https:\/\/test.rebel-cell.com\/wp-content\/uploads\/12V210_Edge_overview.webp","datePublished":"2024-12-11T16:56:04+00:00","dateModified":"2025-11-18T10:21:42+00:00","description":"Batterie LiFePO\u2084 Bluetooth haute performance, con\u00e7ue pour une utilisation marine et les applications \u00e0 d\u00e9charge profonde.\u00c9tanch\u00e9it\u00e9 IP66, garantie de 3 ans : Rebelcell \u2013 L\u2019\u00e9nergie portable pour vos aventures en plein air.","breadcrumb":{"@id":"https:\/\/test.rebel-cell.com\/fr\/product\/12v210-edge-lifepo4-batterie\/#breadcrumb"},"inLanguage":"fr-FR","potentialAction":[{"@type":"ReadAction","target":["https:\/\/test.rebel-cell.com\/fr\/product\/12v210-edge-lifepo4-batterie\/"]}]},{"@type":"ImageObject","inLanguage":"fr-FR","@id":"https:\/\/test.rebel-cell.com\/fr\/product\/12v210-edge-lifepo4-batterie\/#primaryimage","url":"https:\/\/test.rebel-cell.com\/wp-content\/uploads\/12V210_Edge_overview.webp","contentUrl":"https:\/\/test.rebel-cell.com\/wp-content\/uploads\/12V210_Edge_overview.webp","width":1500,"height":1500},{"@type":"BreadcrumbList","@id":"https:\/\/test.rebel-cell.com\/fr\/product\/12v210-edge-lifepo4-batterie\/#breadcrumb","itemListElement":[{"@type":"ListItem","position":1,"name":"Home","item":"https:\/\/test.rebel-cell.com\/fr\/"},{"@type":"ListItem","position":2,"name":"Shop","item":"https:\/\/test.rebel-cell.com\/fr\/boutique\/"},{"@type":"ListItem","position":3,"name":"12V210 EDGE LiFePO4 batterie"}]},{"@type":"WebSite","@id":"https:\/\/test.rebel-cell.com\/fr\/#website","url":"https:\/\/test.rebel-cell.com\/fr\/","name":"Rebelcell","description":"Rebelcell","publisher":{"@id":"https:\/\/test.rebel-cell.com\/fr\/#organization"},"potentialAction":[{"@type":"SearchAction","target":{"@type":"EntryPoint","urlTemplate":"https:\/\/test.rebel-cell.com\/fr\/?s={search_term_string}"},"query-input":{"@type":"PropertyValueSpecification","valueRequired":true,"valueName":"search_term_string"}}],"inLanguage":"fr-FR"},{"@type":"Organization","@id":"https:\/\/test.rebel-cell.com\/fr\/#organization","name":"Rebelcell","url":"https:\/\/test.rebel-cell.com\/fr\/","logo":{"@type":"ImageObject","inLanguage":"fr-FR","@id":"https:\/\/test.rebel-cell.com\/fr\/#\/schema\/logo\/image\/","url":"https:\/\/test.rebel-cell.com\/wp-content\/uploads\/rebelcell-logo-300.png","contentUrl":"https:\/\/test.rebel-cell.com\/wp-content\/uploads\/rebelcell-logo-300.png","width":300,"height":55,"caption":"Rebelcell"},"image":{"@id":"https:\/\/test.rebel-cell.com\/fr\/#\/schema\/logo\/image\/"},"sameAs":["https:\/\/www.facebook.com\/rebelcelleu","https:\/\/x.com\/rebelcellnl","https:\/\/www.instagram.com\/rebelcelleurope\/?hl=nl","https:\/\/www.youtube.com\/channel\/UCpySQUq4xwwtqveV1f8oiFw"]}]},"product_price_amount":"999.00","product_price_currency":"EUR","og_availability":"instock","product_availability":"instock","product_retailer_item_id":"8720964631172","product_condition":"new"},"_links":{"self":[{"href":"https:\/\/test.rebel-cell.com\/fr\/wp-json\/wp\/v2\/product\/24589","targetHints":{"allow":["GET"]}}],"collection":[{"href":"https:\/\/test.rebel-cell.com\/fr\/wp-json\/wp\/v2\/product"}],"about":[{"href":"https:\/\/test.rebel-cell.com\/fr\/wp-json\/wp\/v2\/types\/product"}],"replies":[{"embeddable":true,"href":"https:\/\/test.rebel-cell.com\/fr\/wp-json\/wp\/v2\/comments?post=24589"}],"wp:featuredmedia":[{"embeddable":true,"href":"https:\/\/test.rebel-cell.com\/fr\/wp-json\/wp\/v2\/media\/25470"}],"wp:attachment":[{"href":"https:\/\/test.rebel-cell.com\/fr\/wp-json\/wp\/v2\/media?parent=24589"}],"wp:term":[{"taxonomy":"product_brand","embeddable":true,"href":"https:\/\/test.rebel-cell.com\/fr\/wp-json\/wp\/v2\/product_brand?post=24589"},{"taxonomy":"product_cat","embeddable":true,"href":"https:\/\/test.rebel-cell.com\/fr\/wp-json\/wp\/v2\/product_cat?post=24589"},{"taxonomy":"product_tag","embeddable":true,"href":"https:\/\/test.rebel-cell.com\/fr\/wp-json\/wp\/v2\/product_tag?post=24589"}],"curies":[{"name":"wp","href":"https:\/\/api.w.org\/{rel}","templated":true}]}}