{"id":26628,"date":"2025-04-01T13:12:17","date_gmt":"2025-04-01T11:12:17","guid":{"rendered":"https:\/\/test.rebel-cell.com\/?post_type=product&#038;p=26628"},"modified":"2025-06-17T12:10:37","modified_gmt":"2025-06-17T10:10:37","slug":"batterie-lithium-12v30-av-modele-2025","status":"publish","type":"product","link":"https:\/\/test.rebel-cell.com\/fr\/product\/batterie-lithium-12v30-av-modele-2025\/","title":{"rendered":"Batterie Lithium 12V30 AV (mod\u00e8le 2025)"},"content":{"rendered":"<h2>Description du produit Rebelcell Batterie Lithium 12V30 AV (mod\u00e8le 2025)<\/h2>\n<p>La <strong>12V30 AV<\/strong> (323Wh) est une batterie lithium-ion compacte et l\u00e9g\u00e8re (<strong>1,5kg<\/strong>) con\u00e7ue pour les profondim\u00e8tres de taille moyenne (7-9 pouces), les d\u00e9tecteurs de poissons, les canots \u00e0 app\u00e2ts, les syst\u00e8mes d&rsquo;alarme (mobiles) et bien plus encore. Elle est dot\u00e9e d&rsquo;une ing\u00e9nierie avanc\u00e9e, d&rsquo;un <strong>syst\u00e8me de gestion de batterie<\/strong> (BMS) robuste, d&rsquo;une<strong> protection \u00e9tanche IP67<\/strong> et d&rsquo;une <strong>garantie de 3 ans.<\/strong><\/p>\n<p>Conseil : gardez votre batterie 12V30AV au sec gr\u00e2ce \u00e0 notre <a href=\"https:\/\/test.rebel-cell.com\/fr\/product\/battery-bag-small-2\/\" target=\"_blank\" rel=\"noopener\">sac pour batterie<\/a> !<\/p>\n<p>Code produit: 12030REUA1A<\/p>\n<p>Barcode: 8720964631271<\/p>\n<p>EAN: 8720964631271<\/p>\n","protected":false},"excerpt":{"rendered":"<p><strong>Nouveau !<\/strong> La <strong>12V30 AV<\/strong> (323Wh) est une batterie lithium-ion compacte et l\u00e9g\u00e8re (<strong>1,5kg<\/strong>) con\u00e7ue pour les profondim\u00e8tres de taille moyenne (7-9 pouces), les d\u00e9tecteurs de poissons, les canots \u00e0 app\u00e2ts, les syst\u00e8mes d&rsquo;alarme (mobiles) et bien plus encore. Elle est dot\u00e9e d&rsquo;une ing\u00e9nierie avanc\u00e9e, d&rsquo;un <strong>syst\u00e8me de gestion de batterie<\/strong> (BMS) robuste, d&rsquo;une<strong> protection \u00e9tanche IP67<\/strong> et d&rsquo;une <strong>garantie de 3 ans.<\/strong><br \/>\n<a href=\"#proddesc\">Lire la suite &gt;<\/a><\/p>\n","protected":false},"featured_media":27881,"comment_status":"open","ping_status":"closed","template":"","meta":{"_acf_changed":false},"product_brand":[],"product_cat":[1901,4439],"product_tag":[],"class_list":{"0":"post-26628","1":"product","2":"type-product","3":"status-publish","4":"has-post-thumbnail","6":"product_cat-batteries","7":"product_cat-batteries-lithium-12v-24v-36v","8":"product_shipping_class-normal-shipment","10":"first","11":"instock","12":"taxable","13":"shipping-taxable","14":"purchasable","15":"product-type-simple"},"bundled_by":["30668"],"bundle_stock_status":"instock","bundle_stock_quantity":114,"bundle_virtual":false,"bundle_layout":"","bundle_add_to_cart_form_location":"","bundle_editable_in_cart":false,"bundle_sold_individually_context":"","bundle_item_grouping":"","bundle_min_size":"","bundle_max_size":"","bundle_price":[],"bundled_items":[],"bundle_sell_ids":[],"acf":[],"yoast_head":"<!-- This site is optimized with the Yoast SEO plugin v27.1.1 - https:\/\/yoast.com\/product\/yoast-seo-wordpress\/ -->\n<title>Batterie 12V30 AV | Rebelcell | \u00c9nergie portable pour l&#039;ext\u00e9rieur<\/title>\n<meta name=\"description\" content=\"Batterie li-ion 12V30 AV. Pour sondeur, bateau \u00e0 app\u00e2ts ou sondeurs. Rebelcell. \u00c9nergie portable pour la p\u00eache \u00e0 la ligne, en plein air et en mer.\" \/>\n<meta name=\"robots\" content=\"noindex, follow, max-snippet:-1, max-image-preview:large, max-video-preview:-1\" \/>\n<meta property=\"og:locale\" content=\"fr_FR\" \/>\n<meta property=\"og:type\" content=\"article\" \/>\n<meta property=\"og:title\" content=\"Batterie 12V30 AV | Rebelcell | \u00c9nergie portable pour l&#039;ext\u00e9rieur\" \/>\n<meta property=\"og:description\" content=\"Batterie li-ion 12V30 AV. Pour sondeur, bateau \u00e0 app\u00e2ts ou sondeurs. Rebelcell. \u00c9nergie portable pour la p\u00eache \u00e0 la ligne, en plein air et en mer.\" \/>\n<meta property=\"og:url\" content=\"https:\/\/test.rebel-cell.com\/fr\/product\/batterie-lithium-12v30-av-modele-2025\/\" \/>\n<meta property=\"og:site_name\" content=\"Rebelcell\" \/>\n<meta property=\"article:publisher\" content=\"https:\/\/www.facebook.com\/rebelcelleu\" \/>\n<meta property=\"article:modified_time\" content=\"2025-06-17T10:10:37+00:00\" \/>\n<meta property=\"og:image\" content=\"https:\/\/test.rebel-cell.com\/wp-content\/uploads\/12V18AV_top_side-1.jpg\" \/>\n\t<meta property=\"og:image:width\" content=\"1500\" \/>\n\t<meta property=\"og:image:height\" content=\"1500\" \/>\n\t<meta property=\"og:image:type\" content=\"image\/jpeg\" \/>\n<meta name=\"twitter:card\" content=\"summary_large_image\" \/>\n<meta name=\"twitter:site\" content=\"@rebelcellnl\" \/>\n<meta name=\"twitter:label1\" content=\"Prix\" \/>\n\t<meta name=\"twitter:data1\" content=\"&euro;319,00\" \/>\n\t<meta name=\"twitter:label2\" content=\"Disponibilit\u00e9\" \/>\n\t<meta name=\"twitter:data2\" content=\"En stock\" \/>\n<script type=\"application\/ld+json\" class=\"yoast-schema-graph\">{\"@context\":\"https:\/\/schema.org\",\"@graph\":[{\"@type\":[\"WebPage\",\"ItemPage\"],\"@id\":\"https:\/\/test.rebel-cell.com\/fr\/product\/batterie-lithium-12v30-av-modele-2025\/\",\"url\":\"https:\/\/test.rebel-cell.com\/fr\/product\/batterie-lithium-12v30-av-modele-2025\/\",\"name\":\"Batterie 12V30 AV | Rebelcell | \u00c9nergie portable pour l'ext\u00e9rieur\",\"isPartOf\":{\"@id\":\"https:\/\/test.rebel-cell.com\/fr\/#website\"},\"primaryImageOfPage\":{\"@id\":\"https:\/\/test.rebel-cell.com\/fr\/product\/batterie-lithium-12v30-av-modele-2025\/#primaryimage\"},\"image\":{\"@id\":\"https:\/\/test.rebel-cell.com\/fr\/product\/batterie-lithium-12v30-av-modele-2025\/#primaryimage\"},\"thumbnailUrl\":\"https:\/\/test.rebel-cell.com\/wp-content\/uploads\/12V30AV_top_side-model-25.jpg\",\"datePublished\":\"2025-04-01T11:12:17+00:00\",\"dateModified\":\"2025-06-17T10:10:37+00:00\",\"description\":\"Batterie li-ion 12V30 AV. Pour sondeur, bateau \u00e0 app\u00e2ts ou sondeurs. Rebelcell. \u00c9nergie portable pour la p\u00eache \u00e0 la ligne, en plein air et en mer.\",\"breadcrumb\":{\"@id\":\"https:\/\/test.rebel-cell.com\/fr\/product\/batterie-lithium-12v30-av-modele-2025\/#breadcrumb\"},\"inLanguage\":\"fr-FR\",\"potentialAction\":[{\"@type\":\"ReadAction\",\"target\":[\"https:\/\/test.rebel-cell.com\/fr\/product\/batterie-lithium-12v30-av-modele-2025\/\"]}]},{\"@type\":\"ImageObject\",\"inLanguage\":\"fr-FR\",\"@id\":\"https:\/\/test.rebel-cell.com\/fr\/product\/batterie-lithium-12v30-av-modele-2025\/#primaryimage\",\"url\":\"https:\/\/test.rebel-cell.com\/wp-content\/uploads\/12V30AV_top_side-model-25.jpg\",\"contentUrl\":\"https:\/\/test.rebel-cell.com\/wp-content\/uploads\/12V30AV_top_side-model-25.jpg\",\"width\":2200,\"height\":2200},{\"@type\":\"BreadcrumbList\",\"@id\":\"https:\/\/test.rebel-cell.com\/fr\/product\/batterie-lithium-12v30-av-modele-2025\/#breadcrumb\",\"itemListElement\":[{\"@type\":\"ListItem\",\"position\":1,\"name\":\"Home\",\"item\":\"https:\/\/test.rebel-cell.com\/fr\/\"},{\"@type\":\"ListItem\",\"position\":2,\"name\":\"Shop\",\"item\":\"https:\/\/test.rebel-cell.com\/fr\/boutique\/\"},{\"@type\":\"ListItem\",\"position\":3,\"name\":\"Batterie Lithium 12V30 AV (mod\u00e8le 2025)\"}]},{\"@type\":\"WebSite\",\"@id\":\"https:\/\/test.rebel-cell.com\/fr\/#website\",\"url\":\"https:\/\/test.rebel-cell.com\/fr\/\",\"name\":\"Rebelcell\",\"description\":\"Rebelcell\",\"publisher\":{\"@id\":\"https:\/\/test.rebel-cell.com\/fr\/#organization\"},\"potentialAction\":[{\"@type\":\"SearchAction\",\"target\":{\"@type\":\"EntryPoint\",\"urlTemplate\":\"https:\/\/test.rebel-cell.com\/fr\/?s={search_term_string}\"},\"query-input\":{\"@type\":\"PropertyValueSpecification\",\"valueRequired\":true,\"valueName\":\"search_term_string\"}}],\"inLanguage\":\"fr-FR\"},{\"@type\":\"Organization\",\"@id\":\"https:\/\/test.rebel-cell.com\/fr\/#organization\",\"name\":\"Rebelcell\",\"url\":\"https:\/\/test.rebel-cell.com\/fr\/\",\"logo\":{\"@type\":\"ImageObject\",\"inLanguage\":\"fr-FR\",\"@id\":\"https:\/\/test.rebel-cell.com\/fr\/#\/schema\/logo\/image\/\",\"url\":\"https:\/\/test.rebel-cell.com\/wp-content\/uploads\/rebelcell-logo-300.png\",\"contentUrl\":\"https:\/\/test.rebel-cell.com\/wp-content\/uploads\/rebelcell-logo-300.png\",\"width\":300,\"height\":55,\"caption\":\"Rebelcell\"},\"image\":{\"@id\":\"https:\/\/test.rebel-cell.com\/fr\/#\/schema\/logo\/image\/\"},\"sameAs\":[\"https:\/\/www.facebook.com\/rebelcelleu\",\"https:\/\/x.com\/rebelcellnl\",\"https:\/\/www.instagram.com\/rebelcelleurope\/?hl=nl\",\"https:\/\/www.youtube.com\/channel\/UCpySQUq4xwwtqveV1f8oiFw\"]}]}<\/script>\n<meta property=\"product:price:amount\" content=\"319.00\" \/>\n<meta property=\"product:price:currency\" content=\"EUR\" \/>\n<meta property=\"og:availability\" content=\"instock\" \/>\n<meta property=\"product:availability\" content=\"instock\" \/>\n<meta property=\"product:retailer_item_id\" content=\"8720964631271\" \/>\n<meta property=\"product:condition\" content=\"new\" \/>\n<!-- \/ Yoast SEO plugin. -->","yoast_head_json":{"title":"Batterie 12V30 AV | Rebelcell | \u00c9nergie portable pour l'ext\u00e9rieur","description":"Batterie li-ion 12V30 AV. Pour sondeur, bateau \u00e0 app\u00e2ts ou sondeurs. Rebelcell. \u00c9nergie portable pour la p\u00eache \u00e0 la ligne, en plein air et en mer.","robots":{"index":"noindex","follow":"follow","max-snippet":"max-snippet:-1","max-image-preview":"max-image-preview:large","max-video-preview":"max-video-preview:-1"},"og_locale":"fr_FR","og_type":"article","og_title":"Batterie 12V30 AV | Rebelcell | \u00c9nergie portable pour l'ext\u00e9rieur","og_description":"Batterie li-ion 12V30 AV. Pour sondeur, bateau \u00e0 app\u00e2ts ou sondeurs. Rebelcell. \u00c9nergie portable pour la p\u00eache \u00e0 la ligne, en plein air et en mer.","og_url":"https:\/\/test.rebel-cell.com\/fr\/product\/batterie-lithium-12v30-av-modele-2025\/","og_site_name":"Rebelcell","article_publisher":"https:\/\/www.facebook.com\/rebelcelleu","article_modified_time":"2025-06-17T10:10:37+00:00","og_image":[{"width":1500,"height":1500,"url":"https:\/\/test.rebel-cell.com\/wp-content\/uploads\/12V18AV_top_side-1.jpg","type":"image\/jpeg"}],"twitter_card":"summary_large_image","twitter_site":"@rebelcellnl","twitter_misc":{"Prix":"&euro;319,00","Disponibilit\u00e9":"En stock"},"schema":{"@context":"https:\/\/schema.org","@graph":[{"@type":["WebPage","ItemPage"],"@id":"https:\/\/test.rebel-cell.com\/fr\/product\/batterie-lithium-12v30-av-modele-2025\/","url":"https:\/\/test.rebel-cell.com\/fr\/product\/batterie-lithium-12v30-av-modele-2025\/","name":"Batterie 12V30 AV | Rebelcell | \u00c9nergie portable pour l'ext\u00e9rieur","isPartOf":{"@id":"https:\/\/test.rebel-cell.com\/fr\/#website"},"primaryImageOfPage":{"@id":"https:\/\/test.rebel-cell.com\/fr\/product\/batterie-lithium-12v30-av-modele-2025\/#primaryimage"},"image":{"@id":"https:\/\/test.rebel-cell.com\/fr\/product\/batterie-lithium-12v30-av-modele-2025\/#primaryimage"},"thumbnailUrl":"https:\/\/test.rebel-cell.com\/wp-content\/uploads\/12V30AV_top_side-model-25.jpg","datePublished":"2025-04-01T11:12:17+00:00","dateModified":"2025-06-17T10:10:37+00:00","description":"Batterie li-ion 12V30 AV. Pour sondeur, bateau \u00e0 app\u00e2ts ou sondeurs. Rebelcell. \u00c9nergie portable pour la p\u00eache \u00e0 la ligne, en plein air et en mer.","breadcrumb":{"@id":"https:\/\/test.rebel-cell.com\/fr\/product\/batterie-lithium-12v30-av-modele-2025\/#breadcrumb"},"inLanguage":"fr-FR","potentialAction":[{"@type":"ReadAction","target":["https:\/\/test.rebel-cell.com\/fr\/product\/batterie-lithium-12v30-av-modele-2025\/"]}]},{"@type":"ImageObject","inLanguage":"fr-FR","@id":"https:\/\/test.rebel-cell.com\/fr\/product\/batterie-lithium-12v30-av-modele-2025\/#primaryimage","url":"https:\/\/test.rebel-cell.com\/wp-content\/uploads\/12V30AV_top_side-model-25.jpg","contentUrl":"https:\/\/test.rebel-cell.com\/wp-content\/uploads\/12V30AV_top_side-model-25.jpg","width":2200,"height":2200},{"@type":"BreadcrumbList","@id":"https:\/\/test.rebel-cell.com\/fr\/product\/batterie-lithium-12v30-av-modele-2025\/#breadcrumb","itemListElement":[{"@type":"ListItem","position":1,"name":"Home","item":"https:\/\/test.rebel-cell.com\/fr\/"},{"@type":"ListItem","position":2,"name":"Shop","item":"https:\/\/test.rebel-cell.com\/fr\/boutique\/"},{"@type":"ListItem","position":3,"name":"Batterie Lithium 12V30 AV (mod\u00e8le 2025)"}]},{"@type":"WebSite","@id":"https:\/\/test.rebel-cell.com\/fr\/#website","url":"https:\/\/test.rebel-cell.com\/fr\/","name":"Rebelcell","description":"Rebelcell","publisher":{"@id":"https:\/\/test.rebel-cell.com\/fr\/#organization"},"potentialAction":[{"@type":"SearchAction","target":{"@type":"EntryPoint","urlTemplate":"https:\/\/test.rebel-cell.com\/fr\/?s={search_term_string}"},"query-input":{"@type":"PropertyValueSpecification","valueRequired":true,"valueName":"search_term_string"}}],"inLanguage":"fr-FR"},{"@type":"Organization","@id":"https:\/\/test.rebel-cell.com\/fr\/#organization","name":"Rebelcell","url":"https:\/\/test.rebel-cell.com\/fr\/","logo":{"@type":"ImageObject","inLanguage":"fr-FR","@id":"https:\/\/test.rebel-cell.com\/fr\/#\/schema\/logo\/image\/","url":"https:\/\/test.rebel-cell.com\/wp-content\/uploads\/rebelcell-logo-300.png","contentUrl":"https:\/\/test.rebel-cell.com\/wp-content\/uploads\/rebelcell-logo-300.png","width":300,"height":55,"caption":"Rebelcell"},"image":{"@id":"https:\/\/test.rebel-cell.com\/fr\/#\/schema\/logo\/image\/"},"sameAs":["https:\/\/www.facebook.com\/rebelcelleu","https:\/\/x.com\/rebelcellnl","https:\/\/www.instagram.com\/rebelcelleurope\/?hl=nl","https:\/\/www.youtube.com\/channel\/UCpySQUq4xwwtqveV1f8oiFw"]}]},"product_price_amount":"319.00","product_price_currency":"EUR","og_availability":"instock","product_availability":"instock","product_retailer_item_id":"8720964631271","product_condition":"new"},"_links":{"self":[{"href":"https:\/\/test.rebel-cell.com\/fr\/wp-json\/wp\/v2\/product\/26628","targetHints":{"allow":["GET"]}}],"collection":[{"href":"https:\/\/test.rebel-cell.com\/fr\/wp-json\/wp\/v2\/product"}],"about":[{"href":"https:\/\/test.rebel-cell.com\/fr\/wp-json\/wp\/v2\/types\/product"}],"replies":[{"embeddable":true,"href":"https:\/\/test.rebel-cell.com\/fr\/wp-json\/wp\/v2\/comments?post=26628"}],"wp:featuredmedia":[{"embeddable":true,"href":"https:\/\/test.rebel-cell.com\/fr\/wp-json\/wp\/v2\/media\/27881"}],"wp:attachment":[{"href":"https:\/\/test.rebel-cell.com\/fr\/wp-json\/wp\/v2\/media?parent=26628"}],"wp:term":[{"taxonomy":"product_brand","embeddable":true,"href":"https:\/\/test.rebel-cell.com\/fr\/wp-json\/wp\/v2\/product_brand?post=26628"},{"taxonomy":"product_cat","embeddable":true,"href":"https:\/\/test.rebel-cell.com\/fr\/wp-json\/wp\/v2\/product_cat?post=26628"},{"taxonomy":"product_tag","embeddable":true,"href":"https:\/\/test.rebel-cell.com\/fr\/wp-json\/wp\/v2\/product_tag?post=26628"}],"curies":[{"name":"wp","href":"https:\/\/api.w.org\/{rel}","templated":true}]}}