{"id":26727,"date":"2025-04-03T14:56:47","date_gmt":"2025-04-03T12:56:47","guid":{"rendered":"https:\/\/test.rebel-cell.com\/?post_type=product&#038;p=26727"},"modified":"2026-01-01T01:21:32","modified_gmt":"2026-01-01T00:21:32","slug":"power-rebel-26k-model-2025","status":"publish","type":"product","link":"https:\/\/test.rebel-cell.com\/fr\/product\/power-rebel-26k-model-2025\/","title":{"rendered":"Power Rebel 26K (Model 2025)"},"content":{"rendered":"<h2>Description du produit Rebelcell Power Rebel 26K<\/h2>\n<p>Le <strong>Power Rebel 26K<\/strong> est un banc d&rsquo;alimentation solaire de grande capacit\u00e9 <strong>(26800 mAh \/ 99 Wh)<\/strong> pour une utilisation en ext\u00e9rieur. Il charge simultan\u00e9ment jusqu&rsquo;\u00e0 3 appareils via les prises 1x USB-A standard et 1x USB-C \/ 1x USB-A fastcharge. Avec ce powerbank, vous pouvez charger votre <strong>tablette 3 fois<\/strong> et votre <strong>t\u00e9l\u00e9phone jusqu&rsquo;\u00e0 9 fois !<\/strong> Les caract\u00e9ristiques du Power Rebel 26K ;<\/p>\n<ul>\n<li>Chargement sans fil<\/li>\n<li>Chargement rapide<\/li>\n<li>Panneau solaire<\/li>\n<li>Lumi\u00e8re LED en 4 modes (projecteur, standard, SOS et lampe de poche)<\/li>\n<li>Indicateur d&rsquo;\u00e9tat de charge<\/li>\n<li>Bo\u00eetier r\u00e9sistant aux intemp\u00e9ries et aux chocs<\/li>\n<\/ul>\n<p>Le Power Rebel 26K est conforme aux directives de transport de l&rsquo;IATA et peut \u00eatre transport\u00e9 \u00e0 bord d&rsquo;un avion dans votre bagage \u00e0 main.<\/p>\n<p>Astuce : Avec notre <a href=\"https:\/\/test.rebel-cell.com\/fr\/product\/power-rebel-48k-2\/\" target=\"_blank\" rel=\"noopener\">Power Rebel 48k<\/a>, vous pouvez recharger votre t\u00e9l\u00e9phone jusqu&rsquo;\u00e0 15 fois et vous disposez \u00e9galement d&rsquo;une prise 12V !<\/p>\n<p>Code produit: PWRREBEL26K<\/p>\n<p>Barcode: 8720964630083<\/p>\n<p>EAN: 8720964630083<\/p>\n","protected":false},"excerpt":{"rendered":"<p>Le <strong>Power Rebel 26K<\/strong> est un banc d&rsquo;alimentation solaire de grande capacit\u00e9 (26800 mAh \/ 99 Wh) pour une utilisation en ext\u00e9rieur. Il charge simultan\u00e9ment jusqu&rsquo;\u00e0 3 appareils via les prises de charge rapide 1x USB-A standard et 1x USB-C \/ 1x USB-A.<br \/>\n<a href=\"#proddesc\">Lire la suite &gt;<\/a><\/p>\n","protected":false},"featured_media":26782,"comment_status":"open","ping_status":"closed","template":"","meta":{"_acf_changed":false},"product_brand":[],"product_cat":[1909,4124],"product_tag":[],"class_list":{"0":"post-26727","1":"product","2":"type-product","3":"status-publish","4":"has-post-thumbnail","6":"product_cat-powerbanks-fr","7":"product_cat-offres","8":"product_shipping_class-normal-shipment","10":"first","11":"instock","12":"sale","13":"taxable","14":"shipping-taxable","15":"purchasable","16":"product-type-simple"},"bundled_by":[],"bundle_stock_status":"instock","bundle_stock_quantity":698,"bundle_virtual":false,"bundle_layout":"","bundle_add_to_cart_form_location":"","bundle_editable_in_cart":false,"bundle_sold_individually_context":"","bundle_item_grouping":"","bundle_min_size":"","bundle_max_size":"","bundle_price":[],"bundled_items":[],"bundle_sell_ids":[],"acf":[],"yoast_head":"<!-- This site is optimized with the Yoast SEO plugin v27.1.1 - https:\/\/yoast.com\/product\/yoast-seo-wordpress\/ -->\n<title>Chargeur solaire 26K | Rebelcell | \u00c9nergie portable pour l&#039;ext\u00e9rieur<\/title>\n<meta name=\"description\" content=\"Chargeur solaire \u00e0 haute capacit\u00e9 super rapide pour l&#039;ext\u00e9rieur. Rebelcell. \u00c9nergie portable pour la p\u00eache \u00e0 la ligne, l\u2019e-boating, le plein air et les loisirs.\" \/>\n<meta name=\"robots\" content=\"noindex, follow, max-snippet:-1, max-image-preview:large, max-video-preview:-1\" \/>\n<meta property=\"og:locale\" content=\"fr_FR\" \/>\n<meta property=\"og:type\" content=\"article\" \/>\n<meta property=\"og:title\" content=\"Chargeur solaire 26K | Rebelcell | \u00c9nergie portable pour l&#039;ext\u00e9rieur\" \/>\n<meta property=\"og:description\" content=\"Chargeur solaire \u00e0 haute capacit\u00e9 super rapide pour l&#039;ext\u00e9rieur. Rebelcell. \u00c9nergie portable pour la p\u00eache \u00e0 la ligne, l\u2019e-boating, le plein air et les loisirs.\" \/>\n<meta property=\"og:url\" content=\"https:\/\/test.rebel-cell.com\/fr\/product\/power-rebel-26k-model-2025\/\" \/>\n<meta property=\"og:site_name\" content=\"Rebelcell\" \/>\n<meta property=\"article:publisher\" content=\"https:\/\/www.facebook.com\/rebelcelleu\" \/>\n<meta property=\"article:modified_time\" content=\"2026-01-01T00:21:32+00:00\" \/>\n<meta property=\"og:image\" content=\"https:\/\/test.rebel-cell.com\/wp-content\/uploads\/Power_Rebel_26K_2025_back_LEDon.jpg\" \/>\n\t<meta property=\"og:image:width\" content=\"1500\" \/>\n\t<meta property=\"og:image:height\" content=\"1500\" \/>\n\t<meta property=\"og:image:type\" content=\"image\/jpeg\" \/>\n<meta name=\"twitter:card\" content=\"summary_large_image\" \/>\n<meta name=\"twitter:site\" content=\"@rebelcellnl\" \/>\n<meta name=\"twitter:label1\" content=\"Prix\" \/>\n\t<meta name=\"twitter:data1\" content=\"&euro;99,00\" \/>\n\t<meta name=\"twitter:label2\" content=\"Disponibilit\u00e9\" \/>\n\t<meta name=\"twitter:data2\" content=\"En stock\" \/>\n<script type=\"application\/ld+json\" class=\"yoast-schema-graph\">{\"@context\":\"https:\/\/schema.org\",\"@graph\":[{\"@type\":[\"WebPage\",\"ItemPage\"],\"@id\":\"https:\/\/test.rebel-cell.com\/fr\/product\/power-rebel-26k-model-2025\/\",\"url\":\"https:\/\/test.rebel-cell.com\/fr\/product\/power-rebel-26k-model-2025\/\",\"name\":\"Chargeur solaire 26K | Rebelcell | \u00c9nergie portable pour l'ext\u00e9rieur\",\"isPartOf\":{\"@id\":\"https:\/\/test.rebel-cell.com\/fr\/#website\"},\"primaryImageOfPage\":{\"@id\":\"https:\/\/test.rebel-cell.com\/fr\/product\/power-rebel-26k-model-2025\/#primaryimage\"},\"image\":{\"@id\":\"https:\/\/test.rebel-cell.com\/fr\/product\/power-rebel-26k-model-2025\/#primaryimage\"},\"thumbnailUrl\":\"https:\/\/test.rebel-cell.com\/wp-content\/uploads\/Power_Rebel_26K_2025_back_LEDon.jpg\",\"datePublished\":\"2025-04-03T12:56:47+00:00\",\"dateModified\":\"2026-01-01T00:21:32+00:00\",\"description\":\"Chargeur solaire \u00e0 haute capacit\u00e9 super rapide pour l'ext\u00e9rieur. Rebelcell. \u00c9nergie portable pour la p\u00eache \u00e0 la ligne, l\u2019e-boating, le plein air et les loisirs.\",\"breadcrumb\":{\"@id\":\"https:\/\/test.rebel-cell.com\/fr\/product\/power-rebel-26k-model-2025\/#breadcrumb\"},\"inLanguage\":\"fr-FR\",\"potentialAction\":[{\"@type\":\"ReadAction\",\"target\":[\"https:\/\/test.rebel-cell.com\/fr\/product\/power-rebel-26k-model-2025\/\"]}]},{\"@type\":\"ImageObject\",\"inLanguage\":\"fr-FR\",\"@id\":\"https:\/\/test.rebel-cell.com\/fr\/product\/power-rebel-26k-model-2025\/#primaryimage\",\"url\":\"https:\/\/test.rebel-cell.com\/wp-content\/uploads\/Power_Rebel_26K_2025_back_LEDon.jpg\",\"contentUrl\":\"https:\/\/test.rebel-cell.com\/wp-content\/uploads\/Power_Rebel_26K_2025_back_LEDon.jpg\",\"width\":1500,\"height\":1500},{\"@type\":\"BreadcrumbList\",\"@id\":\"https:\/\/test.rebel-cell.com\/fr\/product\/power-rebel-26k-model-2025\/#breadcrumb\",\"itemListElement\":[{\"@type\":\"ListItem\",\"position\":1,\"name\":\"Home\",\"item\":\"https:\/\/test.rebel-cell.com\/fr\/\"},{\"@type\":\"ListItem\",\"position\":2,\"name\":\"Shop\",\"item\":\"https:\/\/test.rebel-cell.com\/fr\/boutique\/\"},{\"@type\":\"ListItem\",\"position\":3,\"name\":\"Power Rebel 26K (Model 2025)\"}]},{\"@type\":\"WebSite\",\"@id\":\"https:\/\/test.rebel-cell.com\/fr\/#website\",\"url\":\"https:\/\/test.rebel-cell.com\/fr\/\",\"name\":\"Rebelcell\",\"description\":\"Rebelcell\",\"publisher\":{\"@id\":\"https:\/\/test.rebel-cell.com\/fr\/#organization\"},\"potentialAction\":[{\"@type\":\"SearchAction\",\"target\":{\"@type\":\"EntryPoint\",\"urlTemplate\":\"https:\/\/test.rebel-cell.com\/fr\/?s={search_term_string}\"},\"query-input\":{\"@type\":\"PropertyValueSpecification\",\"valueRequired\":true,\"valueName\":\"search_term_string\"}}],\"inLanguage\":\"fr-FR\"},{\"@type\":\"Organization\",\"@id\":\"https:\/\/test.rebel-cell.com\/fr\/#organization\",\"name\":\"Rebelcell\",\"url\":\"https:\/\/test.rebel-cell.com\/fr\/\",\"logo\":{\"@type\":\"ImageObject\",\"inLanguage\":\"fr-FR\",\"@id\":\"https:\/\/test.rebel-cell.com\/fr\/#\/schema\/logo\/image\/\",\"url\":\"https:\/\/test.rebel-cell.com\/wp-content\/uploads\/rebelcell-logo-300.png\",\"contentUrl\":\"https:\/\/test.rebel-cell.com\/wp-content\/uploads\/rebelcell-logo-300.png\",\"width\":300,\"height\":55,\"caption\":\"Rebelcell\"},\"image\":{\"@id\":\"https:\/\/test.rebel-cell.com\/fr\/#\/schema\/logo\/image\/\"},\"sameAs\":[\"https:\/\/www.facebook.com\/rebelcelleu\",\"https:\/\/x.com\/rebelcellnl\",\"https:\/\/www.instagram.com\/rebelcelleurope\/?hl=nl\",\"https:\/\/www.youtube.com\/channel\/UCpySQUq4xwwtqveV1f8oiFw\"]}]}<\/script>\n<meta property=\"product:price:amount\" content=\"99.00\" \/>\n<meta property=\"product:price:currency\" content=\"EUR\" \/>\n<meta property=\"og:availability\" content=\"instock\" \/>\n<meta property=\"product:availability\" content=\"instock\" \/>\n<meta property=\"product:retailer_item_id\" content=\"8720964630083\" \/>\n<meta property=\"product:condition\" content=\"new\" \/>\n<!-- \/ Yoast SEO plugin. -->","yoast_head_json":{"title":"Chargeur solaire 26K | Rebelcell | \u00c9nergie portable pour l'ext\u00e9rieur","description":"Chargeur solaire \u00e0 haute capacit\u00e9 super rapide pour l'ext\u00e9rieur. Rebelcell. \u00c9nergie portable pour la p\u00eache \u00e0 la ligne, l\u2019e-boating, le plein air et les loisirs.","robots":{"index":"noindex","follow":"follow","max-snippet":"max-snippet:-1","max-image-preview":"max-image-preview:large","max-video-preview":"max-video-preview:-1"},"og_locale":"fr_FR","og_type":"article","og_title":"Chargeur solaire 26K | Rebelcell | \u00c9nergie portable pour l'ext\u00e9rieur","og_description":"Chargeur solaire \u00e0 haute capacit\u00e9 super rapide pour l'ext\u00e9rieur. Rebelcell. \u00c9nergie portable pour la p\u00eache \u00e0 la ligne, l\u2019e-boating, le plein air et les loisirs.","og_url":"https:\/\/test.rebel-cell.com\/fr\/product\/power-rebel-26k-model-2025\/","og_site_name":"Rebelcell","article_publisher":"https:\/\/www.facebook.com\/rebelcelleu","article_modified_time":"2026-01-01T00:21:32+00:00","og_image":[{"width":1500,"height":1500,"url":"https:\/\/test.rebel-cell.com\/wp-content\/uploads\/Power_Rebel_26K_2025_back_LEDon.jpg","type":"image\/jpeg"}],"twitter_card":"summary_large_image","twitter_site":"@rebelcellnl","twitter_misc":{"Prix":"&euro;99,00","Disponibilit\u00e9":"En stock"},"schema":{"@context":"https:\/\/schema.org","@graph":[{"@type":["WebPage","ItemPage"],"@id":"https:\/\/test.rebel-cell.com\/fr\/product\/power-rebel-26k-model-2025\/","url":"https:\/\/test.rebel-cell.com\/fr\/product\/power-rebel-26k-model-2025\/","name":"Chargeur solaire 26K | Rebelcell | \u00c9nergie portable pour l'ext\u00e9rieur","isPartOf":{"@id":"https:\/\/test.rebel-cell.com\/fr\/#website"},"primaryImageOfPage":{"@id":"https:\/\/test.rebel-cell.com\/fr\/product\/power-rebel-26k-model-2025\/#primaryimage"},"image":{"@id":"https:\/\/test.rebel-cell.com\/fr\/product\/power-rebel-26k-model-2025\/#primaryimage"},"thumbnailUrl":"https:\/\/test.rebel-cell.com\/wp-content\/uploads\/Power_Rebel_26K_2025_back_LEDon.jpg","datePublished":"2025-04-03T12:56:47+00:00","dateModified":"2026-01-01T00:21:32+00:00","description":"Chargeur solaire \u00e0 haute capacit\u00e9 super rapide pour l'ext\u00e9rieur. Rebelcell. \u00c9nergie portable pour la p\u00eache \u00e0 la ligne, l\u2019e-boating, le plein air et les loisirs.","breadcrumb":{"@id":"https:\/\/test.rebel-cell.com\/fr\/product\/power-rebel-26k-model-2025\/#breadcrumb"},"inLanguage":"fr-FR","potentialAction":[{"@type":"ReadAction","target":["https:\/\/test.rebel-cell.com\/fr\/product\/power-rebel-26k-model-2025\/"]}]},{"@type":"ImageObject","inLanguage":"fr-FR","@id":"https:\/\/test.rebel-cell.com\/fr\/product\/power-rebel-26k-model-2025\/#primaryimage","url":"https:\/\/test.rebel-cell.com\/wp-content\/uploads\/Power_Rebel_26K_2025_back_LEDon.jpg","contentUrl":"https:\/\/test.rebel-cell.com\/wp-content\/uploads\/Power_Rebel_26K_2025_back_LEDon.jpg","width":1500,"height":1500},{"@type":"BreadcrumbList","@id":"https:\/\/test.rebel-cell.com\/fr\/product\/power-rebel-26k-model-2025\/#breadcrumb","itemListElement":[{"@type":"ListItem","position":1,"name":"Home","item":"https:\/\/test.rebel-cell.com\/fr\/"},{"@type":"ListItem","position":2,"name":"Shop","item":"https:\/\/test.rebel-cell.com\/fr\/boutique\/"},{"@type":"ListItem","position":3,"name":"Power Rebel 26K (Model 2025)"}]},{"@type":"WebSite","@id":"https:\/\/test.rebel-cell.com\/fr\/#website","url":"https:\/\/test.rebel-cell.com\/fr\/","name":"Rebelcell","description":"Rebelcell","publisher":{"@id":"https:\/\/test.rebel-cell.com\/fr\/#organization"},"potentialAction":[{"@type":"SearchAction","target":{"@type":"EntryPoint","urlTemplate":"https:\/\/test.rebel-cell.com\/fr\/?s={search_term_string}"},"query-input":{"@type":"PropertyValueSpecification","valueRequired":true,"valueName":"search_term_string"}}],"inLanguage":"fr-FR"},{"@type":"Organization","@id":"https:\/\/test.rebel-cell.com\/fr\/#organization","name":"Rebelcell","url":"https:\/\/test.rebel-cell.com\/fr\/","logo":{"@type":"ImageObject","inLanguage":"fr-FR","@id":"https:\/\/test.rebel-cell.com\/fr\/#\/schema\/logo\/image\/","url":"https:\/\/test.rebel-cell.com\/wp-content\/uploads\/rebelcell-logo-300.png","contentUrl":"https:\/\/test.rebel-cell.com\/wp-content\/uploads\/rebelcell-logo-300.png","width":300,"height":55,"caption":"Rebelcell"},"image":{"@id":"https:\/\/test.rebel-cell.com\/fr\/#\/schema\/logo\/image\/"},"sameAs":["https:\/\/www.facebook.com\/rebelcelleu","https:\/\/x.com\/rebelcellnl","https:\/\/www.instagram.com\/rebelcelleurope\/?hl=nl","https:\/\/www.youtube.com\/channel\/UCpySQUq4xwwtqveV1f8oiFw"]}]},"product_price_amount":"99.00","product_price_currency":"EUR","og_availability":"instock","product_availability":"instock","product_retailer_item_id":"8720964630083","product_condition":"new"},"_links":{"self":[{"href":"https:\/\/test.rebel-cell.com\/fr\/wp-json\/wp\/v2\/product\/26727","targetHints":{"allow":["GET"]}}],"collection":[{"href":"https:\/\/test.rebel-cell.com\/fr\/wp-json\/wp\/v2\/product"}],"about":[{"href":"https:\/\/test.rebel-cell.com\/fr\/wp-json\/wp\/v2\/types\/product"}],"replies":[{"embeddable":true,"href":"https:\/\/test.rebel-cell.com\/fr\/wp-json\/wp\/v2\/comments?post=26727"}],"wp:featuredmedia":[{"embeddable":true,"href":"https:\/\/test.rebel-cell.com\/fr\/wp-json\/wp\/v2\/media\/26782"}],"wp:attachment":[{"href":"https:\/\/test.rebel-cell.com\/fr\/wp-json\/wp\/v2\/media?parent=26727"}],"wp:term":[{"taxonomy":"product_brand","embeddable":true,"href":"https:\/\/test.rebel-cell.com\/fr\/wp-json\/wp\/v2\/product_brand?post=26727"},{"taxonomy":"product_cat","embeddable":true,"href":"https:\/\/test.rebel-cell.com\/fr\/wp-json\/wp\/v2\/product_cat?post=26727"},{"taxonomy":"product_tag","embeddable":true,"href":"https:\/\/test.rebel-cell.com\/fr\/wp-json\/wp\/v2\/product_tag?post=26727"}],"curies":[{"name":"wp","href":"https:\/\/api.w.org\/{rel}","templated":true}]}}