{"id":27483,"date":"2025-05-29T13:21:37","date_gmt":"2025-05-29T11:21:37","guid":{"rendered":"https:\/\/test.rebel-cell.com\/?post_type=product&#038;p=27483"},"modified":"2025-08-05T10:14:38","modified_gmt":"2025-08-05T08:14:38","slug":"chargeur-42v20a-lithium-etanche-ip65-copy","status":"publish","type":"product","link":"https:\/\/test.rebel-cell.com\/fr\/product\/chargeur-42v20a-lithium-etanche-ip65-copy\/","title":{"rendered":"Chargeur 42V20A Lithium \u00e9tanche (IP65) (Copy)"},"content":{"rendered":"<h2 data-start=\"232\" data-end=\"308\"><strong data-start=\"232\" data-end=\"306\">DESCRIPTION DU PRODUIT CHARGEUR DE BATTERIE REBELCELL 43.8V20A \u00c9TANCHE<\/strong><\/h2>\n<p data-start=\"310\" data-end=\"723\">Le chargeur de batterie <strong data-start=\"334\" data-end=\"369\">LiFePO4 43.8V20A \u00e9tanche (IP65)<\/strong> a \u00e9t\u00e9 sp\u00e9cialement con\u00e7u pour charger les batteries <strong data-start=\"422\" data-end=\"455\">Rebelcell 36V105 EDGE LiFePO4<\/strong>. Le programme de charge sp\u00e9cialement d\u00e9velopp\u00e9 garantit que votre batterie est automatiquement charg\u00e9e en toute s\u00e9curit\u00e9 avec le profil de charge correct (tension \/ courant de charge). Le chargeur s\u2019\u00e9teint automatiquement lorsque le processus de charge est termin\u00e9.<\/p>\n<p data-start=\"725\" data-end=\"1209\">Vous pouvez facilement contr\u00f4ler l\u2019\u00e9tat du processus de charge gr\u00e2ce \u00e0 l\u2019indicateur LED situ\u00e9 sur le chargeur. Le chargeur est \u00e9quip\u00e9 de plusieurs fonctions de protection telles que la protection contre les courts-circuits, l\u2019inversion de polarit\u00e9 et la surtension, ce qui vous permet d\u2019utiliser votre chargeur en toute s\u00e9curit\u00e9 dans n\u2019importe quelle situation. Ce chargeur est scell\u00e9 avec de la r\u00e9sine \u00e9poxy, ce qui le rend id\u00e9al pour une installation permanente dans votre bateau.<\/p>\n<p data-start=\"1211\" data-end=\"1488\">Ce chargeur est uniquement con\u00e7u pour charger une batterie <strong data-start=\"1270\" data-end=\"1303\">Rebelcell 36V105 EDGE LiFePO4<\/strong>. Si vous chargez d\u2019autres batteries que celles sp\u00e9cifi\u00e9es, des dommages (irr\u00e9parables) peuvent survenir. Vous pouvez trouver plus d\u2019informations dans notre <strong data-start=\"1460\" data-end=\"1485\">base de connaissances<\/strong>.<\/p>\n<p data-start=\"1490\" data-end=\"1538\"><strong data-start=\"1490\" data-end=\"1509\">Temps de charge<\/strong><br data-start=\"1509\" data-end=\"1512\" \/>36V105 EDGE\u202f: <strong data-start=\"1526\" data-end=\"1536\">9-10\u202fh<\/strong><\/p>\n<p data-start=\"1540\" data-end=\"1628\"><strong data-start=\"1540\" data-end=\"1558\">Code produit\u202f:<\/strong> WC43V20REUA<br data-start=\"1570\" data-end=\"1573\" \/><strong data-start=\"1573\" data-end=\"1586\">Barcode\u202f:<\/strong> 8720964631233<br data-start=\"1600\" data-end=\"1603\" \/><strong data-start=\"1603\" data-end=\"1612\">EAN\u202f:<\/strong> 8720964631233<\/p>\n","protected":false},"excerpt":{"rendered":"<p><strong data-start=\"95\" data-end=\"110\">NOUVEAUT\u00c9\u202f!<\/strong> Le chargeur <strong data-start=\"123\" data-end=\"158\">LiFePO4 43.8V20A \u00e9tanche (IP65)<\/strong> a \u00e9t\u00e9 sp\u00e9cialement con\u00e7u pour charger les batteries <strong data-start=\"211\" data-end=\"244\">Rebelcell 36V105 EDGE LiFePO4<\/strong>. Son programme de charge d\u00e9di\u00e9 garantit une charge s\u00fbre et automatique avec le profil correct (tension \/ courant de charge). Une batterie <strong data-start=\"383\" data-end=\"406\">36V105 EDGE LiFePO4<\/strong> peut \u00eatre enti\u00e8rement charg\u00e9e en <strong data-start=\"440\" data-end=\"457\" data-is-only-node=\"\">9 \u00e0 10 heures<\/strong>. Ce chargeur est scell\u00e9 avec de la r\u00e9sine \u00e9poxy, ce qui le rend id\u00e9al pour une installation permanente dans votre bateau.<br \/>\n<a href=\"#proddesc\">Lire la suite &gt;<\/a><\/p>\n","protected":false},"featured_media":27898,"comment_status":"open","ping_status":"closed","template":"","meta":{"_acf_changed":false},"product_brand":[],"product_cat":[1903,4445],"product_tag":[4090],"class_list":{"0":"post-27483","1":"product","2":"type-product","3":"status-publish","4":"has-post-thumbnail","6":"product_cat-chargeurs","7":"product_cat-chargeurs-ac","8":"product_tag-7106623686157-fr","9":"product_shipping_class-normal-shipment","11":"first","12":"instock","13":"taxable","14":"shipping-taxable","15":"purchasable","16":"product-type-simple"},"bundled_by":["30696"],"bundle_stock_status":"instock","bundle_stock_quantity":22,"bundle_virtual":false,"bundle_layout":"","bundle_add_to_cart_form_location":"","bundle_editable_in_cart":false,"bundle_sold_individually_context":"","bundle_item_grouping":"","bundle_min_size":"","bundle_max_size":"","bundle_price":[],"bundled_items":[],"bundle_sell_ids":[],"acf":[],"yoast_head":"<!-- This site is optimized with the Yoast SEO plugin v27.1.1 - https:\/\/yoast.com\/product\/yoast-seo-wordpress\/ -->\n<title>Chargeur 42V20A \u00e9tanche | Rebelcell | \u00c9nergie portable pour l&#039;ext\u00e9rieur<\/title>\n<meta name=\"description\" content=\"Chargeur \u00e9tanche 42V20A. Chargez rapidement et en toute s\u00e9curit\u00e9 la batterie li-ion 36V70. Rebelcell. \u00c9nergie portable pour la p\u00eache \u00e0 la ligne, en plein air et en mer.\" \/>\n<meta name=\"robots\" content=\"noindex, follow, max-snippet:-1, max-image-preview:large, max-video-preview:-1\" \/>\n<meta property=\"og:locale\" content=\"fr_FR\" \/>\n<meta property=\"og:type\" content=\"article\" \/>\n<meta property=\"og:title\" content=\"Chargeur 42V20A \u00e9tanche | Rebelcell | \u00c9nergie portable pour l&#039;ext\u00e9rieur\" \/>\n<meta property=\"og:description\" content=\"Chargeur \u00e9tanche 42V20A. Chargez rapidement et en toute s\u00e9curit\u00e9 la batterie li-ion 36V70. Rebelcell. \u00c9nergie portable pour la p\u00eache \u00e0 la ligne, en plein air et en mer.\" \/>\n<meta property=\"og:url\" content=\"https:\/\/test.rebel-cell.com\/fr\/product\/chargeur-42v20a-lithium-etanche-ip65-copy\/\" \/>\n<meta property=\"og:site_name\" content=\"Rebelcell\" \/>\n<meta property=\"article:publisher\" content=\"https:\/\/www.facebook.com\/rebelcelleu\" \/>\n<meta property=\"article:modified_time\" content=\"2025-08-05T08:14:38+00:00\" \/>\n<meta property=\"og:image\" content=\"https:\/\/test.rebel-cell.com\/wp-content\/uploads\/Charger_WP_43.8V20A_overview.jpg\" \/>\n\t<meta property=\"og:image:width\" content=\"2200\" \/>\n\t<meta property=\"og:image:height\" content=\"2200\" \/>\n\t<meta property=\"og:image:type\" content=\"image\/jpeg\" \/>\n<meta name=\"twitter:card\" content=\"summary_large_image\" \/>\n<meta name=\"twitter:site\" content=\"@rebelcellnl\" \/>\n<meta name=\"twitter:label1\" content=\"Prix\" \/>\n\t<meta name=\"twitter:data1\" content=\"&euro;399,00\" \/>\n\t<meta name=\"twitter:label2\" content=\"Disponibilit\u00e9\" \/>\n\t<meta name=\"twitter:data2\" content=\"En stock\" \/>\n<script type=\"application\/ld+json\" class=\"yoast-schema-graph\">{\"@context\":\"https:\/\/schema.org\",\"@graph\":[{\"@type\":[\"WebPage\",\"ItemPage\"],\"@id\":\"https:\/\/test.rebel-cell.com\/fr\/product\/chargeur-42v20a-lithium-etanche-ip65-copy\/\",\"url\":\"https:\/\/test.rebel-cell.com\/fr\/product\/chargeur-42v20a-lithium-etanche-ip65-copy\/\",\"name\":\"Chargeur 42V20A \u00e9tanche | Rebelcell | \u00c9nergie portable pour l'ext\u00e9rieur\",\"isPartOf\":{\"@id\":\"https:\/\/test.rebel-cell.com\/fr\/#website\"},\"primaryImageOfPage\":{\"@id\":\"https:\/\/test.rebel-cell.com\/fr\/product\/chargeur-42v20a-lithium-etanche-ip65-copy\/#primaryimage\"},\"image\":{\"@id\":\"https:\/\/test.rebel-cell.com\/fr\/product\/chargeur-42v20a-lithium-etanche-ip65-copy\/#primaryimage\"},\"thumbnailUrl\":\"https:\/\/test.rebel-cell.com\/wp-content\/uploads\/Charger_WP_43.8V20A_overview.jpg\",\"datePublished\":\"2025-05-29T11:21:37+00:00\",\"dateModified\":\"2025-08-05T08:14:38+00:00\",\"description\":\"Chargeur \u00e9tanche 42V20A. Chargez rapidement et en toute s\u00e9curit\u00e9 la batterie li-ion 36V70. Rebelcell. \u00c9nergie portable pour la p\u00eache \u00e0 la ligne, en plein air et en mer.\",\"breadcrumb\":{\"@id\":\"https:\/\/test.rebel-cell.com\/fr\/product\/chargeur-42v20a-lithium-etanche-ip65-copy\/#breadcrumb\"},\"inLanguage\":\"fr-FR\",\"potentialAction\":[{\"@type\":\"ReadAction\",\"target\":[\"https:\/\/test.rebel-cell.com\/fr\/product\/chargeur-42v20a-lithium-etanche-ip65-copy\/\"]}]},{\"@type\":\"ImageObject\",\"inLanguage\":\"fr-FR\",\"@id\":\"https:\/\/test.rebel-cell.com\/fr\/product\/chargeur-42v20a-lithium-etanche-ip65-copy\/#primaryimage\",\"url\":\"https:\/\/test.rebel-cell.com\/wp-content\/uploads\/Charger_WP_43.8V20A_overview.jpg\",\"contentUrl\":\"https:\/\/test.rebel-cell.com\/wp-content\/uploads\/Charger_WP_43.8V20A_overview.jpg\",\"width\":2200,\"height\":2200},{\"@type\":\"BreadcrumbList\",\"@id\":\"https:\/\/test.rebel-cell.com\/fr\/product\/chargeur-42v20a-lithium-etanche-ip65-copy\/#breadcrumb\",\"itemListElement\":[{\"@type\":\"ListItem\",\"position\":1,\"name\":\"Home\",\"item\":\"https:\/\/test.rebel-cell.com\/fr\/\"},{\"@type\":\"ListItem\",\"position\":2,\"name\":\"Shop\",\"item\":\"https:\/\/test.rebel-cell.com\/fr\/boutique\/\"},{\"@type\":\"ListItem\",\"position\":3,\"name\":\"Chargeur 42V20A Lithium \u00e9tanche (IP65) (Copy)\"}]},{\"@type\":\"WebSite\",\"@id\":\"https:\/\/test.rebel-cell.com\/fr\/#website\",\"url\":\"https:\/\/test.rebel-cell.com\/fr\/\",\"name\":\"Rebelcell\",\"description\":\"Rebelcell\",\"publisher\":{\"@id\":\"https:\/\/test.rebel-cell.com\/fr\/#organization\"},\"potentialAction\":[{\"@type\":\"SearchAction\",\"target\":{\"@type\":\"EntryPoint\",\"urlTemplate\":\"https:\/\/test.rebel-cell.com\/fr\/?s={search_term_string}\"},\"query-input\":{\"@type\":\"PropertyValueSpecification\",\"valueRequired\":true,\"valueName\":\"search_term_string\"}}],\"inLanguage\":\"fr-FR\"},{\"@type\":\"Organization\",\"@id\":\"https:\/\/test.rebel-cell.com\/fr\/#organization\",\"name\":\"Rebelcell\",\"url\":\"https:\/\/test.rebel-cell.com\/fr\/\",\"logo\":{\"@type\":\"ImageObject\",\"inLanguage\":\"fr-FR\",\"@id\":\"https:\/\/test.rebel-cell.com\/fr\/#\/schema\/logo\/image\/\",\"url\":\"https:\/\/test.rebel-cell.com\/wp-content\/uploads\/rebelcell-logo-300.png\",\"contentUrl\":\"https:\/\/test.rebel-cell.com\/wp-content\/uploads\/rebelcell-logo-300.png\",\"width\":300,\"height\":55,\"caption\":\"Rebelcell\"},\"image\":{\"@id\":\"https:\/\/test.rebel-cell.com\/fr\/#\/schema\/logo\/image\/\"},\"sameAs\":[\"https:\/\/www.facebook.com\/rebelcelleu\",\"https:\/\/x.com\/rebelcellnl\",\"https:\/\/www.instagram.com\/rebelcelleurope\/?hl=nl\",\"https:\/\/www.youtube.com\/channel\/UCpySQUq4xwwtqveV1f8oiFw\"]}]}<\/script>\n<meta property=\"product:price:amount\" content=\"399.00\" \/>\n<meta property=\"product:price:currency\" content=\"EUR\" \/>\n<meta property=\"og:availability\" content=\"instock\" \/>\n<meta property=\"product:availability\" content=\"instock\" \/>\n<meta property=\"product:retailer_item_id\" content=\"8720964631233\" \/>\n<meta property=\"product:condition\" content=\"new\" \/>\n<!-- \/ Yoast SEO plugin. -->","yoast_head_json":{"title":"Chargeur 42V20A \u00e9tanche | Rebelcell | \u00c9nergie portable pour l'ext\u00e9rieur","description":"Chargeur \u00e9tanche 42V20A. Chargez rapidement et en toute s\u00e9curit\u00e9 la batterie li-ion 36V70. Rebelcell. \u00c9nergie portable pour la p\u00eache \u00e0 la ligne, en plein air et en mer.","robots":{"index":"noindex","follow":"follow","max-snippet":"max-snippet:-1","max-image-preview":"max-image-preview:large","max-video-preview":"max-video-preview:-1"},"og_locale":"fr_FR","og_type":"article","og_title":"Chargeur 42V20A \u00e9tanche | Rebelcell | \u00c9nergie portable pour l'ext\u00e9rieur","og_description":"Chargeur \u00e9tanche 42V20A. Chargez rapidement et en toute s\u00e9curit\u00e9 la batterie li-ion 36V70. Rebelcell. \u00c9nergie portable pour la p\u00eache \u00e0 la ligne, en plein air et en mer.","og_url":"https:\/\/test.rebel-cell.com\/fr\/product\/chargeur-42v20a-lithium-etanche-ip65-copy\/","og_site_name":"Rebelcell","article_publisher":"https:\/\/www.facebook.com\/rebelcelleu","article_modified_time":"2025-08-05T08:14:38+00:00","og_image":[{"width":2200,"height":2200,"url":"https:\/\/test.rebel-cell.com\/wp-content\/uploads\/Charger_WP_43.8V20A_overview.jpg","type":"image\/jpeg"}],"twitter_card":"summary_large_image","twitter_site":"@rebelcellnl","twitter_misc":{"Prix":"&euro;399,00","Disponibilit\u00e9":"En stock"},"schema":{"@context":"https:\/\/schema.org","@graph":[{"@type":["WebPage","ItemPage"],"@id":"https:\/\/test.rebel-cell.com\/fr\/product\/chargeur-42v20a-lithium-etanche-ip65-copy\/","url":"https:\/\/test.rebel-cell.com\/fr\/product\/chargeur-42v20a-lithium-etanche-ip65-copy\/","name":"Chargeur 42V20A \u00e9tanche | Rebelcell | \u00c9nergie portable pour l'ext\u00e9rieur","isPartOf":{"@id":"https:\/\/test.rebel-cell.com\/fr\/#website"},"primaryImageOfPage":{"@id":"https:\/\/test.rebel-cell.com\/fr\/product\/chargeur-42v20a-lithium-etanche-ip65-copy\/#primaryimage"},"image":{"@id":"https:\/\/test.rebel-cell.com\/fr\/product\/chargeur-42v20a-lithium-etanche-ip65-copy\/#primaryimage"},"thumbnailUrl":"https:\/\/test.rebel-cell.com\/wp-content\/uploads\/Charger_WP_43.8V20A_overview.jpg","datePublished":"2025-05-29T11:21:37+00:00","dateModified":"2025-08-05T08:14:38+00:00","description":"Chargeur \u00e9tanche 42V20A. Chargez rapidement et en toute s\u00e9curit\u00e9 la batterie li-ion 36V70. Rebelcell. \u00c9nergie portable pour la p\u00eache \u00e0 la ligne, en plein air et en mer.","breadcrumb":{"@id":"https:\/\/test.rebel-cell.com\/fr\/product\/chargeur-42v20a-lithium-etanche-ip65-copy\/#breadcrumb"},"inLanguage":"fr-FR","potentialAction":[{"@type":"ReadAction","target":["https:\/\/test.rebel-cell.com\/fr\/product\/chargeur-42v20a-lithium-etanche-ip65-copy\/"]}]},{"@type":"ImageObject","inLanguage":"fr-FR","@id":"https:\/\/test.rebel-cell.com\/fr\/product\/chargeur-42v20a-lithium-etanche-ip65-copy\/#primaryimage","url":"https:\/\/test.rebel-cell.com\/wp-content\/uploads\/Charger_WP_43.8V20A_overview.jpg","contentUrl":"https:\/\/test.rebel-cell.com\/wp-content\/uploads\/Charger_WP_43.8V20A_overview.jpg","width":2200,"height":2200},{"@type":"BreadcrumbList","@id":"https:\/\/test.rebel-cell.com\/fr\/product\/chargeur-42v20a-lithium-etanche-ip65-copy\/#breadcrumb","itemListElement":[{"@type":"ListItem","position":1,"name":"Home","item":"https:\/\/test.rebel-cell.com\/fr\/"},{"@type":"ListItem","position":2,"name":"Shop","item":"https:\/\/test.rebel-cell.com\/fr\/boutique\/"},{"@type":"ListItem","position":3,"name":"Chargeur 42V20A Lithium \u00e9tanche (IP65) (Copy)"}]},{"@type":"WebSite","@id":"https:\/\/test.rebel-cell.com\/fr\/#website","url":"https:\/\/test.rebel-cell.com\/fr\/","name":"Rebelcell","description":"Rebelcell","publisher":{"@id":"https:\/\/test.rebel-cell.com\/fr\/#organization"},"potentialAction":[{"@type":"SearchAction","target":{"@type":"EntryPoint","urlTemplate":"https:\/\/test.rebel-cell.com\/fr\/?s={search_term_string}"},"query-input":{"@type":"PropertyValueSpecification","valueRequired":true,"valueName":"search_term_string"}}],"inLanguage":"fr-FR"},{"@type":"Organization","@id":"https:\/\/test.rebel-cell.com\/fr\/#organization","name":"Rebelcell","url":"https:\/\/test.rebel-cell.com\/fr\/","logo":{"@type":"ImageObject","inLanguage":"fr-FR","@id":"https:\/\/test.rebel-cell.com\/fr\/#\/schema\/logo\/image\/","url":"https:\/\/test.rebel-cell.com\/wp-content\/uploads\/rebelcell-logo-300.png","contentUrl":"https:\/\/test.rebel-cell.com\/wp-content\/uploads\/rebelcell-logo-300.png","width":300,"height":55,"caption":"Rebelcell"},"image":{"@id":"https:\/\/test.rebel-cell.com\/fr\/#\/schema\/logo\/image\/"},"sameAs":["https:\/\/www.facebook.com\/rebelcelleu","https:\/\/x.com\/rebelcellnl","https:\/\/www.instagram.com\/rebelcelleurope\/?hl=nl","https:\/\/www.youtube.com\/channel\/UCpySQUq4xwwtqveV1f8oiFw"]}]},"product_price_amount":"399.00","product_price_currency":"EUR","og_availability":"instock","product_availability":"instock","product_retailer_item_id":"8720964631233","product_condition":"new"},"_links":{"self":[{"href":"https:\/\/test.rebel-cell.com\/fr\/wp-json\/wp\/v2\/product\/27483","targetHints":{"allow":["GET"]}}],"collection":[{"href":"https:\/\/test.rebel-cell.com\/fr\/wp-json\/wp\/v2\/product"}],"about":[{"href":"https:\/\/test.rebel-cell.com\/fr\/wp-json\/wp\/v2\/types\/product"}],"replies":[{"embeddable":true,"href":"https:\/\/test.rebel-cell.com\/fr\/wp-json\/wp\/v2\/comments?post=27483"}],"wp:featuredmedia":[{"embeddable":true,"href":"https:\/\/test.rebel-cell.com\/fr\/wp-json\/wp\/v2\/media\/27898"}],"wp:attachment":[{"href":"https:\/\/test.rebel-cell.com\/fr\/wp-json\/wp\/v2\/media?parent=27483"}],"wp:term":[{"taxonomy":"product_brand","embeddable":true,"href":"https:\/\/test.rebel-cell.com\/fr\/wp-json\/wp\/v2\/product_brand?post=27483"},{"taxonomy":"product_cat","embeddable":true,"href":"https:\/\/test.rebel-cell.com\/fr\/wp-json\/wp\/v2\/product_cat?post=27483"},{"taxonomy":"product_tag","embeddable":true,"href":"https:\/\/test.rebel-cell.com\/fr\/wp-json\/wp\/v2\/product_tag?post=27483"}],"curies":[{"name":"wp","href":"https:\/\/api.w.org\/{rel}","templated":true}]}}