{"id":28450,"date":"2025-09-07T13:41:30","date_gmt":"2025-09-07T11:41:30","guid":{"rendered":"https:\/\/test.rebel-cell.com\/?post_type=product&#038;p=28450"},"modified":"2025-11-18T11:10:31","modified_gmt":"2025-11-18T10:10:31","slug":"12v150-edge-lifepo4-batterie","status":"publish","type":"product","link":"https:\/\/test.rebel-cell.com\/fr\/product\/12v150-edge-lifepo4-batterie\/","title":{"rendered":"12V150 EDGE LiFePO4 batterie"},"content":{"rendered":"<h2>Description du produit\u00a0 Rebelcell 12V150 EDGE LiFePO4<\/h2>\n<p data-start=\"247\" data-end=\"835\">La <strong data-start=\"250\" data-end=\"265\">12V150 EDGE<\/strong> est une <strong data-start=\"274\" data-end=\"323\">batterie LiFePO\u2084 \u00e0 d\u00e9charge lente et compacte<\/strong>, d\u00e9velopp\u00e9e pour les <strong data-start=\"345\" data-end=\"383\">applications marines et de loisirs<\/strong>.<br data-start=\"384\" data-end=\"387\" \/>Avec une capacit\u00e9 de <strong data-start=\"408\" data-end=\"432\">1,92 kWh (12V 150Ah)<\/strong> dans un bo\u00eetier qui s\u2019adapte \u00e0 presque tous les compartiments \u00e0 batterie, elle est id\u00e9ale l\u00e0 o\u00f9 <strong data-start=\"529\" data-end=\"552\">l\u2019espace est limit\u00e9<\/strong> mais qu\u2019une <strong data-start=\"565\" data-end=\"596\">grande capacit\u00e9 \u00e9nerg\u00e9tique<\/strong> est n\u00e9cessaire.<br data-start=\"612\" data-end=\"615\" data-is-only-node=\"\" \/>Les utilisations typiques incluent les <strong data-start=\"654\" data-end=\"682\">moteurs \u00e9lectriques 12 V<\/strong>, les <strong data-start=\"688\" data-end=\"700\">sondeurs<\/strong>, les <strong data-start=\"706\" data-end=\"742\">\u00e9quipements \u00e9lectroniques marins<\/strong>, ainsi que les <strong data-start=\"758\" data-end=\"793\">syst\u00e8mes de batterie de service<\/strong> dans les <strong data-start=\"803\" data-end=\"832\">camping-cars ou caravanes<\/strong>.<\/p>\n<p data-start=\"837\" data-end=\"1126\">La batterie est \u00e9quip\u00e9e d\u2019un <strong data-start=\"866\" data-end=\"894\">syst\u00e8me de gestion (GTB)<\/strong> robuste garantissant une utilisation s\u00fbre, d\u2019une <strong data-start=\"944\" data-end=\"970\">connectivit\u00e9 Bluetooth<\/strong> pour le <strong data-start=\"979\" data-end=\"1030\">suivi en temps r\u00e9el via l\u2019application Rebelcell<\/strong>, et d\u2019une <strong data-start=\"1041\" data-end=\"1060\">\u00e9tanch\u00e9it\u00e9 IP66<\/strong> pour une protection optimale dans les environnements exigeants.<\/p>\n<p data-start=\"1128\" data-end=\"1364\">Pour des besoins \u00e9nerg\u00e9tiques plus importants, il est possible de <strong data-start=\"1194\" data-end=\"1240\">connecter jusqu\u2019\u00e0 4 batteries en parall\u00e8le<\/strong> ou <strong data-start=\"1244\" data-end=\"1258\">2 en s\u00e9rie<\/strong>.<br data-start=\"1259\" data-end=\"1262\" \/>La <strong data-start=\"1265\" data-end=\"1280\">12V150 EDGE<\/strong> est livr\u00e9e avec une <strong data-start=\"1301\" data-end=\"1322\">garantie de 3 ans<\/strong>, pour une tranquillit\u00e9 d\u2019esprit totale.<\/p>\n<p data-start=\"1366\" data-end=\"1439\"><strong data-start=\"1366\" data-end=\"1384\">Code produit :<\/strong> 12V150RCEDGE<br data-start=\"1397\" data-end=\"1400\" \/><strong data-start=\"1400\" data-end=\"1423\">Code-barres \/ EAN :<\/strong> 8720964631424<\/p>\n","protected":false},"excerpt":{"rendered":"<article class=\"text-token-text-primary w-full focus:outline-none [--shadow-height:45px] has-data-writing-block:pointer-events-none has-data-writing-block:-mt-(--shadow-height) has-data-writing-block:pt-(--shadow-height) [&amp;:has([data-writing-block])&gt;*]:pointer-events-auto [content-visibility:auto] supports-[content-visibility:auto]:[contain-intrinsic-size:auto_100lvh] scroll-mt-[calc(var(--header-height)+min(200px,max(70px,20svh)))]\" dir=\"auto\" tabindex=\"-1\" data-turn-id=\"request-69021fa4-c078-8330-bbe5-5603e74db28e-14\" data-testid=\"conversation-turn-140\" data-scroll-anchor=\"true\" data-turn=\"assistant\">\n<div class=\"text-base my-auto mx-auto pb-10 [--thread-content-margin:--spacing(4)] thread-sm:[--thread-content-margin:--spacing(6)] thread-lg:[--thread-content-margin:--spacing(16)] px-(--thread-content-margin)\">\n<div class=\"[--thread-content-max-width:40rem] thread-lg:[--thread-content-max-width:48rem] mx-auto max-w-(--thread-content-max-width) flex-1 group\/turn-messages focus-visible:outline-hidden relative flex w-full min-w-0 flex-col agent-turn\" tabindex=\"-1\">\n<div class=\"flex max-w-full flex-col grow\">\n<div class=\"min-h-8 text-message relative flex w-full flex-col items-end gap-2 text-start break-words whitespace-normal [.text-message+&amp;]:mt-1\" dir=\"auto\" data-message-author-role=\"assistant\" data-message-id=\"8e11cc16-18e6-4c41-83ae-261d14483352\" data-message-model-slug=\"gpt-5\">\n<div class=\"flex w-full flex-col gap-1 empty:hidden first:pt-[1px]\">\n<div class=\"markdown prose dark:prose-invert w-full break-words dark markdown-new-styling\">\n<p data-start=\"0\" data-end=\"400\" data-is-last-node=\"\" data-is-only-node=\"\"><strong data-start=\"0\" data-end=\"15\" data-is-only-node=\"\">NOUVEAUT\u00c9 !<\/strong> La <strong data-start=\"19\" data-end=\"34\">12V150 EDGE<\/strong> offre <strong data-start=\"41\" data-end=\"64\">12V150Ah (1,92 kWh)<\/strong> d\u2019\u00e9nergie <strong data-start=\"75\" data-end=\"86\">LiFePO\u2084<\/strong> dans un bo\u00eetier <strong data-start=\"103\" data-end=\"120\">ultra-compact<\/strong> qui s\u2019adapte \u00e0 presque tous les compartiments \u00e0 batterie. Con\u00e7ue pour une <strong data-start=\"197\" data-end=\"233\">utilisation marine et de loisirs<\/strong>, elle est id\u00e9ale pour les <strong data-start=\"260\" data-end=\"283\">moteurs \u00e9lectriques<\/strong>, les <strong data-start=\"289\" data-end=\"325\">\u00e9quipements \u00e9lectroniques marins<\/strong> et comme <strong data-start=\"335\" data-end=\"358\">batterie de service<\/strong> dans les <strong data-start=\"368\" data-end=\"397\">camping-cars et caravanes<\/strong>.<br \/>\n<a style=\"font-family: -apple-system, BlinkMacSystemFont, 'Segoe UI', Roboto, 'Helvetica Neue', Arial, 'Noto Sans', sans-serif, 'Apple Color Emoji', 'Segoe UI Emoji', 'Segoe UI Symbol', 'Noto Color Emoji';\" href=\"#proddesc\">Lire la suite &gt;<\/a><\/p>\n<\/div>\n<\/div>\n<\/div>\n<\/div>\n<\/div>\n<\/div>\n<\/article>\n","protected":false},"featured_media":29818,"comment_status":"open","ping_status":"closed","template":"","meta":{"_acf_changed":false},"product_brand":[],"product_cat":[1901,4439],"product_tag":[],"class_list":{"0":"post-28450","1":"product","2":"type-product","3":"status-publish","4":"has-post-thumbnail","6":"product_cat-batteries","7":"product_cat-batteries-lithium-12v-24v-36v","8":"product_shipping_class-shipping-battery","9":"pa_fishing-autres-applications","10":"pa_fishing-bateau-electrique","11":"pa_fishing-carpe","13":"first","14":"instock","15":"taxable","16":"shipping-taxable","17":"purchasable","18":"product-type-simple"},"bundled_by":["30680"],"bundle_stock_status":"instock","bundle_stock_quantity":15,"bundle_virtual":false,"bundle_layout":"","bundle_add_to_cart_form_location":"","bundle_editable_in_cart":false,"bundle_sold_individually_context":"","bundle_item_grouping":"","bundle_min_size":"","bundle_max_size":"","bundle_price":[],"bundled_items":[],"bundle_sell_ids":[],"acf":[],"yoast_head":"<!-- This site is optimized with the Yoast SEO plugin v27.1.1 - https:\/\/yoast.com\/product\/yoast-seo-wordpress\/ -->\n<title>Batterie LiFePO4 12V150 EDGE | Rebelcell | Energie portable pour l&#039;ext\u00e9rieur<\/title>\n<meta name=\"description\" content=\"Batterie LiFePO\u2084 12V150Ah dans un bo\u00eetier ultra-compact qui s\u2019adapte \u00e0 presque tous les compartiments \u00e0 batterie.Id\u00e9ale pour les moteurs \u00e9lectriques, les \u00e9quipements \u00e9lectroniques marins et une utilisation dans les camping-cars et caravanes.\" \/>\n<meta name=\"robots\" content=\"noindex, follow, max-snippet:-1, max-image-preview:large, max-video-preview:-1\" \/>\n<meta property=\"og:locale\" content=\"fr_FR\" \/>\n<meta property=\"og:type\" content=\"article\" \/>\n<meta property=\"og:title\" content=\"Batterie LiFePO4 12V150 EDGE | Rebelcell | Energie portable pour l&#039;ext\u00e9rieur\" \/>\n<meta property=\"og:description\" content=\"Batterie LiFePO\u2084 12V150Ah dans un bo\u00eetier ultra-compact qui s\u2019adapte \u00e0 presque tous les compartiments \u00e0 batterie.Id\u00e9ale pour les moteurs \u00e9lectriques, les \u00e9quipements \u00e9lectroniques marins et une utilisation dans les camping-cars et caravanes.\" \/>\n<meta property=\"og:url\" content=\"https:\/\/test.rebel-cell.com\/fr\/product\/12v150-edge-lifepo4-batterie\/\" \/>\n<meta property=\"og:site_name\" content=\"Rebelcell\" \/>\n<meta property=\"article:publisher\" content=\"https:\/\/www.facebook.com\/rebelcelleu\" \/>\n<meta property=\"article:modified_time\" content=\"2025-11-18T10:10:31+00:00\" \/>\n<meta property=\"og:image\" content=\"https:\/\/test.rebel-cell.com\/wp-content\/uploads\/12V150_Edge_overview.jpg\" \/>\n\t<meta property=\"og:image:width\" content=\"1024\" \/>\n\t<meta property=\"og:image:height\" content=\"1024\" \/>\n\t<meta property=\"og:image:type\" content=\"image\/jpeg\" \/>\n<meta name=\"twitter:card\" content=\"summary_large_image\" \/>\n<meta name=\"twitter:site\" content=\"@rebelcellnl\" \/>\n<meta name=\"twitter:label1\" content=\"Prix\" \/>\n\t<meta name=\"twitter:data1\" content=\"&euro;899,00\" \/>\n\t<meta name=\"twitter:label2\" content=\"Disponibilit\u00e9\" \/>\n\t<meta name=\"twitter:data2\" content=\"En stock\" \/>\n<script type=\"application\/ld+json\" class=\"yoast-schema-graph\">{\"@context\":\"https:\/\/schema.org\",\"@graph\":[{\"@type\":[\"WebPage\",\"ItemPage\"],\"@id\":\"https:\/\/test.rebel-cell.com\/fr\/product\/12v150-edge-lifepo4-batterie\/\",\"url\":\"https:\/\/test.rebel-cell.com\/fr\/product\/12v150-edge-lifepo4-batterie\/\",\"name\":\"Batterie LiFePO4 12V150 EDGE | Rebelcell | Energie portable pour l'ext\u00e9rieur\",\"isPartOf\":{\"@id\":\"https:\/\/test.rebel-cell.com\/fr\/#website\"},\"primaryImageOfPage\":{\"@id\":\"https:\/\/test.rebel-cell.com\/fr\/product\/12v150-edge-lifepo4-batterie\/#primaryimage\"},\"image\":{\"@id\":\"https:\/\/test.rebel-cell.com\/fr\/product\/12v150-edge-lifepo4-batterie\/#primaryimage\"},\"thumbnailUrl\":\"https:\/\/test.rebel-cell.com\/wp-content\/uploads\/12V150_Edge_overview.jpg\",\"datePublished\":\"2025-09-07T11:41:30+00:00\",\"dateModified\":\"2025-11-18T10:10:31+00:00\",\"description\":\"Batterie LiFePO\u2084 12V150Ah dans un bo\u00eetier ultra-compact qui s\u2019adapte \u00e0 presque tous les compartiments \u00e0 batterie.Id\u00e9ale pour les moteurs \u00e9lectriques, les \u00e9quipements \u00e9lectroniques marins et une utilisation dans les camping-cars et caravanes.\",\"breadcrumb\":{\"@id\":\"https:\/\/test.rebel-cell.com\/fr\/product\/12v150-edge-lifepo4-batterie\/#breadcrumb\"},\"inLanguage\":\"fr-FR\",\"potentialAction\":[{\"@type\":\"ReadAction\",\"target\":[\"https:\/\/test.rebel-cell.com\/fr\/product\/12v150-edge-lifepo4-batterie\/\"]}]},{\"@type\":\"ImageObject\",\"inLanguage\":\"fr-FR\",\"@id\":\"https:\/\/test.rebel-cell.com\/fr\/product\/12v150-edge-lifepo4-batterie\/#primaryimage\",\"url\":\"https:\/\/test.rebel-cell.com\/wp-content\/uploads\/12V150_Edge_overview.jpg\",\"contentUrl\":\"https:\/\/test.rebel-cell.com\/wp-content\/uploads\/12V150_Edge_overview.jpg\",\"width\":1024,\"height\":1024},{\"@type\":\"BreadcrumbList\",\"@id\":\"https:\/\/test.rebel-cell.com\/fr\/product\/12v150-edge-lifepo4-batterie\/#breadcrumb\",\"itemListElement\":[{\"@type\":\"ListItem\",\"position\":1,\"name\":\"Home\",\"item\":\"https:\/\/test.rebel-cell.com\/fr\/\"},{\"@type\":\"ListItem\",\"position\":2,\"name\":\"Shop\",\"item\":\"https:\/\/test.rebel-cell.com\/fr\/boutique\/\"},{\"@type\":\"ListItem\",\"position\":3,\"name\":\"12V150 EDGE LiFePO4 batterie\"}]},{\"@type\":\"WebSite\",\"@id\":\"https:\/\/test.rebel-cell.com\/fr\/#website\",\"url\":\"https:\/\/test.rebel-cell.com\/fr\/\",\"name\":\"Rebelcell\",\"description\":\"Rebelcell\",\"publisher\":{\"@id\":\"https:\/\/test.rebel-cell.com\/fr\/#organization\"},\"potentialAction\":[{\"@type\":\"SearchAction\",\"target\":{\"@type\":\"EntryPoint\",\"urlTemplate\":\"https:\/\/test.rebel-cell.com\/fr\/?s={search_term_string}\"},\"query-input\":{\"@type\":\"PropertyValueSpecification\",\"valueRequired\":true,\"valueName\":\"search_term_string\"}}],\"inLanguage\":\"fr-FR\"},{\"@type\":\"Organization\",\"@id\":\"https:\/\/test.rebel-cell.com\/fr\/#organization\",\"name\":\"Rebelcell\",\"url\":\"https:\/\/test.rebel-cell.com\/fr\/\",\"logo\":{\"@type\":\"ImageObject\",\"inLanguage\":\"fr-FR\",\"@id\":\"https:\/\/test.rebel-cell.com\/fr\/#\/schema\/logo\/image\/\",\"url\":\"https:\/\/test.rebel-cell.com\/wp-content\/uploads\/rebelcell-logo-300.png\",\"contentUrl\":\"https:\/\/test.rebel-cell.com\/wp-content\/uploads\/rebelcell-logo-300.png\",\"width\":300,\"height\":55,\"caption\":\"Rebelcell\"},\"image\":{\"@id\":\"https:\/\/test.rebel-cell.com\/fr\/#\/schema\/logo\/image\/\"},\"sameAs\":[\"https:\/\/www.facebook.com\/rebelcelleu\",\"https:\/\/x.com\/rebelcellnl\",\"https:\/\/www.instagram.com\/rebelcelleurope\/?hl=nl\",\"https:\/\/www.youtube.com\/channel\/UCpySQUq4xwwtqveV1f8oiFw\"]}]}<\/script>\n<meta property=\"product:price:amount\" content=\"899.00\" \/>\n<meta property=\"product:price:currency\" content=\"EUR\" \/>\n<meta property=\"og:availability\" content=\"instock\" \/>\n<meta property=\"product:availability\" content=\"instock\" \/>\n<meta property=\"product:retailer_item_id\" content=\"8720964631424\" \/>\n<meta property=\"product:condition\" content=\"new\" \/>\n<!-- \/ Yoast SEO plugin. -->","yoast_head_json":{"title":"Batterie LiFePO4 12V150 EDGE | Rebelcell | Energie portable pour l'ext\u00e9rieur","description":"Batterie LiFePO\u2084 12V150Ah dans un bo\u00eetier ultra-compact qui s\u2019adapte \u00e0 presque tous les compartiments \u00e0 batterie.Id\u00e9ale pour les moteurs \u00e9lectriques, les \u00e9quipements \u00e9lectroniques marins et une utilisation dans les camping-cars et caravanes.","robots":{"index":"noindex","follow":"follow","max-snippet":"max-snippet:-1","max-image-preview":"max-image-preview:large","max-video-preview":"max-video-preview:-1"},"og_locale":"fr_FR","og_type":"article","og_title":"Batterie LiFePO4 12V150 EDGE | Rebelcell | Energie portable pour l'ext\u00e9rieur","og_description":"Batterie LiFePO\u2084 12V150Ah dans un bo\u00eetier ultra-compact qui s\u2019adapte \u00e0 presque tous les compartiments \u00e0 batterie.Id\u00e9ale pour les moteurs \u00e9lectriques, les \u00e9quipements \u00e9lectroniques marins et une utilisation dans les camping-cars et caravanes.","og_url":"https:\/\/test.rebel-cell.com\/fr\/product\/12v150-edge-lifepo4-batterie\/","og_site_name":"Rebelcell","article_publisher":"https:\/\/www.facebook.com\/rebelcelleu","article_modified_time":"2025-11-18T10:10:31+00:00","og_image":[{"width":1024,"height":1024,"url":"https:\/\/test.rebel-cell.com\/wp-content\/uploads\/12V150_Edge_overview.jpg","type":"image\/jpeg"}],"twitter_card":"summary_large_image","twitter_site":"@rebelcellnl","twitter_misc":{"Prix":"&euro;899,00","Disponibilit\u00e9":"En stock"},"schema":{"@context":"https:\/\/schema.org","@graph":[{"@type":["WebPage","ItemPage"],"@id":"https:\/\/test.rebel-cell.com\/fr\/product\/12v150-edge-lifepo4-batterie\/","url":"https:\/\/test.rebel-cell.com\/fr\/product\/12v150-edge-lifepo4-batterie\/","name":"Batterie LiFePO4 12V150 EDGE | Rebelcell | Energie portable pour l'ext\u00e9rieur","isPartOf":{"@id":"https:\/\/test.rebel-cell.com\/fr\/#website"},"primaryImageOfPage":{"@id":"https:\/\/test.rebel-cell.com\/fr\/product\/12v150-edge-lifepo4-batterie\/#primaryimage"},"image":{"@id":"https:\/\/test.rebel-cell.com\/fr\/product\/12v150-edge-lifepo4-batterie\/#primaryimage"},"thumbnailUrl":"https:\/\/test.rebel-cell.com\/wp-content\/uploads\/12V150_Edge_overview.jpg","datePublished":"2025-09-07T11:41:30+00:00","dateModified":"2025-11-18T10:10:31+00:00","description":"Batterie LiFePO\u2084 12V150Ah dans un bo\u00eetier ultra-compact qui s\u2019adapte \u00e0 presque tous les compartiments \u00e0 batterie.Id\u00e9ale pour les moteurs \u00e9lectriques, les \u00e9quipements \u00e9lectroniques marins et une utilisation dans les camping-cars et caravanes.","breadcrumb":{"@id":"https:\/\/test.rebel-cell.com\/fr\/product\/12v150-edge-lifepo4-batterie\/#breadcrumb"},"inLanguage":"fr-FR","potentialAction":[{"@type":"ReadAction","target":["https:\/\/test.rebel-cell.com\/fr\/product\/12v150-edge-lifepo4-batterie\/"]}]},{"@type":"ImageObject","inLanguage":"fr-FR","@id":"https:\/\/test.rebel-cell.com\/fr\/product\/12v150-edge-lifepo4-batterie\/#primaryimage","url":"https:\/\/test.rebel-cell.com\/wp-content\/uploads\/12V150_Edge_overview.jpg","contentUrl":"https:\/\/test.rebel-cell.com\/wp-content\/uploads\/12V150_Edge_overview.jpg","width":1024,"height":1024},{"@type":"BreadcrumbList","@id":"https:\/\/test.rebel-cell.com\/fr\/product\/12v150-edge-lifepo4-batterie\/#breadcrumb","itemListElement":[{"@type":"ListItem","position":1,"name":"Home","item":"https:\/\/test.rebel-cell.com\/fr\/"},{"@type":"ListItem","position":2,"name":"Shop","item":"https:\/\/test.rebel-cell.com\/fr\/boutique\/"},{"@type":"ListItem","position":3,"name":"12V150 EDGE LiFePO4 batterie"}]},{"@type":"WebSite","@id":"https:\/\/test.rebel-cell.com\/fr\/#website","url":"https:\/\/test.rebel-cell.com\/fr\/","name":"Rebelcell","description":"Rebelcell","publisher":{"@id":"https:\/\/test.rebel-cell.com\/fr\/#organization"},"potentialAction":[{"@type":"SearchAction","target":{"@type":"EntryPoint","urlTemplate":"https:\/\/test.rebel-cell.com\/fr\/?s={search_term_string}"},"query-input":{"@type":"PropertyValueSpecification","valueRequired":true,"valueName":"search_term_string"}}],"inLanguage":"fr-FR"},{"@type":"Organization","@id":"https:\/\/test.rebel-cell.com\/fr\/#organization","name":"Rebelcell","url":"https:\/\/test.rebel-cell.com\/fr\/","logo":{"@type":"ImageObject","inLanguage":"fr-FR","@id":"https:\/\/test.rebel-cell.com\/fr\/#\/schema\/logo\/image\/","url":"https:\/\/test.rebel-cell.com\/wp-content\/uploads\/rebelcell-logo-300.png","contentUrl":"https:\/\/test.rebel-cell.com\/wp-content\/uploads\/rebelcell-logo-300.png","width":300,"height":55,"caption":"Rebelcell"},"image":{"@id":"https:\/\/test.rebel-cell.com\/fr\/#\/schema\/logo\/image\/"},"sameAs":["https:\/\/www.facebook.com\/rebelcelleu","https:\/\/x.com\/rebelcellnl","https:\/\/www.instagram.com\/rebelcelleurope\/?hl=nl","https:\/\/www.youtube.com\/channel\/UCpySQUq4xwwtqveV1f8oiFw"]}]},"product_price_amount":"899.00","product_price_currency":"EUR","og_availability":"instock","product_availability":"instock","product_retailer_item_id":"8720964631424","product_condition":"new"},"_links":{"self":[{"href":"https:\/\/test.rebel-cell.com\/fr\/wp-json\/wp\/v2\/product\/28450","targetHints":{"allow":["GET"]}}],"collection":[{"href":"https:\/\/test.rebel-cell.com\/fr\/wp-json\/wp\/v2\/product"}],"about":[{"href":"https:\/\/test.rebel-cell.com\/fr\/wp-json\/wp\/v2\/types\/product"}],"replies":[{"embeddable":true,"href":"https:\/\/test.rebel-cell.com\/fr\/wp-json\/wp\/v2\/comments?post=28450"}],"wp:featuredmedia":[{"embeddable":true,"href":"https:\/\/test.rebel-cell.com\/fr\/wp-json\/wp\/v2\/media\/29818"}],"wp:attachment":[{"href":"https:\/\/test.rebel-cell.com\/fr\/wp-json\/wp\/v2\/media?parent=28450"}],"wp:term":[{"taxonomy":"product_brand","embeddable":true,"href":"https:\/\/test.rebel-cell.com\/fr\/wp-json\/wp\/v2\/product_brand?post=28450"},{"taxonomy":"product_cat","embeddable":true,"href":"https:\/\/test.rebel-cell.com\/fr\/wp-json\/wp\/v2\/product_cat?post=28450"},{"taxonomy":"product_tag","embeddable":true,"href":"https:\/\/test.rebel-cell.com\/fr\/wp-json\/wp\/v2\/product_tag?post=28450"}],"curies":[{"name":"wp","href":"https:\/\/api.w.org\/{rel}","templated":true}]}}