{"id":29299,"date":"2025-10-20T17:50:49","date_gmt":"2025-10-20T15:50:49","guid":{"rendered":"https:\/\/test.rebel-cell.com\/?post_type=product&#038;p=29299"},"modified":"2026-02-26T21:18:08","modified_gmt":"2026-02-26T20:18:08","slug":"12v125-pro-batterie","status":"publish","type":"product","link":"https:\/\/test.rebel-cell.com\/fr\/product\/12v125-pro-batterie\/","title":{"rendered":"12V125 PRO LiFePO4 batterie"},"content":{"rendered":"<pre data-start=\"57\" data-end=\"627\"><strong data-start=\"57\" data-end=\"121\">Description du produit Rebelcell 12V125 PRO LiFePO\u2084 Batterie\u00a0\r\n<\/strong><br data-start=\"121\" data-end=\"124\" \/>La <strong>Rebelcell 12V125 PRO<\/strong> est une batterie LiFePO\u2084 puissante et <strong>tout-en-un<\/strong>, con\u00e7ue pour offrir <strong>fiabilit\u00e9<\/strong> et <strong>facilit\u00e9 d\u2019utilisation<\/strong>. Elle combine <strong>la puissance de d\u00e9marrage<\/strong> pour votre moteur hors-bord avec <strong>l\u2019\u00e9nergie n\u00e9cessaire pour vos appareils \u00e9lectroniques<\/strong> tels que sondeurs, \u00e9chosondeurs et moteurs \u00e9lectriques, le tout dans une unit\u00e9 compacte. Cela permet de <strong>gagner de la place<\/strong>, de <strong>r\u00e9duire le poids<\/strong> et de <strong>simplifier l\u2019installation<\/strong> par rapport aux configurations traditionnelles \u00e0 plusieurs batteries.<\/pre>\n<p data-start=\"629\" data-end=\"1092\">Con\u00e7ue pour une utilisation toute l\u2019ann\u00e9e, la 12V125 PRO peut \u00eatre <strong>recharg\u00e9e directement depuis l\u2019alternateur<\/strong> de votre moteur hors-bord et dispose du syst\u00e8me <strong data-start=\"787\" data-end=\"804\">Frost Control<\/strong>, garantissant une charge s\u00fbre m\u00eame en dessous de 0\u00b0C. Gr\u00e2ce \u00e0 la <strong>Rebelcell BT App<\/strong>, vous pouvez suivre la tension, le courant, la temp\u00e9rature, l\u2019\u00e9tat de la batterie, le nombre de cycles et l\u2019autonomie estim\u00e9e, vous offrant ainsi un contr\u00f4le total de votre consommation d\u2019\u00e9nergie.<\/p>\n<p data-start=\"1094\" data-end=\"1166\">Deux fonctionnalit\u00e9s apportent une s\u00e9curit\u00e9 suppl\u00e9mentaire sur l\u2019eau :<\/p>\n<ul data-start=\"1168\" data-end=\"1551\">\n<li data-start=\"1168\" data-end=\"1297\">\n<p data-start=\"1170\" data-end=\"1297\"><strong data-start=\"1170\" data-end=\"1206\">Le bouton d\u2019activation d\u2019urgence<\/strong> : permet de d\u00e9marrer le moteur hors-bord m\u00eame si la batterie est compl\u00e8tement d\u00e9charg\u00e9e.<\/p>\n<\/li>\n<li data-start=\"1298\" data-end=\"1551\">\n<p data-start=\"1300\" data-end=\"1551\"><strong data-start=\"1300\" data-end=\"1327\">Le design \u00ab always-on \u00bb<\/strong> : la batterie ne passe pas en mode veille, m\u00eame apr\u00e8s plusieurs semaines sans utilisation, de sorte que les pompes de cale et autres syst\u00e8mes critiques restent op\u00e9rationnels lorsque le bateau est laiss\u00e9 sans surveillance.<\/p>\n<\/li>\n<\/ul>\n<p data-start=\"1553\" data-end=\"1849\">Pour une durabilit\u00e9 renforc\u00e9e, la batterie est \u00e9quip\u00e9e d\u2019une <strong>valve de d\u00e9compression<\/strong> qui emp\u00eache toute surpression et condensation \u00e0 l\u2019int\u00e9rieur du bo\u00eetier. Avec une <strong>\u00e9tanch\u00e9it\u00e9<\/strong> <strong>IP66<\/strong>, jusqu\u2019\u00e0 <strong>5 000 cycles<\/strong> et une <strong>garantie de 5 ans<\/strong>, la 12V125 PRO offre des performances fiables saison apr\u00e8s saison.<\/p>\n<p data-start=\"1851\" data-end=\"1924\">Code produit : 12125RELIBTA<br data-start=\"1882\" data-end=\"1885\" \/>Code-barres \/ EAN : 8720964631523<\/p>\n","protected":false},"excerpt":{"rendered":"<p data-start=\"64\" data-end=\"438\"><strong data-start=\"64\" data-end=\"147\">NOUVEAUT\u00c9 ! Disponible le 01.11.2025. La 12V125 PRO : con\u00e7ue pour la fiabilit\u00e9. <\/strong>La 12V125 PRO est une batterie LiFePO\u2084 <strong>tout-en-un<\/strong>, l\u00e9g\u00e8re et compacte, id\u00e9ale pour d\u00e9marrer votre moteur hors-bord et alimenter vos appareils \u00e9lectroniques. Elle est \u00e9quip\u00e9e du syst\u00e8me <strong data-start=\"335\" data-end=\"352\">Frost Control<\/strong>, de la charge directe via alternateur et du suivi Bluetooth avec autonomie estim\u00e9e.<\/p>\n<p data-start=\"440\" data-end=\"816\">Pour plus de s\u00e9curit\u00e9 et de tranquillit\u00e9 d\u2019esprit, elle int\u00e8gre un <strong data-start=\"507\" data-end=\"542\">bouton de red\u00e9marrage d\u2019urgence<\/strong> ainsi qu\u2019un <strong data-start=\"555\" data-end=\"575\">design always-on<\/strong>, qui maintient en fonctionnement les syst\u00e8mes essentiels comme les pompes de cale. Avec son \u00e9tanch\u00e9it\u00e9 IP66, sa valve de d\u00e9compression et sa garantie de 5 ans, la 12V125 PRO est pr\u00eate \u00e0 vous accompagner sans souci tout au long de l\u2019ann\u00e9e.<br \/>\n<a href=\"#proddesc\">Lire la suite &gt;<\/a><strong><br \/>\n<\/strong><\/p>\n","protected":false},"featured_media":29885,"comment_status":"open","ping_status":"closed","template":"","meta":{"_acf_changed":false},"product_brand":[],"product_cat":[1901,4439],"product_tag":[4181],"class_list":{"0":"post-29299","1":"product","2":"type-product","3":"status-publish","4":"has-post-thumbnail","6":"product_cat-batteries","7":"product_cat-batteries-lithium-12v-24v-36v","8":"product_tag-7106623695746-fr","9":"product_shipping_class-shipping-battery","10":"pa_fishing-autres-applications","11":"pa_fishing-bateau-electrique","12":"pa_fishing-carpe","14":"first","15":"instock","16":"taxable","17":"shipping-taxable","18":"purchasable","19":"product-type-simple"},"bundled_by":["30708","30712"],"bundle_stock_status":"instock","bundle_stock_quantity":20,"bundle_virtual":false,"bundle_layout":"","bundle_add_to_cart_form_location":"","bundle_editable_in_cart":false,"bundle_sold_individually_context":"","bundle_item_grouping":"","bundle_min_size":"","bundle_max_size":"","bundle_price":[],"bundled_items":[],"bundle_sell_ids":[],"acf":[],"yoast_head":"<!-- This site is optimized with the Yoast SEO plugin v27.1.1 - https:\/\/yoast.com\/product\/yoast-seo-wordpress\/ -->\n<title>Batterie LiFePO4 12V125 PRO | Rebelcell | Energie portable pour l&#039;ext\u00e9rieur<\/title>\n<meta name=\"description\" content=\"Batterie au lithium 12V125 PRO. Tout en un pour le d\u00e9marrage des hors-bords, des sondeurs, des moteurs de tra\u00eene. Rebelcell, l&#039;\u00e9nergie portable pour la p\u00eache \u00e0 la ligne, le e-boating, le plein air et les loisirs.\" \/>\n<meta name=\"robots\" content=\"noindex, follow, max-snippet:-1, max-image-preview:large, max-video-preview:-1\" \/>\n<meta property=\"og:locale\" content=\"fr_FR\" \/>\n<meta property=\"og:type\" content=\"article\" \/>\n<meta property=\"og:title\" content=\"Batterie LiFePO4 12V125 PRO | Rebelcell | Energie portable pour l&#039;ext\u00e9rieur\" \/>\n<meta property=\"og:description\" content=\"Batterie au lithium 12V125 PRO. Tout en un pour le d\u00e9marrage des hors-bords, des sondeurs, des moteurs de tra\u00eene. Rebelcell, l&#039;\u00e9nergie portable pour la p\u00eache \u00e0 la ligne, le e-boating, le plein air et les loisirs.\" \/>\n<meta property=\"og:url\" content=\"https:\/\/test.rebel-cell.com\/fr\/product\/12v125-pro-batterie\/\" \/>\n<meta property=\"og:site_name\" content=\"Rebelcell\" \/>\n<meta property=\"article:publisher\" content=\"https:\/\/www.facebook.com\/rebelcelleu\" \/>\n<meta property=\"article:modified_time\" content=\"2026-02-26T20:18:08+00:00\" \/>\n<meta property=\"og:image\" content=\"https:\/\/test.rebel-cell.com\/wp-content\/uploads\/Rebelcell-PRO-lijn-Accu-PERSPECTIVE.jpg\" \/>\n\t<meta property=\"og:image:width\" content=\"1024\" \/>\n\t<meta property=\"og:image:height\" content=\"576\" \/>\n\t<meta property=\"og:image:type\" content=\"image\/jpeg\" \/>\n<meta name=\"twitter:card\" content=\"summary_large_image\" \/>\n<meta name=\"twitter:site\" content=\"@rebelcellnl\" \/>\n<meta name=\"twitter:label1\" content=\"Prix\" \/>\n\t<meta name=\"twitter:data1\" content=\"&euro;1.549,00\" \/>\n\t<meta name=\"twitter:label2\" content=\"Disponibilit\u00e9\" \/>\n\t<meta name=\"twitter:data2\" content=\"En stock\" \/>\n<script type=\"application\/ld+json\" class=\"yoast-schema-graph\">{\"@context\":\"https:\/\/schema.org\",\"@graph\":[{\"@type\":[\"WebPage\",\"ItemPage\"],\"@id\":\"https:\/\/test.rebel-cell.com\/fr\/product\/12v125-pro-batterie\/\",\"url\":\"https:\/\/test.rebel-cell.com\/fr\/product\/12v125-pro-batterie\/\",\"name\":\"Batterie LiFePO4 12V125 PRO | Rebelcell | Energie portable pour l'ext\u00e9rieur\",\"isPartOf\":{\"@id\":\"https:\/\/test.rebel-cell.com\/fr\/#website\"},\"primaryImageOfPage\":{\"@id\":\"https:\/\/test.rebel-cell.com\/fr\/product\/12v125-pro-batterie\/#primaryimage\"},\"image\":{\"@id\":\"https:\/\/test.rebel-cell.com\/fr\/product\/12v125-pro-batterie\/#primaryimage\"},\"thumbnailUrl\":\"https:\/\/test.rebel-cell.com\/wp-content\/uploads\/Rebelcell-PRO-lijn-Accu-PERSPECTIVE.jpg\",\"datePublished\":\"2025-10-20T15:50:49+00:00\",\"dateModified\":\"2026-02-26T20:18:08+00:00\",\"description\":\"Batterie au lithium 12V125 PRO. Tout en un pour le d\u00e9marrage des hors-bords, des sondeurs, des moteurs de tra\u00eene. Rebelcell, l'\u00e9nergie portable pour la p\u00eache \u00e0 la ligne, le e-boating, le plein air et les loisirs.\",\"breadcrumb\":{\"@id\":\"https:\/\/test.rebel-cell.com\/fr\/product\/12v125-pro-batterie\/#breadcrumb\"},\"inLanguage\":\"fr-FR\",\"potentialAction\":[{\"@type\":\"ReadAction\",\"target\":[\"https:\/\/test.rebel-cell.com\/fr\/product\/12v125-pro-batterie\/\"]}]},{\"@type\":\"ImageObject\",\"inLanguage\":\"fr-FR\",\"@id\":\"https:\/\/test.rebel-cell.com\/fr\/product\/12v125-pro-batterie\/#primaryimage\",\"url\":\"https:\/\/test.rebel-cell.com\/wp-content\/uploads\/Rebelcell-PRO-lijn-Accu-PERSPECTIVE.jpg\",\"contentUrl\":\"https:\/\/test.rebel-cell.com\/wp-content\/uploads\/Rebelcell-PRO-lijn-Accu-PERSPECTIVE.jpg\",\"width\":1024,\"height\":576},{\"@type\":\"BreadcrumbList\",\"@id\":\"https:\/\/test.rebel-cell.com\/fr\/product\/12v125-pro-batterie\/#breadcrumb\",\"itemListElement\":[{\"@type\":\"ListItem\",\"position\":1,\"name\":\"Home\",\"item\":\"https:\/\/test.rebel-cell.com\/fr\/\"},{\"@type\":\"ListItem\",\"position\":2,\"name\":\"Shop\",\"item\":\"https:\/\/test.rebel-cell.com\/fr\/boutique\/\"},{\"@type\":\"ListItem\",\"position\":3,\"name\":\"12V125 PRO LiFePO4 batterie\"}]},{\"@type\":\"WebSite\",\"@id\":\"https:\/\/test.rebel-cell.com\/fr\/#website\",\"url\":\"https:\/\/test.rebel-cell.com\/fr\/\",\"name\":\"Rebelcell\",\"description\":\"Rebelcell\",\"publisher\":{\"@id\":\"https:\/\/test.rebel-cell.com\/fr\/#organization\"},\"potentialAction\":[{\"@type\":\"SearchAction\",\"target\":{\"@type\":\"EntryPoint\",\"urlTemplate\":\"https:\/\/test.rebel-cell.com\/fr\/?s={search_term_string}\"},\"query-input\":{\"@type\":\"PropertyValueSpecification\",\"valueRequired\":true,\"valueName\":\"search_term_string\"}}],\"inLanguage\":\"fr-FR\"},{\"@type\":\"Organization\",\"@id\":\"https:\/\/test.rebel-cell.com\/fr\/#organization\",\"name\":\"Rebelcell\",\"url\":\"https:\/\/test.rebel-cell.com\/fr\/\",\"logo\":{\"@type\":\"ImageObject\",\"inLanguage\":\"fr-FR\",\"@id\":\"https:\/\/test.rebel-cell.com\/fr\/#\/schema\/logo\/image\/\",\"url\":\"https:\/\/test.rebel-cell.com\/wp-content\/uploads\/rebelcell-logo-300.png\",\"contentUrl\":\"https:\/\/test.rebel-cell.com\/wp-content\/uploads\/rebelcell-logo-300.png\",\"width\":300,\"height\":55,\"caption\":\"Rebelcell\"},\"image\":{\"@id\":\"https:\/\/test.rebel-cell.com\/fr\/#\/schema\/logo\/image\/\"},\"sameAs\":[\"https:\/\/www.facebook.com\/rebelcelleu\",\"https:\/\/x.com\/rebelcellnl\",\"https:\/\/www.instagram.com\/rebelcelleurope\/?hl=nl\",\"https:\/\/www.youtube.com\/channel\/UCpySQUq4xwwtqveV1f8oiFw\"]}]}<\/script>\n<meta property=\"product:price:amount\" content=\"1549.00\" \/>\n<meta property=\"product:price:currency\" content=\"EUR\" \/>\n<meta property=\"og:availability\" content=\"instock\" \/>\n<meta property=\"product:availability\" content=\"instock\" \/>\n<meta property=\"product:retailer_item_id\" content=\"8720964631523\" \/>\n<meta property=\"product:condition\" content=\"new\" \/>\n<!-- \/ Yoast SEO plugin. -->","yoast_head_json":{"title":"Batterie LiFePO4 12V125 PRO | Rebelcell | Energie portable pour l'ext\u00e9rieur","description":"Batterie au lithium 12V125 PRO. Tout en un pour le d\u00e9marrage des hors-bords, des sondeurs, des moteurs de tra\u00eene. Rebelcell, l'\u00e9nergie portable pour la p\u00eache \u00e0 la ligne, le e-boating, le plein air et les loisirs.","robots":{"index":"noindex","follow":"follow","max-snippet":"max-snippet:-1","max-image-preview":"max-image-preview:large","max-video-preview":"max-video-preview:-1"},"og_locale":"fr_FR","og_type":"article","og_title":"Batterie LiFePO4 12V125 PRO | Rebelcell | Energie portable pour l'ext\u00e9rieur","og_description":"Batterie au lithium 12V125 PRO. Tout en un pour le d\u00e9marrage des hors-bords, des sondeurs, des moteurs de tra\u00eene. Rebelcell, l'\u00e9nergie portable pour la p\u00eache \u00e0 la ligne, le e-boating, le plein air et les loisirs.","og_url":"https:\/\/test.rebel-cell.com\/fr\/product\/12v125-pro-batterie\/","og_site_name":"Rebelcell","article_publisher":"https:\/\/www.facebook.com\/rebelcelleu","article_modified_time":"2026-02-26T20:18:08+00:00","og_image":[{"width":1024,"height":576,"url":"https:\/\/test.rebel-cell.com\/wp-content\/uploads\/Rebelcell-PRO-lijn-Accu-PERSPECTIVE.jpg","type":"image\/jpeg"}],"twitter_card":"summary_large_image","twitter_site":"@rebelcellnl","twitter_misc":{"Prix":"&euro;1.549,00","Disponibilit\u00e9":"En stock"},"schema":{"@context":"https:\/\/schema.org","@graph":[{"@type":["WebPage","ItemPage"],"@id":"https:\/\/test.rebel-cell.com\/fr\/product\/12v125-pro-batterie\/","url":"https:\/\/test.rebel-cell.com\/fr\/product\/12v125-pro-batterie\/","name":"Batterie LiFePO4 12V125 PRO | Rebelcell | Energie portable pour l'ext\u00e9rieur","isPartOf":{"@id":"https:\/\/test.rebel-cell.com\/fr\/#website"},"primaryImageOfPage":{"@id":"https:\/\/test.rebel-cell.com\/fr\/product\/12v125-pro-batterie\/#primaryimage"},"image":{"@id":"https:\/\/test.rebel-cell.com\/fr\/product\/12v125-pro-batterie\/#primaryimage"},"thumbnailUrl":"https:\/\/test.rebel-cell.com\/wp-content\/uploads\/Rebelcell-PRO-lijn-Accu-PERSPECTIVE.jpg","datePublished":"2025-10-20T15:50:49+00:00","dateModified":"2026-02-26T20:18:08+00:00","description":"Batterie au lithium 12V125 PRO. Tout en un pour le d\u00e9marrage des hors-bords, des sondeurs, des moteurs de tra\u00eene. Rebelcell, l'\u00e9nergie portable pour la p\u00eache \u00e0 la ligne, le e-boating, le plein air et les loisirs.","breadcrumb":{"@id":"https:\/\/test.rebel-cell.com\/fr\/product\/12v125-pro-batterie\/#breadcrumb"},"inLanguage":"fr-FR","potentialAction":[{"@type":"ReadAction","target":["https:\/\/test.rebel-cell.com\/fr\/product\/12v125-pro-batterie\/"]}]},{"@type":"ImageObject","inLanguage":"fr-FR","@id":"https:\/\/test.rebel-cell.com\/fr\/product\/12v125-pro-batterie\/#primaryimage","url":"https:\/\/test.rebel-cell.com\/wp-content\/uploads\/Rebelcell-PRO-lijn-Accu-PERSPECTIVE.jpg","contentUrl":"https:\/\/test.rebel-cell.com\/wp-content\/uploads\/Rebelcell-PRO-lijn-Accu-PERSPECTIVE.jpg","width":1024,"height":576},{"@type":"BreadcrumbList","@id":"https:\/\/test.rebel-cell.com\/fr\/product\/12v125-pro-batterie\/#breadcrumb","itemListElement":[{"@type":"ListItem","position":1,"name":"Home","item":"https:\/\/test.rebel-cell.com\/fr\/"},{"@type":"ListItem","position":2,"name":"Shop","item":"https:\/\/test.rebel-cell.com\/fr\/boutique\/"},{"@type":"ListItem","position":3,"name":"12V125 PRO LiFePO4 batterie"}]},{"@type":"WebSite","@id":"https:\/\/test.rebel-cell.com\/fr\/#website","url":"https:\/\/test.rebel-cell.com\/fr\/","name":"Rebelcell","description":"Rebelcell","publisher":{"@id":"https:\/\/test.rebel-cell.com\/fr\/#organization"},"potentialAction":[{"@type":"SearchAction","target":{"@type":"EntryPoint","urlTemplate":"https:\/\/test.rebel-cell.com\/fr\/?s={search_term_string}"},"query-input":{"@type":"PropertyValueSpecification","valueRequired":true,"valueName":"search_term_string"}}],"inLanguage":"fr-FR"},{"@type":"Organization","@id":"https:\/\/test.rebel-cell.com\/fr\/#organization","name":"Rebelcell","url":"https:\/\/test.rebel-cell.com\/fr\/","logo":{"@type":"ImageObject","inLanguage":"fr-FR","@id":"https:\/\/test.rebel-cell.com\/fr\/#\/schema\/logo\/image\/","url":"https:\/\/test.rebel-cell.com\/wp-content\/uploads\/rebelcell-logo-300.png","contentUrl":"https:\/\/test.rebel-cell.com\/wp-content\/uploads\/rebelcell-logo-300.png","width":300,"height":55,"caption":"Rebelcell"},"image":{"@id":"https:\/\/test.rebel-cell.com\/fr\/#\/schema\/logo\/image\/"},"sameAs":["https:\/\/www.facebook.com\/rebelcelleu","https:\/\/x.com\/rebelcellnl","https:\/\/www.instagram.com\/rebelcelleurope\/?hl=nl","https:\/\/www.youtube.com\/channel\/UCpySQUq4xwwtqveV1f8oiFw"]}]},"product_price_amount":"1549.00","product_price_currency":"EUR","og_availability":"instock","product_availability":"instock","product_retailer_item_id":"8720964631523","product_condition":"new"},"_links":{"self":[{"href":"https:\/\/test.rebel-cell.com\/fr\/wp-json\/wp\/v2\/product\/29299","targetHints":{"allow":["GET"]}}],"collection":[{"href":"https:\/\/test.rebel-cell.com\/fr\/wp-json\/wp\/v2\/product"}],"about":[{"href":"https:\/\/test.rebel-cell.com\/fr\/wp-json\/wp\/v2\/types\/product"}],"replies":[{"embeddable":true,"href":"https:\/\/test.rebel-cell.com\/fr\/wp-json\/wp\/v2\/comments?post=29299"}],"wp:featuredmedia":[{"embeddable":true,"href":"https:\/\/test.rebel-cell.com\/fr\/wp-json\/wp\/v2\/media\/29885"}],"wp:attachment":[{"href":"https:\/\/test.rebel-cell.com\/fr\/wp-json\/wp\/v2\/media?parent=29299"}],"wp:term":[{"taxonomy":"product_brand","embeddable":true,"href":"https:\/\/test.rebel-cell.com\/fr\/wp-json\/wp\/v2\/product_brand?post=29299"},{"taxonomy":"product_cat","embeddable":true,"href":"https:\/\/test.rebel-cell.com\/fr\/wp-json\/wp\/v2\/product_cat?post=29299"},{"taxonomy":"product_tag","embeddable":true,"href":"https:\/\/test.rebel-cell.com\/fr\/wp-json\/wp\/v2\/product_tag?post=29299"}],"curies":[{"name":"wp","href":"https:\/\/api.w.org\/{rel}","templated":true}]}}