{"id":8220,"date":"2019-09-12T15:10:10","date_gmt":"2019-09-12T13:10:10","guid":{"rendered":"https:\/\/test.rebel-cell.com\/product\/chargeur-nmc-29-4v20a-etanche\/"},"modified":"2025-12-22T12:10:55","modified_gmt":"2025-12-22T11:10:55","slug":"29-2v20a-nmc-charger-waterproof-2","status":"publish","type":"product","link":"https:\/\/test.rebel-cell.com\/fr\/product\/29-2v20a-nmc-charger-waterproof-2\/","title":{"rendered":"Chargeur 29.2V20A Lithium \u00e9tanche (IP65)"},"content":{"rendered":"<h2>DESCRIPTION DU PRODUIT CHARGEUR DE BATTERIE REBELCELL 29.2V20A ETANCHE<\/h2>\n<p>Le <strong>chargeur LiFePO4 29,2 V 20 A \u00e9tanche (IP65)<\/strong> a \u00e9t\u00e9 sp\u00e9cialement con\u00e7u pour charger les batteries <strong>Rebelcell 24 V EDGE LiFePO4<\/strong>. Le programme de charge sp\u00e9cialement con\u00e7u garantit que votre batterie est charg\u00e9e en <strong>toute s\u00e9curit\u00e9 et automatiquement<\/strong> avec le profil de charge correct (tension \/ courant de charge). Le chargeur <strong>s&rsquo;\u00e9teint automatiquement<\/strong> lorsque le processus de charge est termin\u00e9.<\/p>\n<p>Vous pouvez <strong>facilement surveiller l&rsquo;\u00e9tat du processus<\/strong> de charge gr\u00e2ce \u00e0 <strong>l&rsquo;indicateur LED<\/strong> situ\u00e9 sur le chargeur. Le chargeur est \u00e9quip\u00e9 d&rsquo;un certain nombre de <strong>fonctions de protection<\/strong>, telles que la protection contre les courts-circuits, les inversions de polarit\u00e9 et les surtensions. Ce ch<strong>argeur est scell\u00e9 avec de la r\u00e9sine \u00e9poxy<\/strong>, ce qui le rend id\u00e9al pour une<strong> installation permanente dans votre bateau<\/strong>.<\/p>\n<p style=\"text-align: left;\">Ce chargeur est <strong>uniquement con\u00e7u<\/strong> pour charger une batterie <strong>Rebelcell 24V EDGE LiFePO4<\/strong>. Si vous chargez d&rsquo;autres batteries que celles sp\u00e9cifi\u00e9es, des dommages (irr\u00e9parables) peuvent survenir.<\/p>\n<p style=\"text-align: left;\"><strong>Temps de charge<\/strong><br \/>\n<strong>24V105 EDGE<\/strong> : 6-7 h<\/p>\n<p style=\"text-align: left;\">Code produit : WC29V20EDGE<br \/>\nEAN : 8720964631219<\/p>\n","protected":false},"excerpt":{"rendered":"<p>Le <strong>chargeur LiFePO4 29,2 V 20 A \u00e9tanche (IP65)<\/strong> a \u00e9t\u00e9 sp\u00e9cialement con\u00e7u pour charger les batteries <strong>Rebelcell 24 V EDGE LiFePO4<\/strong>. \u00a0Ce chargeur est scell\u00e9 avec de la r\u00e9sine \u00e9poxy, ce qui le rend <strong>id\u00e9al pour une installation permanente dans votre bateau.<\/strong><br \/>\n<a href=\"#proddesc\">Lire la suite &gt;<\/a><\/p>\n","protected":false},"featured_media":27162,"comment_status":"open","ping_status":"closed","template":"","meta":{"_acf_changed":false},"product_brand":[],"product_cat":[1903,4445],"product_tag":[1008,1011,4130],"class_list":{"0":"post-8220","1":"product","2":"type-product","3":"status-publish","4":"has-post-thumbnail","6":"product_cat-chargeurs","7":"product_cat-chargeurs-ac","8":"product_tag-7106623686690-fr-2","9":"product_tag-7106623686799-fr","10":"product_tag-7106623688342-fr","11":"product_shipping_class-normal-shipment","12":"pa_fishing-autres-applications","13":"pa_fishing-carpe","14":"pa_fishing-predateur","16":"first","17":"instock","18":"taxable","19":"shipping-taxable","20":"purchasable","21":"product-type-simple"},"bundled_by":["30688","30692"],"bundle_stock_status":"instock","bundle_stock_quantity":89,"bundle_virtual":false,"bundle_layout":"","bundle_add_to_cart_form_location":"","bundle_editable_in_cart":false,"bundle_sold_individually_context":"","bundle_item_grouping":"","bundle_min_size":"","bundle_max_size":"","bundle_price":[],"bundled_items":[],"bundle_sell_ids":[],"acf":[],"yoast_head":"<!-- This site is optimized with the Yoast SEO plugin v27.1.1 - https:\/\/yoast.com\/product\/yoast-seo-wordpress\/ -->\n<title>Chargeur 29.2V20A \u00e9tanche | Rebelcell | Powering the outdoors<\/title>\n<meta name=\"description\" content=\"Chargeur puissant et \u00e9tanche pour recharger en toute s\u00e9curit\u00e9 votre batterie Rebelcell 24V EDGE LiFePO4. Convient pour une installation permanente dans un bateau.\" \/>\n<meta name=\"robots\" content=\"noindex, follow, max-snippet:-1, max-image-preview:large, max-video-preview:-1\" \/>\n<meta property=\"og:locale\" content=\"fr_FR\" \/>\n<meta property=\"og:type\" content=\"article\" \/>\n<meta property=\"og:title\" content=\"Chargeur 29.2V20A \u00e9tanche | Rebelcell | Powering the outdoors\" \/>\n<meta property=\"og:description\" content=\"Chargeur puissant et \u00e9tanche pour recharger en toute s\u00e9curit\u00e9 votre batterie Rebelcell 24V EDGE LiFePO4. Convient pour une installation permanente dans un bateau.\" \/>\n<meta property=\"og:url\" content=\"https:\/\/test.rebel-cell.com\/fr\/product\/29-2v20a-nmc-charger-waterproof-2\/\" \/>\n<meta property=\"og:site_name\" content=\"Rebelcell\" \/>\n<meta property=\"article:publisher\" content=\"https:\/\/www.facebook.com\/rebelcelleu\" \/>\n<meta property=\"article:modified_time\" content=\"2025-12-22T11:10:55+00:00\" \/>\n<meta property=\"og:image\" content=\"https:\/\/test.rebel-cell.com\/wp-content\/uploads\/Charger_WP_292V20A_overview.jpg\" \/>\n\t<meta property=\"og:image:width\" content=\"1500\" \/>\n\t<meta property=\"og:image:height\" content=\"1500\" \/>\n\t<meta property=\"og:image:type\" content=\"image\/jpeg\" \/>\n<meta name=\"twitter:card\" content=\"summary_large_image\" \/>\n<meta name=\"twitter:site\" content=\"@rebelcellnl\" \/>\n<meta name=\"twitter:label1\" content=\"Prix\" \/>\n\t<meta name=\"twitter:data1\" content=\"&euro;299,00\" \/>\n\t<meta name=\"twitter:label2\" content=\"Disponibilit\u00e9\" \/>\n\t<meta name=\"twitter:data2\" content=\"En stock\" \/>\n<script type=\"application\/ld+json\" class=\"yoast-schema-graph\">{\"@context\":\"https:\/\/schema.org\",\"@graph\":[{\"@type\":[\"WebPage\",\"ItemPage\"],\"@id\":\"https:\/\/test.rebel-cell.com\/fr\/product\/29-2v20a-nmc-charger-waterproof-2\/\",\"url\":\"https:\/\/test.rebel-cell.com\/fr\/product\/29-2v20a-nmc-charger-waterproof-2\/\",\"name\":\"Chargeur 29.2V20A \u00e9tanche | Rebelcell | Powering the outdoors\",\"isPartOf\":{\"@id\":\"https:\/\/test.rebel-cell.com\/fr\/#website\"},\"primaryImageOfPage\":{\"@id\":\"https:\/\/test.rebel-cell.com\/fr\/product\/29-2v20a-nmc-charger-waterproof-2\/#primaryimage\"},\"image\":{\"@id\":\"https:\/\/test.rebel-cell.com\/fr\/product\/29-2v20a-nmc-charger-waterproof-2\/#primaryimage\"},\"thumbnailUrl\":\"https:\/\/test.rebel-cell.com\/wp-content\/uploads\/Charger_WP_292V20A_overview.jpg\",\"datePublished\":\"2019-09-12T13:10:10+00:00\",\"dateModified\":\"2025-12-22T11:10:55+00:00\",\"description\":\"Chargeur puissant et \u00e9tanche pour recharger en toute s\u00e9curit\u00e9 votre batterie Rebelcell 24V EDGE LiFePO4. Convient pour une installation permanente dans un bateau.\",\"breadcrumb\":{\"@id\":\"https:\/\/test.rebel-cell.com\/fr\/product\/29-2v20a-nmc-charger-waterproof-2\/#breadcrumb\"},\"inLanguage\":\"fr-FR\",\"potentialAction\":[{\"@type\":\"ReadAction\",\"target\":[\"https:\/\/test.rebel-cell.com\/fr\/product\/29-2v20a-nmc-charger-waterproof-2\/\"]}]},{\"@type\":\"ImageObject\",\"inLanguage\":\"fr-FR\",\"@id\":\"https:\/\/test.rebel-cell.com\/fr\/product\/29-2v20a-nmc-charger-waterproof-2\/#primaryimage\",\"url\":\"https:\/\/test.rebel-cell.com\/wp-content\/uploads\/Charger_WP_292V20A_overview.jpg\",\"contentUrl\":\"https:\/\/test.rebel-cell.com\/wp-content\/uploads\/Charger_WP_292V20A_overview.jpg\",\"width\":1500,\"height\":1500},{\"@type\":\"BreadcrumbList\",\"@id\":\"https:\/\/test.rebel-cell.com\/fr\/product\/29-2v20a-nmc-charger-waterproof-2\/#breadcrumb\",\"itemListElement\":[{\"@type\":\"ListItem\",\"position\":1,\"name\":\"Home\",\"item\":\"https:\/\/test.rebel-cell.com\/fr\/\"},{\"@type\":\"ListItem\",\"position\":2,\"name\":\"Shop\",\"item\":\"https:\/\/test.rebel-cell.com\/fr\/boutique\/\"},{\"@type\":\"ListItem\",\"position\":3,\"name\":\"Chargeur 29.2V20A Lithium \u00e9tanche (IP65)\"}]},{\"@type\":\"WebSite\",\"@id\":\"https:\/\/test.rebel-cell.com\/fr\/#website\",\"url\":\"https:\/\/test.rebel-cell.com\/fr\/\",\"name\":\"Rebelcell\",\"description\":\"Rebelcell\",\"publisher\":{\"@id\":\"https:\/\/test.rebel-cell.com\/fr\/#organization\"},\"potentialAction\":[{\"@type\":\"SearchAction\",\"target\":{\"@type\":\"EntryPoint\",\"urlTemplate\":\"https:\/\/test.rebel-cell.com\/fr\/?s={search_term_string}\"},\"query-input\":{\"@type\":\"PropertyValueSpecification\",\"valueRequired\":true,\"valueName\":\"search_term_string\"}}],\"inLanguage\":\"fr-FR\"},{\"@type\":\"Organization\",\"@id\":\"https:\/\/test.rebel-cell.com\/fr\/#organization\",\"name\":\"Rebelcell\",\"url\":\"https:\/\/test.rebel-cell.com\/fr\/\",\"logo\":{\"@type\":\"ImageObject\",\"inLanguage\":\"fr-FR\",\"@id\":\"https:\/\/test.rebel-cell.com\/fr\/#\/schema\/logo\/image\/\",\"url\":\"https:\/\/test.rebel-cell.com\/wp-content\/uploads\/rebelcell-logo-300.png\",\"contentUrl\":\"https:\/\/test.rebel-cell.com\/wp-content\/uploads\/rebelcell-logo-300.png\",\"width\":300,\"height\":55,\"caption\":\"Rebelcell\"},\"image\":{\"@id\":\"https:\/\/test.rebel-cell.com\/fr\/#\/schema\/logo\/image\/\"},\"sameAs\":[\"https:\/\/www.facebook.com\/rebelcelleu\",\"https:\/\/x.com\/rebelcellnl\",\"https:\/\/www.instagram.com\/rebelcelleurope\/?hl=nl\",\"https:\/\/www.youtube.com\/channel\/UCpySQUq4xwwtqveV1f8oiFw\"]}]}<\/script>\n<meta property=\"product:price:amount\" content=\"299.00\" \/>\n<meta property=\"product:price:currency\" content=\"EUR\" \/>\n<meta property=\"og:availability\" content=\"instock\" \/>\n<meta property=\"product:availability\" content=\"instock\" \/>\n<meta property=\"product:retailer_item_id\" content=\"8720964631219\" \/>\n<meta property=\"product:condition\" content=\"new\" \/>\n<!-- \/ Yoast SEO plugin. -->","yoast_head_json":{"title":"Chargeur 29.2V20A \u00e9tanche | Rebelcell | Powering the outdoors","description":"Chargeur puissant et \u00e9tanche pour recharger en toute s\u00e9curit\u00e9 votre batterie Rebelcell 24V EDGE LiFePO4. Convient pour une installation permanente dans un bateau.","robots":{"index":"noindex","follow":"follow","max-snippet":"max-snippet:-1","max-image-preview":"max-image-preview:large","max-video-preview":"max-video-preview:-1"},"og_locale":"fr_FR","og_type":"article","og_title":"Chargeur 29.2V20A \u00e9tanche | Rebelcell | Powering the outdoors","og_description":"Chargeur puissant et \u00e9tanche pour recharger en toute s\u00e9curit\u00e9 votre batterie Rebelcell 24V EDGE LiFePO4. Convient pour une installation permanente dans un bateau.","og_url":"https:\/\/test.rebel-cell.com\/fr\/product\/29-2v20a-nmc-charger-waterproof-2\/","og_site_name":"Rebelcell","article_publisher":"https:\/\/www.facebook.com\/rebelcelleu","article_modified_time":"2025-12-22T11:10:55+00:00","og_image":[{"width":1500,"height":1500,"url":"https:\/\/test.rebel-cell.com\/wp-content\/uploads\/Charger_WP_292V20A_overview.jpg","type":"image\/jpeg"}],"twitter_card":"summary_large_image","twitter_site":"@rebelcellnl","twitter_misc":{"Prix":"&euro;299,00","Disponibilit\u00e9":"En stock"},"schema":{"@context":"https:\/\/schema.org","@graph":[{"@type":["WebPage","ItemPage"],"@id":"https:\/\/test.rebel-cell.com\/fr\/product\/29-2v20a-nmc-charger-waterproof-2\/","url":"https:\/\/test.rebel-cell.com\/fr\/product\/29-2v20a-nmc-charger-waterproof-2\/","name":"Chargeur 29.2V20A \u00e9tanche | Rebelcell | Powering the outdoors","isPartOf":{"@id":"https:\/\/test.rebel-cell.com\/fr\/#website"},"primaryImageOfPage":{"@id":"https:\/\/test.rebel-cell.com\/fr\/product\/29-2v20a-nmc-charger-waterproof-2\/#primaryimage"},"image":{"@id":"https:\/\/test.rebel-cell.com\/fr\/product\/29-2v20a-nmc-charger-waterproof-2\/#primaryimage"},"thumbnailUrl":"https:\/\/test.rebel-cell.com\/wp-content\/uploads\/Charger_WP_292V20A_overview.jpg","datePublished":"2019-09-12T13:10:10+00:00","dateModified":"2025-12-22T11:10:55+00:00","description":"Chargeur puissant et \u00e9tanche pour recharger en toute s\u00e9curit\u00e9 votre batterie Rebelcell 24V EDGE LiFePO4. Convient pour une installation permanente dans un bateau.","breadcrumb":{"@id":"https:\/\/test.rebel-cell.com\/fr\/product\/29-2v20a-nmc-charger-waterproof-2\/#breadcrumb"},"inLanguage":"fr-FR","potentialAction":[{"@type":"ReadAction","target":["https:\/\/test.rebel-cell.com\/fr\/product\/29-2v20a-nmc-charger-waterproof-2\/"]}]},{"@type":"ImageObject","inLanguage":"fr-FR","@id":"https:\/\/test.rebel-cell.com\/fr\/product\/29-2v20a-nmc-charger-waterproof-2\/#primaryimage","url":"https:\/\/test.rebel-cell.com\/wp-content\/uploads\/Charger_WP_292V20A_overview.jpg","contentUrl":"https:\/\/test.rebel-cell.com\/wp-content\/uploads\/Charger_WP_292V20A_overview.jpg","width":1500,"height":1500},{"@type":"BreadcrumbList","@id":"https:\/\/test.rebel-cell.com\/fr\/product\/29-2v20a-nmc-charger-waterproof-2\/#breadcrumb","itemListElement":[{"@type":"ListItem","position":1,"name":"Home","item":"https:\/\/test.rebel-cell.com\/fr\/"},{"@type":"ListItem","position":2,"name":"Shop","item":"https:\/\/test.rebel-cell.com\/fr\/boutique\/"},{"@type":"ListItem","position":3,"name":"Chargeur 29.2V20A Lithium \u00e9tanche (IP65)"}]},{"@type":"WebSite","@id":"https:\/\/test.rebel-cell.com\/fr\/#website","url":"https:\/\/test.rebel-cell.com\/fr\/","name":"Rebelcell","description":"Rebelcell","publisher":{"@id":"https:\/\/test.rebel-cell.com\/fr\/#organization"},"potentialAction":[{"@type":"SearchAction","target":{"@type":"EntryPoint","urlTemplate":"https:\/\/test.rebel-cell.com\/fr\/?s={search_term_string}"},"query-input":{"@type":"PropertyValueSpecification","valueRequired":true,"valueName":"search_term_string"}}],"inLanguage":"fr-FR"},{"@type":"Organization","@id":"https:\/\/test.rebel-cell.com\/fr\/#organization","name":"Rebelcell","url":"https:\/\/test.rebel-cell.com\/fr\/","logo":{"@type":"ImageObject","inLanguage":"fr-FR","@id":"https:\/\/test.rebel-cell.com\/fr\/#\/schema\/logo\/image\/","url":"https:\/\/test.rebel-cell.com\/wp-content\/uploads\/rebelcell-logo-300.png","contentUrl":"https:\/\/test.rebel-cell.com\/wp-content\/uploads\/rebelcell-logo-300.png","width":300,"height":55,"caption":"Rebelcell"},"image":{"@id":"https:\/\/test.rebel-cell.com\/fr\/#\/schema\/logo\/image\/"},"sameAs":["https:\/\/www.facebook.com\/rebelcelleu","https:\/\/x.com\/rebelcellnl","https:\/\/www.instagram.com\/rebelcelleurope\/?hl=nl","https:\/\/www.youtube.com\/channel\/UCpySQUq4xwwtqveV1f8oiFw"]}]},"product_price_amount":"299.00","product_price_currency":"EUR","og_availability":"instock","product_availability":"instock","product_retailer_item_id":"8720964631219","product_condition":"new"},"_links":{"self":[{"href":"https:\/\/test.rebel-cell.com\/fr\/wp-json\/wp\/v2\/product\/8220","targetHints":{"allow":["GET"]}}],"collection":[{"href":"https:\/\/test.rebel-cell.com\/fr\/wp-json\/wp\/v2\/product"}],"about":[{"href":"https:\/\/test.rebel-cell.com\/fr\/wp-json\/wp\/v2\/types\/product"}],"replies":[{"embeddable":true,"href":"https:\/\/test.rebel-cell.com\/fr\/wp-json\/wp\/v2\/comments?post=8220"}],"wp:featuredmedia":[{"embeddable":true,"href":"https:\/\/test.rebel-cell.com\/fr\/wp-json\/wp\/v2\/media\/27162"}],"wp:attachment":[{"href":"https:\/\/test.rebel-cell.com\/fr\/wp-json\/wp\/v2\/media?parent=8220"}],"wp:term":[{"taxonomy":"product_brand","embeddable":true,"href":"https:\/\/test.rebel-cell.com\/fr\/wp-json\/wp\/v2\/product_brand?post=8220"},{"taxonomy":"product_cat","embeddable":true,"href":"https:\/\/test.rebel-cell.com\/fr\/wp-json\/wp\/v2\/product_cat?post=8220"},{"taxonomy":"product_tag","embeddable":true,"href":"https:\/\/test.rebel-cell.com\/fr\/wp-json\/wp\/v2\/product_tag?post=8220"}],"curies":[{"name":"wp","href":"https:\/\/api.w.org\/{rel}","templated":true}]}}