{"id":8261,"date":"2019-11-05T17:06:10","date_gmt":"2019-11-05T16:06:10","guid":{"rendered":"https:\/\/test.rebel-cell.com\/product\/sac-pour-batterie-extra-large\/"},"modified":"2026-01-26T18:04:12","modified_gmt":"2026-01-26T17:04:12","slug":"battery-bag-extra-large-2","status":"publish","type":"product","link":"https:\/\/test.rebel-cell.com\/fr\/product\/battery-bag-extra-large-2\/","title":{"rendered":"Sac pour batterie Extra Large"},"content":{"rendered":"<p>Code produit: BAGXLARGREB<\/p>\n<p>Barcode: 7106623693292<\/p>\n<p>EAN: 8720964630816<\/p>\n","protected":false},"excerpt":{"rendered":"<p><strong>Sac pour batterie Rebelcell Extra Large,<\/strong> construit en <strong>EVA<\/strong>, avec des <strong>fermetures \u00e9clair r\u00e9sistantes<\/strong> et des <strong>poign\u00e9es de transport rigides<\/strong>, \u00e0 utiliser avec la batterie li-ion <a href=\"https:\/\/test.rebel-cell.com\/fr\/product\/12v80-pro-batterie\/\" target=\"_blank\" rel=\"noopener\">12V80 PRO<\/a> \/ <a href=\"https:\/\/test.rebel-cell.com\/fr\/product\/batterie-av-12v100-lithium\/\" target=\"_blank\" rel=\"noopener\">12V100 AV<\/a> \/ <a href=\"https:\/\/test.rebel-cell.com\/fr\/product\/12v140-av-battery-2\/\" target=\"_blank\" rel=\"noopener\">12V140 AV<\/a> \/ <a href=\"https:\/\/test.rebel-cell.com\/fr\/product\/24v50-batterie\/\" target=\"_blank\" rel=\"noopener\">24V50<\/a> \/ <a href=\"https:\/\/test.rebel-cell.com\/fr\/product\/batterie-24v70\/\" target=\"_blank\" rel=\"noopener\">24V70<\/a>. Avec un <strong>\u00e9cran transparent<\/strong> en haut pour visualiser l&rsquo;\u00e9tat de la charge.<\/p>\n","protected":false},"featured_media":3833,"comment_status":"open","ping_status":"closed","template":"","meta":{"_acf_changed":false},"product_brand":[],"product_cat":[1905,4457],"product_tag":[1005,1008,4130,3401,4129],"class_list":{"0":"post-8261","1":"product","2":"type-product","3":"status-publish","4":"has-post-thumbnail","6":"product_cat-accessoires-fr","7":"product_cat-marchandises","8":"product_tag-7106623686539-fr-2","9":"product_tag-7106623686690-fr-2","10":"product_tag-7106623688342-fr","11":"product_tag-7106623694312-fr","12":"product_tag-7106623695753-fr","13":"product_shipping_class-normal-shipment","15":"first","16":"instock","17":"taxable","18":"shipping-taxable","19":"purchasable","20":"product-type-simple"},"bundled_by":["11425","11454","11464","11472","11437"],"bundle_stock_status":"instock","bundle_stock_quantity":228,"bundle_virtual":false,"bundle_layout":"","bundle_add_to_cart_form_location":"","bundle_editable_in_cart":false,"bundle_sold_individually_context":"","bundle_item_grouping":"","bundle_min_size":"","bundle_max_size":"","bundle_price":[],"bundled_items":[],"bundle_sell_ids":[],"acf":[],"yoast_head":"<!-- This site is optimized with the Yoast SEO plugin v27.1.1 - https:\/\/yoast.com\/product\/yoast-seo-wordpress\/ -->\n<title>Sac pour batterie XL | Rebelcell | \u00c9nergie portable pour l&#039;ext\u00e9rieur<\/title>\n<meta name=\"description\" content=\"Sac pour batterie XL. Fabriqu\u00e9 en EVA, il dispose de fermetures \u00e9clair r\u00e9sistantes et de poign\u00e9es de transport rigides. Rebelcell. \u00c9nergie portable pour la p\u00eache \u00e0 la ligne, en plein air et en mer.\" \/>\n<meta name=\"robots\" content=\"noindex, follow, max-snippet:-1, max-image-preview:large, max-video-preview:-1\" \/>\n<meta property=\"og:locale\" content=\"fr_FR\" \/>\n<meta property=\"og:type\" content=\"article\" \/>\n<meta property=\"og:title\" content=\"Sac pour batterie XL | Rebelcell | \u00c9nergie portable pour l&#039;ext\u00e9rieur\" \/>\n<meta property=\"og:description\" content=\"Sac pour batterie XL. Fabriqu\u00e9 en EVA, il dispose de fermetures \u00e9clair r\u00e9sistantes et de poign\u00e9es de transport rigides. Rebelcell. \u00c9nergie portable pour la p\u00eache \u00e0 la ligne, en plein air et en mer.\" \/>\n<meta property=\"og:url\" content=\"https:\/\/test.rebel-cell.com\/fr\/product\/battery-bag-extra-large-2\/\" \/>\n<meta property=\"og:site_name\" content=\"Rebelcell\" \/>\n<meta property=\"article:publisher\" content=\"https:\/\/www.facebook.com\/rebelcelleu\" \/>\n<meta property=\"article:modified_time\" content=\"2026-01-26T17:04:12+00:00\" \/>\n<meta property=\"og:image\" content=\"https:\/\/test.rebel-cell.com\/wp-content\/uploads\/2019\/11\/Batterybag_XL_side_B.jpg\" \/>\n\t<meta property=\"og:image:width\" content=\"1500\" \/>\n\t<meta property=\"og:image:height\" content=\"1500\" \/>\n\t<meta property=\"og:image:type\" content=\"image\/jpeg\" \/>\n<meta name=\"twitter:card\" content=\"summary_large_image\" \/>\n<meta name=\"twitter:site\" content=\"@rebelcellnl\" \/>\n<meta name=\"twitter:label1\" content=\"Prix\" \/>\n\t<meta name=\"twitter:data1\" content=\"&euro;49,50\" \/>\n\t<meta name=\"twitter:label2\" content=\"Disponibilit\u00e9\" \/>\n\t<meta name=\"twitter:data2\" content=\"En stock\" \/>\n<script type=\"application\/ld+json\" class=\"yoast-schema-graph\">{\"@context\":\"https:\/\/schema.org\",\"@graph\":[{\"@type\":[\"WebPage\",\"ItemPage\"],\"@id\":\"https:\/\/test.rebel-cell.com\/fr\/product\/battery-bag-extra-large-2\/\",\"url\":\"https:\/\/test.rebel-cell.com\/fr\/product\/battery-bag-extra-large-2\/\",\"name\":\"Sac pour batterie XL | Rebelcell | \u00c9nergie portable pour l'ext\u00e9rieur\",\"isPartOf\":{\"@id\":\"https:\/\/test.rebel-cell.com\/fr\/#website\"},\"primaryImageOfPage\":{\"@id\":\"https:\/\/test.rebel-cell.com\/fr\/product\/battery-bag-extra-large-2\/#primaryimage\"},\"image\":{\"@id\":\"https:\/\/test.rebel-cell.com\/fr\/product\/battery-bag-extra-large-2\/#primaryimage\"},\"thumbnailUrl\":\"https:\/\/test.rebel-cell.com\/wp-content\/uploads\/2019\/11\/Batterybag_XL_side_B.jpg\",\"datePublished\":\"2019-11-05T16:06:10+00:00\",\"dateModified\":\"2026-01-26T17:04:12+00:00\",\"description\":\"Sac pour batterie XL. Fabriqu\u00e9 en EVA, il dispose de fermetures \u00e9clair r\u00e9sistantes et de poign\u00e9es de transport rigides. Rebelcell. \u00c9nergie portable pour la p\u00eache \u00e0 la ligne, en plein air et en mer.\",\"breadcrumb\":{\"@id\":\"https:\/\/test.rebel-cell.com\/fr\/product\/battery-bag-extra-large-2\/#breadcrumb\"},\"inLanguage\":\"fr-FR\",\"potentialAction\":[{\"@type\":\"ReadAction\",\"target\":[\"https:\/\/test.rebel-cell.com\/fr\/product\/battery-bag-extra-large-2\/\"]}]},{\"@type\":\"ImageObject\",\"inLanguage\":\"fr-FR\",\"@id\":\"https:\/\/test.rebel-cell.com\/fr\/product\/battery-bag-extra-large-2\/#primaryimage\",\"url\":\"https:\/\/test.rebel-cell.com\/wp-content\/uploads\/2019\/11\/Batterybag_XL_side_B.jpg\",\"contentUrl\":\"https:\/\/test.rebel-cell.com\/wp-content\/uploads\/2019\/11\/Batterybag_XL_side_B.jpg\",\"width\":1500,\"height\":1500,\"caption\":\"Sac pour batterie XL\"},{\"@type\":\"BreadcrumbList\",\"@id\":\"https:\/\/test.rebel-cell.com\/fr\/product\/battery-bag-extra-large-2\/#breadcrumb\",\"itemListElement\":[{\"@type\":\"ListItem\",\"position\":1,\"name\":\"Home\",\"item\":\"https:\/\/test.rebel-cell.com\/fr\/\"},{\"@type\":\"ListItem\",\"position\":2,\"name\":\"Shop\",\"item\":\"https:\/\/test.rebel-cell.com\/fr\/boutique\/\"},{\"@type\":\"ListItem\",\"position\":3,\"name\":\"Sac pour batterie Extra Large\"}]},{\"@type\":\"WebSite\",\"@id\":\"https:\/\/test.rebel-cell.com\/fr\/#website\",\"url\":\"https:\/\/test.rebel-cell.com\/fr\/\",\"name\":\"Rebelcell\",\"description\":\"Rebelcell\",\"publisher\":{\"@id\":\"https:\/\/test.rebel-cell.com\/fr\/#organization\"},\"potentialAction\":[{\"@type\":\"SearchAction\",\"target\":{\"@type\":\"EntryPoint\",\"urlTemplate\":\"https:\/\/test.rebel-cell.com\/fr\/?s={search_term_string}\"},\"query-input\":{\"@type\":\"PropertyValueSpecification\",\"valueRequired\":true,\"valueName\":\"search_term_string\"}}],\"inLanguage\":\"fr-FR\"},{\"@type\":\"Organization\",\"@id\":\"https:\/\/test.rebel-cell.com\/fr\/#organization\",\"name\":\"Rebelcell\",\"url\":\"https:\/\/test.rebel-cell.com\/fr\/\",\"logo\":{\"@type\":\"ImageObject\",\"inLanguage\":\"fr-FR\",\"@id\":\"https:\/\/test.rebel-cell.com\/fr\/#\/schema\/logo\/image\/\",\"url\":\"https:\/\/test.rebel-cell.com\/wp-content\/uploads\/rebelcell-logo-300.png\",\"contentUrl\":\"https:\/\/test.rebel-cell.com\/wp-content\/uploads\/rebelcell-logo-300.png\",\"width\":300,\"height\":55,\"caption\":\"Rebelcell\"},\"image\":{\"@id\":\"https:\/\/test.rebel-cell.com\/fr\/#\/schema\/logo\/image\/\"},\"sameAs\":[\"https:\/\/www.facebook.com\/rebelcelleu\",\"https:\/\/x.com\/rebelcellnl\",\"https:\/\/www.instagram.com\/rebelcelleurope\/?hl=nl\",\"https:\/\/www.youtube.com\/channel\/UCpySQUq4xwwtqveV1f8oiFw\"]}]}<\/script>\n<meta property=\"product:price:amount\" content=\"49.50\" \/>\n<meta property=\"product:price:currency\" content=\"EUR\" \/>\n<meta property=\"og:availability\" content=\"instock\" \/>\n<meta property=\"product:availability\" content=\"instock\" \/>\n<meta property=\"product:retailer_item_id\" content=\"7106623693292\" \/>\n<meta property=\"product:condition\" content=\"new\" \/>\n<!-- \/ Yoast SEO plugin. -->","yoast_head_json":{"title":"Sac pour batterie XL | Rebelcell | \u00c9nergie portable pour l'ext\u00e9rieur","description":"Sac pour batterie XL. Fabriqu\u00e9 en EVA, il dispose de fermetures \u00e9clair r\u00e9sistantes et de poign\u00e9es de transport rigides. Rebelcell. \u00c9nergie portable pour la p\u00eache \u00e0 la ligne, en plein air et en mer.","robots":{"index":"noindex","follow":"follow","max-snippet":"max-snippet:-1","max-image-preview":"max-image-preview:large","max-video-preview":"max-video-preview:-1"},"og_locale":"fr_FR","og_type":"article","og_title":"Sac pour batterie XL | Rebelcell | \u00c9nergie portable pour l'ext\u00e9rieur","og_description":"Sac pour batterie XL. Fabriqu\u00e9 en EVA, il dispose de fermetures \u00e9clair r\u00e9sistantes et de poign\u00e9es de transport rigides. Rebelcell. \u00c9nergie portable pour la p\u00eache \u00e0 la ligne, en plein air et en mer.","og_url":"https:\/\/test.rebel-cell.com\/fr\/product\/battery-bag-extra-large-2\/","og_site_name":"Rebelcell","article_publisher":"https:\/\/www.facebook.com\/rebelcelleu","article_modified_time":"2026-01-26T17:04:12+00:00","og_image":[{"width":1500,"height":1500,"url":"https:\/\/test.rebel-cell.com\/wp-content\/uploads\/2019\/11\/Batterybag_XL_side_B.jpg","type":"image\/jpeg"}],"twitter_card":"summary_large_image","twitter_site":"@rebelcellnl","twitter_misc":{"Prix":"&euro;49,50","Disponibilit\u00e9":"En stock"},"schema":{"@context":"https:\/\/schema.org","@graph":[{"@type":["WebPage","ItemPage"],"@id":"https:\/\/test.rebel-cell.com\/fr\/product\/battery-bag-extra-large-2\/","url":"https:\/\/test.rebel-cell.com\/fr\/product\/battery-bag-extra-large-2\/","name":"Sac pour batterie XL | Rebelcell | \u00c9nergie portable pour l'ext\u00e9rieur","isPartOf":{"@id":"https:\/\/test.rebel-cell.com\/fr\/#website"},"primaryImageOfPage":{"@id":"https:\/\/test.rebel-cell.com\/fr\/product\/battery-bag-extra-large-2\/#primaryimage"},"image":{"@id":"https:\/\/test.rebel-cell.com\/fr\/product\/battery-bag-extra-large-2\/#primaryimage"},"thumbnailUrl":"https:\/\/test.rebel-cell.com\/wp-content\/uploads\/2019\/11\/Batterybag_XL_side_B.jpg","datePublished":"2019-11-05T16:06:10+00:00","dateModified":"2026-01-26T17:04:12+00:00","description":"Sac pour batterie XL. Fabriqu\u00e9 en EVA, il dispose de fermetures \u00e9clair r\u00e9sistantes et de poign\u00e9es de transport rigides. Rebelcell. \u00c9nergie portable pour la p\u00eache \u00e0 la ligne, en plein air et en mer.","breadcrumb":{"@id":"https:\/\/test.rebel-cell.com\/fr\/product\/battery-bag-extra-large-2\/#breadcrumb"},"inLanguage":"fr-FR","potentialAction":[{"@type":"ReadAction","target":["https:\/\/test.rebel-cell.com\/fr\/product\/battery-bag-extra-large-2\/"]}]},{"@type":"ImageObject","inLanguage":"fr-FR","@id":"https:\/\/test.rebel-cell.com\/fr\/product\/battery-bag-extra-large-2\/#primaryimage","url":"https:\/\/test.rebel-cell.com\/wp-content\/uploads\/2019\/11\/Batterybag_XL_side_B.jpg","contentUrl":"https:\/\/test.rebel-cell.com\/wp-content\/uploads\/2019\/11\/Batterybag_XL_side_B.jpg","width":1500,"height":1500,"caption":"Sac pour batterie XL"},{"@type":"BreadcrumbList","@id":"https:\/\/test.rebel-cell.com\/fr\/product\/battery-bag-extra-large-2\/#breadcrumb","itemListElement":[{"@type":"ListItem","position":1,"name":"Home","item":"https:\/\/test.rebel-cell.com\/fr\/"},{"@type":"ListItem","position":2,"name":"Shop","item":"https:\/\/test.rebel-cell.com\/fr\/boutique\/"},{"@type":"ListItem","position":3,"name":"Sac pour batterie Extra Large"}]},{"@type":"WebSite","@id":"https:\/\/test.rebel-cell.com\/fr\/#website","url":"https:\/\/test.rebel-cell.com\/fr\/","name":"Rebelcell","description":"Rebelcell","publisher":{"@id":"https:\/\/test.rebel-cell.com\/fr\/#organization"},"potentialAction":[{"@type":"SearchAction","target":{"@type":"EntryPoint","urlTemplate":"https:\/\/test.rebel-cell.com\/fr\/?s={search_term_string}"},"query-input":{"@type":"PropertyValueSpecification","valueRequired":true,"valueName":"search_term_string"}}],"inLanguage":"fr-FR"},{"@type":"Organization","@id":"https:\/\/test.rebel-cell.com\/fr\/#organization","name":"Rebelcell","url":"https:\/\/test.rebel-cell.com\/fr\/","logo":{"@type":"ImageObject","inLanguage":"fr-FR","@id":"https:\/\/test.rebel-cell.com\/fr\/#\/schema\/logo\/image\/","url":"https:\/\/test.rebel-cell.com\/wp-content\/uploads\/rebelcell-logo-300.png","contentUrl":"https:\/\/test.rebel-cell.com\/wp-content\/uploads\/rebelcell-logo-300.png","width":300,"height":55,"caption":"Rebelcell"},"image":{"@id":"https:\/\/test.rebel-cell.com\/fr\/#\/schema\/logo\/image\/"},"sameAs":["https:\/\/www.facebook.com\/rebelcelleu","https:\/\/x.com\/rebelcellnl","https:\/\/www.instagram.com\/rebelcelleurope\/?hl=nl","https:\/\/www.youtube.com\/channel\/UCpySQUq4xwwtqveV1f8oiFw"]}]},"product_price_amount":"49.50","product_price_currency":"EUR","og_availability":"instock","product_availability":"instock","product_retailer_item_id":"7106623693292","product_condition":"new"},"_links":{"self":[{"href":"https:\/\/test.rebel-cell.com\/fr\/wp-json\/wp\/v2\/product\/8261","targetHints":{"allow":["GET"]}}],"collection":[{"href":"https:\/\/test.rebel-cell.com\/fr\/wp-json\/wp\/v2\/product"}],"about":[{"href":"https:\/\/test.rebel-cell.com\/fr\/wp-json\/wp\/v2\/types\/product"}],"replies":[{"embeddable":true,"href":"https:\/\/test.rebel-cell.com\/fr\/wp-json\/wp\/v2\/comments?post=8261"}],"wp:featuredmedia":[{"embeddable":true,"href":"https:\/\/test.rebel-cell.com\/fr\/wp-json\/wp\/v2\/media\/3833"}],"wp:attachment":[{"href":"https:\/\/test.rebel-cell.com\/fr\/wp-json\/wp\/v2\/media?parent=8261"}],"wp:term":[{"taxonomy":"product_brand","embeddable":true,"href":"https:\/\/test.rebel-cell.com\/fr\/wp-json\/wp\/v2\/product_brand?post=8261"},{"taxonomy":"product_cat","embeddable":true,"href":"https:\/\/test.rebel-cell.com\/fr\/wp-json\/wp\/v2\/product_cat?post=8261"},{"taxonomy":"product_tag","embeddable":true,"href":"https:\/\/test.rebel-cell.com\/fr\/wp-json\/wp\/v2\/product_tag?post=8261"}],"curies":[{"name":"wp","href":"https:\/\/api.w.org\/{rel}","templated":true}]}}