{"id":8320,"date":"2020-04-11T11:57:50","date_gmt":"2020-04-11T09:57:50","guid":{"rendered":"https:\/\/test.rebel-cell.com\/product\/controleur-de-charge-solaire\/"},"modified":"2023-12-08T11:37:32","modified_gmt":"2023-12-08T10:37:32","slug":"solar-charge-controller-2","status":"publish","type":"product","link":"https:\/\/test.rebel-cell.com\/fr\/product\/solar-charge-controller-2\/","title":{"rendered":"Contr\u00f4leur de charge solaire"},"content":{"rendered":"<p>Code produit Model SCA (12V10A PWM): EPH12V10WAC<\/p>\n<p>Code produit Model SCB (16V10A PWM): EPH16V10WAC<\/p>\n<p>Code produit Model SCC (29V10A PWM): EPH29V20WAC<\/p>\n<p>Barcode Model SCA: 7106623687291<\/p>\n<p>Barcode Model SCB: 7106623687437<\/p>\n<p>Barcode Model SCC: 7106623689066<\/p>\n<p>EAN Model SCA: 8720964630274<\/p>\n<p>EAN Model SCB: 8720964630755<\/p>\n<p>EAN Model SCC: 8720964630762<\/p>\n","protected":false},"excerpt":{"rendered":"<p>Puissant contr\u00f4leur de charge solaire PWM (marque : EP Solar et Landstart) pour charger les batteries li-ion Rebelcell avec des panneaux solaires.<br \/>\nL&rsquo;\u00e9tat de la charge peut \u00eatre facilement lu par des LED.<\/p>\n<ul>\n<li><strong>Mod\u00e8le SCA = 12V10A PWM<\/strong> contr\u00f4leur de charge solaire pour toutes <span style=\"text-decoration: underline;\">les batteries 12V AV<\/span> (avec une couleur bleue) et les bo\u00eetes <span style=\"text-decoration: underline;\">AV Outdoorbox<\/span><\/li>\n<li><strong>Mod\u00e8le SCB = 16V10A PWM<\/strong> contr\u00f4leur de charge solaire pour toutes <span style=\"text-decoration: underline;\">les batteries de ligne Angling<\/span> (couleur noire)<\/li>\n<li><strong>Mod\u00e8le SCC = 29V10A PWM<\/strong> contr\u00f4leur de charge solaire pour toutes <span style=\"text-decoration: underline;\">les batteries 24V<\/span> (avec couleur blanche)<\/li>\n<\/ul>\n<p>S\u00e9lectionnez ci-dessous le mod\u00e8le correspondant \u00e0 votre batterie.<\/p>\n","protected":false},"featured_media":2893,"comment_status":"open","ping_status":"closed","template":"","meta":{"_acf_changed":false},"product_brand":[],"product_cat":[1903,4451],"product_tag":[998,1001,1005,1008,1011,4130,1014,1018,1019,1101,1105,3401,4129],"class_list":{"0":"post-8320","1":"product","2":"type-product","3":"status-publish","4":"has-post-thumbnail","6":"product_cat-chargeurs","7":"product_cat-chargeurs-solaires","8":"product_tag-7106623685884-fr-2","9":"product_tag-7106623686218-fr","10":"product_tag-7106623686539-fr-2","11":"product_tag-7106623686690-fr-2","12":"product_tag-7106623686799-fr","13":"product_tag-7106623688342-fr","14":"product_tag-7106623688663-fr","15":"product_tag-7106623690703-fr","16":"product_tag-7106623690710-fr","17":"product_tag-7106623691274-fr","18":"product_tag-7106623692813-fr","19":"product_tag-7106623694312-fr","20":"product_tag-7106623695753-fr","21":"product_shipping_class-normal-shipment","23":"first","24":"instock","25":"taxable","26":"shipping-taxable","27":"purchasable","28":"product-type-variable"},"bundled_by":[],"bundle_stock_status":"instock","bundle_stock_quantity":null,"bundle_virtual":false,"bundle_layout":"","bundle_add_to_cart_form_location":"","bundle_editable_in_cart":false,"bundle_sold_individually_context":"","bundle_item_grouping":"","bundle_min_size":"","bundle_max_size":"","bundle_price":[],"bundled_items":[],"bundle_sell_ids":[],"acf":[],"yoast_head":"<!-- This site is optimized with the Yoast SEO plugin v27.1.1 - https:\/\/yoast.com\/product\/yoast-seo-wordpress\/ -->\n<title>Contr\u00f4leur de charge solaire | Rebelcell | \u00c9nergie portable pour l&#039;ext\u00e9rieur<\/title>\n<meta name=\"description\" content=\"Puissant r\u00e9gulateur de charge pour charger les batteries via les panneaux solaires. Rebelcell. \u00c9nergie portable pour la p\u00eache \u00e0 la ligne, le plein air, les loisirs, le hors r\u00e9seau et la marine.\" \/>\n<meta name=\"robots\" content=\"noindex, follow, max-snippet:-1, max-image-preview:large, max-video-preview:-1\" \/>\n<meta property=\"og:locale\" content=\"fr_FR\" \/>\n<meta property=\"og:type\" content=\"article\" \/>\n<meta property=\"og:title\" content=\"Contr\u00f4leur de charge solaire | Rebelcell | \u00c9nergie portable pour l&#039;ext\u00e9rieur\" \/>\n<meta property=\"og:description\" content=\"Puissant r\u00e9gulateur de charge pour charger les batteries via les panneaux solaires. Rebelcell. \u00c9nergie portable pour la p\u00eache \u00e0 la ligne, le plein air, les loisirs, le hors r\u00e9seau et la marine.\" \/>\n<meta property=\"og:url\" content=\"https:\/\/test.rebel-cell.com\/fr\/product\/solar-charge-controller-2\/\" \/>\n<meta property=\"og:site_name\" content=\"Rebelcell\" \/>\n<meta property=\"article:publisher\" content=\"https:\/\/www.facebook.com\/rebelcelleu\" \/>\n<meta property=\"article:modified_time\" content=\"2023-12-08T10:37:32+00:00\" \/>\n<meta property=\"og:image\" content=\"https:\/\/test.rebel-cell.com\/wp-content\/uploads\/2019\/06\/12V10A_solar_charger.jpg\" \/>\n\t<meta property=\"og:image:width\" content=\"1200\" \/>\n\t<meta property=\"og:image:height\" content=\"1200\" \/>\n\t<meta property=\"og:image:type\" content=\"image\/jpeg\" \/>\n<meta name=\"twitter:card\" content=\"summary_large_image\" \/>\n<meta name=\"twitter:site\" content=\"@rebelcellnl\" \/>\n<meta name=\"twitter:label1\" content=\"Disponibilit\u00e9\" \/>\n\t<meta name=\"twitter:data1\" content=\"En stock\" \/>\n<script type=\"application\/ld+json\" class=\"yoast-schema-graph\">{\"@context\":\"https:\/\/schema.org\",\"@graph\":[{\"@type\":[\"WebPage\",\"ItemPage\"],\"@id\":\"https:\/\/test.rebel-cell.com\/fr\/product\/solar-charge-controller-2\/\",\"url\":\"https:\/\/test.rebel-cell.com\/fr\/product\/solar-charge-controller-2\/\",\"name\":\"Contr\u00f4leur de charge solaire | Rebelcell | \u00c9nergie portable pour l'ext\u00e9rieur\",\"isPartOf\":{\"@id\":\"https:\/\/test.rebel-cell.com\/fr\/#website\"},\"primaryImageOfPage\":{\"@id\":\"https:\/\/test.rebel-cell.com\/fr\/product\/solar-charge-controller-2\/#primaryimage\"},\"image\":{\"@id\":\"https:\/\/test.rebel-cell.com\/fr\/product\/solar-charge-controller-2\/#primaryimage\"},\"thumbnailUrl\":\"https:\/\/test.rebel-cell.com\/wp-content\/uploads\/2019\/06\/12V10A_solar_charger.jpg\",\"datePublished\":\"2020-04-11T09:57:50+00:00\",\"dateModified\":\"2023-12-08T10:37:32+00:00\",\"description\":\"Puissant r\u00e9gulateur de charge pour charger les batteries via les panneaux solaires. Rebelcell. \u00c9nergie portable pour la p\u00eache \u00e0 la ligne, le plein air, les loisirs, le hors r\u00e9seau et la marine.\",\"breadcrumb\":{\"@id\":\"https:\/\/test.rebel-cell.com\/fr\/product\/solar-charge-controller-2\/#breadcrumb\"},\"inLanguage\":\"fr-FR\",\"potentialAction\":[{\"@type\":\"ReadAction\",\"target\":[\"https:\/\/test.rebel-cell.com\/fr\/product\/solar-charge-controller-2\/\"]}]},{\"@type\":\"ImageObject\",\"inLanguage\":\"fr-FR\",\"@id\":\"https:\/\/test.rebel-cell.com\/fr\/product\/solar-charge-controller-2\/#primaryimage\",\"url\":\"https:\/\/test.rebel-cell.com\/wp-content\/uploads\/2019\/06\/12V10A_solar_charger.jpg\",\"contentUrl\":\"https:\/\/test.rebel-cell.com\/wp-content\/uploads\/2019\/06\/12V10A_solar_charger.jpg\",\"width\":1200,\"height\":1200,\"caption\":\"Chargeur solaire 12V10A\"},{\"@type\":\"BreadcrumbList\",\"@id\":\"https:\/\/test.rebel-cell.com\/fr\/product\/solar-charge-controller-2\/#breadcrumb\",\"itemListElement\":[{\"@type\":\"ListItem\",\"position\":1,\"name\":\"Home\",\"item\":\"https:\/\/test.rebel-cell.com\/fr\/\"},{\"@type\":\"ListItem\",\"position\":2,\"name\":\"Shop\",\"item\":\"https:\/\/test.rebel-cell.com\/fr\/boutique\/\"},{\"@type\":\"ListItem\",\"position\":3,\"name\":\"Contr\u00f4leur de charge solaire\"}]},{\"@type\":\"WebSite\",\"@id\":\"https:\/\/test.rebel-cell.com\/fr\/#website\",\"url\":\"https:\/\/test.rebel-cell.com\/fr\/\",\"name\":\"Rebelcell\",\"description\":\"Rebelcell\",\"publisher\":{\"@id\":\"https:\/\/test.rebel-cell.com\/fr\/#organization\"},\"potentialAction\":[{\"@type\":\"SearchAction\",\"target\":{\"@type\":\"EntryPoint\",\"urlTemplate\":\"https:\/\/test.rebel-cell.com\/fr\/?s={search_term_string}\"},\"query-input\":{\"@type\":\"PropertyValueSpecification\",\"valueRequired\":true,\"valueName\":\"search_term_string\"}}],\"inLanguage\":\"fr-FR\"},{\"@type\":\"Organization\",\"@id\":\"https:\/\/test.rebel-cell.com\/fr\/#organization\",\"name\":\"Rebelcell\",\"url\":\"https:\/\/test.rebel-cell.com\/fr\/\",\"logo\":{\"@type\":\"ImageObject\",\"inLanguage\":\"fr-FR\",\"@id\":\"https:\/\/test.rebel-cell.com\/fr\/#\/schema\/logo\/image\/\",\"url\":\"https:\/\/test.rebel-cell.com\/wp-content\/uploads\/rebelcell-logo-300.png\",\"contentUrl\":\"https:\/\/test.rebel-cell.com\/wp-content\/uploads\/rebelcell-logo-300.png\",\"width\":300,\"height\":55,\"caption\":\"Rebelcell\"},\"image\":{\"@id\":\"https:\/\/test.rebel-cell.com\/fr\/#\/schema\/logo\/image\/\"},\"sameAs\":[\"https:\/\/www.facebook.com\/rebelcelleu\",\"https:\/\/x.com\/rebelcellnl\",\"https:\/\/www.instagram.com\/rebelcelleurope\/?hl=nl\",\"https:\/\/www.youtube.com\/channel\/UCpySQUq4xwwtqveV1f8oiFw\"]}]}<\/script>\n<meta property=\"og:availability\" content=\"instock\" \/>\n<meta property=\"product:availability\" content=\"instock\" \/>\n<meta property=\"product:retailer_item_id\" content=\"71066236872918\" \/>\n<meta property=\"product:condition\" content=\"new\" \/>\n<!-- \/ Yoast SEO plugin. -->","yoast_head_json":{"title":"Contr\u00f4leur de charge solaire | Rebelcell | \u00c9nergie portable pour l'ext\u00e9rieur","description":"Puissant r\u00e9gulateur de charge pour charger les batteries via les panneaux solaires. Rebelcell. \u00c9nergie portable pour la p\u00eache \u00e0 la ligne, le plein air, les loisirs, le hors r\u00e9seau et la marine.","robots":{"index":"noindex","follow":"follow","max-snippet":"max-snippet:-1","max-image-preview":"max-image-preview:large","max-video-preview":"max-video-preview:-1"},"og_locale":"fr_FR","og_type":"article","og_title":"Contr\u00f4leur de charge solaire | Rebelcell | \u00c9nergie portable pour l'ext\u00e9rieur","og_description":"Puissant r\u00e9gulateur de charge pour charger les batteries via les panneaux solaires. Rebelcell. \u00c9nergie portable pour la p\u00eache \u00e0 la ligne, le plein air, les loisirs, le hors r\u00e9seau et la marine.","og_url":"https:\/\/test.rebel-cell.com\/fr\/product\/solar-charge-controller-2\/","og_site_name":"Rebelcell","article_publisher":"https:\/\/www.facebook.com\/rebelcelleu","article_modified_time":"2023-12-08T10:37:32+00:00","og_image":[{"width":1200,"height":1200,"url":"https:\/\/test.rebel-cell.com\/wp-content\/uploads\/2019\/06\/12V10A_solar_charger.jpg","type":"image\/jpeg"}],"twitter_card":"summary_large_image","twitter_site":"@rebelcellnl","twitter_misc":{"Disponibilit\u00e9":"En stock"},"schema":{"@context":"https:\/\/schema.org","@graph":[{"@type":["WebPage","ItemPage"],"@id":"https:\/\/test.rebel-cell.com\/fr\/product\/solar-charge-controller-2\/","url":"https:\/\/test.rebel-cell.com\/fr\/product\/solar-charge-controller-2\/","name":"Contr\u00f4leur de charge solaire | Rebelcell | \u00c9nergie portable pour l'ext\u00e9rieur","isPartOf":{"@id":"https:\/\/test.rebel-cell.com\/fr\/#website"},"primaryImageOfPage":{"@id":"https:\/\/test.rebel-cell.com\/fr\/product\/solar-charge-controller-2\/#primaryimage"},"image":{"@id":"https:\/\/test.rebel-cell.com\/fr\/product\/solar-charge-controller-2\/#primaryimage"},"thumbnailUrl":"https:\/\/test.rebel-cell.com\/wp-content\/uploads\/2019\/06\/12V10A_solar_charger.jpg","datePublished":"2020-04-11T09:57:50+00:00","dateModified":"2023-12-08T10:37:32+00:00","description":"Puissant r\u00e9gulateur de charge pour charger les batteries via les panneaux solaires. Rebelcell. \u00c9nergie portable pour la p\u00eache \u00e0 la ligne, le plein air, les loisirs, le hors r\u00e9seau et la marine.","breadcrumb":{"@id":"https:\/\/test.rebel-cell.com\/fr\/product\/solar-charge-controller-2\/#breadcrumb"},"inLanguage":"fr-FR","potentialAction":[{"@type":"ReadAction","target":["https:\/\/test.rebel-cell.com\/fr\/product\/solar-charge-controller-2\/"]}]},{"@type":"ImageObject","inLanguage":"fr-FR","@id":"https:\/\/test.rebel-cell.com\/fr\/product\/solar-charge-controller-2\/#primaryimage","url":"https:\/\/test.rebel-cell.com\/wp-content\/uploads\/2019\/06\/12V10A_solar_charger.jpg","contentUrl":"https:\/\/test.rebel-cell.com\/wp-content\/uploads\/2019\/06\/12V10A_solar_charger.jpg","width":1200,"height":1200,"caption":"Chargeur solaire 12V10A"},{"@type":"BreadcrumbList","@id":"https:\/\/test.rebel-cell.com\/fr\/product\/solar-charge-controller-2\/#breadcrumb","itemListElement":[{"@type":"ListItem","position":1,"name":"Home","item":"https:\/\/test.rebel-cell.com\/fr\/"},{"@type":"ListItem","position":2,"name":"Shop","item":"https:\/\/test.rebel-cell.com\/fr\/boutique\/"},{"@type":"ListItem","position":3,"name":"Contr\u00f4leur de charge solaire"}]},{"@type":"WebSite","@id":"https:\/\/test.rebel-cell.com\/fr\/#website","url":"https:\/\/test.rebel-cell.com\/fr\/","name":"Rebelcell","description":"Rebelcell","publisher":{"@id":"https:\/\/test.rebel-cell.com\/fr\/#organization"},"potentialAction":[{"@type":"SearchAction","target":{"@type":"EntryPoint","urlTemplate":"https:\/\/test.rebel-cell.com\/fr\/?s={search_term_string}"},"query-input":{"@type":"PropertyValueSpecification","valueRequired":true,"valueName":"search_term_string"}}],"inLanguage":"fr-FR"},{"@type":"Organization","@id":"https:\/\/test.rebel-cell.com\/fr\/#organization","name":"Rebelcell","url":"https:\/\/test.rebel-cell.com\/fr\/","logo":{"@type":"ImageObject","inLanguage":"fr-FR","@id":"https:\/\/test.rebel-cell.com\/fr\/#\/schema\/logo\/image\/","url":"https:\/\/test.rebel-cell.com\/wp-content\/uploads\/rebelcell-logo-300.png","contentUrl":"https:\/\/test.rebel-cell.com\/wp-content\/uploads\/rebelcell-logo-300.png","width":300,"height":55,"caption":"Rebelcell"},"image":{"@id":"https:\/\/test.rebel-cell.com\/fr\/#\/schema\/logo\/image\/"},"sameAs":["https:\/\/www.facebook.com\/rebelcelleu","https:\/\/x.com\/rebelcellnl","https:\/\/www.instagram.com\/rebelcelleurope\/?hl=nl","https:\/\/www.youtube.com\/channel\/UCpySQUq4xwwtqveV1f8oiFw"]}]},"og_availability":"instock","product_availability":"instock","product_retailer_item_id":"71066236872918","product_condition":"new"},"_links":{"self":[{"href":"https:\/\/test.rebel-cell.com\/fr\/wp-json\/wp\/v2\/product\/8320","targetHints":{"allow":["GET"]}}],"collection":[{"href":"https:\/\/test.rebel-cell.com\/fr\/wp-json\/wp\/v2\/product"}],"about":[{"href":"https:\/\/test.rebel-cell.com\/fr\/wp-json\/wp\/v2\/types\/product"}],"replies":[{"embeddable":true,"href":"https:\/\/test.rebel-cell.com\/fr\/wp-json\/wp\/v2\/comments?post=8320"}],"wp:featuredmedia":[{"embeddable":true,"href":"https:\/\/test.rebel-cell.com\/fr\/wp-json\/wp\/v2\/media\/2893"}],"wp:attachment":[{"href":"https:\/\/test.rebel-cell.com\/fr\/wp-json\/wp\/v2\/media?parent=8320"}],"wp:term":[{"taxonomy":"product_brand","embeddable":true,"href":"https:\/\/test.rebel-cell.com\/fr\/wp-json\/wp\/v2\/product_brand?post=8320"},{"taxonomy":"product_cat","embeddable":true,"href":"https:\/\/test.rebel-cell.com\/fr\/wp-json\/wp\/v2\/product_cat?post=8320"},{"taxonomy":"product_tag","embeddable":true,"href":"https:\/\/test.rebel-cell.com\/fr\/wp-json\/wp\/v2\/product_tag?post=8320"}],"curies":[{"name":"wp","href":"https:\/\/api.w.org\/{rel}","templated":true}]}}